{"id":67,"date":"2011-05-27T17:40:44","date_gmt":"2011-05-27T17:40:44","guid":{"rendered":"http:\/\/blog.espol.edu.ec\/majorami\/?page_id=67"},"modified":"2011-06-05T20:48:02","modified_gmt":"2011-06-05T20:48:02","slug":"cuartos-para-ninas","status":"publish","type":"page","link":"https:\/\/blog.espol.edu.ec\/majorami\/cuartos-para-ninas\/","title":{"rendered":"Cuartos para ni\u00f1as"},"content":{"rendered":"<p>En esta pagina podr\u00e1s encontrar un sinn\u00famero de modelos para todo tipo de gustos para ni\u00f1as ya sea para espacios reducidos o extensos un sinn\u00famero de recomendaciones y todo tipo de colores. El color que mas le agradan a una ni\u00f1a son los colores como rosa o lila que tienen que ver con lo femenino, y pueden ser combinados con otro tipo de colores para poder dar un toque m\u00e1s efectivo.<\/p>\n<p><a href=\"http:\/\/blog.espol.edu.ec\/majorami\/files\/2011\/05\/dormitorios-para-ninas-1281552768.jpg\"><img loading=\"lazy\" decoding=\"async\" class=\"alignleft size-full wp-image-79\" title=\"dormitorios-para-ninas-1281552768\" src=\"http:\/\/blog.espol.edu.ec\/majorami\/files\/2011\/05\/dormitorios-para-ninas-1281552768.jpg\" alt=\"\" width=\"470\" height=\"293\" srcset=\"https:\/\/blog.espol.edu.ec\/majorami\/files\/2011\/05\/dormitorios-para-ninas-1281552768.jpg 470w, https:\/\/blog.espol.edu.ec\/majorami\/files\/2011\/05\/dormitorios-para-ninas-1281552768-300x187.jpg 300w\" sizes=\"auto, (max-width: 470px) 100vw, 470px\" \/><\/a><\/p>\n<p><a href=\"http:\/\/blog.espol.edu.ec\/majorami\/files\/2011\/05\/princesas-imagenes.jpg\"><img loading=\"lazy\" decoding=\"async\" class=\"alignleft size-full wp-image-80\" title=\"princesas imagenes\" src=\"http:\/\/blog.espol.edu.ec\/majorami\/files\/2011\/05\/princesas-imagenes.jpg\" alt=\"\" width=\"602\" height=\"567\" srcset=\"https:\/\/blog.espol.edu.ec\/majorami\/files\/2011\/05\/princesas-imagenes.jpg 602w, https:\/\/blog.espol.edu.ec\/majorami\/files\/2011\/05\/princesas-imagenes-300x282.jpg 300w\" sizes=\"auto, (max-width: 602px) 100vw, 602px\" \/><\/a><a href=\"http:\/\/blog.espol.edu.ec\/majorami\/files\/2011\/05\/cuarto-de-ninas-ideal-canballini.jpg\"><img loading=\"lazy\" decoding=\"async\" class=\"alignleft size-full wp-image-72\" title=\"cuarto-de-ninas-ideal-canballini\" src=\"http:\/\/blog.espol.edu.ec\/majorami\/files\/2011\/05\/cuarto-de-ninas-ideal-canballini.jpg\" alt=\"\" width=\"450\" height=\"271\" srcset=\"https:\/\/blog.espol.edu.ec\/majorami\/files\/2011\/05\/cuarto-de-ninas-ideal-canballini.jpg 450w, https:\/\/blog.espol.edu.ec\/majorami\/files\/2011\/05\/cuarto-de-ninas-ideal-canballini-300x180.jpg 300w\" sizes=\"auto, (max-width: 450px) 100vw, 450px\" \/><\/a><\/p>\n<p><a href=\"http:\/\/blog.espol.edu.ec\/majorami\/files\/2011\/05\/Dibujo.jpg\"><img loading=\"lazy\" decoding=\"async\" class=\"alignleft size-full wp-image-68\" title=\"Dibujo\" src=\"http:\/\/blog.espol.edu.ec\/majorami\/files\/2011\/05\/Dibujo.jpg\" alt=\"los colores preferidos por las ni\u00f1as son el rosa mezclado con blanco\" width=\"800\" height=\"518\" \/><\/a><br \/>\nAqu\u00ed te damos otros claros ejemplos del rosa<\/p>\n<p>los textiles te dan una combinaci\u00f3n excelente para el cuarto de tu ni\u00f1a.<\/p>\n<p>Estos son algunos ejemplos de c\u00f3mo puedes decorar el cuarto de tus hijas. Si deseas m\u00e1s informaci\u00f3n puedes consultar en distintas p\u00e1ginas de internet. <a href=\"http:\/\/http\/\/kotear.pe\/aviso\/126815-dormitorios-para-ninas\">Para hacer compras de dormitorios, camas, y distintos articulos para ni\u00f1as<\/a>, haz click sobre el link. poco a poco estar\u00e9 metiendo m\u00e1s p\u00e1ginas recomendadas. espero que haya sido de tu completo agrado. Tambien en este blog puedes encontrar distintos tipos de camas, s\u00e1banas, edredones, mesas de escrtitorio, y los mejores lugares para conseguirlos a los mejores precios del mercado en Ecuador.\u00a0 Todo en el cuarto de las ni\u00f1as es un complemento desde las <a href=\"http:\/\/blog.espol.edu.ec\/majorami\/wp-admin\/page.php?action=edit&amp;post=165&amp;message=4\">camas<\/a>\u00a0el piso, la ceramica, todo debe ser perfecto para ellas ya que es el lugar donde se desarrollan y con el cual ellas m\u00e1s se identifican, debe ser el lugar preferido de la casa, su espacio personal para que de esa manera se vayan relacionando con el estilo.<\/p>\n<p>Las<strong> ni\u00f1as<\/strong> por caracter\u00edstica intr\u00ednseca del <strong>sexo femenino<\/strong>, suel<\/p>\n<p><img loading=\"lazy\" decoding=\"async\" class=\"alignleft size-full wp-image-74\" title=\"habitacion-infantil-ni\u00f1as\" src=\"http:\/\/blog.espol.edu.ec\/majorami\/files\/2011\/05\/habitacion-infantil-ni%C3%B1as.jpg\" alt=\"Fucsia con blanco una excelente combinaci\u00f3n\" width=\"813\" height=\"477\" \/><\/p>\n<p>en preocuparse bastante de la <strong>apariencia externa<\/strong> de sus espacios y de ellas mismas, la evoluci\u00f3n en <a href=\"http:\/\/www.masdemoda.com\/tag\/moda-infantil\/\" target=\"_blank\">moda infantil <\/a>es buen ejemplo de ello, es habitual que desde peque\u00f1a una mujer sea m\u00e1s<strong> presumida<\/strong> que el hombre y guste de espacios m\u00e1s y mejor <strong>decorados y acondicionados<\/strong> si bien cada vez son m\u00e1s los hombres que tambi\u00e9n se interesan por la belleza en general.<\/p>\n<p>Cuando decoramos un cuarto para <strong>ni\u00f1os o ni\u00f1as<\/strong> deberemos por un lado tener en cuenta su opini\u00f3n y por otro lado trataremos de ponernos en su lugar, para que la elecci\u00f3n de <strong><a href=\"http:\/\/blog.espol.edu.ec\/majorami\/muebles\/\">muebles<\/a>, colores y accesorios<\/strong> sea lo m\u00e1s acertada y consensuada posible, las ni\u00f1as en particular suelen gustar de <strong>colores vivos y alegres<\/strong> bien combinados, siendo el <strong>rosa<\/strong> en todas sus versiones uno de los favoritos.<\/p>\n<p>Si disponemos de espacio suficiente, podemos integrar en el cuarto <strong>composiciones modulares<\/strong>, que incluyan m\u00faltiples elementos, la cama, la coqueta y la mesa de estudio y adem\u00e1s una amplia variedad de <strong><a href=\"http:\/\/blog.espol.edu.ec\/majorami\/muebles\/\">muebles<\/a> <\/strong>contenedores estantes y cajones, todo en <strong>varias alturas<\/strong> y combinando colores de modo que sirva para la realizaci\u00f3n de <strong>actividades<\/strong> y la inspiraci\u00f3n de los<strong> juegos<\/strong>.<\/p>\n<p>Los accesorios son fundamentales para crear ambiente,<strong> alfombras, puffs, cojines de suelo, ropa de cama<\/strong> y adornos, as\u00ed como un elemento estrella como es el <strong>espejo,<\/strong> deber\u00e1n ir a juego con el aspecto de los muebles principales de la estancia, las flores, los corazones, las estrellas o las nubes entre otras figuras son ideales como <strong>motivos<\/strong> decorativos para estampados de telas y superficies.<\/p>\n<p>Las propuestas de las im\u00e1genes de este art\u00edculo son de <a href=\"http:\/\/www.onewayfurniture.com\/\" target=\"_blank\">One Way Furniture<\/a>, se trata de dos claros ejemplos de cuartos <strong>espaciosos<\/strong> y bien decorados, originales por la disposici\u00f3n de los muebles, la <a href=\"http:\/\/blog.espol.edu.ec\/majorami\/camas-para-ninos-y-ninas\/\"><strong>cama centrada<\/strong> <\/a>en vez de pegada a una pared y una gran variedad de divertidos colores distribuidos de forma <strong>equilibrada y proporcionada<\/strong> entre los distintos elementos.<\/p>\n","protected":false},"excerpt":{"rendered":"<p>En esta pagina podr\u00e1s encontrar un sinn\u00famero de modelos para todo tipo de gustos para ni\u00f1as ya sea para espacios reducidos o extensos un sinn\u00famero de recomendaciones y todo tipo de colores. El color que mas le agradan a una ni\u00f1a son los colores como rosa o lila que tienen que ver con lo femenino, [&hellip;]<\/p>\n","protected":false},"author":5765,"featured_media":0,"parent":0,"menu_order":0,"comment_status":"open","ping_status":"open","template":"","meta":{"footnotes":""},"class_list":["post-67","page","type-page","status-publish","hentry"],"_links":{"self":[{"href":"https:\/\/blog.espol.edu.ec\/majorami\/wp-json\/wp\/v2\/pages\/67","targetHints":{"allow":["GET"]}}],"collection":[{"href":"https:\/\/blog.espol.edu.ec\/majorami\/wp-json\/wp\/v2\/pages"}],"about":[{"href":"https:\/\/blog.espol.edu.ec\/majorami\/wp-json\/wp\/v2\/types\/page"}],"author":[{"embeddable":true,"href":"https:\/\/blog.espol.edu.ec\/majorami\/wp-json\/wp\/v2\/users\/5765"}],"replies":[{"embeddable":true,"href":"https:\/\/blog.espol.edu.ec\/majorami\/wp-json\/wp\/v2\/comments?post=67"}],"version-history":[{"count":21,"href":"https:\/\/blog.espol.edu.ec\/majorami\/wp-json\/wp\/v2\/pages\/67\/revisions"}],"predecessor-version":[{"id":71,"href":"https:\/\/blog.espol.edu.ec\/majorami\/wp-json\/wp\/v2\/pages\/67\/revisions\/71"}],"wp:attachment":[{"href":"https:\/\/blog.espol.edu.ec\/majorami\/wp-json\/wp\/v2\/media?parent=67"}],"curies":[{"name":"wp","href":"https:\/\/api.w.org\/{rel}","templated":true}]}}