{"id":9,"date":"2011-05-20T18:20:17","date_gmt":"2011-05-20T18:20:17","guid":{"rendered":"http:\/\/blog.espol.edu.ec\/majorami\/?page_id=9"},"modified":"2011-05-25T23:40:00","modified_gmt":"2011-05-25T23:40:00","slug":"mi-primera-pagina","status":"publish","type":"page","link":"https:\/\/blog.espol.edu.ec\/majorami\/mi-primera-pagina\/","title":{"rendered":"Todo lo que quieras saber sobre dise\u00f1os de interiores"},"content":{"rendered":"<p>Esta es mi primera, aqui yo voy a publicar fotos de los cuartos de mis compa\u00f1eros de la universidad, para tener varios ejemplos de dise\u00f1os aqui en guayaquil. H\u00e1gase famoso, para ver el dise\u00f1o de su cuarto en este blog pueden mandarme sus fotos al correo majorp_1993@hotmail.com, caso contrario mandenme su direccion para ir a fotografiar. Muchas gracias por su colaboracion para mejorar este blog ..... \ud83d\ude42<\/p>\n<p>Algunas ideas te brindoo en caso de que el espacio para tu cuarto sea demasiado reducido, son dise\u00f1os unicos, espero que te sean de gran utilidad \ud83d\ude42 <a href=\"http:\/\/blog.espol.edu.ec\/majorami\/files\/2011\/05\/majo.jpg\"><img loading=\"lazy\" decoding=\"async\" class=\"alignleft size-full wp-image-52\" title=\"majo\" src=\"http:\/\/blog.espol.edu.ec\/majorami\/files\/2011\/05\/majo.jpg\" alt=\"\" width=\"464\" height=\"440\" srcset=\"https:\/\/blog.espol.edu.ec\/majorami\/files\/2011\/05\/majo.jpg 464w, https:\/\/blog.espol.edu.ec\/majorami\/files\/2011\/05\/majo-300x284.jpg 300w\" sizes=\"auto, (max-width: 464px) 100vw, 464px\" \/><\/a><a href=\"http:\/\/blog.espol.edu.ec\/majorami\/files\/2011\/05\/majo1.jpg\"><img loading=\"lazy\" decoding=\"async\" class=\"alignleft size-full wp-image-55\" title=\"majo1\" src=\"http:\/\/blog.espol.edu.ec\/majorami\/files\/2011\/05\/majo1.jpg\" alt=\"\" width=\"490\" height=\"461\" srcset=\"https:\/\/blog.espol.edu.ec\/majorami\/files\/2011\/05\/majo1.jpg 490w, https:\/\/blog.espol.edu.ec\/majorami\/files\/2011\/05\/majo1-300x282.jpg 300w\" sizes=\"auto, (max-width: 490px) 100vw, 490px\" \/><\/a><a href=\"http:\/\/blog.espol.edu.ec\/majorami\/files\/2011\/05\/majo2.jpg\"><img loading=\"lazy\" decoding=\"async\" class=\"alignleft size-full wp-image-56\" title=\"majo2\" src=\"http:\/\/blog.espol.edu.ec\/majorami\/files\/2011\/05\/majo2.jpg\" alt=\"\" width=\"490\" height=\"289\" srcset=\"https:\/\/blog.espol.edu.ec\/majorami\/files\/2011\/05\/majo2.jpg 490w, https:\/\/blog.espol.edu.ec\/majorami\/files\/2011\/05\/majo2-300x176.jpg 300w\" sizes=\"auto, (max-width: 490px) 100vw, 490px\" \/><\/a><\/p>\n","protected":false},"excerpt":{"rendered":"<p>Esta es mi primera, aqui yo voy a publicar fotos de los cuartos de mis compa\u00f1eros de la universidad, para tener varios ejemplos de dise\u00f1os aqui en guayaquil. H\u00e1gase famoso, para ver el dise\u00f1o de su cuarto en este blog pueden mandarme sus fotos al correo majorp_1993@hotmail.com, caso contrario mandenme su direccion para ir a [&hellip;]<\/p>\n","protected":false},"author":5765,"featured_media":0,"parent":0,"menu_order":1,"comment_status":"open","ping_status":"open","template":"","meta":{"footnotes":""},"class_list":["post-9","page","type-page","status-publish","hentry"],"_links":{"self":[{"href":"https:\/\/blog.espol.edu.ec\/majorami\/wp-json\/wp\/v2\/pages\/9","targetHints":{"allow":["GET"]}}],"collection":[{"href":"https:\/\/blog.espol.edu.ec\/majorami\/wp-json\/wp\/v2\/pages"}],"about":[{"href":"https:\/\/blog.espol.edu.ec\/majorami\/wp-json\/wp\/v2\/types\/page"}],"author":[{"embeddable":true,"href":"https:\/\/blog.espol.edu.ec\/majorami\/wp-json\/wp\/v2\/users\/5765"}],"replies":[{"embeddable":true,"href":"https:\/\/blog.espol.edu.ec\/majorami\/wp-json\/wp\/v2\/comments?post=9"}],"version-history":[{"count":8,"href":"https:\/\/blog.espol.edu.ec\/majorami\/wp-json\/wp\/v2\/pages\/9\/revisions"}],"predecessor-version":[{"id":62,"href":"https:\/\/blog.espol.edu.ec\/majorami\/wp-json\/wp\/v2\/pages\/9\/revisions\/62"}],"wp:attachment":[{"href":"https:\/\/blog.espol.edu.ec\/majorami\/wp-json\/wp\/v2\/media?parent=9"}],"curies":[{"name":"wp","href":"https:\/\/api.w.org\/{rel}","templated":true}]}}