{"id":92,"date":"2011-05-27T18:48:36","date_gmt":"2011-05-27T18:48:36","guid":{"rendered":"http:\/\/blog.espol.edu.ec\/majorami\/?page_id=92"},"modified":"2011-05-27T18:54:57","modified_gmt":"2011-05-27T18:54:57","slug":"cuartos-para-ninos","status":"publish","type":"page","link":"https:\/\/blog.espol.edu.ec\/majorami\/cuartos-para-ninos\/","title":{"rendered":"Cuartos para ni\u00f1os"},"content":{"rendered":"<p>los cuartos para ni\u00f1os es un gran problema para los padres de hoy en d\u00eda ya que uno no sabe cual podr\u00eda ser su tipo de gustos o colores de preferencia a esa edad. hay distintas caricaturas animadas o series de televisi\u00f3n que los ni\u00f1os prefieren hoy en d\u00eda para sus tema de habitaci\u00f3n a continuaci\u00f3n te podemos mostrar varios modelos para que tengas una leve idea y los colores que podr\u00edas utilizar para combinarlos.<\/p>\n<p><a href=\"http:\/\/blog.espol.edu.ec\/majorami\/files\/2011\/05\/1033068542.jpg\"><img loading=\"lazy\" decoding=\"async\" class=\"alignleft size-full wp-image-93\" title=\"1033068542\" src=\"http:\/\/blog.espol.edu.ec\/majorami\/files\/2011\/05\/1033068542.jpg\" alt=\"\" width=\"554\" height=\"395\" srcset=\"https:\/\/blog.espol.edu.ec\/majorami\/files\/2011\/05\/1033068542.jpg 554w, https:\/\/blog.espol.edu.ec\/majorami\/files\/2011\/05\/1033068542-300x213.jpg 300w\" sizes=\"auto, (max-width: 554px) 100vw, 554px\" \/><\/a><a href=\"http:\/\/blog.espol.edu.ec\/majorami\/files\/2011\/05\/cama-con-forma-de-coche.jpg\"><img loading=\"lazy\" decoding=\"async\" class=\"alignleft size-full wp-image-94\" title=\"cama-con-forma-de-coche\" src=\"http:\/\/blog.espol.edu.ec\/majorami\/files\/2011\/05\/cama-con-forma-de-coche.jpg\" alt=\"\" width=\"350\" height=\"289\" srcset=\"https:\/\/blog.espol.edu.ec\/majorami\/files\/2011\/05\/cama-con-forma-de-coche.jpg 350w, https:\/\/blog.espol.edu.ec\/majorami\/files\/2011\/05\/cama-con-forma-de-coche-300x247.jpg 300w\" sizes=\"auto, (max-width: 350px) 100vw, 350px\" \/><\/a><\/p>\n<p>Estos temas como los barcos son muy comunes en los ni\u00f1os y adem\u00e1s son muy llamativos por la cuesti\u00f3n de que todo ni\u00f1o desea a esa edad de ser piratas como la famosa pel\u00edcula de hoy en d\u00eda que ha estado arrasando con la atenci\u00f3n de mucho llamada Piratas del Caribe, por eso es un excelente tema para el cuarto de un ni\u00f1o. \ud83d\ude42<\/p>\n<p>Hoy en d\u00eda se usa mucho el tema de veh\u00edculos o f\u00f3rmula 1, con los  colores primarios azul, rojo, negro, blanco. Tambi\u00e9n se usan camas en  forma de autom\u00f3viles y las paredes con colores como celeste, blanco,  cortinas acercas del tema y demas texturas que contrasten con el tema<\/p>\n<p><a href=\"http:\/\/blog.espol.edu.ec\/majorami\/files\/2011\/05\/cuarto-01.jpg\"><img loading=\"lazy\" decoding=\"async\" class=\"alignleft size-full wp-image-97\" title=\"cuarto-01\" src=\"http:\/\/blog.espol.edu.ec\/majorami\/files\/2011\/05\/cuarto-01.jpg\" alt=\"\" width=\"450\" height=\"351\" srcset=\"https:\/\/blog.espol.edu.ec\/majorami\/files\/2011\/05\/cuarto-01.jpg 450w, https:\/\/blog.espol.edu.ec\/majorami\/files\/2011\/05\/cuarto-01-300x234.jpg 300w\" sizes=\"auto, (max-width: 450px) 100vw, 450px\" \/><\/a><a href=\"http:\/\/blog.espol.edu.ec\/majorami\/files\/2011\/05\/cuarto-ninos-doimo-cityline-detalle.jpg\"><img loading=\"lazy\" decoding=\"async\" class=\"alignleft size-full wp-image-98\" title=\"cuarto-ninos-doimo-cityline-detalle\" src=\"http:\/\/blog.espol.edu.ec\/majorami\/files\/2011\/05\/cuarto-ninos-doimo-cityline-detalle.jpg\" alt=\"\" width=\"450\" height=\"312\" srcset=\"https:\/\/blog.espol.edu.ec\/majorami\/files\/2011\/05\/cuarto-ninos-doimo-cityline-detalle.jpg 450w, https:\/\/blog.espol.edu.ec\/majorami\/files\/2011\/05\/cuarto-ninos-doimo-cityline-detalle-300x208.jpg 300w\" sizes=\"auto, (max-width: 450px) 100vw, 450px\" \/><\/a><\/p>\n","protected":false},"excerpt":{"rendered":"<p>los cuartos para ni\u00f1os es un gran problema para los padres de hoy en d\u00eda ya que uno no sabe cual podr\u00eda ser su tipo de gustos o colores de preferencia a esa edad. hay distintas caricaturas animadas o series de televisi\u00f3n que los ni\u00f1os prefieren hoy en d\u00eda para sus tema de habitaci\u00f3n a [&hellip;]<\/p>\n","protected":false},"author":5765,"featured_media":0,"parent":0,"menu_order":0,"comment_status":"open","ping_status":"open","template":"","meta":{"footnotes":""},"class_list":["post-92","page","type-page","status-publish","hentry"],"_links":{"self":[{"href":"https:\/\/blog.espol.edu.ec\/majorami\/wp-json\/wp\/v2\/pages\/92","targetHints":{"allow":["GET"]}}],"collection":[{"href":"https:\/\/blog.espol.edu.ec\/majorami\/wp-json\/wp\/v2\/pages"}],"about":[{"href":"https:\/\/blog.espol.edu.ec\/majorami\/wp-json\/wp\/v2\/types\/page"}],"author":[{"embeddable":true,"href":"https:\/\/blog.espol.edu.ec\/majorami\/wp-json\/wp\/v2\/users\/5765"}],"replies":[{"embeddable":true,"href":"https:\/\/blog.espol.edu.ec\/majorami\/wp-json\/wp\/v2\/comments?post=92"}],"version-history":[{"count":5,"href":"https:\/\/blog.espol.edu.ec\/majorami\/wp-json\/wp\/v2\/pages\/92\/revisions"}],"predecessor-version":[{"id":96,"href":"https:\/\/blog.espol.edu.ec\/majorami\/wp-json\/wp\/v2\/pages\/92\/revisions\/96"}],"wp:attachment":[{"href":"https:\/\/blog.espol.edu.ec\/majorami\/wp-json\/wp\/v2\/media?parent=92"}],"curies":[{"name":"wp","href":"https:\/\/api.w.org\/{rel}","templated":true}]}}