{"id":1149,"date":"2009-09-17T19:10:56","date_gmt":"2009-09-18T00:10:56","guid":{"rendered":"http:\/\/blog.espol.edu.ec\/makubex\/?page_id=1149"},"modified":"2009-09-17T21:41:21","modified_gmt":"2009-09-18T02:41:21","slug":"departamentos-oficinas","status":"publish","type":"page","link":"https:\/\/blog.espol.edu.ec\/makubex\/anunciate\/departamentos-oficinas\/","title":{"rendered":"Se alquila Departamentos - Oficinas (Guayaquil)"},"content":{"rendered":"<p>Av. Pedro Men\u00e9ndez Gilbert Diagonal al Hospital Psiqui\u00e1trico (Esquina) <strong>Edificio Nuevo<\/strong>.<\/p>\n<p>Fonos: 097375253 - 2692583<\/p>\n<ul>\n<li>De 1 y 2 Dormitorios.<\/li>\n<li>Ba\u00f1o, Cocina y Sala Comedor.<\/li>\n<li>Excelente para estudiantes de provincia.<\/li>\n<li>Excelente ubicaci\u00f3n y seguridad.<\/li>\n<\/ul>\n<p>(Fotos Pr\u00f3ximamente)<\/p>\n","protected":false},"excerpt":{"rendered":"<p>Av. Pedro Men\u00e9ndez Gilbert Diagonal al Hospital Psiqui\u00e1trico (Esquina) Edificio Nuevo. Fonos: 097375253 - 2692583 De 1 y 2 Dormitorios. Ba\u00f1o, Cocina y Sala Comedor. Excelente para estudiantes de provincia. Excelente ubicaci\u00f3n y seguridad. (Fotos Pr\u00f3ximamente)<\/p>\n","protected":false},"author":116,"featured_media":0,"parent":1012,"menu_order":0,"comment_status":"open","ping_status":"open","template":"page-without-sidebar.php","meta":{"_monsterinsights_skip_tracking":false,"_monsterinsights_sitenote_active":false,"_monsterinsights_sitenote_note":"","_monsterinsights_sitenote_category":0,"footnotes":""},"class_list":["post-1149","page","type-page","status-publish","hentry"],"aioseo_notices":[],"_links":{"self":[{"href":"https:\/\/blog.espol.edu.ec\/makubex\/wp-json\/wp\/v2\/pages\/1149","targetHints":{"allow":["GET"]}}],"collection":[{"href":"https:\/\/blog.espol.edu.ec\/makubex\/wp-json\/wp\/v2\/pages"}],"about":[{"href":"https:\/\/blog.espol.edu.ec\/makubex\/wp-json\/wp\/v2\/types\/page"}],"author":[{"embeddable":true,"href":"https:\/\/blog.espol.edu.ec\/makubex\/wp-json\/wp\/v2\/users\/116"}],"replies":[{"embeddable":true,"href":"https:\/\/blog.espol.edu.ec\/makubex\/wp-json\/wp\/v2\/comments?post=1149"}],"version-history":[{"count":5,"href":"https:\/\/blog.espol.edu.ec\/makubex\/wp-json\/wp\/v2\/pages\/1149\/revisions"}],"predecessor-version":[{"id":1166,"href":"https:\/\/blog.espol.edu.ec\/makubex\/wp-json\/wp\/v2\/pages\/1149\/revisions\/1166"}],"up":[{"embeddable":true,"href":"https:\/\/blog.espol.edu.ec\/makubex\/wp-json\/wp\/v2\/pages\/1012"}],"wp:attachment":[{"href":"https:\/\/blog.espol.edu.ec\/makubex\/wp-json\/wp\/v2\/media?parent=1149"}],"curies":[{"name":"wp","href":"https:\/\/api.w.org\/{rel}","templated":true}]}}