{"id":2,"date":"2016-10-31T21:32:09","date_gmt":"2016-10-31T21:32:09","guid":{"rendered":"http:\/\/blog.espol.edu.ec\/malemoli\/?page_id=2"},"modified":"2016-11-13T17:58:30","modified_gmt":"2016-11-13T17:58:30","slug":"reglamento","status":"publish","type":"page","link":"https:\/\/blog.espol.edu.ec\/malemoli\/reglamento\/","title":{"rendered":"F\u00fatbol y sus reglas"},"content":{"rendered":"<h1 style=\"text-align: center\"><strong>Las 17 Reglas del F\u00fatbol<\/strong><\/h1>\n<p>&nbsp;<\/p>\n<h3><strong>Regla 1.- El terreno de juego<\/strong><\/h3>\n<p><strong>1.- Dimensiones.<\/strong><\/p>\n<div id=\"attachment_44\" style=\"width: 310px\" class=\"wp-caption aligncenter\"><img loading=\"lazy\" decoding=\"async\" aria-describedby=\"caption-attachment-44\" class=\"size-medium wp-image-44\" src=\"http:\/\/blog.espol.edu.ec\/malemoli\/files\/2016\/10\/cancha-300x217.gif\" alt=\"Dimensiones de cancha profesional \" width=\"300\" height=\"217\" \/><p id=\"caption-attachment-44\" class=\"wp-caption-text\">Dimensiones de cancha profesional<\/p><\/div>\n<p>Las medidas para un partido local son:<\/p>\n<p><strong>Longitud:<\/strong> M\u00ednimo 90 metros\u00a0\u00a0 \u2013 \u00a0M\u00e1ximo 120 metros<\/p>\n<p><strong>Ancho:<\/strong> M\u00ednimo 45 metros \u00a0\u00a0- \u00a0M\u00e1ximo 90 metros<\/p>\n<p>Las medidas para compromisos internacionales no pueden ser tan extremas que las anteriores. Estas son:<\/p>\n<p><strong>Longitud:<\/strong> M\u00ednimo 100 metros\u00a0 -\u00a0 M\u00e1ximo 110 metros<\/p>\n<p><strong>Ancho:<\/strong> M\u00ednimo 64 metros\u00a0 -\u00a0 \u00a0M\u00e1ximo 75 metros<\/p>\n<p><strong>Otras medidas de una cancha de f\u00fatbol:<\/strong><\/p>\n<p style=\"text-align: left\">En el\u00a0centro\u00a0de la cancha hay una circunferencia y esta tiene 9,15 metros de radio.<\/p>\n<p style=\"text-align: left\">Las \u00e1reas\u00a0 que \u201crodean el arco\u201d, el\u00a0\u00e1rea\u00a0chica con 5,5 metros de longitud y 7,32 metros de largo.<\/p>\n<p style=\"text-align: left\">Las \u00e1reas grandes de una cancha de f\u00fatbol cuentan con 16,5 de longitud y la misma distancia a ambos lados a partir del p\u00f3rtico.<\/p>\n<p style=\"text-align: left\">Por \u00faltimo, desde la l\u00ednea de fondo hasta el punto del lanzamiento penal deben haber 11 metros de distancia.<\/p>\n<h3><strong>Regla 2.- El bal\u00f3n<\/strong><\/h3>\n<p>El bal\u00f3n ser\u00e1 esf\u00e9rico; su cubierta ha de ser de cuero o de otro material aprobado.<\/p>\n<p>El bal\u00f3n tendr\u00e1 una circunferencia de 65 cm como m\u00e1ximo, y 62 cm como m\u00ednimo, y su peso al comienzo del partido no ser\u00e1 mayor de 340 g, ni menor de 300 g. El bal\u00f3n no podr\u00e1 ser cambiado en pleno partido sin la autorizaci\u00f3n del arbitro. La presi\u00f3n del inflado deber\u00e1 ser igual a la presi\u00f3n atmosf\u00e9rica (es decir 1kg\/ cm2, al nivel del mar)<\/p>\n<p><strong>Regla 3.- N\u00famero de jugadores<\/strong><\/p>\n<p>El partido lo jugaran 2 equipos, compuestos cada uno como m\u00e1ximo 11 jugadores, de los cuales uno ser\u00e1 el guardameta o el portero que proteje la porter\u00eda de un gol.<\/p>\n<p>Las ligas o asociaciones tienen la facultad de acordar en lo que se refiere a la cantidad de cambios durante su campeonato. El arbitro debe ser informado del nombre de los sustitutos.<\/p>\n<p><strong>Regla 4.- Equipo de los jugadores<\/strong><\/p>\n<p>El equipo usual de un jugador estar\u00e1 compuesto por una camiseta, un pantal\u00f3n corto, medias, zapatillas y en la confecci\u00f3n de estos elementos no se utilizaran elementos que constituyan peligro para los dem\u00e1s jugadores. El guardameta llevara colores que lo distingan de los otros jugadores.<\/p>\n<div id=\"attachment_45\" style=\"width: 310px\" class=\"wp-caption aligncenter\"><img loading=\"lazy\" decoding=\"async\" aria-describedby=\"caption-attachment-45\" class=\"size-medium wp-image-45\" src=\"http:\/\/blog.espol.edu.ec\/malemoli\/files\/2016\/10\/aukpuma-300x187.jpg\" alt=\"Implementos de F\u00fatbol \" width=\"300\" height=\"187\" srcset=\"https:\/\/blog.espol.edu.ec\/malemoli\/files\/2016\/10\/aukpuma-300x187.jpg 300w, https:\/\/blog.espol.edu.ec\/malemoli\/files\/2016\/10\/aukpuma-768x478.jpg 768w, https:\/\/blog.espol.edu.ec\/malemoli\/files\/2016\/10\/aukpuma-1024x637.jpg 1024w, https:\/\/blog.espol.edu.ec\/malemoli\/files\/2016\/10\/aukpuma.jpg 1276w\" sizes=\"auto, (max-width: 300px) 100vw, 300px\" \/><p id=\"caption-attachment-45\" class=\"wp-caption-text\">Implementos de F\u00fatbol<\/p><\/div>\n<p><strong>Regla 5.- \u00c1rbitro<\/strong><\/p>\n<p>Un \u00e1rbitro deber\u00e1 ser designado para dirigir cada partido:<\/p>\n<p>Cuidara de la aplicaci\u00f3n de las reglas de juego y resolver\u00e1 todos los casos dudosos o litigios. Sus poderes empezaran en el momento de silbar el saque de comienzo y su facultad de imponer sanciones abarcara a las infracciones cometidas durante una suspensi\u00f3n temporal.<\/p>\n<p>Tomara nota de las incidencias, ejercer\u00e1 las funciones de cronometrar y cuidar de que el partido tenga la duraci\u00f3n reglamentaria o convenida a\u00f1adiendo el tiempo perdido por incidencias o por cualquier otras causas<\/p>\n<p>tendr\u00e1 poder discrecional para el juego cuando se cometan infracciones a las reglas, para suspender e interrumpir definitivamente el partido cuando lo estime necesario o suspender definitivamente el partido cuando lo estime necesario a causa de los elementos de la intervenci\u00f3n de los espectadores u otras causas<\/p>\n<p>Desde el momento en que penetre en el campo de juego tendr\u00e1 la facultad discrecional de amonestar a todo jugador que proceda con conducta inconveniente a esta pudiendo impedirle tomar parte en el partido en caso de reincidencia.<\/p>\n<p>No permitir\u00e1 personas ajenas dentro del campo de juego durante el encuentro.<\/p>\n<p>Tendr\u00e1 poder discrecional para expulsar definitivamente del campo sin advertencia previa a todo jugador culpable de conducta violenta.<\/p>\n<p>Dar\u00e1 la se\u00f1al para reanudar el juego despu\u00e9s de todas las interrupciones.<\/p>\n<p><strong>Regla 6.- Jueces de l\u00ednea<\/strong><\/p>\n<p>Se designar\u00e1 un segundo juez que tendr\u00e1n la misi\u00f3n de indicar, a reserva de lo que decida el \u00e1rbitro:<\/p>\n<p>El segundo juez deber\u00e1 colaborar con el primero en todo lo que sea posible debiendo advertirle este todas las reglas del juego.<\/p>\n<p>El segundo juez debe colaborar con el primero en la revisi\u00f3n del campo, bal\u00f3n, equipo de los jugadores e identificaci\u00f3n de los mismos.<\/p>\n<p>La forma de dirigir un encuentro ser\u00e1 paralelamente o sea que cada juez correr\u00e1 por la l\u00ednea de banda de fondo.<\/p>\n<p><strong>Regla 7.- Duraci\u00f3n del partido<\/strong><\/p>\n<p>El partido comprender\u00e1 de 2 tiempos iguales de 45 minutos cada uno, salvo acuerdo en contrario, quedando entendido que:<\/p>\n<p>El \u00e1rbitro deber\u00e1 a\u00f1adir a cada partido el tiempo que estime haya sido perdido a consecuencia de accidentes o incidentes.<\/p>\n<p>Que la duraci\u00f3n de cada periodo a fin de permitir la ejecuci\u00f3n de un penal.<\/p>\n<p>El descanso entre los dos tiempos no podr\u00e1 ser de m\u00e1s de 5 minutos a menos que lo autorice el \u00e1rbitro.<\/p>\n<p><strong>Regla 8.- Saque de salida<\/strong><\/p>\n<p>Al iniciarse el partido la elecci\u00f3n de campos y del saque de comienzo se sorteara mediante una moneda. El bando favorecido por la suerte tendr\u00e1 el derecho de escoger, bien sea su campo o el saque inicial.<\/p>\n<p>En el segundo tiempo los papeles dan la vuelta. Se considera en juego el bal\u00f3n una vez que halla recorrido la distancia de su circunferencia<\/p>\n<p><strong>Regla 9.- Bal\u00f3n en juego o fuera de juego<\/strong><\/p>\n<p>El bal\u00f3n esta fuera de juego:<\/p>\n<p>Cuando transporte \u00edntegramente una l\u00ednea de banda o meta ya sea por aire o tierra.<\/p>\n<p>Cuando el arquero lanza el bal\u00f3n m\u00e1s del medio campo sin antes haber dado un bote dentro de su propio campo.<\/p>\n<p>Cuando el \u00e1rbitro ha interrumpido el juego.<\/p>\n<p><strong>Regla 10.- Tanto marcado<\/strong><\/p>\n<p>Salvo las excepciones previstas en esta reglas se ganara un tanto cuando el bal\u00f3n haya traspasado completamente la l\u00ednea de meta entre los postes y por debajo del larguero sin que haya sido llevado o lanzado o intencionalmente golpeando con la mano o el brazo.<\/p>\n<p>El equipo que haya conseguido m\u00e1s goles es el ganador del partido.<\/p>\n<div style=\"width: 310px\" class=\"wp-caption aligncenter\"><img loading=\"lazy\" decoding=\"async\" src=\"https:\/\/upload.wikimedia.org\/wikipedia\/commons\/thumb\/e\/e7\/Steaua_vs._CFR_Cluj_in_2010.jpg\/300px-Steaua_vs._CFR_Cluj_in_2010.jpg\" alt=\"Resultado de imagen para tanto marcado de futbol\" width=\"300\" height=\"200\" \/><p class=\"wp-caption-text\">Tanto Marcado<\/p><\/div>\n<p><strong>Regla 11.- Fuera de juego<\/strong><\/p>\n<p>El bal\u00f3n esta fuera de juego si un jugador dispara el bal\u00f3n desde fuera del \u00e1rea hacia el arco y convierte un gol<\/p>\n<p>Si la pelota ha sido jugada por el arquero y ha pasado el medio campo sin antes haber dado un bote en su propio terreno<\/p>\n<p>El bal\u00f3n esta fuera de juego cuando al ejecutar un saque de banda la pelota es lanzada al \u00e1rea de gol y penal contrario<\/p>\n<p>Cuando al ejecutar un saque de esquina se encuentra uno o m\u00e1s jugadores de equipo atacante dentro de la media luna de protecci\u00f3n del guardameta<\/p>\n<p><strong>Regla 12.- Faltas e incorrecciones<\/strong><\/p>\n<p>Un jugador que comete una de estas nueve faltas puede recibir una tarjeta amarilla o roja seg\u00fan la gravedad del caso:<\/p>\n<p>-Dar o intentar dar una patada al adversario.<\/p>\n<p>Poner una zancadilla al adversario.<\/p>\n<p>-Saltar sobre un adversario.<\/p>\n<p>-Cargar violenta o peligrosamente a un adversario.<\/p>\n<p>-Cargar por atr\u00e1s a un contrario que no hace obstrucci\u00f3n.<\/p>\n<p>-Golpear o intentar golpear a un adversario o escupirlo.<\/p>\n<p>-Sujetar a un adversario.<\/p>\n<p>-Empujar a un contrario.<\/p>\n<p>-Jugar el bal\u00f3n, es decir, llevarlo, golpeando o lanzarlo con la mano o el brazo salvo el arquero dentro de su \u00e1rea.<\/p>\n<p>-Un jugador defensor que cometa intencionalmente dentro del \u00e1rea del penal una de las nueve faltas, ser\u00e1 castigado con un penalti.<\/p>\n<p>-Un jugador que comete una de las cinco faltas siguientes:<\/p>\n<p>-Jugador de una forma estimada peligrosa por el arbitro, como intentar dar una patada a la pelota cuando esta la tiene el guardameta.<\/p>\n<p>-Cargar ilegalmente con el hombro, cuando la pelota no esta a distancia de juego de los jugadores interesados y estos intentaran intervenir en el juego<\/p>\n<p>-Sin jugar la pelota obstruyendo intencionalmente a un adversario, correr entre este y la pelota o interponerse de manera que constituya un obst\u00e1culo para el contrario<\/p>\n<p>Cargar al arquero, salve que este se encuentre en posesi\u00f3n de la pelota<\/p>\n<p>-Siendo arquero y no juega la pelota, dar m\u00e1s de cuatro pasos o botes al bal\u00f3n, ser\u00e1 castigado con tiro indirecto en le lugar donde se cometi\u00f3 la falta.<\/p>\n<p>Un jugador ser\u00e1 amonestado cuando:<\/p>\n<p>-Se incorpora a su equipo despu\u00e9s del comienzo del encuentro o vuelve al terreno en el curso del partido sin la se\u00f1al de el arbitro<\/p>\n<p>-Un jugador ser\u00e1 excluido del campo:<\/p>\n<p>-Si se muestra culpable de conducta violenta<\/p>\n<p>-Si despu\u00e9s de haber recibido una amonestaci\u00f3n se muestra nuevamente culpable de una conducta incorrecta<\/p>\n<p>-Si el juego fue parado por causas de la expulsan de un jugador culpable de una de estas dos faltas sin que ninguna otra infracci\u00f3n al reglamento se haya producido<\/p>\n<div style=\"width: 375px\" class=\"wp-caption aligncenter\"><img loading=\"lazy\" decoding=\"async\" src=\"https:\/\/www.mindmeister.com\/images\/download\/16873008\" alt=\"Resultado de imagen para faltas e incorrecciones\" width=\"365\" height=\"203\" \/><p class=\"wp-caption-text\">Falta a Neymar<\/p><\/div>\n<p><strong>Regla 13.- Tiros libres<\/strong><\/p>\n<p>Los tiros libres se clasifican en 2 tipos. El tiro libre directo del cual se puede ganar un tanto en contrato del equipo que cometi\u00f3 la falta. Y el tiro libre indirecto del cual no puede lograrse v\u00e1lidamente un tanto si el bal\u00f3n antes de entrar a la porter\u00eda haya sido jugado.<\/p>\n<p>Cualquier tipo de tiro libre que sea los jugadores de la barrera del equipo contrario debe estar a 2m. del bal\u00f3n<\/p>\n<p><strong>Regla 14.- Penal<\/strong><\/p>\n<p>El penal se tirara desde el punto de penal y antes que se ejecute todos los jugadores a excepci\u00f3n del que va a ejecutar el castigo deben estar en el campo de juego.<\/p>\n<p>El penal se origina al cometerse una falta y que la origine el jugador del equipo contrario en su \u00e1rea.<\/p>\n<p><strong>Regla 15.- Saque de banda<\/strong><\/p>\n<p>Cuando el bal\u00f3n haya pasado en su totalidad la l\u00ednea de banda ya sea por tierra o por aire, ser\u00e1 puesto en juego nuevamente lanz\u00e1ndolo al campo desde cualquier direcci\u00f3n desde el punto que franqueo la l\u00ednea.<\/p>\n<p>Este saque se realiza poniendo la pelota en la nuca sujet\u00e1ndola con las manos y lanz\u00e1ndolo hacia el campo sin pasar o pisar la l\u00ednea.<\/p>\n<p><strong>Regla 16.- Saque de meta<\/strong><\/p>\n<p>Cuando el bal\u00f3n ha pasado en su totalidad la l\u00ednea d meta excluida por la parte que se encuentra entre los postes del marco ya sea por tierra o por aire. Hay dos formas de que el bal\u00f3n regrese a estar en juego.<\/p>\n<p>1.-Si el jugador lanza la pelota hacia la l\u00ednea de meta de su propia \u00e1rea ocurre un corner.<\/p>\n<p>2.- Si el contrario bota el bal\u00f3n por la otra l\u00ednea de meta que no es la de su cancha el arquero hace un saque con el bal\u00f3n muerto.<\/p>\n<p><strong>Regla 17.- Saque de esquina<\/strong><\/p>\n<p>Cuando el bal\u00f3n pasa en su totalidad la l\u00ednea de meta por aire o por tierra excluyendo la zona entre los dos postes por el due\u00f1o de cancha se realiza un corner. Para este saque la l\u00ednea se divide en dos partes la derecha y la izquierda por la cual se elige por cual de las dos.<\/p>\n<div style=\"width: 353px\" class=\"wp-caption aligncenter\"><img loading=\"lazy\" decoding=\"async\" src=\"http:\/\/dtpollo.com\/wp-content\/uploads\/2012\/11\/saque-de-banda-castellnovo1.jpg\" alt=\"Resultado de imagen para saques futbol\" width=\"343\" height=\"231\" \/><p class=\"wp-caption-text\">Saque de Banda<\/p><\/div>\n<p>&nbsp;<\/p>\n","protected":false},"excerpt":{"rendered":"<p>Las 17 Reglas del F\u00fatbol &nbsp; Regla 1.- El terreno de juego 1.- Dimensiones. Las medidas para un partido local son: Longitud: M\u00ednimo 90 metros\u00a0\u00a0 \u2013 \u00a0M\u00e1ximo 120 metros Ancho: M\u00ednimo 45 metros \u00a0\u00a0- \u00a0M\u00e1ximo 90 metros Las medidas para compromisos internacionales no pueden ser tan extremas que las anteriores. Estas son: Longitud: M\u00ednimo 100 [&hellip;]<\/p>\n","protected":false},"author":10635,"featured_media":0,"parent":0,"menu_order":0,"comment_status":"closed","ping_status":"closed","template":"","meta":{"footnotes":""},"class_list":["post-2","page","type-page","status-publish","hentry"],"aioseo_notices":[],"_links":{"self":[{"href":"https:\/\/blog.espol.edu.ec\/malemoli\/wp-json\/wp\/v2\/pages\/2","targetHints":{"allow":["GET"]}}],"collection":[{"href":"https:\/\/blog.espol.edu.ec\/malemoli\/wp-json\/wp\/v2\/pages"}],"about":[{"href":"https:\/\/blog.espol.edu.ec\/malemoli\/wp-json\/wp\/v2\/types\/page"}],"author":[{"embeddable":true,"href":"https:\/\/blog.espol.edu.ec\/malemoli\/wp-json\/wp\/v2\/users\/10635"}],"replies":[{"embeddable":true,"href":"https:\/\/blog.espol.edu.ec\/malemoli\/wp-json\/wp\/v2\/comments?post=2"}],"version-history":[{"count":5,"href":"https:\/\/blog.espol.edu.ec\/malemoli\/wp-json\/wp\/v2\/pages\/2\/revisions"}],"predecessor-version":[{"id":46,"href":"https:\/\/blog.espol.edu.ec\/malemoli\/wp-json\/wp\/v2\/pages\/2\/revisions\/46"}],"wp:attachment":[{"href":"https:\/\/blog.espol.edu.ec\/malemoli\/wp-json\/wp\/v2\/media?parent=2"}],"curies":[{"name":"wp","href":"https:\/\/api.w.org\/{rel}","templated":true}]}}