{"id":40,"date":"2016-11-13T17:35:27","date_gmt":"2016-11-13T17:35:27","guid":{"rendered":"http:\/\/blog.espol.edu.ec\/malemoli\/?page_id=40"},"modified":"2016-11-13T20:37:58","modified_gmt":"2016-11-13T20:37:58","slug":"futbol-una-pasion-muy-grande","status":"publish","type":"page","link":"https:\/\/blog.espol.edu.ec\/malemoli\/","title":{"rendered":"F\u00fatbol"},"content":{"rendered":"<div id=\"cp_widget_24c478fa-de97-4758-bbc7-fb36a30b94e4\">...<\/div>\n<p><script>\nvar cpo = []; cpo[\"_object\"] =\"cp_widget_24c478fa-de97-4758-bbc7-fb36a30b94e4\"; cpo[\"_fid\"] = \"AANAJyNu8Rdv\";\nvar _cpmp = _cpmp || []; _cpmp.push(cpo);\n(function() { var cp = document.createElement(\"script\"); cp.type = \"text\/javascript\";\ncp.async = true; cp.src = \"\/\/www.cincopa.com\/media-platform\/runtime\/libasync.js\";\nvar c = document.getElementsByTagName(\"script\")[0];\nc.parentNode.insertBefore(cp, c); })(); <\/script>Powered by Cincopa <a href='https:\/\/www.cincopa.com\/video-portal'>Video Portal<\/a> for Business solution.<\/p>\n<h1 style=\"text-align: center\"><span style=\"color: #000000\"><b>F\u00fatbol<\/b><\/span><strong style=\"color: #000000\">\u00a0como el Deporte m\u00e1s importante a nivel mundial\u00a0<\/strong><\/h1>\n<p><span style=\"color: #000000\">El <\/span><b style=\"color: #000000\">f\u00fatbol<\/b><span style=\"color: #000000\"> o\u00a0<\/span><b><span style=\"color: #000000\">futbol\u00a0<\/span><\/b><span style=\"color: #000000\">(del <\/span><a style=\"color: #000000\" title=\"Ingl\u00e9s brit\u00e1nico\" href=\"https:\/\/es.wikipedia.org\/wiki\/Ingl%C3%A9s_brit%C3%A1nico\">ingl\u00e9s brit\u00e1nico<\/a> <i style=\"color: #000000\">football<\/i><span style=\"color: #000000\">), tambi\u00e9n conocido como <\/span><b style=\"color: #000000\">balompi\u00e9<\/b><span style=\"color: #000000\">, es un <\/span><a style=\"color: #000000\" title=\"Deporte\" href=\"https:\/\/es.wikipedia.org\/wiki\/Deporte\">deporte<\/a><span style=\"color: #000000\"> de equipo jugado entre dos conjuntos de once jugadores cada uno y algunos <\/span><a style=\"color: #000000\" title=\"\u00c1rbitro (deporte)\" href=\"https:\/\/es.wikipedia.org\/wiki\/%C3%81rbitro_(deporte)\">\u00e1rbitros<\/a><span style=\"color: #000000\"> que se ocupan de que las <\/span><a style=\"color: #000000\" title=\"Norma jur\u00eddica\" href=\"https:\/\/es.wikipedia.org\/wiki\/Norma_jur%C3%ADdica\">normas<\/a><span style=\"color: #000000\"> se cumplan correctamente. Es ampliamente considerado el deporte m\u00e1s popular del mundo, pues lo practican unas 270\u00a0millones de personas.<\/span><\/p>\n<div style=\"width: 263px\" class=\"wp-caption aligncenter\"><img loading=\"lazy\" decoding=\"async\" src=\"https:\/\/ugc.kn3.net\/i\/origin\/http:\/\/cde.peru.com\/ima\/0\/1\/2\/4\/9\/1249043.jpg\" alt=\"Resultado de imagen para fifa\" width=\"253\" height=\"190\" \/><p class=\"wp-caption-text\">Organismo Rector del F\u00fatbol Mundial<\/p><\/div>\n<p>&nbsp;<\/p>\n<p><span style=\"color: #000000\">El juego moderno fue reinventado en <a style=\"color: #000000\" title=\"Inglaterra\" href=\"https:\/\/es.wikipedia.org\/wiki\/Inglaterra\">Inglaterra<\/a> tras la formaci\u00f3n de la Football Association, cuyas <a style=\"color: #000000\" title=\"Reglas del f\u00fatbol\" href=\"https:\/\/es.wikipedia.org\/wiki\/Reglas_del_f%C3%BAtbol#Historia\">reglas<\/a> de <a style=\"color: #000000\" title=\"1863\" href=\"https:\/\/es.wikipedia.org\/wiki\/1863\">1863<\/a> son la base del deporte en la actualidad. El organismo rector del f\u00fatbol es la <a href=\"http:\/\/www.fifa.com\">F\u00e9d\u00e9ration Internationale de Football Association, <\/a>m\u00e1s conocida por su acr\u00f3nimo\u00a0<a href=\"http:\/\/www.fifa.com\/\">FIFA.<\/a> La competici\u00f3n internacional de f\u00fatbol m\u00e1s prestigiosa es la Copa Mundial de F\u00fatbol, organizada cada cuatro a\u00f1os por dicho organismo. Este evento es el m\u00e1s famoso y el que cuenta con mayor cantidad de espectadores del mundo, doblando la audiencia de los Juegos Ol\u00edmpicos.<\/span><\/p>\n<p>&nbsp;<\/p>\n","protected":false},"excerpt":{"rendered":"<p>... Powered by Cincopa Video Portal for Business solution. F\u00fatbol\u00a0como el Deporte m\u00e1s importante a nivel mundial\u00a0 El f\u00fatbol o\u00a0futbol\u00a0(del ingl\u00e9s brit\u00e1nico football), tambi\u00e9n conocido como balompi\u00e9, es un deporte de equipo jugado entre dos conjuntos de once jugadores cada uno y algunos \u00e1rbitros que se ocupan de que las normas se cumplan correctamente. Es [&hellip;]<\/p>\n","protected":false},"author":10635,"featured_media":0,"parent":0,"menu_order":0,"comment_status":"closed","ping_status":"closed","template":"","meta":{"footnotes":""},"class_list":["post-40","page","type-page","status-publish","hentry"],"aioseo_notices":[],"_links":{"self":[{"href":"https:\/\/blog.espol.edu.ec\/malemoli\/wp-json\/wp\/v2\/pages\/40","targetHints":{"allow":["GET"]}}],"collection":[{"href":"https:\/\/blog.espol.edu.ec\/malemoli\/wp-json\/wp\/v2\/pages"}],"about":[{"href":"https:\/\/blog.espol.edu.ec\/malemoli\/wp-json\/wp\/v2\/types\/page"}],"author":[{"embeddable":true,"href":"https:\/\/blog.espol.edu.ec\/malemoli\/wp-json\/wp\/v2\/users\/10635"}],"replies":[{"embeddable":true,"href":"https:\/\/blog.espol.edu.ec\/malemoli\/wp-json\/wp\/v2\/comments?post=40"}],"version-history":[{"count":11,"href":"https:\/\/blog.espol.edu.ec\/malemoli\/wp-json\/wp\/v2\/pages\/40\/revisions"}],"predecessor-version":[{"id":67,"href":"https:\/\/blog.espol.edu.ec\/malemoli\/wp-json\/wp\/v2\/pages\/40\/revisions\/67"}],"wp:attachment":[{"href":"https:\/\/blog.espol.edu.ec\/malemoli\/wp-json\/wp\/v2\/media?parent=40"}],"curies":[{"name":"wp","href":"https:\/\/api.w.org\/{rel}","templated":true}]}}