{"id":21,"date":"2016-11-26T04:23:34","date_gmt":"2016-11-26T04:23:34","guid":{"rendered":"http:\/\/blog.espol.edu.ec\/manaba100\/?page_id=21"},"modified":"2016-12-05T04:53:03","modified_gmt":"2016-12-05T04:53:03","slug":"noticias","status":"publish","type":"page","link":"https:\/\/blog.espol.edu.ec\/manaba100\/noticias\/","title":{"rendered":"Noticias"},"content":{"rendered":"<h4 style=\"text-align: center\"><strong>SAN PABLO<br \/>\n\u00a1UN LUGAR DE AVENTURAS Y BELLEZA!<\/strong><\/h4>\n<p><iframe loading=\"lazy\" width=\"830\" height=\"467\" src=\"https:\/\/www.youtube.com\/embed\/OS4gQe_0iJA?feature=oembed\" frameborder=\"0\" allowfullscreen><\/iframe><\/p>\n<p style=\"text-align: left\">San Pablo es definitivamente el refugio id\u00f3neo para quienes desean relajar cuerpo y esp\u00edritu. Ubicada en la provincia de Santa Elena, a 28 kil\u00f3metros de Salinas, \u00a0en Playa San Pablo encontrar\u00e1 un azul del mar, cientos de lanchas de pescadores, redes artesanales cargadas de toda clase de peces y cientos de p\u00e1jaros revoloteando por el cielo azul.<\/p>\n<p>El contacto con el mar, la arena y el hermoso paisaje de la playa San Pablo, invitan a los turistas a reconciliarse con la naturaleza, sin duda el mejor lugar para recargar energ\u00eda y aventura.<\/p>\n<p>Esta playa es muy concurrida por los turistas, pues en sus anchas arenas se puede descansar, tomar el sol y disfrutar de la pr\u00e1ctica de varios deportes playeros, este hermoso balneario cuenta con especies \u00fanicas de la flora y la fauna se dan la mano con las m\u00e1s diversas facilidades para el descanso, es el sitio ideal para el turismo ecol\u00f3gico, pues aqu\u00ed se pueden admirar colonias de pel\u00edcanos, piqueros patas azules, gaviotas y fragatas.<\/p>\n<p>San Pablo es un peque\u00f1o pueblo de pescadores, que siempre ha sido visitado por la belleza de su playa y paisajes. El mar significa la mayor riqueza para el regi\u00f3n, ya que en el se puede encontrar todo tipo de peces y mariscos como: corvina, at\u00fan sardina, lenguado, r\u00f3balo, liza, picudo, camarones, langosta, pulpos, conchas, cangrejos, ostiones, etc.<\/p>\n<p>Algunas de las actividades que podr\u00e1 disfrutar son deportes acu\u00e1ticos como el kayac, paseos en lancha, surf, observaci\u00f3n de aves y animales en su h\u00e1bitat natural.<\/p>\n<p style=\"text-align: center\"><strong>MAPA<\/strong><\/p>\n<p style=\"text-align: center\"><iframe loading=\"lazy\" src=\"https:\/\/www.google.com\/maps\/embed?pb=!1m18!1m12!1m3!1d15948.111849266834!2d-80.78068973597388!3d-2.142971275006498!2m3!1f0!2f0!3f0!3m2!1i1024!2i768!4f13.1!3m3!1m2!1s0x902de05bdcc07753%3A0x9410d2e9d9d5b7ff!2sSan+Pablo!5e0!3m2!1ses!2sec!4v1480457703255\" width=\"600\" height=\"450\" frameborder=\"0\" allowfullscreen=\"allowfullscreen\"><\/iframe><\/p>\n","protected":false},"excerpt":{"rendered":"<p>SAN PABLO \u00a1UN LUGAR DE AVENTURAS Y BELLEZA! San Pablo es definitivamente el refugio id\u00f3neo para quienes desean relajar cuerpo y esp\u00edritu. Ubicada en la provincia de Santa Elena, a 28 kil\u00f3metros de Salinas, \u00a0en Playa San Pablo encontrar\u00e1 un azul del mar, cientos de lanchas de pescadores, redes artesanales cargadas de toda clase de [&hellip;]<\/p>\n","protected":false},"author":10771,"featured_media":0,"parent":0,"menu_order":0,"comment_status":"closed","ping_status":"closed","template":"","meta":{"footnotes":""},"class_list":["post-21","page","type-page","status-publish","hentry"],"_links":{"self":[{"href":"https:\/\/blog.espol.edu.ec\/manaba100\/wp-json\/wp\/v2\/pages\/21","targetHints":{"allow":["GET"]}}],"collection":[{"href":"https:\/\/blog.espol.edu.ec\/manaba100\/wp-json\/wp\/v2\/pages"}],"about":[{"href":"https:\/\/blog.espol.edu.ec\/manaba100\/wp-json\/wp\/v2\/types\/page"}],"author":[{"embeddable":true,"href":"https:\/\/blog.espol.edu.ec\/manaba100\/wp-json\/wp\/v2\/users\/10771"}],"replies":[{"embeddable":true,"href":"https:\/\/blog.espol.edu.ec\/manaba100\/wp-json\/wp\/v2\/comments?post=21"}],"version-history":[{"count":29,"href":"https:\/\/blog.espol.edu.ec\/manaba100\/wp-json\/wp\/v2\/pages\/21\/revisions"}],"predecessor-version":[{"id":121,"href":"https:\/\/blog.espol.edu.ec\/manaba100\/wp-json\/wp\/v2\/pages\/21\/revisions\/121"}],"wp:attachment":[{"href":"https:\/\/blog.espol.edu.ec\/manaba100\/wp-json\/wp\/v2\/media?parent=21"}],"curies":[{"name":"wp","href":"https:\/\/api.w.org\/{rel}","templated":true}]}}