{"id":12,"date":"2010-10-22T16:57:40","date_gmt":"2010-10-22T16:57:40","guid":{"rendered":"http:\/\/blog.espol.edu.ec\/manuelvillacres\/practica\/"},"modified":"2010-11-05T16:19:00","modified_gmt":"2010-11-05T16:19:00","slug":"practica","status":"publish","type":"page","link":"https:\/\/blog.espol.edu.ec\/manuelvillacres\/practica\/","title":{"rendered":"BASKETBALL \"UNA CANASTA HACE FELIZ A UN JUGADOR UNA ASISTENCIA A DOS JUGADORES\""},"content":{"rendered":"<p>El baloncesto, b\u00e1squetbol (del Ingl\u00e9s basket (canasta), ball  (pelota), basquetbol o b\u00e1squet[1]  es un deporte  de equipo que se desarrolla en pista cubierta, en el que dos conjuntos de cinco jugadores cada uno intentan anotar puntos, tambi\u00e9n llamdos canastas o dobles introduciendo un bal\u00f3n en un aro colocado a 3 metros que cuelga una red, lo que le da un aspecto de cesta o canasta.Se intenta llegar a ella corriendo y empujando con una mano -derecha o izquierda en caso de ser el jugador zurdo- la pelota al piso.<\/p>\n<p>Es conocido por las Federaciones Nacionales[2] como baloncesto en los pa\u00edses del Caribe y en Espa\u00f1a, como b\u00e1squetbol o basquetbol en la mayor\u00eda de pa\u00edses de Sudam\u00e9rica y M\u00e9xico, y como b\u00e1squet en la Argentina y Per\u00fa, por la castellanizaci\u00f3n de su nombre original en ingl\u00e9s: basketball.[3]<\/p>\n<p>Fue inventado por James Naismith, un profesor de educaci\u00f3n f\u00edsica canadiense, en diciembre de 1891 en la YMCA de Springfield, Massachusetts, Estados Unidos. Se juega con dos equipos de cinco personas, durante 4 per\u00edodos o cuartos de 10 (FIBA)[4] o 12 (NBA) minutos cada uno. Al finalizar el segundo cuarto, se realiza un descanso, normalmente de 15 a 20 minutos seg\u00fan la reglamentaci\u00f3n propia del campeonato al cual el partido pertenezca.<\/p>\n<p>Tambi\u00e9n existe una modalidad, fundamentalmente para discapacitados, en la que se juega en silla de ruedas (baloncesto en silla de ruedas), pr\u00e1cticamente con las mismas normas que el baloncesto habitual.<\/p>\n<p><a href=\"http:\/\/blog.espol.edu.ec\/manuelvillacres\/files\/2010\/10\/zbasket.jpg\"><img loading=\"lazy\" decoding=\"async\" src=\"http:\/\/blog.espol.edu.ec\/manuelvillacres\/files\/2010\/10\/zbasket.jpg\" alt=\"\" title=\"zbasket\" width=\"314\" height=\"350\" class=\"aligncenter size-full wp-image-55\" srcset=\"https:\/\/blog.espol.edu.ec\/manuelvillacres\/files\/2010\/10\/zbasket.jpg 314w, https:\/\/blog.espol.edu.ec\/manuelvillacres\/files\/2010\/10\/zbasket-269x300.jpg 269w\" sizes=\"auto, (max-width: 314px) 100vw, 314px\" \/><\/a><\/p>\n<p><a href=\"http:\/\/blog.espol.edu.ec\/manuelvillacres\/files\/2010\/10\/ZBASKA.jpg\"><img decoding=\"async\" src=\"http:\/\/blog.espol.edu.ec\/manuelvillacres\/files\/2010\/10\/ZBASKA.jpg\" alt=\"\" title=\"ZBASKA\" class=\"aligncenter size-full wp-image-27\" \/><\/a><\/p>\n","protected":false},"excerpt":{"rendered":"<p>El baloncesto, b\u00e1squetbol (del Ingl\u00e9s basket (canasta), ball (pelota), basquetbol o b\u00e1squet[1] es un deporte de equipo que se desarrolla en pista cubierta, en el que dos conjuntos de cinco jugadores cada uno intentan anotar puntos, tambi\u00e9n llamdos canastas o dobles introduciendo un bal\u00f3n en un aro colocado a 3 metros que cuelga una red, [&hellip;]<\/p>\n","protected":false},"author":5279,"featured_media":0,"parent":0,"menu_order":0,"comment_status":"open","ping_status":"open","template":"","meta":{"footnotes":""},"class_list":["post-12","page","type-page","status-publish","hentry"],"_links":{"self":[{"href":"https:\/\/blog.espol.edu.ec\/manuelvillacres\/wp-json\/wp\/v2\/pages\/12","targetHints":{"allow":["GET"]}}],"collection":[{"href":"https:\/\/blog.espol.edu.ec\/manuelvillacres\/wp-json\/wp\/v2\/pages"}],"about":[{"href":"https:\/\/blog.espol.edu.ec\/manuelvillacres\/wp-json\/wp\/v2\/types\/page"}],"author":[{"embeddable":true,"href":"https:\/\/blog.espol.edu.ec\/manuelvillacres\/wp-json\/wp\/v2\/users\/5279"}],"replies":[{"embeddable":true,"href":"https:\/\/blog.espol.edu.ec\/manuelvillacres\/wp-json\/wp\/v2\/comments?post=12"}],"version-history":[{"count":8,"href":"https:\/\/blog.espol.edu.ec\/manuelvillacres\/wp-json\/wp\/v2\/pages\/12\/revisions"}],"predecessor-version":[{"id":56,"href":"https:\/\/blog.espol.edu.ec\/manuelvillacres\/wp-json\/wp\/v2\/pages\/12\/revisions\/56"}],"wp:attachment":[{"href":"https:\/\/blog.espol.edu.ec\/manuelvillacres\/wp-json\/wp\/v2\/media?parent=12"}],"curies":[{"name":"wp","href":"https:\/\/api.w.org\/{rel}","templated":true}]}}