{"id":2,"date":"2010-05-20T16:52:26","date_gmt":"2010-05-20T16:52:26","guid":{"rendered":""},"modified":"2010-05-20T19:11:14","modified_gmt":"2010-05-20T19:11:14","slug":"abou","status":"publish","type":"page","link":"https:\/\/blog.espol.edu.ec\/maq2\/abou\/","title":{"rendered":"About"},"content":{"rendered":"<p>Este Blog tiene la misi\u00f3n de ser el medio de enlace entre los estudiantes que se encuentran registrados en la materia de <strong>Maquinaria El\u00e9ctrica II<\/strong>, dictada por el <strong>Ing. Gustavo Berm\u00fadez<\/strong> en el primer t\u00e9rmino 2010.<\/p>\n<p>Se proceder\u00e1 a subir en los diferentes post el material dictado en clases, como cierta informaci\u00f3n importante y en algunos casos notas curiosas respecto a las \u00faltimas noticias y \u00a0novedades que se presenten en el trayecto del curso.<\/p>\n<p><a href=\"http:\/\/blog.espol.edu.ec\/maq2\/files\/2010\/05\/DSC07429.jpg\"><img loading=\"lazy\" decoding=\"async\" class=\"aligncenter size-thumbnail wp-image-8\" title=\"ConstruccionDevanado\" src=\"http:\/\/blog.espol.edu.ec\/maq2\/files\/2010\/05\/DSC07429-150x150.jpg\" alt=\"\" width=\"150\" height=\"150\" \/><\/a><\/p>\n<p>Si alguno de los estudiantes desea colaborar con informaci\u00f3n para el blog,\u00a0 ser\u00e1 cordialmente recibida y publicada lo antes posible.<\/p>\n<p>Para cualquier <strong>consulta<\/strong> o mantenerse en <strong>contacto<\/strong> se pueden comunicar:<\/p>\n<p>Mail Espol: joslsanc@espol.edu.ec<\/p>\n<p>Mail Hotmail: jlsanchez_31@hotmail.com<\/p>\n<p>Fono: +593 9 7538757<\/p>\n<p><a href=\"http:\/\/blog.espol.edu.ec\/maq2\/files\/2010\/05\/1604518803-buena-suerte.gif\"><img loading=\"lazy\" decoding=\"async\" class=\"aligncenter size-full wp-image-9\" title=\"BuenaSuerte\" src=\"http:\/\/blog.espol.edu.ec\/maq2\/files\/2010\/05\/1604518803-buena-suerte.gif\" alt=\"\" width=\"83\" height=\"83\" \/><\/a><\/p>\n","protected":false},"excerpt":{"rendered":"<p>Este Blog tiene la misi\u00f3n de ser el medio de enlace entre los estudiantes que se encuentran registrados en la materia de Maquinaria El\u00e9ctrica II, dictada por el Ing. Gustavo Berm\u00fadez en el primer t\u00e9rmino 2010. Se proceder\u00e1 a subir en los diferentes post el material dictado en clases, como cierta informaci\u00f3n importante y en [&hellip;]<\/p>\n","protected":false},"author":3919,"featured_media":0,"parent":0,"menu_order":0,"comment_status":"open","ping_status":"open","template":"","meta":{"footnotes":""},"class_list":["post-2","page","type-page","status-publish","hentry"],"_links":{"self":[{"href":"https:\/\/blog.espol.edu.ec\/maq2\/wp-json\/wp\/v2\/pages\/2","targetHints":{"allow":["GET"]}}],"collection":[{"href":"https:\/\/blog.espol.edu.ec\/maq2\/wp-json\/wp\/v2\/pages"}],"about":[{"href":"https:\/\/blog.espol.edu.ec\/maq2\/wp-json\/wp\/v2\/types\/page"}],"author":[{"embeddable":true,"href":"https:\/\/blog.espol.edu.ec\/maq2\/wp-json\/wp\/v2\/users\/3919"}],"replies":[{"embeddable":true,"href":"https:\/\/blog.espol.edu.ec\/maq2\/wp-json\/wp\/v2\/comments?post=2"}],"version-history":[{"count":3,"href":"https:\/\/blog.espol.edu.ec\/maq2\/wp-json\/wp\/v2\/pages\/2\/revisions"}],"predecessor-version":[{"id":6,"href":"https:\/\/blog.espol.edu.ec\/maq2\/wp-json\/wp\/v2\/pages\/2\/revisions\/6"}],"wp:attachment":[{"href":"https:\/\/blog.espol.edu.ec\/maq2\/wp-json\/wp\/v2\/media?parent=2"}],"curies":[{"name":"wp","href":"https:\/\/api.w.org\/{rel}","templated":true}]}}