{"id":105,"date":"2016-11-13T19:52:51","date_gmt":"2016-11-13T19:52:51","guid":{"rendered":"http:\/\/blog.espol.edu.ec\/marauzam\/?page_id=105"},"modified":"2016-11-13T19:53:27","modified_gmt":"2016-11-13T19:53:27","slug":"camaras-fotograficas-mas-baratas-del-2016","status":"publish","type":"page","link":"https:\/\/blog.espol.edu.ec\/marauzam\/camaras-fotograficas-mas-baratas-del-2016\/","title":{"rendered":"C\u00e1maras Fotogr\u00e1ficas m\u00e1s baratas del 2016"},"content":{"rendered":"<h2 class=\"western\" align=\"JUSTIFY\"><span id=\"Las_9_mejores_camaras_de_fotos_baratas_del_mercado\">Las 9 mejores c\u00e1maras de fotos m\u00e1s baratas del mercado<\/span><\/h2>\n<p class=\"western\" lang=\"es-ES\" align=\"JUSTIFY\">A continuaci\u00f3n te ofrecemos un listado con las 9 mejores c\u00e1maras de fotos baratas del mercado, \u00a1empezamos!<\/p>\n<blockquote>\n<h3 class=\"western\" align=\"JUSTIFY\"><em><strong><span id=\"Fujifilm_Instax_210\">Fujifilm Instax 210<\/span><\/strong><\/em><\/h3>\n<\/blockquote>\n<p class=\"western\" lang=\"es-ES\" align=\"JUSTIFY\"><a href=\"http:\/\/digitea.es\/link\/fujifilm-instax-210\/\"><img loading=\"lazy\" decoding=\"async\" class=\"alignleft wp-image-568\" src=\"http:\/\/digitea.es\/wp-content\/uploads\/imagesposts\/Camaras%20de%20fotos\/mejor%20camara%20analogica%20barata-150x150.jpg\" alt=\"mejor camara analogica barata\" width=\"202\" height=\"202\" \/><\/a>La mejor c\u00e1mara an\u00e1logica barata del momento.<\/p>\n<p class=\"western\" lang=\"es-ES\" align=\"JUSTIFY\">Esta c\u00e1mara instant\u00e1nea te ofrece fotograf\u00edas instant\u00e1neas de formato panor\u00e1mico 86mm x 108mm. Hace uso de una pel\u00edcula color Fujifilm INSTAX WIDE, flash electr\u00f3nico autom\u00e1tico on\/off y 3 puntos de ajuste de brillo.<\/p>\n<p>Cuenta con una lente de aproximaci\u00f3n para hacer fotos a tan s\u00f3lo 45 cm. Gracias a su flash de ajuste autom\u00e1tico, su objetivo retr\u00e1ctil de alta resoluci\u00f3n y su gran visor, esta c\u00e1mara capta y proporciona copias de colores vivos de una alt\u00edsima calidad en un instante.<\/p>\n<p>&nbsp;<\/p>\n<div class=\"rehub_woo_review compact_w_deals\">\n<div class=\"rehub_feat_block table_view_block\">\n<div class=\"rehub_woo_review_tabs\">\n<div class=\"desc_col\">\n<ul class=\"featured_list\">\n<li>Flash autom\u00e1tico para disparar con poca luz<\/li>\n<li>Visor electr\u00f3nico programado, 1\/64-1\/200<\/li>\n<li>Pantalla de control LCD que muestra la distancia focal y el contador de pel\u00edcula<\/li>\n<li>Opciones de disparo de dos rangos seleccionables: 0.9-3m y 3m-infinito<\/li>\n<\/ul>\n<p><small class=\"small_size\"><span class=\"yes_available\">Normalmente se env\u00eda en el plazo de 1-2 d\u00edas laborable<\/span><\/small><\/p>\n<div class=\"last_update_amazon\">Last update was in: 12 November, 2016 8:08 pm GMT<\/div>\n<\/div>\n<div class=\"buttons_col\">\n<div class=\"priced_block clearfix\">\n<p><span class=\"price_count\"><ins>\u20ac 149,00<\/ins> <del><span class=\"amount\">79,00<\/span><\/del><\/span><\/p>\n<div>\n<p><a class=\"btn_offer_block\" href=\"http:\/\/buy.geni.us\/Proxy.ashx?TSID=19604&amp;GR_URL=http%3A%2F%2Fwww.amazon.es%2FFujifilm-Instax-210-analgica-instantnea%2Fdp%2FB002NUP0D2%3FSubscriptionId%3DAKIAI4DOR3FUVH5BBNRQ%26tag%3Ddigitea-21%26linkCode%3Dxm2%26camp%3D2025%26creative%3D165953%26creativeASIN%3DB002NUP0D2&amp;dtb=1\" target=\"_blank\" rel=\"nofollow\">VER OFERTA<\/a><\/p>\n<div class=\"aff_tag mt10\"><img decoding=\"async\" src=\"http:\/\/www.google.com\/s2\/favicons?domain=http:\/\/amazon.es\" \/> amazon.es<\/div>\n<\/div>\n<\/div>\n<\/div>\n<\/div>\n<\/div>\n<\/div>\n<div class=\"clearfix\"><\/div>\n<p>&nbsp;<\/p>\n<div class=\"wpsm-testimonial-author\"><\/div>\n<div class=\"wpsm-testimonial-author\"><\/div>\n<blockquote>\n<h3 class=\"western\" align=\"JUSTIFY\"><em><strong><span id=\"Nikon_Coolpix_S32\">Nikon Coolpix S32<\/span><\/strong><\/em><\/h3>\n<\/blockquote>\n<p class=\"western\" lang=\"es-ES\" align=\"JUSTIFY\"><a href=\"http:\/\/digitea.es\/link\/nikon-coolpix-s32-2\/\"><img loading=\"lazy\" decoding=\"async\" class=\"alignleft wp-image-566\" src=\"http:\/\/digitea.es\/wp-content\/uploads\/imagesposts\/Camaras%20de%20fotos\/comprar%20camara%20subaquatica%20barata-150x150.jpg\" alt=\"comprar camara subaquatica barata\" width=\"161\" height=\"161\" \/><\/a>Esta estupenda c\u00e1mara de fotografiar subacu\u00e1tica cuenta con 13\u2019 2 megap\u00edxeles y una pantalla de 2\u20197 pulgadas. Cuenta con un zoom \u00f3ptico 3x (30 -90 mm), un estabilizar de imagen electr\u00f3nico, grabaci\u00f3n de video y un resistente dise\u00f1o.<\/p>\n<p>F\u00e1cil de utilizar y resistente al agua, golpes y polvo, esta c\u00e1mara es perfecta para ser utilizada por toda la familia. Ofrece resultados excelentes. Es una de las c\u00e1maras de fotos baratas m\u00e1s apreciadas por los consumidores.<\/p>\n<div class=\"rehub_woo_review compact_w_deals\">\n<div class=\"rehub_feat_block table_view_block\">\n<div class=\"rehub_woo_review_tabs\">\n<div class=\"desc_col\">\n<p><small class=\"small_size\"><span class=\"yes_available\">Normalmente se env\u00eda en el plazo de 1-2 d\u00edas laborable<\/span><\/small><\/p>\n<div class=\"last_update_amazon\">Last update was in: 12 November, 2016 8:08 pm GMT<\/div>\n<\/div>\n<div class=\"buttons_col\">\n<div class=\"priced_block clearfix\">\n<p><span class=\"price_count\"><ins>\u20ac 99,00<\/ins><\/span><\/p>\n<div>\n<p><a class=\"btn_offer_block\" href=\"http:\/\/buy.geni.us\/Proxy.ashx?TSID=19604&amp;GR_URL=http%3A%2F%2Fwww.amazon.es%2FNikon-Coolpix-S33-compacta-pantalla%2Fdp%2FB00VA16JAI%3FSubscriptionId%3DAKIAI4DOR3FUVH5BBNRQ%26tag%3Ddigitea-21%26linkCode%3Dxm2%26camp%3D2025%26creative%3D165953%26creativeASIN%3DB00VA16JAI&amp;dtb=1\" target=\"_blank\" rel=\"nofollow\">VER OFERTA<\/a><\/p>\n<div class=\"aff_tag mt10\"><img decoding=\"async\" src=\"http:\/\/www.google.com\/s2\/favicons?domain=http:\/\/amazon.es\" \/> amazon.es<\/div>\n<\/div>\n<\/div>\n<\/div>\n<\/div>\n<\/div>\n<\/div>\n<div class=\"clearfix\"><\/div>\n<p>&nbsp;<\/p>\n<div class=\"wpsm-testimonial\">\n<blockquote>\n<div class=\"wpsm-testimonial-author\"><strong><em><span id=\"Canon_IXUS_170\"><span id=\"productTitle\" class=\"a-size-large\">Canon IXUS 170<\/span><\/span><\/em><\/strong><\/div>\n<\/blockquote>\n<\/div>\n<p class=\"western\" lang=\"es-ES\" align=\"JUSTIFY\"><strong><a href=\"http:\/\/digitea.es\/link\/canon-ixus-155\/\"><img decoding=\"async\" class=\"alignleft size-thumbnail wp-image-569\" src=\"http:\/\/digitea.es\/wp-content\/uploads\/imagesposts\/Camaras%20de%20fotos\/mejores%20camaras%20compactas%20baratas-150x150.jpg\" alt=\"mejores camaras compactas baratas\" \/><\/a><\/strong>Esta coqueta c\u00e1mara compacta con 20 megap\u00edxeles cuenta con una pantalla de 2\u20197 pulgadas, zoom \u00f3ptico 10x y estabilizador de la Imagen con IS Inteligente. Graba al instante todas tus experiencias con v\u00eddeos HD (720p) y el bot\u00f3n de v\u00eddeo.<\/p>\n<p>Esta formidable c\u00e1mara consigue captar as\u00ed como grabar cada detalle perfectamente, garantizando resultados \u00fanicos. Una c\u00e1mara sencilla de utilizar y con una estupenda relaci\u00f3n calidad precio que te ayudar\u00e1 a gozar de unas im\u00e1genes claras y n\u00edtidas.<\/p>\n<div class=\"rehub_woo_review compact_w_deals\">\n<div class=\"rehub_feat_block table_view_block\">\n<div class=\"rehub_woo_review_tabs\">\n<div class=\"desc_col\">\n<ul class=\"featured_list\">\n<li>Sensor de 20 Mp<\/li>\n<li>Pantalla de 2.7 pulgadas<\/li>\n<li>Zoom \u00f3ptico 12x (544.5<\/li>\n<li>Grabaci\u00f3n de v\u00eddeo 1280x720<\/li>\n<li>Color: Negro<\/li>\n<\/ul>\n<p><small class=\"small_size\"><span class=\"yes_available\">Normalmente se despacha en 24 horas<\/span> &amp; ENV\u00cdO GRATIS<\/small><\/p>\n<div class=\"last_update_amazon\">Last update was in: 12 November, 2016 8:08 pm GMT<\/div>\n<\/div>\n<div class=\"buttons_col\">\n<div class=\"priced_block clearfix\">\n<p><span class=\"price_count\"><ins>\u20ac 199,00<\/ins> <del><span class=\"amount\">119,00<\/span><\/del><\/span><\/p>\n<div>\n<p><a class=\"btn_offer_block\" href=\"http:\/\/buy.geni.us\/Proxy.ashx?TSID=19604&amp;GR_URL=http%3A%2F%2Fwww.amazon.es%2FCanon-IXUS-170-compacta-pantalla%2Fdp%2FB00RYV9R20%3Fpsc%3D1%26SubscriptionId%3DAKIAI4DOR3FUVH5BBNRQ%26tag%3Ddigitea-21%26linkCode%3Dxm2%26camp%3D2025%26creative%3D165953%26creativeASIN%3DB00RYV9R20&amp;dtb=1\" target=\"_blank\" rel=\"nofollow\">VER OFERTA<\/a><\/p>\n<div class=\"aff_tag mt10\"><img decoding=\"async\" src=\"http:\/\/www.google.com\/s2\/favicons?domain=http:\/\/amazon.es\" \/> amazon.es<\/div>\n<\/div>\n<\/div>\n<\/div>\n<\/div>\n<\/div>\n<\/div>\n<div class=\"clearfix\"><\/div>\n<p>&nbsp;<\/p>\n<div class=\"wpsm-testimonial\"><\/div>\n<blockquote>\n<h3 class=\"western\" align=\"JUSTIFY\"><em><strong><span id=\"Polaroid_SNAP\"><span id=\"productTitle\" class=\"a-size-large\">Polaroid SNAP<\/span><\/span><\/strong><\/em><\/h3>\n<\/blockquote>\n<p class=\"western\" lang=\"es-ES\" align=\"JUSTIFY\"><a href=\"http:\/\/digitea.es\/link\/polaroid-pic-300l\/\"><img decoding=\"async\" class=\"alignleft size-thumbnail wp-image-564\" src=\"http:\/\/digitea.es\/wp-content\/uploads\/imagesposts\/Camaras%20de%20fotos\/camaras%20polaroid%20ofertas%20precio-150x150.jpg\" alt=\"camaras polaroid ofertas precio\" \/><\/a>Esta c\u00e1mara analog\u00eda instant\u00e1nea ofrece la impresi\u00f3n inmediata de cada fotograf\u00eda que tomes, fotograf\u00edas en color 2.1 x 3.4 pulgadas.<\/p>\n<p class=\"western\" lang=\"es-ES\" align=\"JUSTIFY\">Cuenta con 322 gramos y unas dimensiones de 12,1 x 6,4 x 12,7 cm. Sencilla de utilizar y f\u00e1cil de transportar.<\/p>\n<div class=\"rehub_woo_review compact_w_deals\">\n<div class=\"rehub_feat_block table_view_block\">\n<div class=\"rehub_woo_review_tabs\">\n<div class=\"desc_col\">\n<ul class=\"featured_list\">\n<li>Dise\u00f1o minimalista sorprendente que recuerda a todas las c\u00e1maras instant\u00e1neas cl\u00e1sicas de Polaroid<\/li>\n<li>Con su tama\u00f1o compacto cabe bien en el bolsillo de su camisa; adem\u00e1s, el precio es asequible<\/li>\n<li>El sensor de 10 MP capta im\u00e1genes excelentes; ranura para tarjeta Micro SD de 32 GB como m\u00e1ximo<\/li>\n<\/ul>\n<p><small class=\"small_size\"><span class=\"yes_available\">Normalmente se despacha en 24 horas<\/span> &amp; ENV\u00cdO GRATIS<\/small><\/p>\n<div class=\"last_update_amazon\">Last update was in: 12 November, 2016 8:08 pm GMT<\/div>\n<\/div>\n<div class=\"buttons_col\">\n<div class=\"priced_block clearfix\">\n<p><span class=\"price_count\"><ins>\u20ac 119,99<\/ins><\/span><\/p>\n<div>\n<p><a class=\"btn_offer_block\" href=\"http:\/\/buy.geni.us\/Proxy.ashx?TSID=19604&amp;GR_URL=http%3A%2F%2Fwww.amazon.es%2FPolaroid-SNAP-instantnea-tecnologa-impresin%2Fdp%2FB015JIAD7C%3Fpsc%3D1%26SubscriptionId%3DAKIAI4DOR3FUVH5BBNRQ%26tag%3Ddigitea-21%26linkCode%3Dxm2%26camp%3D2025%26creative%3D165953%26creativeASIN%3DB015JIAD7C&amp;dtb=1\" target=\"_blank\" rel=\"nofollow\">VER OFERTA<\/a><\/p>\n<div class=\"aff_tag mt10\"><img decoding=\"async\" src=\"http:\/\/www.google.com\/s2\/favicons?domain=http:\/\/amazon.es\" \/> amazon.es<\/div>\n<\/div>\n<\/div>\n<\/div>\n<\/div>\n<\/div>\n<\/div>\n<div class=\"clearfix\"><\/div>\n<p>&nbsp;<\/p>\n<blockquote><p><em><strong><span id=\"Nikon_Coolpix_L330\">Nikon Coolpix L330<\/span><\/strong><\/em><\/p><\/blockquote>\n<p class=\"western\" lang=\"es-ES\" align=\"JUSTIFY\"><a href=\"http:\/\/digitea.es\/link\/nikon-coolpix-l330-2\/\"><img decoding=\"async\" class=\"alignleft size-thumbnail wp-image-571\" src=\"http:\/\/digitea.es\/wp-content\/uploads\/imagesposts\/Camaras%20de%20fotos\/ofertas%20nikon%20coolpix-150x150.jpg\" alt=\"ofertas nikon coolpix\" \/><\/a>Esta c\u00e1mara compacta cuenta con un sensor de imagen CCD de 20\u20192 megap\u00edxeles.<\/p>\n<p class=\"western\" lang=\"es-ES\" align=\"JUSTIFY\">Cuenta con una pantalla de 3 pulgadas y un estabilizador de imagen \u00f3ptico.<\/p>\n<p class=\"western\" lang=\"es-ES\" align=\"JUSTIFY\">Esta c\u00e1mara de estilo cl\u00e1sico es f\u00e1cil de manejar y tiene un potente zoom \u00f3ptico de 26 aumentos.<\/p>\n<p>&nbsp;<\/p>\n<div class=\"rehub_woo_review compact_w_deals\">\n<div class=\"rehub_feat_block table_view_block\">\n<div class=\"rehub_woo_review_tabs\">\n<div class=\"desc_col\">\n<ul class=\"featured_list\">\n<li>Objetivo NIKKOR con zoom \u00f3ptico de 26 aumentos<\/li>\n<li>VR de desplazamiento de lente<\/li>\n<li>Grabaci\u00f3n de video HD 720p<\/li>\n<\/ul>\n<p>&nbsp;<\/p>\n<div class=\"last_update_amazon\">Last update was in: 12 November, 2016 8:08 pm GMT<\/div>\n<\/div>\n<div class=\"buttons_col\">\n<div class=\"priced_block clearfix\">\n<div>\n<p><a class=\"btn_offer_block\" href=\"http:\/\/buy.geni.us\/Proxy.ashx?TSID=19604&amp;GR_URL=http%3A%2F%2Fwww.amazon.es%2FNikon-Coolpix-L330-compacta-estabilizador%2Fdp%2FB00HQDBLDO%3FSubscriptionId%3DAKIAI4DOR3FUVH5BBNRQ%26tag%3Ddigitea-21%26linkCode%3Dxm2%26camp%3D2025%26creative%3D165953%26creativeASIN%3DB00HQDBLDO&amp;dtb=1\" target=\"_blank\" rel=\"nofollow\">VER OFERTA<\/a><\/p>\n<div class=\"aff_tag mt10\"><img decoding=\"async\" src=\"http:\/\/www.google.com\/s2\/favicons?domain=http:\/\/amazon.es\" \/> amazon.es<\/div>\n<\/div>\n<\/div>\n<\/div>\n<\/div>\n<\/div>\n<\/div>\n<div class=\"clearfix\"><\/div>\n<p>&nbsp;<\/p>\n<div class=\"wpsm-testimonial\"><\/div>\n<div class=\"wpsm-testimonial\"><\/div>\n<blockquote>\n<h3 id=\"title\" class=\"a-size-large a-spacing-none\"><em><strong><span id=\"Canon_PowerShot_SX410_IS\"><span id=\"productTitle\" class=\"a-size-large\">Canon PowerShot SX410 IS<\/span><\/span><\/strong><\/em><\/h3>\n<\/blockquote>\n<p class=\"western\" lang=\"es-ES\" align=\"JUSTIFY\"><a href=\"http:\/\/digitea.es\/link\/canon-powershot-sx600-hs\/\"><img decoding=\"async\" class=\"alignleft size-thumbnail wp-image-565\" src=\"http:\/\/digitea.es\/wp-content\/uploads\/imagesposts\/Camaras%20de%20fotos\/comparativa%20camaras%20de%20fotos%202015-150x150.jpg\" alt=\"comparativa camaras de fotos 2015\" \/><\/a>La m\u00e1s vendida del momento.<\/p>\n<p class=\"western\" lang=\"es-ES\" align=\"JUSTIFY\">Con un zoom \u00f3ptico de 18 aumentos y estabilizador de imagen, esta c\u00e1mara compacta de 16\u20196 megap\u00edxeles es manejable, port\u00e1til, f\u00e1cil de usar y posee una pantalla de 3 pulgadas.<\/p>\n<p class=\"western\" lang=\"es-ES\" align=\"JUSTIFY\">Consigue que tus recuerdos fotogr\u00e1ficos alcancen una alta calidad.<\/p>\n<p>&nbsp;<\/p>\n<div class=\"rehub_woo_review compact_w_deals\">\n<div class=\"rehub_feat_block table_view_block\">\n<div class=\"rehub_woo_review_tabs\">\n<div class=\"desc_col\">\n<ul class=\"featured_list\">\n<li>C\u00e1mara con zoom 40x, peque\u00f1a y vers\u00e1til para cualquier ocasi\u00f3n<\/li>\n<li>Capta un impresionante nivel de detalle gracias a sus 20,0 megap\u00edxeles<\/li>\n<li>Fotograf\u00edas n\u00edtidas y v\u00eddeos estables con IS Inteligente<\/li>\n<li>Dise\u00f1ada para un disparo m\u00e1s estable y c\u00f3modo<\/li>\n<\/ul>\n<p><small class=\"small_size\"><span class=\"yes_available\">Normalmente se despacha en 24 horas<\/span> &amp; ENV\u00cdO GRATIS<\/small><\/p>\n<div class=\"last_update_amazon\">Last update was in: 12 November, 2016 8:08 pm GMT<\/div>\n<\/div>\n<div class=\"buttons_col\">\n<div class=\"priced_block clearfix\">\n<p><span class=\"price_count\"><ins>\u20ac 183,50<\/ins><\/span><\/p>\n<div>\n<p><a class=\"btn_offer_block\" href=\"http:\/\/buy.geni.us\/Proxy.ashx?TSID=19604&amp;GR_URL=http%3A%2F%2Fwww.amazon.es%2FCanon-PowerShot-SX410-estabilizador-grabacin%2Fdp%2FB00TA5FO66%3Fpsc%3D1%26SubscriptionId%3DAKIAI4DOR3FUVH5BBNRQ%26tag%3Ddigitea-21%26linkCode%3Dxm2%26camp%3D2025%26creative%3D165953%26creativeASIN%3DB00TA5FO66&amp;dtb=1\" target=\"_blank\" rel=\"nofollow\">VER OFERTA<\/a><\/p>\n<div class=\"aff_tag mt10\"><img decoding=\"async\" src=\"http:\/\/www.google.com\/s2\/favicons?domain=http:\/\/amazon.es\" \/> amazon.es<\/div>\n<\/div>\n<\/div>\n<\/div>\n<\/div>\n<\/div>\n<\/div>\n<div class=\"clearfix\"><\/div>\n<blockquote><p>\u00a0<em><strong><span id=\"Sony_DSC-H300\">Sony DSC-H300<\/span><\/strong><\/em><\/p><\/blockquote>\n<p class=\"western\" lang=\"es-ES\" align=\"JUSTIFY\"><a href=\"http:\/\/digitea.es\/link\/sony-dsc-h300-2\/\"><img decoding=\"async\" class=\"alignleft size-thumbnail wp-image-572\" src=\"http:\/\/digitea.es\/wp-content\/uploads\/imagesposts\/Camaras%20de%20fotos\/que%20camara%20de%20fotos%20comprar-150x150.jpg\" alt=\"que camara de fotos comprar\" \/><\/a>Esta c\u00e1mara compacta con pantalla de 3 pulgadas, zoom \u00f3ptico de 35 aumentos, 20\u20194 megap\u00edxeles, as\u00ed como estabilizador de imagen electr\u00f3nico. Realizar fotos precisas y de gran belleza, siempre con la mayor calidad, precisi\u00f3n y nitidez.<\/p>\n<p>&nbsp;<\/p>\n<div class=\"rehub_woo_review compact_w_deals\">\n<div class=\"rehub_feat_block table_view_block\">\n<div class=\"rehub_woo_review_tabs\">\n<div class=\"desc_col\">\n<ul>\n<li class=\"offer_title\">Im\u00e1genes llamativas obtenidas f\u00e1cilmente con un zoom \u00f3ptico de 35x, sensor de 20 MP, v\u00eddeo HD y efectos creativos<\/li>\n<li>Sensor Super HAD CCD de 20,1 MP<\/li>\n<li>Lente con zoom \u00f3ptico de 35x de Sony<\/li>\n<li>Estabilizaci\u00f3n de imagen SteadyShot \u00f3ptica<\/li>\n<\/ul>\n<p><small class=\"small_size\"><span class=\"yes_available\">Normalmente se env\u00eda en el plazo de 2 y 5 semanas<\/span> &amp; ENV\u00cdO GRATIS<\/small><\/p>\n<div class=\"last_update_amazon\">Last update was in: 12 November, 2016 8:08 pm GMT<\/div>\n<\/div>\n<div class=\"buttons_col\">\n<div class=\"priced_block clearfix\">\n<p><span class=\"price_count\"><ins>\u20ac 189,00<\/ins><\/span><\/p>\n<div>\n<p><a class=\"btn_offer_block\" href=\"http:\/\/buy.geni.us\/Proxy.ashx?TSID=19604&amp;GR_URL=http%3A%2F%2Fwww.amazon.es%2FSony-DSC-H300-compacta-estabilizador-electrnico%2Fdp%2FB00FWVM4RE%3FSubscriptionId%3DAKIAI4DOR3FUVH5BBNRQ%26tag%3Ddigitea-21%26linkCode%3Dxm2%26camp%3D2025%26creative%3D165953%26creativeASIN%3DB00FWVM4RE&amp;dtb=1\" target=\"_blank\" rel=\"nofollow\">VER OFERTA<\/a><\/p>\n<div class=\"aff_tag mt10\"><img decoding=\"async\" src=\"http:\/\/www.google.com\/s2\/favicons?domain=http:\/\/amazon.es\" \/> amazon.es<\/div>\n<\/div>\n<\/div>\n<\/div>\n<\/div>\n<\/div>\n<\/div>\n<div class=\"clearfix\"><\/div>\n<p>&nbsp;<\/p>\n<div class=\"wpsm-testimonial\"><\/div>\n<div class=\"wpsm-testimonial\"><\/div>\n<blockquote>\n<h3 class=\"western\" align=\"JUSTIFY\"><em><strong><span id=\"Nikon_D3300\">Nikon D3300<\/span><\/strong><\/em><\/h3>\n<\/blockquote>\n<p class=\"western\" lang=\"es-ES\" align=\"JUSTIFY\"><a href=\"http:\/\/digitea.es\/link\/nikon-coolpix-l330-3\/\"><img decoding=\"async\" class=\"alignleft size-thumbnail wp-image-567\" src=\"http:\/\/digitea.es\/wp-content\/uploads\/imagesposts\/Camaras%20de%20fotos\/las%20mejores%20camaras%20de%20fotos%20baratas-150x150.jpg\" alt=\"las mejores camaras de fotos baratas\" \/><\/a>Con un zoom \u00f3ptico de 26 aumentos y pantalla LCD de 3 pulgadas, esta c\u00e1mara cuenta con funci\u00f3n VR (reducci\u00f3n de vibraciones) y unas medidas de 24,4 x 14,8 x 13 cm.<\/p>\n<p class=\"western\" lang=\"es-ES\" align=\"JUSTIFY\">La resoluci\u00f3n del sensor \u00f3ptico es de 20\u201916 Mp. Ofrece sistema de impresi\u00f3n directa e impresi\u00f3n directa.<\/p>\n<div class=\"rehub_woo_review compact_w_deals\">\n<div class=\"rehub_feat_block table_view_block\">\n<div class=\"rehub_woo_review_tabs\">\n<div class=\"desc_col\">\n<ul class=\"featured_list\">\n<li>Sensor 24,2 mp Ds<\/li>\n<li>AF 11 puntos<\/li>\n<li>ISO hasta 12800<\/li>\n<li>Disparo continuo 5 fps<\/li>\n<li>Modo guia<\/li>\n<\/ul>\n<p><small class=\"small_size\"><span class=\"yes_available\">Normalmente se despacha en 24 horas<\/span> &amp; ENV\u00cdO GRATIS<\/small><\/p>\n<div class=\"last_update_amazon\">Last update was in: 12 November, 2016 8:08 pm GMT<\/div>\n<\/div>\n<div class=\"buttons_col\">\n<div class=\"priced_block clearfix\">\n<p><span class=\"price_count\"><ins>\u20ac 419,89<\/ins><\/span><\/p>\n<div>\n<p><a class=\"btn_offer_block\" href=\"http:\/\/buy.geni.us\/Proxy.ashx?TSID=19604&amp;GR_URL=http%3A%2F%2Fwww.amazon.es%2FNikon-D3300-18-55-AFP-estabilizador%2Fdp%2FB01B5UZ4TA%3FSubscriptionId%3DAKIAI4DOR3FUVH5BBNRQ%26tag%3Ddigitea-21%26linkCode%3Dxm2%26camp%3D2025%26creative%3D165953%26creativeASIN%3DB01B5UZ4TA&amp;dtb=1\" target=\"_blank\" rel=\"nofollow\">VER OFERTA<\/a><\/p>\n<div class=\"aff_tag mt10\"><img decoding=\"async\" src=\"http:\/\/www.google.com\/s2\/favicons?domain=http:\/\/amazon.es\" \/> amazon.es<\/div>\n<\/div>\n<\/div>\n<\/div>\n<\/div>\n<\/div>\n<\/div>\n<div class=\"clearfix\"><\/div>\n<p>&nbsp;<\/p>\n<blockquote>\n<h3 class=\"western\" align=\"JUSTIFY\"><em><strong><span id=\"Canon_EOS_700D\">Canon EOS 700D<\/span><\/strong><\/em><\/h3>\n<\/blockquote>\n<p class=\"western\" lang=\"es-ES\" align=\"JUSTIFY\"><a href=\"http:\/\/digitea.es\/link\/canon-eos-700d-2\/\"><img decoding=\"async\" class=\"alignleft size-thumbnail wp-image-563\" src=\"http:\/\/digitea.es\/wp-content\/uploads\/imagesposts\/Camaras%20de%20fotos\/camaras%20canon%20baratas-150x150.jpg\" alt=\"camaras canon baratas\" \/><\/a>Si quieres crear im\u00e1genes con una alta calidad esta es tu c\u00e1mara. Esta c\u00e1mara r\u00e9flex digital cuenta con una pantalla t\u00e1ctil de 3 pulgadas, estabilizador imagen \u00f3ptico cuenta con 18 megap\u00edxeles.<\/p>\n<p>Gracias a esta c\u00e1mara descubrir\u00e1s \u00e1ngulos de disparo distintos debido a la pantalla t\u00e1ctil LCD Clear View II de \u00e1ngulo variable. Tambi\u00e9n te permitir\u00e1 la elaboraci\u00f3n de videos de alta definici\u00f3n. Ofrece un alto rendimiento en zonas con poca luz.<\/p>\n<ul>\n<li>Sensor de 18 Mp con tama\u00f1o 22.3 x 14.9 mm y tecnolog\u00eda CMOS<\/li>\n<\/ul>\n<div class=\"rehub_woo_review compact_w_deals\">\n<div class=\"rehub_feat_block table_view_block\">\n<div class=\"rehub_woo_review_tabs\">\n<div class=\"desc_col\">\n<ul class=\"featured_list\">\n<li>Kit con objetivo 18 -55 mm<\/li>\n<li>Pantalla de 3 pulgadas<\/li>\n<li>Estabilizador de imagen digital<\/li>\n<li>Grabaci\u00f3n de v\u00eddeo 1080p<\/li>\n<\/ul>\n<p><small class=\"small_size\"><span class=\"yes_available\">Normalmente se despacha en 24 horas<\/span> &amp; ENV\u00cdO GRATIS<\/small><\/p>\n<div class=\"last_update_amazon\">Last update was in: 12 November, 2016 8:08 pm GMT<\/div>\n<\/div>\n<div class=\"buttons_col\">\n<div class=\"priced_block clearfix\">\n<p><span class=\"price_count\"><ins>\u20ac 442,92<\/ins> <del><span class=\"amount\">849,00<\/span><\/del><\/span><\/p>\n<div>\n<p><a class=\"btn_offer_block\" href=\"http:\/\/buy.geni.us\/Proxy.ashx?TSID=19604&amp;GR_URL=http%3A%2F%2Fwww.amazon.es%2FCanon-EOS-700D-pantalla-estabilizador%2Fdp%2FB00BYPW00I%3FSubscriptionId%3DAKIAI4DOR3FUVH5BBNRQ%26tag%3Ddigitea-21%26linkCode%3Dxm2%26camp%3D2025%26creative%3D165953%26creativeASIN%3DB00BYPW00I&amp;dtb=1\" target=\"_blank\" rel=\"nofollow\">VER OFERTA<\/a><\/p>\n<div class=\"aff_tag mt10\"><img decoding=\"async\" src=\"http:\/\/www.google.com\/s2\/favicons?domain=http:\/\/amazon.es\" \/> amazon.es<\/div>\n<\/div>\n<\/div>\n<\/div>\n<\/div>\n<\/div>\n<\/div>\n<div class=\"clearfix\"><\/div>\n<p>&nbsp;<\/p>\n<div class=\"wpsm-testimonial\"><\/div>\n","protected":false},"excerpt":{"rendered":"<p>Las 9 mejores c\u00e1maras de fotos m\u00e1s baratas del mercado A continuaci\u00f3n te ofrecemos un listado con las 9 mejores c\u00e1maras de fotos baratas del mercado, \u00a1empezamos! Fujifilm Instax 210 La mejor c\u00e1mara an\u00e1logica barata del momento. Esta c\u00e1mara instant\u00e1nea te ofrece fotograf\u00edas instant\u00e1neas de formato panor\u00e1mico 86mm x 108mm. Hace uso de una pel\u00edcula [&hellip;]<\/p>\n","protected":false},"author":10653,"featured_media":101,"parent":0,"menu_order":0,"comment_status":"closed","ping_status":"closed","template":"","meta":{"footnotes":""},"class_list":["post-105","page","type-page","status-publish","has-post-thumbnail","hentry"],"_links":{"self":[{"href":"https:\/\/blog.espol.edu.ec\/marauzam\/wp-json\/wp\/v2\/pages\/105","targetHints":{"allow":["GET"]}}],"collection":[{"href":"https:\/\/blog.espol.edu.ec\/marauzam\/wp-json\/wp\/v2\/pages"}],"about":[{"href":"https:\/\/blog.espol.edu.ec\/marauzam\/wp-json\/wp\/v2\/types\/page"}],"author":[{"embeddable":true,"href":"https:\/\/blog.espol.edu.ec\/marauzam\/wp-json\/wp\/v2\/users\/10653"}],"replies":[{"embeddable":true,"href":"https:\/\/blog.espol.edu.ec\/marauzam\/wp-json\/wp\/v2\/comments?post=105"}],"version-history":[{"count":2,"href":"https:\/\/blog.espol.edu.ec\/marauzam\/wp-json\/wp\/v2\/pages\/105\/revisions"}],"predecessor-version":[{"id":108,"href":"https:\/\/blog.espol.edu.ec\/marauzam\/wp-json\/wp\/v2\/pages\/105\/revisions\/108"}],"wp:featuredmedia":[{"embeddable":true,"href":"https:\/\/blog.espol.edu.ec\/marauzam\/wp-json\/wp\/v2\/media\/101"}],"wp:attachment":[{"href":"https:\/\/blog.espol.edu.ec\/marauzam\/wp-json\/wp\/v2\/media?parent=105"}],"curies":[{"name":"wp","href":"https:\/\/api.w.org\/{rel}","templated":true}]}}