{"id":11,"date":"2016-11-07T21:21:05","date_gmt":"2016-11-07T21:21:05","guid":{"rendered":"http:\/\/blog.espol.edu.ec\/marauzam\/?page_id=11"},"modified":"2016-11-07T21:26:11","modified_gmt":"2016-11-07T21:26:11","slug":"introduccion-a-la-fotografia","status":"publish","type":"page","link":"https:\/\/blog.espol.edu.ec\/marauzam\/introduccion-a-la-fotografia\/","title":{"rendered":"Introducci\u00f3n a la Fotograf\u00eda"},"content":{"rendered":"<p><iframe loading=\"lazy\" title=\"Evoluci\u00f3n de la fotograf\u00eda.\" width=\"610\" height=\"343\" src=\"https:\/\/www.youtube.com\/embed\/k0QoXObMTpY?feature=oembed\" frameborder=\"0\" allow=\"accelerometer; autoplay; clipboard-write; encrypted-media; gyroscope; picture-in-picture; web-share\" referrerpolicy=\"strict-origin-when-cross-origin\" allowfullscreen><\/iframe><\/p>\n<h1>\u00bfDe donde viene la palabra fotograf\u00eda?<\/h1>\n<p dir=\"ltr\"><strong>Foto:<\/strong> Del griego Phos (se lee \u201cfos\u201d) y traduce \u201cluz\u201d. De aqu\u00ed se derivan muchas otras palabras en castellano, por ejemplo, \u201cfotog\u00e9nico\u201d. En griego se escribe \u03c6\u03c9\u03c2.<\/p>\n<p><strong>Graf\u00eda:<\/strong> Del griego \u201cGraphis\u201d y \u201cGraphos\u201d. N\u00f3tese que la misma palabra \u201cGraphos\u201d incluye \u201cphos\u201d. Traduce \u201cdise\u00f1ar\u201d, \u201cescribir\u201d (el escribir no es otra cosa que graficar s\u00edmbolos que llamamos \u201cletras\u201d) y obviamente \u201cgraficar\u201d y \u201cdibujar\u201d. M\u00faltiples palabras en castellano derivan de esta palabra griega: caligraf\u00eda, graficar, impresora gr\u00e1fica. En caligraf\u00eda griega se escribe \u03b3\u03c1\u03b1\u03c6\u03af\u03c2.<\/p>\n<h1>Breve historia de la fotograf\u00eda<\/h1>\n<p><img loading=\"lazy\" decoding=\"async\" class=\"alignnone size-medium wp-image-17\" src=\"http:\/\/blog.espol.edu.ec\/marauzam\/files\/2016\/11\/H7cfOkvO-300x300.jpeg\" alt=\"h7cfokvo\" width=\"300\" height=\"300\" srcset=\"https:\/\/blog.espol.edu.ec\/marauzam\/files\/2016\/11\/H7cfOkvO-300x300.jpeg 300w, https:\/\/blog.espol.edu.ec\/marauzam\/files\/2016\/11\/H7cfOkvO-150x150.jpeg 150w, https:\/\/blog.espol.edu.ec\/marauzam\/files\/2016\/11\/H7cfOkvO-50x50.jpeg 50w, https:\/\/blog.espol.edu.ec\/marauzam\/files\/2016\/11\/H7cfOkvO.jpeg 467w\" sizes=\"auto, (max-width: 300px) 100vw, 300px\" \/><\/p>\n<p>La fotograf\u00eda nace como respuesta a la inquietud del ser humano de registrar su contexto del modo m\u00e1s exacto e instant\u00e1neo posible.<\/p>\n<p>Fue en la antigua Grecia donde surgi\u00f3 la preocupaci\u00f3n por encontrar una explicaci\u00f3n del fen\u00f3meno lum\u00ednico. Esto condujo a los fil\u00f3sofos a observar los efectos de la luz en todas sus manifestaciones. Arist\u00f3teles sostuvo que los elementos que constitu\u00edan la luz se trasladaban de los objetos al ojo del observador con un movimiento ondulatorio.<\/p>\n<p>&nbsp;<\/p>\n","protected":false},"excerpt":{"rendered":"<p>\u00bfDe donde viene la palabra fotograf\u00eda? Foto: Del griego Phos (se lee \u201cfos\u201d) y traduce \u201cluz\u201d. De aqu\u00ed se derivan muchas otras palabras en castellano, por ejemplo, \u201cfotog\u00e9nico\u201d. En griego se escribe \u03c6\u03c9\u03c2. Graf\u00eda: Del griego \u201cGraphis\u201d y \u201cGraphos\u201d. N\u00f3tese que la misma palabra \u201cGraphos\u201d incluye \u201cphos\u201d. Traduce \u201cdise\u00f1ar\u201d, \u201cescribir\u201d (el escribir no es otra [&hellip;]<\/p>\n","protected":false},"author":10653,"featured_media":0,"parent":0,"menu_order":0,"comment_status":"closed","ping_status":"closed","template":"","meta":{"footnotes":""},"class_list":["post-11","page","type-page","status-publish","hentry"],"_links":{"self":[{"href":"https:\/\/blog.espol.edu.ec\/marauzam\/wp-json\/wp\/v2\/pages\/11","targetHints":{"allow":["GET"]}}],"collection":[{"href":"https:\/\/blog.espol.edu.ec\/marauzam\/wp-json\/wp\/v2\/pages"}],"about":[{"href":"https:\/\/blog.espol.edu.ec\/marauzam\/wp-json\/wp\/v2\/types\/page"}],"author":[{"embeddable":true,"href":"https:\/\/blog.espol.edu.ec\/marauzam\/wp-json\/wp\/v2\/users\/10653"}],"replies":[{"embeddable":true,"href":"https:\/\/blog.espol.edu.ec\/marauzam\/wp-json\/wp\/v2\/comments?post=11"}],"version-history":[{"count":2,"href":"https:\/\/blog.espol.edu.ec\/marauzam\/wp-json\/wp\/v2\/pages\/11\/revisions"}],"predecessor-version":[{"id":18,"href":"https:\/\/blog.espol.edu.ec\/marauzam\/wp-json\/wp\/v2\/pages\/11\/revisions\/18"}],"wp:attachment":[{"href":"https:\/\/blog.espol.edu.ec\/marauzam\/wp-json\/wp\/v2\/media?parent=11"}],"curies":[{"name":"wp","href":"https:\/\/api.w.org\/{rel}","templated":true}]}}