{"id":65,"date":"2016-11-13T18:04:20","date_gmt":"2016-11-13T18:04:20","guid":{"rendered":"http:\/\/blog.espol.edu.ec\/marauzam\/?page_id=65"},"modified":"2016-11-13T18:07:04","modified_gmt":"2016-11-13T18:07:04","slug":"fotografos-profesionales-alrededor-del-mundo","status":"publish","type":"page","link":"https:\/\/blog.espol.edu.ec\/marauzam\/fotografos-profesionales-alrededor-del-mundo\/","title":{"rendered":"Fot\u00f3grafos profesionales alrededor del mundo"},"content":{"rendered":"<hr \/>\n<p><em>\u00bfAlguna vez te has preguntado cu\u00e1nto gana un fot\u00f3grafo profesional?<\/em><\/p>\n<p>Pues si esa fue tu duda en alg\u00fan momento de tu vida, te presentamos<strong> LOS TRES FOT\u00d3GRAFOS PROFESIONALES MEJOR PAGADOS A NIVEL MUNDIAL.<\/strong><\/p>\n<p><strong>Steven Meisel (1954)<\/strong><\/p>\n<p><img loading=\"lazy\" decoding=\"async\" class=\"alignnone size-full wp-image-28117\" src=\"http:\/\/static.elle.exp.mx\/wp-content\/uploads\/2015\/04\/16153910\/StevenMeisel.jpg\" alt=\"StevenMeisel\" width=\"800\" height=\"457\" \/><\/p>\n<p>Nacido en: Nueva York<\/p>\n<p>Edad: 60\u00a0a\u00f1os<\/p>\n<p>Cobra por d\u00eda: 164,006.76 USD<\/p>\n<p>Siempre con el reloj\u00a0en contra, cada reto que encuentra lo consigue completar en un tiempo r\u00e9cord. Sea el trabajo que sea, el resultado siempre tiene su caracter\u00edstico e innovador sello. Es por eso que el neoyorquino es quien gana m\u00e1s dinero por jornada trabajada\u00a0en todo el mundo de la fotograf\u00eda. Sus trabajos m\u00e1s notables han sido para\u00a0Vogue\u00a0y W,\u00a0aparte de sus aclamadas fotograf\u00edas de Madonna\u00a0para el libro Sex. Curiosamente, Meisel s\u00f3lo trabaja en Nueva York. Ninguna cifra ha conseguido moverle de su estudio, donde fotograf\u00eda\u00a0desde hace a\u00f1os con el mismo equipo.<\/p>\n<p>&nbsp;<\/p>\n<p><strong>Mario Testino \u00a0(1954)<\/strong><\/p>\n<p><img loading=\"lazy\" decoding=\"async\" class=\"alignnone size-full wp-image-28115\" src=\"http:\/\/static.elle.exp.mx\/wp-content\/uploads\/2015\/04\/16153908\/MarioTestino.jpg\" alt=\"MarioTestino\" width=\"800\" height=\"622\" \/><\/p>\n<p>Nacido en: Per\u00fa<\/p>\n<p>Cobra por d\u00eda: 142,139.20 USD<\/p>\n<p>Todo un hombre de negocios que requiere de 40 personas trabajando en cada una de sus sesiones. Celebridades de la talla de Kim Basinger, Lady Gaga, Robert Downey Jr. o Gwyneth Paltrow han posado frente a su valiosa lente y, por si cre\u00edas que era poco, la famila real brit\u00e1nica conf\u00eda s\u00f3lo en \u00e9l para sus retratos. Tiene su propio estudio con agencia de fotograf\u00edas propia\u00a0que comparte con su hermano\u00a0Giovanni, quien le representa.<\/p>\n<p>&nbsp;<\/p>\n<p><strong>Inez van Lamsweerde (1963) y Vinoodh Matadin (1961) (Inez &amp; Vinoodh)<\/strong><\/p>\n<p><img loading=\"lazy\" decoding=\"async\" class=\"alignnone size-full wp-image-28114\" src=\"http:\/\/static.elle.exp.mx\/wp-content\/uploads\/2015\/04\/16153906\/Inez.jpg\" alt=\"Inez\" width=\"800\" height=\"497\" \/><\/p>\n<p>Nacieron en: \u00c1msterdam<\/p>\n<p>Edades: 51 y\u00a053\u00a0a\u00f1os<\/p>\n<p>Cobran por d\u00eda: 131,201.00 USD<\/p>\n<p>Esta pareja ha estado fotografiando moda desde los mism\u00edsmos a\u00f1os 80, durante el\u00a0boom\u00a0de la ind\u00fastria. Se conocieron en la Academia de Arte de \u00c1msterdam y desde entonces han sido inseparables. Cuando\u00a0se trasladaron a Nueva York a trabajar en los 90 comenz\u00f3 una carrera de ascenso mete\u00f3rico que parece no tener final. Sus dos estudios atraen a las m\u00e1s gigantescas marcas de lujo y, adem\u00e1s, producen su propio trabajo art\u00edstico independiente.<\/p>\n<p><a href=\"http:\/\/Lee m\u00e1s:\u00a0Los 8 fot\u00f3grafos mejor pagados del mundo en Life &amp; Style\">http:\/\/Lee m\u00e1s:\u00a0Los 8 fot\u00f3grafos mejor pagados del mundo en Life &amp; Style<\/a><\/p>\n","protected":false},"excerpt":{"rendered":"<p>\u00bfAlguna vez te has preguntado cu\u00e1nto gana un fot\u00f3grafo profesional? Pues si esa fue tu duda en alg\u00fan momento de tu vida, te presentamos LOS TRES FOT\u00d3GRAFOS PROFESIONALES MEJOR PAGADOS A NIVEL MUNDIAL. Steven Meisel (1954) Nacido en: Nueva York Edad: 60\u00a0a\u00f1os Cobra por d\u00eda: 164,006.76 USD Siempre con el reloj\u00a0en contra, cada reto que [&hellip;]<\/p>\n","protected":false},"author":10653,"featured_media":68,"parent":0,"menu_order":0,"comment_status":"closed","ping_status":"closed","template":"","meta":{"footnotes":""},"class_list":["post-65","page","type-page","status-publish","has-post-thumbnail","hentry"],"_links":{"self":[{"href":"https:\/\/blog.espol.edu.ec\/marauzam\/wp-json\/wp\/v2\/pages\/65","targetHints":{"allow":["GET"]}}],"collection":[{"href":"https:\/\/blog.espol.edu.ec\/marauzam\/wp-json\/wp\/v2\/pages"}],"about":[{"href":"https:\/\/blog.espol.edu.ec\/marauzam\/wp-json\/wp\/v2\/types\/page"}],"author":[{"embeddable":true,"href":"https:\/\/blog.espol.edu.ec\/marauzam\/wp-json\/wp\/v2\/users\/10653"}],"replies":[{"embeddable":true,"href":"https:\/\/blog.espol.edu.ec\/marauzam\/wp-json\/wp\/v2\/comments?post=65"}],"version-history":[{"count":1,"href":"https:\/\/blog.espol.edu.ec\/marauzam\/wp-json\/wp\/v2\/pages\/65\/revisions"}],"predecessor-version":[{"id":67,"href":"https:\/\/blog.espol.edu.ec\/marauzam\/wp-json\/wp\/v2\/pages\/65\/revisions\/67"}],"wp:featuredmedia":[{"embeddable":true,"href":"https:\/\/blog.espol.edu.ec\/marauzam\/wp-json\/wp\/v2\/media\/68"}],"wp:attachment":[{"href":"https:\/\/blog.espol.edu.ec\/marauzam\/wp-json\/wp\/v2\/media?parent=65"}],"curies":[{"name":"wp","href":"https:\/\/api.w.org\/{rel}","templated":true}]}}