{"id":70,"date":"2016-11-13T18:33:35","date_gmt":"2016-11-13T18:33:35","guid":{"rendered":"http:\/\/blog.espol.edu.ec\/marauzam\/?page_id=70"},"modified":"2016-11-13T18:34:47","modified_gmt":"2016-11-13T18:34:47","slug":"la-fotografia-en-guayaquil","status":"publish","type":"page","link":"https:\/\/blog.espol.edu.ec\/marauzam\/la-fotografia-en-guayaquil\/","title":{"rendered":"La fotograf\u00eda en Guayaquil"},"content":{"rendered":"<p>La fotograf\u00eda en Ecuador y particularmente en Guayaquil siempre ha sido de gran calidad, aunque casi no se conozca a sus protagonistas. Para los ecuatorianos, la historia de la fotograf\u00eda empieza en 1841, cuando un vapor belga trae al puerto el primer daguerrotipo. A partir de ese momento, se experimenta con t\u00e9cnicas en soporte de metal, hasta que se inventa la fotograf\u00eda en papel y con ella las tarjetas de visita, similares a las actuales tarjetas de presentaci\u00f3n, pero con retrato incluido. La fotograf\u00eda se democratiza cuando se empieza a imprimir en serie. As\u00ed florecen los primeros establecimientos fotogr\u00e1ficos: Leonce Labaure, Eugenio Manoury \u201cFotograf\u00eda del Guayas\u201d, Ricardo Tossell, Vargas Corbacho, Julio Bascones.<\/p>\n<p>En 1864, arriba la espa\u00f1ola Comisi\u00f3n Cient\u00edfica del Pac\u00edfico con un personaje que tomar\u00e1 las fotograf\u00edas urbanas m\u00e1s antiguas que se conservan de Guayaquil: Rafael Castro\u00a0 Ord\u00f3\u00f1ez documenta los muelles, el Ayuntamiento, la iglesia de San Pedro y hasta la casa esquinera donde funcionaba la firma \u201cR.T. Retratos de Ambrotipo y Fotograf\u00eda\u201d, de su compatriota Ricardo Tossell.<\/p>\n<p><img loading=\"lazy\" decoding=\"async\" class=\"size-medium wp-image-71 alignleft\" src=\"http:\/\/blog.espol.edu.ec\/marauzam\/files\/2016\/11\/g13-300x216.jpg\" alt=\"g13\" width=\"300\" height=\"216\" srcset=\"https:\/\/blog.espol.edu.ec\/marauzam\/files\/2016\/11\/g13-300x216.jpg 300w, https:\/\/blog.espol.edu.ec\/marauzam\/files\/2016\/11\/g13.jpg 650w\" sizes=\"auto, (max-width: 300px) 100vw, 300px\" \/>Pero la fotograf\u00eda como medio art\u00edstico gana en importancia cuando se publican \u00e1lbumes con im\u00e1genes urbanas. En 1892 aparece Vistas de Guayaquil, con 22 fotos que presentan la cara de una ciudad que aspira a ser \u201cmoderna\u201d, con hermosos monumentos, amplias edificaciones, navegaci\u00f3n a vapor y f\u00e1brica de gas. De similares caracter\u00edsticas son los \u00e1lbumes Recuerdo de Guayaquil (1909), Guayaquil a la Vista (1910 y 1920), El Ecuador en el Centenario de la Independencia de Guayaquil (1920), Am\u00e9rica Libre (1920), entre otros.<\/p>\n<p>Guayaquil entra al siglo XX con una poblaci\u00f3n que ha crecido geom\u00e9tricamente, a causa de las migraciones internas y externas, interpelada por una modernidad cultural que le sobreviene vertiginosa. La actividad fotogr\u00e1fica se revitaliza con la incorporaci\u00f3n del fotoperiodismo en los principales peri\u00f3dicos (El Tel\u00e9grafo, El Grito del Pueblo, La Naci\u00f3n, El Tiempo, El Guante) y en las revistas ilustradas, cuyos lectores pertenecen a una nueva clase: la media, formada por comerciantes, abogados, m\u00e9dicos, bur\u00f3cratas y artistas.<\/p>\n<p>En 1900, una legi\u00f3n de fot\u00f3grafos profesionales ya habla de los beneficios de la c\u00e1mara <img loading=\"lazy\" decoding=\"async\" class=\"size-medium wp-image-73 alignright\" src=\"http:\/\/blog.espol.edu.ec\/marauzam\/files\/2016\/11\/parque_historico_10_jun_13_6-300x200.jpg\" alt=\"parque_historico_10_jun_13_6\" width=\"300\" height=\"200\" srcset=\"https:\/\/blog.espol.edu.ec\/marauzam\/files\/2016\/11\/parque_historico_10_jun_13_6-300x200.jpg 300w, https:\/\/blog.espol.edu.ec\/marauzam\/files\/2016\/11\/parque_historico_10_jun_13_6.jpg 580w\" sizes=\"auto, (max-width: 300px) 100vw, 300px\" \/>K\u00f3dak y lee el \u201cManual de Fotograf\u00eda\u201d impreso por Garnier. La aparici\u00f3n de las instant\u00e1neas contribuye al auge de los fot\u00f3grafos aficionados. Autores clave de la historia de la fotograf\u00eda ecuatoriana en el siglo XX pertenecen al gremio de los \u201caficionados\u201d, como el cuencano Emanuel Honorato V\u00e1zquez, el guayaquile\u00f1o Rodolfo Pe\u00f1a Echaiz y el brasile\u00f1o-liban\u00e9s (y ecuatoriano de adopci\u00f3n) Antonio Hanze Sarquiz.<\/p>\n<p>En Guayaquil siempre predomin\u00f3 la actividad fotogr\u00e1fica vinculada a los g\u00e9neros tradicionales del retrato y el paisaje. Entre los cultores del primero, destacaron Julio Bascones, Jos\u00e9 Men\u00e9ndez (Men\u00e9ndez &amp; Jaramillo), Enrique Lasarte, Rodolfo Pe\u00f1a Echaiz, Enrique de Grau e Iscla, Arturo Gonz\u00e1lez, Arsenio Santos Garz\u00f3n (Foto Rafael), Miguel Wengerow, Miguel Rogelio Jord\u00e1n, entre otros. Y entre los paisajistas, sobresalieron los Hnos. Till (Fotograf\u00eda Alemana), Jos\u00e9 Rodr\u00edguez Gonz\u00e1lez, Enrique de Grau, Julio Timm, Miguel \u00c1ngel Santos, Antonio Hanze Sarquiz, V\u00edctor Iza Rodr\u00edguez, John N. Carras, Elio Armas.<\/p>\n<p>Podemos afirmar que en los a\u00f1os setenta del siglo pasado, la fotograf\u00eda art\u00edstica se renov\u00f3 con el ensayo fotogr\u00e1fico. Entonces, los nuevos artistas elaboraron monograf\u00edas visuales con temas espec\u00edficos de diversa \u00edndole, mediante la fotograf\u00eda directa. De esas hornadas descuellan los nombres de Luis Costa, Jorge Massucco, Carlos Mora, Marina Paolinelli, C\u00e9sar Franco y Bol\u00edvar \u201cBolo\u201d Franco. Y entre los \u00faltimos fot\u00f3grafos del puerto, hay dos que son imprescindibles: Ricardo Boh\u00f3rquez y Amaury Mart\u00ednez.<\/p>\n<p>Precisamente en d\u00edas anteriores, bajo la atinada gesti\u00f3n de Irving Iv\u00e1n Zapater, el Consejo Nacional de Cultura public\u00f3 dos sendos libros de Boh\u00f3rquez y Mart\u00ednez que ampl\u00edan la bibliograf\u00eda fotogr\u00e1fica en el Ecuador. \u201cGuayaquil\u201d y \u201cEl Circo\u201d son, respectivamente, los ensayos fotogr\u00e1ficos de estos autores que revelan una mirada que escapa a la visi\u00f3n hegem\u00f3nica de los fot\u00f3grafos oficiales de la \u201cregeneraci\u00f3n urbana\u201d.<\/p>\n<p><img decoding=\"async\" src=\"http:\/\/www.hotelcontinental.com.ec\/files-sbbasic\/sr_hotelcontinental_com_ec\/hotel-continental-ecuador-guayaquil-cerro-santa-ana-1.jpg\" alt=\"Resultado de imagen para fotografia en guayaquil\" \/><\/p>\n<p>En Ricardo Boh\u00f3rquez y Amaury Mart\u00ednez no existe el af\u00e1n de pintar los cielos de Guayaquil ni hacer propaganda de la administraci\u00f3n municipal. Por el contrario, la perspectiva que manejan es inseparable a su compromiso con la realidad social, que aparece recreada desde m\u00faltiples aristas, gracias a la libertad de representaci\u00f3n que implica el quehacer fotogr\u00e1fico. Valga la oportunidad, entonces, para ponderar a estos talentosos artistas, legatarios de una rica tradici\u00f3n fotogr\u00e1fica en la ciudad y el pa\u00eds, la misma que debemos conocer, valorar e impulsar.<\/p>\n<p>&nbsp;<\/p>\n<p>&nbsp;<\/p>\n<p>Esta noticia ha sido publicada originalmente por Diario EL TEL\u00c9GRAFO bajo la siguiente direcci\u00f3n: <a href=\"http:\/\/www.eltelegrafo.com.ec\/noticias\/guayaquil\/10\/la-fotografia-en-guayaquil\">http:\/\/www.eltelegrafo.com.ec\/noticias\/guayaquil\/10\/la-fotografia-en-guayaquil<\/a><br \/>\nSi va a hacer uso de la misma, por favor, cite nuestra fuente y coloque un enlace hacia la nota original. <a href=\"http:\/\/www.eltelegrafo.com.ec\/\" target=\"_blank\">www.eltelegrafo.com.ec<\/a><\/p>\n","protected":false},"excerpt":{"rendered":"<p>La fotograf\u00eda en Ecuador y particularmente en Guayaquil siempre ha sido de gran calidad, aunque casi no se conozca a sus protagonistas. Para los ecuatorianos, la historia de la fotograf\u00eda empieza en 1841, cuando un vapor belga trae al puerto el primer daguerrotipo. A partir de ese momento, se experimenta con t\u00e9cnicas en soporte de [&hellip;]<\/p>\n","protected":false},"author":10653,"featured_media":0,"parent":0,"menu_order":0,"comment_status":"closed","ping_status":"closed","template":"","meta":{"footnotes":""},"class_list":["post-70","page","type-page","status-publish","hentry"],"_links":{"self":[{"href":"https:\/\/blog.espol.edu.ec\/marauzam\/wp-json\/wp\/v2\/pages\/70","targetHints":{"allow":["GET"]}}],"collection":[{"href":"https:\/\/blog.espol.edu.ec\/marauzam\/wp-json\/wp\/v2\/pages"}],"about":[{"href":"https:\/\/blog.espol.edu.ec\/marauzam\/wp-json\/wp\/v2\/types\/page"}],"author":[{"embeddable":true,"href":"https:\/\/blog.espol.edu.ec\/marauzam\/wp-json\/wp\/v2\/users\/10653"}],"replies":[{"embeddable":true,"href":"https:\/\/blog.espol.edu.ec\/marauzam\/wp-json\/wp\/v2\/comments?post=70"}],"version-history":[{"count":1,"href":"https:\/\/blog.espol.edu.ec\/marauzam\/wp-json\/wp\/v2\/pages\/70\/revisions"}],"predecessor-version":[{"id":75,"href":"https:\/\/blog.espol.edu.ec\/marauzam\/wp-json\/wp\/v2\/pages\/70\/revisions\/75"}],"wp:attachment":[{"href":"https:\/\/blog.espol.edu.ec\/marauzam\/wp-json\/wp\/v2\/media?parent=70"}],"curies":[{"name":"wp","href":"https:\/\/api.w.org\/{rel}","templated":true}]}}