{"id":76,"date":"2016-12-05T04:47:54","date_gmt":"2016-12-05T04:47:54","guid":{"rendered":"http:\/\/blog.espol.edu.ec\/marderob\/?page_id=76"},"modified":"2019-01-26T07:45:00","modified_gmt":"2019-01-26T07:45:00","slug":"el-estres-laboral-e-intrafamiliar-en-una-persona-con-trastornos-mentales-puede-provocar-el-deseo-de-asesinar-por-placer-tal-como-sostiene-ruben-fonseca-en-el-cuento-paseo-nocturno","status":"publish","type":"page","link":"https:\/\/blog.espol.edu.ec\/marderob\/el-estres-laboral-e-intrafamiliar-en-una-persona-con-trastornos-mentales-puede-provocar-el-deseo-de-asesinar-por-placer-tal-como-sostiene-ruben-fonseca-en-el-cuento-paseo-nocturno\/","title":{"rendered":"PASEO NOCTURNO: \u00bfEl estr\u00e9s puede provocar el deseo de asesinar? (Resumen)"},"content":{"rendered":"<p style=\"text-align: center\">El estr\u00e9s laboral e intrafamiliar en una persona con trastornos mentales puede provocar el deseo de asesinar por placer, tal como sostiene Rub\u00e9n Fonseca en el cuento \u201cPaseo Nocturno\u201d.<\/p>\n<p>La adrenalina, la cortisol y el hipotiroidismo son los principales generadores de la columna del estr\u00e9s, cuando alguna de estas hormonas esta en exceso provoca una ruptura con la realidad, esto es da\u00f1o cerebral y enfermedad mental.<br \/>\nUn estudio en la Universidad de Stanford sostiene que la mayor\u00eda de asesinos han presentado un estado tranquilo y no violento, por ello se les ha declarado con psicosis (ruptura con la realidad), con da\u00f1os cerebrales y enfermedades mentales, esto es provocado por el estr\u00e9s. El estr\u00e9s desestabiliza nuestro equilibrio emocional, mata neuronas, tensa m\u00fasculos y acelera el nivel cardiaco.<br \/>\nEl Neurobi\u00f3logo Roberto Sapolsky sostiene que el estr\u00e9s no es malo siempre y cuando lo sepamos sobrellevar, a\u00f1ade que el estr\u00e9s laboral provoca obesidad y en ciertas ocasiones placer por matar, para encontrar una supuesta tranquilidad consigo mismo, sin embargo, en los a\u00f1os 50 era utilizado como medicina o cura para las ulceras, en la actualidad es considerada una de las 6 principales enfermedades de muerte y locura del individuo.<br \/>\nEl caso que presenta Fonseca en el cuento \u201cPaseo Nocturno\u201d es de un individuo con poca comunicaci\u00f3n familiar, problemas en el trabajo y placer al matar, lo \u00faltimo puede ser relacionado como una forma de desestr\u00e9s antes los diferentes problemas, en este caso la hormona cortisol y la adrenalina est\u00e1n da\u00f1ando el cerebro, provocando un desequilibrio emocional y est\u00e1 impidiendo que la hormona pituitaria que es la que provoca el nerviosismo y control de impulsos envi\u00e9 se\u00f1ales al cerebro para controlar las acciones del individuo ante los problemas, por otro lado, tambi\u00e9n observamos que el individuo despu\u00e9s del asesinato regresa a su vida rutinaria esto es a causa del estr\u00e9s cr\u00f3nico que mata neuronas afecta a la memoria y vuelvo al estado de estr\u00e9s en el que se encontraba antes de cometer el suicidio.<br \/>\nAs\u00ed podemos deducir que el individuo posee un trastorno mental llamado psicosis, cuando experimenta la ira o el coraje busca lugares solitarios para reaccionar a sus impulsos, una persona normal ante el coraje o los problemas lo que har\u00eda es reflejar sus emociones y si llegara a pensar en matar a alguien sus hormonas enviaran se\u00f1ales al cerebro para que no reaccione de forma indebida, pero \u00bfPor qu\u00e9 sucede esto? En Washington (EEUU) el neur\u00f3logo Jonathan Picuz examino a varios asesinos con caracter\u00edsticas de psicosis y psicop\u00e1ticos y concluyo que el cerebro de ellos es diferente al de una persona normal, los niveles sensores de un psicop\u00e1tico o psic\u00f3tico son m\u00e1s bajos que el de una persona normal, por ejemplo si colocamos a una persona normal frente a una pantalla oscura y luego de 12 segundos le mostramos una serie de im\u00e1genes escalofriantes, el individuo comenzara a sudar y su nivel cardiaco se acelerara a diferencia de un psic\u00f3tico, el no mostrara reacci\u00f3n alguna.<br \/>\nPara concluir Fonseca mediante un cuento expreso la mente y comportamiento de un individuo que sufre un trastorno mental provocado por un estr\u00e9s poco controlado, Fonseca se caracteriz\u00f3 por sus obras literarias \u00e1speras donde los protagonistas eran prostitutas, asesinos trato de resaltar las condiciones en la que viv\u00eda el ser humano siempre pens\u00f3 que el escritor pod\u00eda escribir lo que le pareciera, sin importar lo que el lector piense. Adem\u00e1s de esto Fonseca era el tipo de personas solitarias a pesar de tener 3 hijos, los m\u00e1s allegados a \u00e9l lo consideran una persona simple y apacible, pareciera que su personalidad la aplica en cada obra.<\/p>\n<p>BIBLIOGRAFIA<br \/>\nNational Geographic (2007) [Video] Estr\u00e9s peligro de muerte: https:\/\/www.youtube.com\/watch?v=EATIOJytOow<br \/>\nMarcelo Trucco. (Noviembre 2002). Estr\u00e9s y trastornos mentales. Revista Chilena neuropsiquiatr\u00eda, 40, 4. http:\/\/www.scielo.cl\/scielo.php?pid=s0717-92272002000600002&amp;script=sci_arttext<br \/>\nAna Guti\u00e9rrez. (Abril 2014). Riesgos psicosociales y estr\u00e9s ambiental. Revista Salud Uninorte, 30, 2. http:\/\/www.scielo.org.co\/scielo.php?script=sci_arttext&amp;pid=S0120-55522014000100001&amp;lang=es<br \/>\nVideo: Los peores asesinos (documental)<br \/>\nhttps:\/\/www.youtube.com\/watch?v=pXsQnhwiysQ<\/p>\n","protected":false},"excerpt":{"rendered":"<p>El estr\u00e9s laboral e intrafamiliar en una persona con trastornos mentales puede provocar el deseo de asesinar por placer, tal como sostiene Rub\u00e9n Fonseca en el cuento \u201cPaseo Nocturno\u201d. La adrenalina, la cortisol y el hipotiroidismo son los principales generadores de la columna del estr\u00e9s, cuando alguna de estas hormonas esta en exceso provoca una [&hellip;]<\/p>\n","protected":false},"author":10191,"featured_media":0,"parent":0,"menu_order":0,"comment_status":"closed","ping_status":"closed","template":"","meta":{"footnotes":""},"class_list":["post-76","page","type-page","status-publish","hentry"],"_links":{"self":[{"href":"https:\/\/blog.espol.edu.ec\/marderob\/wp-json\/wp\/v2\/pages\/76","targetHints":{"allow":["GET"]}}],"collection":[{"href":"https:\/\/blog.espol.edu.ec\/marderob\/wp-json\/wp\/v2\/pages"}],"about":[{"href":"https:\/\/blog.espol.edu.ec\/marderob\/wp-json\/wp\/v2\/types\/page"}],"author":[{"embeddable":true,"href":"https:\/\/blog.espol.edu.ec\/marderob\/wp-json\/wp\/v2\/users\/10191"}],"replies":[{"embeddable":true,"href":"https:\/\/blog.espol.edu.ec\/marderob\/wp-json\/wp\/v2\/comments?post=76"}],"version-history":[{"count":4,"href":"https:\/\/blog.espol.edu.ec\/marderob\/wp-json\/wp\/v2\/pages\/76\/revisions"}],"predecessor-version":[{"id":119,"href":"https:\/\/blog.espol.edu.ec\/marderob\/wp-json\/wp\/v2\/pages\/76\/revisions\/119"}],"wp:attachment":[{"href":"https:\/\/blog.espol.edu.ec\/marderob\/wp-json\/wp\/v2\/media?parent=76"}],"curies":[{"name":"wp","href":"https:\/\/api.w.org\/{rel}","templated":true}]}}