{"id":29,"date":"2008-12-14T01:05:14","date_gmt":"2008-12-14T05:05:14","guid":{"rendered":"http:\/\/blog.espol.edu.ec\/marfaeli\/?page_id=29"},"modified":"2009-02-19T02:30:15","modified_gmt":"2009-02-19T06:30:15","slug":"los-hechiceros","status":"publish","type":"page","link":"https:\/\/blog.espol.edu.ec\/marfaeli\/los-hechiceros\/","title":{"rendered":"LOS HECHICEROS"},"content":{"rendered":"<p><img loading=\"lazy\" decoding=\"async\" src=\"http:\/\/blog.espol.edu.ec\/marfaeli\/files\/2009\/02\/el-mago1-260x300.gif\" alt=\"\" width=\"260\" height=\"300\" class=\"aligncenter size-medium wp-image-57\" \/>Como consecuencia de una guerra para librar a Krynn de toda magia, los hechiceros se volvieron altamente organizados y la magia se convirti\u00f3 en algo celosamente guardado. Los hechiceros acostumbrados a la magia libre para todos en otros mundos sufrir\u00edan una fuerte impresi\u00f3n en Krynn.<\/span><\/span><\/p>\n<p class=\"MsoNormal\" style=\"margin: 0cm 0cm 0pt;text-align: justify\"><span style=\"font-size: small\"><span style=\"color: #0000ff;font-family: Arial\">En la <span style=\"text-decoration: underline\">Era<\/span><span style=\"text-decoration: underline\"> de los Sue\u00f1os<\/span>, antes de que las estrellas estuvieran firmemente fijas en los cielos, los dioses de la magia caminaban por Krynn. Eran <span style=\"text-decoration: underline\">Solinari<\/span>, <span style=\"text-decoration: underline\">Lunitari<\/span> y <span style=\"text-decoration: underline\">Nuitari<\/span>. Cada uno sent\u00eda amor por la magia, por el nuevo mundo de Krynn y por los seres-esp\u00edritus llamados estrellas.<br \/>\nEste tercer amor era sentido por todos los <span style=\"text-decoration: underline\">dioses<\/span>, lo cual condujo a la Guerra de Todos los Santos. Los tres dioses de la magia no se unieron a las batallas, sino que en vez de ello decidieron orbitar el planeta. Pero sus ojos y sus corazones estaban muy atentos al destino de las estrellas. Durante la larga guerra, cada dios tuvo ocasi\u00f3n de recorrer Ansalon en busca de un seguidor mortal. Cada uno encontr\u00f3 una de esas criaturas y le otorg\u00f3 las llaves de la Ciudadela Perdida, un sorprendente lugar de magia m\u00e1s all\u00e1 de los c\u00edrculos del Universo. Llevando a sus disc\u00edpulos a la Ciudadela Perdida, los dioses le ense\u00f1aron los Tres Fundamentos de la Hechicer\u00eda:<\/p>\n<p class=\"MsoNormal\" style=\"margin: 0cm 0cm 0pt 42.7pt;text-align: justify\"><span style=\"color: #0000ff;font-family: Verdana\"><span><span style=\"font-size: small\">1.<\/span><span style=\"font-family: &quot;Times New Roman&amp;quot\">\u00a0\u00a0\u00a0 <\/span><\/span><\/span><span style=\"font-size: small\"><span style=\"color: #0000ff;font-family: Arial\">Todos los hechiceros son hermanos en su orden. Todas las \u00f3rdenes son hermanas en el poder. <\/span><\/span><\/p>\n<p class=\"MsoNormal\" style=\"margin: 0cm 0cm 0pt 42.7pt;text-align: justify\"><span style=\"color: #0000ff;font-family: Verdana\"><span><span style=\"font-size: small\">2.<\/span><span style=\"font-family: &quot;Times New Roman&amp;quot\">\u00a0\u00a0\u00a0 <\/span><\/span><\/span><span style=\"font-size: small\"><span style=\"color: #0000ff;font-family: Arial\">Los lugares de Alta Hechicer\u00eda son mantenidos en com\u00fan entre todas las \u00f3rdenes, y ninguna hechicer\u00eda debe ser usada all\u00ed de forma furiosa contra otros hechiceros. <\/span><\/span><\/p>\n<p class=\"MsoNormal\" style=\"margin: 0cm 0cm 0pt 42.7pt;text-align: justify\"><span style=\"color: #0000ff;font-family: Verdana\"><span><span style=\"font-size: small\">3.<\/span><span style=\"font-family: &quot;Times New Roman&amp;quot\">\u00a0\u00a0\u00a0 <\/span><\/span><\/span><span style=\"font-size: small\"><span style=\"color: #0000ff;font-family: Arial\">El mundo m\u00e1s all\u00e1 de los muros de las torres puede conducir a hermano contra hermano y orden contra orden, pero as\u00ed es como funciona el universo. <\/span><\/span><\/p>\n<p class=\"MsoNormal\" style=\"margin: 0cm 0cm 0pt;text-align: justify\"><span style=\"font-size: small\"><span style=\"color: #0000ff;font-family: Arial\">Devolviendo a sus aprendices a Krynn, los dioses de la magia establecieron las tres \u00d3rdenes de la Alta Hechicer\u00eda. Solinari, dios de la magia Buena, fund\u00f3 la Orden de los T\u00fanicas Blancas; Lunitari, diosa de la magia Neutral, los T\u00fanicas Rojas; y Nuitari, la magia Malvada, los T\u00fanicas Negras. <\/span><\/span><\/p>\n<p class=\"MsoNormal\" style=\"margin: 0cm 0cm 0pt;text-align: justify\"><span style=\"font-size: small\"><span style=\"color: #0000ff;font-family: Arial\">Inicialmente, las \u00d3rdenes de Magia fueron grupos de hechiceros dispersos. Cuando la guerra con los dragones se hizo inevitable, los Maestros de cada orden se reunieron en la Ciudadela Perdida para proclamar la unidad de las \u00f3rdenes. <\/span><\/span><\/p>\n<p class=\"MsoNormal\" style=\"margin: 0cm 0cm 0pt;text-align: justify\"><span style=\"font-size: small\"><span style=\"color: #0000ff;font-family: Arial\">.<br \/>\n<\/span><\/span><\/p>\n<p class=\"MsoNormal\" style=\"margin: 0cm 0cm 0pt;text-align: justify\"><a name=\"prueba\"><\/a><span style=\"font-size: small\"><strong><span style=\"color: #ff0000;font-family: Arial\">La Prueba<\/span><\/strong><strong><span style=\"color: #ff0000;font-family: Arial\"> <\/span><\/strong><strong><\/strong><\/span><\/p>\n<p class=\"MsoNormal\" style=\"margin: 0cm 0cm 0pt;text-align: justify\"><span style=\"font-size: small\"><span style=\"color: #0000ff;font-family: Arial\">Todo aqu\u00e9l que desea unirse a una Orden empieza su entrenamiento estudiando bajo un archimago, normalmente aprobado por el C\u00f3nclave. Los hechiceros de bajo nivel pueden practicar la magia libremente sin elegir a\u00fan la especializaci\u00f3n. Con un poder m\u00e1s grande, sin embargo, llega una mayor responsabilidad. Aquellos que buscan el progreso m\u00e1s all\u00e1 de los fundamentos de la magia deben viajar a la Torre de Wayreth. All\u00e1, el joven hechicero declara la T\u00fanica que piensa portar y jura lealtad a su Orden. Una vez pasado esto, el aprendiz debe pasar la Prueba, que mide las habilidades m\u00e1gicas de un hechicero y dice c\u00f3mo usar\u00e1 el aspirante las habilidades corrientes y futuras. Cada prueba de iniciado difiere, ya que est\u00e1 dise\u00f1ada para medir fortalezas y debilidades. En todas las pruebas, el fracaso significa la muerte. Los hechiceros est\u00e1n menos interesados en la T\u00fanica que portar\u00e1n que en si usar\u00e1 o no el poder de la magia de una forma responsable. <\/span><\/span><\/p>\n<p class=\"MsoNormal\" style=\"margin: 0cm 0cm 0pt;text-align: justify\"><span style=\"font-size: small\"><span style=\"color: #0000ff;font-family: Arial\">En todas las versiones de la Prueba, el aspirante se enfrenta a tres pruebas de conocimiento y uso de la magia. Esas pruebas incluyen el lanzamiento de todos los conjuros que conoce el iniciado. Adem\u00e1s, la Prueba incluye tres pruebas que no pueden ser resueltas s\u00f3lo por la magia. Una de tales pruebas implica combate contra un aliado; otra incluye combate singular contra un oponente mucho m\u00e1s poderoso. La tercera prueba es siempre un misterio. Aquellos que intentan la Prueba pueden traer consigo compa\u00f1eros, pero ocasionalmente \u00e9stos no regresan nunca. <\/span><\/span><\/p>\n<p><object width=\"425\" height=\"344\"><param name=\"movie\" value=\"http:\/\/www.youtube.com\/v\/sBQLq2VmZcA&amp;hl=en&amp;fs=1\"><\/param><param name=\"allowFullScreen\" value=\"true\"><\/param><param name=\"allowscriptaccess\" value=\"always\"><\/param><embed src=\"http:\/\/www.youtube.com\/v\/sBQLq2VmZcA&amp;hl=en&amp;fs=1\" type=\"application\/x-shockwave-flash\" width=\"425\" height=\"344\"><\/embed><\/object><\/p>\n<p class=\"MsoNormal\" style=\"margin: 0cm 0cm 0pt;text-align: justify\"><span style=\"font-size: small\"><span style=\"color: #0000ff;font-family: Arial\">Un hechicero puede cambiar de Orden despu\u00e9s de efectuada la Prueba. En esos casos, sin embargo, el hechicero permanece durante un mes no afectado por la Luna de la nueva Orden. <\/span><\/span><\/p>\n<p class=\"MsoNormal\" style=\"margin: 0cm 0cm 0pt;text-align: justify\"><a name=\"bien\"><\/a><span style=\"font-size: small\"><strong><span style=\"color: #ff0000;font-family: Arial\">Orden del Bien<\/span><\/strong><strong><\/strong><\/span><\/p>\n<p class=\"MsoNormal\" style=\"margin: 0cm 0cm 0pt;text-align: justify\"><span style=\"font-size: small\"><span style=\"color: #0000ff;font-family: Arial\">Los sacerdotes de la Orden del Bien defienden y conservan la vida, protegen y promueven el bienestar de todos y sostienen un c\u00f3digo de conducta que encarna los principios del Bien. Los sacerdotes del Bien trabajan para convencer a todo el mundo a que renuncie a las luchas ego\u00edstas y se dedique a realizar actos justos y misericordiosos para los dem\u00e1s y para los dioses. Aunque algunos piensan que este estricto c\u00f3digo de conducta traba a los sacerdotes del Bien, los propios cl\u00e9rigos se sienten liberados por \u00e9l. <\/span><\/span><\/p>\n<p class=\"MsoNormal\" style=\"margin: 0cm 0cm 0pt;text-align: justify\"><span style=\"font-size: small\"><span style=\"color: #0000ff;font-family: Arial\">La Orden<\/span><span style=\"color: #0000ff;font-family: Arial\"> del Bien es conducida por el Profeta Elegido, que tiene otros seis Profetas como ayudantes. El Profeta Elegido es un sacerdote de Paladine y los seis Profetas son los cl\u00e9rigos principales de los otros seis dioses del Bien. S\u00f3lo existe un Profeta Elegido en Krynn, y s\u00f3lo existe un profeta por cada uno de los otros dioses del Bien. Otros sacerdotes pueden igualar o superar a esos l\u00edderes en experiencia, pero no ostentan el t\u00edtulo ni los deberes a menos que sean seleccionados para el cargo. <\/span><\/span><\/p>\n<p class=\"MsoNormal\" style=\"margin: 0cm 0cm 0pt;text-align: justify\"><a name=\"mal\"><\/a><span style=\"font-size: small\"><strong><span style=\"color: #ff0000;font-family: Arial\">Orden del Mal<\/span><\/strong><strong><\/strong><\/span><\/p>\n<p class=\"MsoNormal\" style=\"margin: 0cm 0cm 0pt;text-align: justify\"><span style=\"font-size: small\"><span style=\"color: #0000ff;font-family: Arial\">Los sacerdotes de la Orden del Mal buscan dominar a los dem\u00e1s, tanto aquellos que est\u00e1n dentro de su orden como los que est\u00e1n fuera. Los sacerdotes del Mal no sienten inter\u00e9s en las personas a las que no pueden dominar o explotar. Y cualquiera que plantee una amenaza a un sacerdote del Mal deber\u00e1 vigilar su espada. <\/span><\/span><\/p>\n<p class=\"MsoNormal\" style=\"margin: 0cm 0cm 0pt;text-align: justify\"><span style=\"font-size: small\"><span style=\"color: #0000ff;font-family: Arial\">Puesto que no se sienten refrenados por la \u00e9tica, los sacerdotes de la Orden del Mal no dudar\u00e1n en degollar a un hombre mientras huele una rosa si con ello tiene algo que ganar. Pero esos sacerdotes son malvados, no est\u00fapidos. No van por ah\u00ed destruyendo todo lo que ven. Tales acciones conducen a los vigilantes y a linchamientos. Por otra parte, los planes arteros conducen al poder, a la riqueza y a la admiraci\u00f3n de los dioses del Mal. <\/span><\/span><\/p>\n<p class=\"MsoNormal\" style=\"margin: 0cm 0cm 0pt;text-align: justify\"><span style=\"font-size: small\"><span style=\"color: #0000ff;font-family: Arial\">. <\/span><\/span><\/p>\n<p class=\"MsoNormal\" style=\"margin: 0cm 0cm 0pt;text-align: justify\"><a name=\"neutralidad\"><\/a><span style=\"font-size: small\"><strong><span style=\"color: #ff0000;font-family: Arial\">Orden de la Neutralidad<\/span><\/strong><strong><\/strong><\/span><\/p>\n<p class=\"MsoNormal\" style=\"margin: 0cm 0cm 0pt;text-align: justify\"><span style=\"font-size: small\"><span style=\"color: #0000ff;font-family: Arial\">Los cl\u00e9rigos Neutrales intentan mantener un equilibrio constante entre el Bien y el Mal. Consideran a los sacerdotes del Bien idealistas y poco pr\u00e1cticos, y a los del Mal destructivos y traidores. Los cl\u00e9rigos de la Neutralidad, sin embargo, se aliar\u00e1n con cualquiera de los dos lados cuando deban inclinar la balanza hacia una u otra parte. <\/span><\/span><\/p>\n<p class=\"MsoNormal\" style=\"margin: 0cm 0cm 0pt;text-align: justify\"><span style=\"font-size: small\"><span style=\"color: #0000ff;font-family: Arial\">Pese a todo, nunca luchan por el Bien o el Mal per se. De hecho, juran combatir ambos lados cuando el libre albedr\u00edo de la gente de Krynn se halla en juego. Adem\u00e1s de luchar por la gente de Krynn, los sacerdotes neutrales luchan por la naturaleza. Los sacerdotes del Mal se deleitan destruyendo los bosques y los sacerdotes del Bien se deleitan en convertirlos en ciudades teocr\u00e1ticas. Los cl\u00e9rigos neutrales se oponen a ambas cosas. <\/span><\/span><\/p>\n<p class=\"MsoNormal\" style=\"margin: 0cm 0cm 0pt;text-align: justify\"><span style=\"font-size: small\"><span style=\"color: #0000ff;font-family: Arial\"><\/p>\n","protected":false},"excerpt":{"rendered":"<p>Como consecuencia de una guerra para librar a Krynn de toda magia, los hechiceros se volvieron altamente organizados y la magia se convirti\u00f3 en algo celosamente guardado. Los hechiceros acostumbrados a la magia libre para todos en otros mundos sufrir\u00edan una fuerte impresi\u00f3n en Krynn. En la Era de los Sue\u00f1os, antes de que las [&hellip;]<\/p>\n","protected":false},"author":295,"featured_media":0,"parent":0,"menu_order":0,"comment_status":"open","ping_status":"open","template":"","meta":{"footnotes":""},"class_list":["post-29","page","type-page","status-publish","hentry"],"_links":{"self":[{"href":"https:\/\/blog.espol.edu.ec\/marfaeli\/wp-json\/wp\/v2\/pages\/29","targetHints":{"allow":["GET"]}}],"collection":[{"href":"https:\/\/blog.espol.edu.ec\/marfaeli\/wp-json\/wp\/v2\/pages"}],"about":[{"href":"https:\/\/blog.espol.edu.ec\/marfaeli\/wp-json\/wp\/v2\/types\/page"}],"author":[{"embeddable":true,"href":"https:\/\/blog.espol.edu.ec\/marfaeli\/wp-json\/wp\/v2\/users\/295"}],"replies":[{"embeddable":true,"href":"https:\/\/blog.espol.edu.ec\/marfaeli\/wp-json\/wp\/v2\/comments?post=29"}],"version-history":[{"count":14,"href":"https:\/\/blog.espol.edu.ec\/marfaeli\/wp-json\/wp\/v2\/pages\/29\/revisions"}],"predecessor-version":[{"id":51,"href":"https:\/\/blog.espol.edu.ec\/marfaeli\/wp-json\/wp\/v2\/pages\/29\/revisions\/51"}],"wp:attachment":[{"href":"https:\/\/blog.espol.edu.ec\/marfaeli\/wp-json\/wp\/v2\/media?parent=29"}],"curies":[{"name":"wp","href":"https:\/\/api.w.org\/{rel}","templated":true}]}}