{"id":3,"date":"2008-10-23T14:10:18","date_gmt":"2008-10-23T18:10:18","guid":{"rendered":"http:\/\/blog.espol.edu.ec\/marfaeli\/?page_id=3"},"modified":"2009-02-03T01:31:43","modified_gmt":"2009-02-03T05:31:43","slug":"enanitos-verdes","status":"publish","type":"page","link":"https:\/\/blog.espol.edu.ec\/marfaeli\/enanitos-verdes\/","title":{"rendered":"MAGOS"},"content":{"rendered":"<p style=\"text-align: justify\"><span style=\"font-family: Times New Roman\"><span style=\"font-size: 14pt;color: green\">Mago<\/span><span style=\"font-size: 14pt;color: green\"> viene del persa antiguo <em>magu\u0161<\/em> por mediaci\u00f3n del griego <em>\u03bc\u03ac\u03b3\u03bf\u03c2<\/em> y finalmente del lat\u00edn <em>magus<\/em>. El sentido original de la palabra <em>Mago<\/em>, se refer\u00eda los integrantes de una tribu de Media y luego a los sacerdotes persas. En t\u00e9rminos modernos se refiere, a una especie de astr\u00f3logo o adivino, que practica magia o hechicer\u00eda o brujer\u00eda. Com\u00fanmente, \"Mago\" se refiere a hechicero masculino, y \"Bruja\" a una hechicera.<\/span><\/span><\/p>\n<p><object width=\"425\" height=\"344\"><param name=\"movie\" value=\"http:\/\/www.youtube.com\/v\/iRdv_VNPe7g&amp;hl=en&amp;fs=1\"><\/param><param name=\"allowFullScreen\" value=\"true\"><\/param><param name=\"allowscriptaccess\" value=\"always\"><\/param><embed src=\"http:\/\/www.youtube.com\/v\/iRdv_VNPe7g&amp;hl=en&amp;fs=1\" type=\"application\/x-shockwave-flash\" width=\"425\" height=\"344\"><\/embed><\/object><\/p>\n<h2 style=\"margin: auto 0cm;text-align: justify\"><a id=\"Historia\" name=\"Historia\"><\/a><span style=\"font-family: Times New Roman\"><span class=\"mw-headline\"><span style=\"text-decoration: underline\"><span style=\"font-size: 14pt;color: red\">Historia<\/span><\/span><\/span><span style=\"text-decoration: underline\"><span style=\"font-size: 14pt;color: red\"> <\/span><\/span><\/span><span><\/span><\/h2>\n<p style=\"text-align: justify\"><span style=\"font-size: 14pt;color: green\"><span style=\"font-family: Times New Roman\">Originalmente, un <em>magie<\/em> era el miembro de una tribu de la antigua Media que se ocupaba de las pr\u00e1cticas religiosas y funerarias. Despu\u00e9s de la conversi\u00f3n de esta tribu al zoroastrismo fueron considerados por los tres imperios persas, guardianes del legado de <\/span><a title=\"Zaratustra\" href=\"https:\/\/blog.espol.edu.ec\/wiki\/Zaratustra\"><span style=\"color: green\"><span style=\"font-family: Times New Roman\">Zaratustra<\/span><\/span><\/a><span style=\"font-family: Times New Roman\"> (a pesar de que introdujeron algunas modificaciones al mensaje original). Los magos de Persia fueron incluyendo en su religi\u00f3n algunos temas o elementos de Babilonia, como la astrolog\u00eda, la demonolog\u00eda y la magia. En su rito religioso vert\u00edan libaciones de leche, aceite y miel sobre una llama y al mismo tiempo entonaban rezos y canciones. Llevaban vestiduras blancas, tiara, y en la mano un haz de ramas de tamarisco.<\/span><\/span><\/p>\n<p style=\"text-align: justify\"><span style=\"font-size: 14pt;color: green\"><span style=\"font-family: Times New Roman\">Ya en el siglo I fueron reconocidos como hombres sabios y adivinos. Los m\u00e1s tarde llamados reyes magos, personajes llegados de Oriente y mencionados en la Biblia (<\/span><a title=\"http:\/\/www.biblegateway.com\/passage\/?search=Mateo2,1-12;&amp;version=61;\" href=\"http:\/\/www.biblegateway.com\/passage\/?search=Mateo2,1-12;&amp;version=61;\"><span style=\"color: green\"><span style=\"font-family: Times New Roman\">Mateo 2,1-12<\/span><\/span><\/a><span style=\"font-family: Times New Roman\">) eran magos en el sentido original del t\u00e9rmino, esto es, sacerdotes persas.<\/span><\/span><\/p>\n<p style=\"text-align: justify\"><span style=\"font-size: 14pt;color: green\"><span style=\"font-family: Times New Roman\">El cambio de significado del t\u00e9rmino, que pasa a designar a alguien que practica la magia o hechicer\u00eda, se debe a la asimilaci\u00f3n que la <\/span><a title=\"Iglesia\" href=\"https:\/\/blog.espol.edu.ec\/wiki\/Iglesia\"><span style=\"color: green\"><span style=\"font-family: Times New Roman\">Iglesia<\/span><\/span><\/a><span style=\"font-family: Times New Roman\"> hizo de las creencias y rituales religiosos no cristianos (como los zoroastrianos) con la brujer\u00eda y pr\u00e1cticas similares.<\/span><\/span><\/p>\n<p style=\"text-align: justify\"><span style=\"font-size: 14pt;color: green\"><span style=\"font-family: Times New Roman\">En un sentido muy diferente, en \u00e9pocas recientes el t\u00edtulo de \"Mago\" se ha asignado a los artistas que practican el ilusionismo, es decir a quienes realizan juegos para crear ilusiones visuales o en cualquiera de los sentidos, simulando poderes especiales, con objetivos recreativos. Esta \"magia\" ha entrado a formar parte de las artes esc\u00e9nicas contempor\u00e1neas. Por otra parte, Juan Bosco practic\u00f3 el ilusionismo con fines pedag\u00f3gicos, en la educaci\u00f3n de j\u00f3venes y ni\u00f1os, y actualmente el \"C\u00edrculo M\u00e1gico Don Bosco\" re\u00fane a ilusionistas de varios pa\u00edses que quieren hacer lo mismo. En la actualidad el arte de la magia y la ilusion es utilizado por los magos para lograr el asombro y la diversi\u00f3n de sus espectadores.<\/span><\/span><\/p>\n","protected":false},"excerpt":{"rendered":"<p>Mago viene del persa antiguo magu\u0161 por mediaci\u00f3n del griego \u03bc\u03ac\u03b3\u03bf\u03c2 y finalmente del lat\u00edn magus. El sentido original de la palabra Mago, se refer\u00eda los integrantes de una tribu de Media y luego a los sacerdotes persas. En t\u00e9rminos modernos se refiere, a una especie de astr\u00f3logo o adivino, que practica magia o hechicer\u00eda [&hellip;]<\/p>\n","protected":false},"author":295,"featured_media":0,"parent":0,"menu_order":0,"comment_status":"open","ping_status":"open","template":"","meta":{"footnotes":""},"class_list":["post-3","page","type-page","status-publish","hentry"],"_links":{"self":[{"href":"https:\/\/blog.espol.edu.ec\/marfaeli\/wp-json\/wp\/v2\/pages\/3","targetHints":{"allow":["GET"]}}],"collection":[{"href":"https:\/\/blog.espol.edu.ec\/marfaeli\/wp-json\/wp\/v2\/pages"}],"about":[{"href":"https:\/\/blog.espol.edu.ec\/marfaeli\/wp-json\/wp\/v2\/types\/page"}],"author":[{"embeddable":true,"href":"https:\/\/blog.espol.edu.ec\/marfaeli\/wp-json\/wp\/v2\/users\/295"}],"replies":[{"embeddable":true,"href":"https:\/\/blog.espol.edu.ec\/marfaeli\/wp-json\/wp\/v2\/comments?post=3"}],"version-history":[{"count":9,"href":"https:\/\/blog.espol.edu.ec\/marfaeli\/wp-json\/wp\/v2\/pages\/3\/revisions"}],"predecessor-version":[{"id":50,"href":"https:\/\/blog.espol.edu.ec\/marfaeli\/wp-json\/wp\/v2\/pages\/3\/revisions\/50"}],"wp:attachment":[{"href":"https:\/\/blog.espol.edu.ec\/marfaeli\/wp-json\/wp\/v2\/media?parent=3"}],"curies":[{"name":"wp","href":"https:\/\/api.w.org\/{rel}","templated":true}]}}