{"id":300,"date":"2012-01-24T22:56:29","date_gmt":"2012-01-24T22:56:29","guid":{"rendered":"http:\/\/blog.espol.edu.ec\/mariaorozco\/?page_id=300"},"modified":"2012-01-24T22:56:29","modified_gmt":"2012-01-24T22:56:29","slug":"visita-a-la-reserva-manglares-churute","status":"publish","type":"page","link":"https:\/\/blog.espol.edu.ec\/mariaorozco\/visita-a-la-reserva-manglares-churute\/","title":{"rendered":"Visita a la Reserva Manglares Churute"},"content":{"rendered":"<h2 align=\"center\">Reserva Ecol\u00f3gica Manglares Churute<\/h2>\n<ul>\n<li><strong>Origen del Nombre<\/strong><\/li>\n<\/ul>\n<p>Su nombre se debe a la presencia de la cordillera de Churute, que est\u00e1 compuesta por siete cerros.<\/p>\n<ul>\n<li><strong>Ubicaci\u00f3n<\/strong><\/li>\n<\/ul>\n<p>La\u00a0Reserva se localiza en el estuario del Golfo de Guayaquil y su principal acceso se encuentra a una hora de la ciudad de Guayaquil, en el km 50 de la v\u00eda principal Guayaquil- Machala.<\/p>\n<ul>\n<li><strong>Creaci\u00f3n<\/strong><\/li>\n<\/ul>\n<p>La reserva ecol\u00f3gica\u00a0'Manglares Churute'\u00a0fue creada el 26 de Julio de 1979. Forma parte del\u00a0patrimonio nacional de \u00e1reas naturales\u00a0protegidas por el estado Ecuatoriano, as\u00ed como tambi\u00e9n est\u00e1 inscrita en el Convenio Internacional Ramsar por ser uno de los humedales m\u00e1s importantes para nuestro pa\u00eds.<\/p>\n<p align=\"left\">La Reserva Ecol\u00f3gica Manglares Churute es la \u00fanica \u00e1rea natural del sistema nacional de protecci\u00f3n que incluye:<\/p>\n<p align=\"left\">-\u00a0\u00a0\u00a0\u00a0\u00a0\u00a0\u00a0\u00a0\u00a0 Ecosistema de manglar de la costa continental<\/p>\n<p align=\"left\">-\u00a0\u00a0\u00a0\u00a0\u00a0\u00a0\u00a0\u00a0\u00a0 Una muestra de ecosistema estuario pantanoso del estuario principal del golfo de Guayaquil<\/p>\n<p align=\"left\">-\u00a0\u00a0\u00a0\u00a0\u00a0\u00a0\u00a0\u00a0\u00a0 Un remanente de bosque seco y h\u00famedo tropical<\/p>\n<p align=\"left\">-\u00a0\u00a0\u00a0\u00a0\u00a0\u00a0\u00a0\u00a0\u00a0 Una muestra del sistema l\u00e9ntico de la regi\u00f3n con un cuerpo de agua en la laguna del Cancl\u00f3n<\/p>\n<ul>\n<li><strong>Extensi\u00f3n<\/strong><\/li>\n<\/ul>\n<p align=\"left\">Su extensi\u00f3n es de\u00a049.383\u00a0hect\u00e1reas, de las cuales:<\/p>\n<table width=\"100%\" border=\"1\" cellspacing=\"0\" cellpadding=\"0\">\n<tbody>\n<tr>\n<td valign=\"top\" width=\"30%\">\n<p align=\"right\">35.000 hect\u00e1reas<\/p>\n<\/td>\n<td valign=\"top\" width=\"70%\">\n<p align=\"left\">son de manglar<\/p>\n<\/td>\n<\/tr>\n<tr>\n<td valign=\"top\" width=\"30%\">\n<p align=\"right\">5.500 hect\u00e1reas<\/p>\n<\/td>\n<td valign=\"top\" width=\"70%\">\n<p align=\"left\">en los cerros del Mate, Cimalon, Perequete Chico, Perequete Grande, Pancho Diablo y m\u00e1s vale.<\/p>\n<\/td>\n<\/tr>\n<tr>\n<td valign=\"top\" width=\"30%\">\n<p align=\"right\">8.883 hect\u00e1reas<\/p>\n<\/td>\n<td valign=\"top\" width=\"70%\">\n<p align=\"left\">comprenden la denominada 'Laguna del Cancl\u00f3n' y las zonas agr\u00edcolas de las comunas que se encuentran en el interior de la reserva.<\/p>\n<\/td>\n<\/tr>\n<\/tbody>\n<\/table>\n<p>&nbsp;<\/p>\n<p>&nbsp;<\/p>\n<ul>\n<li><strong>Flora<\/strong><\/li>\n<\/ul>\n<p>La vegetaci\u00f3n m\u00e1s importante est\u00e1 conformada por los manglares como son: Mangle colorado, mangle gelu y mangle iguanero; existe una diversidad de orqu\u00eddeas y bromelias.<\/p>\n<p>Plantas Nativas:\u00a0La reserva es uno de los pocos lugares de la Costa donde a\u00fan admiran guayacanes, roble, \u00e9bano, laurel, balsa y \u00e1rbol de seda.<\/p>\n<ul>\n<li><strong>Fauna<\/strong><\/li>\n<\/ul>\n<p align=\"left\">Est\u00e1n registradas\u00a0264 especies de aves\u00a0en la reserva las cuales pertenecen a 59 familias y 7 subfamilias, 50 son especies de aves acu\u00e1ticas migratorias de importancia para la conservaci\u00f3n internacional que en su mayor\u00eda se encuentra en la zona de manglar y la zona de estuaria, las dem\u00e1s son aves residentes la mayor\u00eda de las cuales son com\u00fanmente vistas.<\/p>\n<p>En los alrededores del lago fluvial se observa tortugas y p\u00e1jaros acu\u00e1ticos. En el \u00e1rea inferior hay patos, p\u00e1jaros carpinteros y garzas. En medio de los manglares habitan cangrejos, camarones y diversidad de moluscos.<\/p>\n<p>Los cerros est\u00e1n habitados por tigrillos, sa\u00ednos, guantas, venados, jaguares, oso hormiguero, mono aullador, monos carablanca (micos) y monos cabeza de mate<\/p>\n<p>El churute o cancl\u00f3n es un ave, similar a una garza, de la cual se tom\u00f3 el nombre para el \u00e1rea protegida. Este p\u00e1jaro se lo observa cerca de la laguna en peque\u00f1os grupos.<\/p>\n<ul>\n<li><strong>Atractivos<\/strong><\/li>\n<\/ul>\n<p>La reserva cuenta con 4 senderos guiados y la zona del manglar, la que \u00fanicamente se visita en la lancha.<\/p>\n<p>-\u00a0\u00a0\u00a0\u00a0\u00a0\u00a0\u00a0\u00a0\u00a0 <strong>Sendero \u201cEL MATE\u201d<\/strong><\/p>\n<p>Se encuentra en el cerro del mismo nombre, el tiempo de recorrido puede variar entre 3 y 4 horas, es de f\u00e1cil ascenso y el inter\u00e9s principal es el bosque por su variada vegetaci\u00f3n, tanto como flora y fauna de gran variedad donde los monos, las ardillas, los invertebrados en general y otros hacen de este lugar una interesante experiencia.<\/p>\n<p>-\u00a0\u00a0\u00a0\u00a0\u00a0\u00a0\u00a0\u00a0\u00a0 <strong>Sendero \u201cPANCHO DIABLO\u201d<\/strong><\/p>\n<p>Se encuentra en el cerro del mismo nombre, su acceso desde la carretera se realiza a trav\u00e9s de una v\u00eda secundaria, el tiempo estimado es de 20 minutos en veh\u00edculo.<\/p>\n<p>Es de f\u00e1cil ascenso, su vegetaci\u00f3n es m\u00e1s variada que el primer sendero, en este lugar se halla palmas reales, matapalos gigantes, maderas finas entre otras con mayores representaciones de plantas epifitas, aves y mam\u00edferos de bosques tropicales, siendo el m\u00e1s com\u00fan el mono aullador. Su tiempo de visita es de 3 a 4 horas.<\/p>\n<p>-\u00a0\u00a0\u00a0\u00a0\u00a0\u00a0\u00a0\u00a0\u00a0 <strong>Sendero \u201cEL MIRADOR\u201d<\/strong><strong><\/strong><\/p>\n<p>El recorrido es corto, se asciende f\u00e1cilmente hasta unos 70 a 80 metros sobre el nivel del mar, en donde se puede observar a los 360 grados alrededor, un panorama de espl\u00e9ndidos contrastes.<\/p>\n<p>Se puede apreciar las diferentes actividades de la industria camaronera como la de los comuneros dentro de esta reserva. Su tiempo de visita es una hora. Esta actividad se hace junto con el sendero Pancho Diablo por estar en la misma direcci\u00f3n.<\/p>\n<p>&nbsp;<\/p>\n<p>-\u00a0\u00a0\u00a0\u00a0\u00a0\u00a0\u00a0\u00a0\u00a0 <strong>Sendero laguna de \u201cEL CANCLON\u201d<\/strong><strong><\/strong><\/p>\n<p>Es el m\u00e1s dif\u00edcil por ser pantanoso especialmente entre los meses de diciembre a mayo, en la laguna existe un ave acu\u00e1tica del mismo nombre Cancl\u00f3n.<\/p>\n<p>La laguna est\u00e1 rodeada de los cerros del Mate, Cimalon Perequete Chico, Perequete Grande, que son los que alimentan la laguna con peque\u00f1as vertientes de agua, al pie de los cerros y a la orilla de la laguna se observa una variedad de garzas, jacanas, gallinetas y aves propias de humedades de aguas continentales. Todo el recorrido se hace a paso lento en 8 horas.<\/p>\n<p><strong>Fotos del viaje<\/strong><\/p>\n<div id=\"attachment_302\" style=\"width: 670px\" class=\"wp-caption aligncenter\"><img loading=\"lazy\" decoding=\"async\" aria-describedby=\"caption-attachment-302\" class=\"size-full wp-image-302  \" src=\"http:\/\/blog.espol.edu.ec\/mariaorozco\/files\/2012\/01\/378706_2861623976055_1123373210_3050265_1149535386_n1.jpg\" alt=\"\" width=\"660\" height=\"420\" \/><p id=\"caption-attachment-302\" class=\"wp-caption-text\">Paseo en Lancha<\/p><\/div>\n<div id=\"attachment_303\" style=\"width: 670px\" class=\"wp-caption aligncenter\"><img loading=\"lazy\" decoding=\"async\" aria-describedby=\"caption-attachment-303\" class=\"size-full wp-image-303  \" src=\"http:\/\/blog.espol.edu.ec\/mariaorozco\/files\/2012\/01\/381678_2861522853527_1123373210_3050230_1461196367_n.jpg\" alt=\"\" width=\"660\" height=\"420\" \/><p id=\"caption-attachment-303\" class=\"wp-caption-text\">Monos aulladores<\/p><\/div>\n<div id=\"attachment_304\" style=\"width: 670px\" class=\"wp-caption aligncenter\"><img loading=\"lazy\" decoding=\"async\" aria-describedby=\"caption-attachment-304\" class=\"size-full wp-image-304 \" src=\"http:\/\/blog.espol.edu.ec\/mariaorozco\/files\/2012\/01\/385072_2861515973355_1123373210_3050226_84788115_n.jpg\" alt=\"\" width=\"660\" height=\"520\" \/><p id=\"caption-attachment-304\" class=\"wp-caption-text\">Caminata \ud83d\ude00<\/p><\/div>\n<div id=\"attachment_305\" style=\"width: 670px\" class=\"wp-caption aligncenter\"><img loading=\"lazy\" decoding=\"async\" aria-describedby=\"caption-attachment-305\" class=\"size-full wp-image-305 \" src=\"http:\/\/blog.espol.edu.ec\/mariaorozco\/files\/2012\/01\/405212_2861630056207_1123373210_3050271_109353273_n.jpg\" alt=\"\" width=\"660\" height=\"520\" \/><p id=\"caption-attachment-305\" class=\"wp-caption-text\">Grupo de Ecologia<\/p><\/div>\n<div id=\"attachment_306\" style=\"width: 630px\" class=\"wp-caption aligncenter\"><img loading=\"lazy\" decoding=\"async\" aria-describedby=\"caption-attachment-306\" class=\"size-full wp-image-306 \" src=\"http:\/\/blog.espol.edu.ec\/mariaorozco\/files\/2012\/01\/400512_2861557774400_1123373210_3050251_2113473376_n.jpg\" alt=\"\" width=\"620\" height=\"560\" \/><p id=\"caption-attachment-306\" class=\"wp-caption-text\">Flora<\/p><\/div>\n<p style=\"text-align: center\"><img loading=\"lazy\" decoding=\"async\" class=\"aligncenter size-full wp-image-307\" src=\"http:\/\/blog.espol.edu.ec\/mariaorozco\/files\/2012\/01\/392001_2861528093658_1123373210_3050234_2069497474_n.jpg\" alt=\"\" width=\"620\" height=\"560\" \/><\/p>\n<div id=\"attachment_308\" style=\"width: 670px\" class=\"wp-caption aligncenter\"><img loading=\"lazy\" decoding=\"async\" aria-describedby=\"caption-attachment-308\" class=\"size-full wp-image-308 \" src=\"http:\/\/blog.espol.edu.ec\/mariaorozco\/files\/2012\/01\/408146_2861511133234_1123373210_3050223_81621317_n.jpg\" alt=\"\" width=\"660\" height=\"520\" \/><p id=\"caption-attachment-308\" class=\"wp-caption-text\">Fauna<\/p><\/div>\n<div id=\"attachment_309\" style=\"width: 670px\" class=\"wp-caption aligncenter\"><img loading=\"lazy\" decoding=\"async\" aria-describedby=\"caption-attachment-309\" class=\"size-full wp-image-309 \" src=\"http:\/\/blog.espol.edu.ec\/mariaorozco\/files\/2012\/01\/383899_2861625256087_1123373210_3050267_2070819322_n.jpg\" alt=\"\" width=\"660\" height=\"520\" \/><p id=\"caption-attachment-309\" class=\"wp-caption-text\">Monica, Aleja y Agni<\/p><\/div>\n<p>&nbsp;<\/p>\n","protected":false},"excerpt":{"rendered":"<p>Reserva Ecol\u00f3gica Manglares Churute Origen del Nombre Su nombre se debe a la presencia de la cordillera de Churute, que est\u00e1 compuesta por siete cerros. Ubicaci\u00f3n La\u00a0Reserva se localiza en el estuario del Golfo de Guayaquil y su principal acceso se encuentra a una hora de la ciudad de Guayaquil, en el km 50 de [&hellip;]<\/p>\n","protected":false},"author":5166,"featured_media":0,"parent":0,"menu_order":0,"comment_status":"open","ping_status":"open","template":"","meta":{"footnotes":""},"class_list":["post-300","page","type-page","status-publish","hentry"],"_links":{"self":[{"href":"https:\/\/blog.espol.edu.ec\/mariaorozco\/wp-json\/wp\/v2\/pages\/300","targetHints":{"allow":["GET"]}}],"collection":[{"href":"https:\/\/blog.espol.edu.ec\/mariaorozco\/wp-json\/wp\/v2\/pages"}],"about":[{"href":"https:\/\/blog.espol.edu.ec\/mariaorozco\/wp-json\/wp\/v2\/types\/page"}],"author":[{"embeddable":true,"href":"https:\/\/blog.espol.edu.ec\/mariaorozco\/wp-json\/wp\/v2\/users\/5166"}],"replies":[{"embeddable":true,"href":"https:\/\/blog.espol.edu.ec\/mariaorozco\/wp-json\/wp\/v2\/comments?post=300"}],"version-history":[{"count":2,"href":"https:\/\/blog.espol.edu.ec\/mariaorozco\/wp-json\/wp\/v2\/pages\/300\/revisions"}],"predecessor-version":[{"id":311,"href":"https:\/\/blog.espol.edu.ec\/mariaorozco\/wp-json\/wp\/v2\/pages\/300\/revisions\/311"}],"wp:attachment":[{"href":"https:\/\/blog.espol.edu.ec\/mariaorozco\/wp-json\/wp\/v2\/media?parent=300"}],"curies":[{"name":"wp","href":"https:\/\/api.w.org\/{rel}","templated":true}]}}