{"id":10,"date":"2015-10-26T17:28:22","date_gmt":"2015-10-26T17:28:22","guid":{"rendered":"http:\/\/blog.espol.edu.ec\/marjgarc\/?page_id=10"},"modified":"2015-11-16T17:20:12","modified_gmt":"2015-11-16T17:20:12","slug":"visita","status":"publish","type":"page","link":"https:\/\/blog.espol.edu.ec\/marjgarc\/visita\/","title":{"rendered":"Visita nuestros lugares"},"content":{"rendered":"<p style=\"text-align: center\"><strong>Transporte Salitre ATIS<\/strong> frecuenta por lugares hermosos de la tierra coste\u00f1a, en el cual se disfruta de una <strong>gastronom\u00eda<\/strong> \u00fanica que acompa\u00f1a al <strong>ambiente<\/strong> agradable y la gentileza de sus habitantes.<br \/>\n<a href=\"http:\/\/blog.espol.edu.ec\/marjgarc\/files\/2015\/10\/FotorCreated.jpg\"><img loading=\"lazy\" decoding=\"async\" class=\"alignnone size-medium wp-image-32\" src=\"http:\/\/blog.espol.edu.ec\/marjgarc\/files\/2015\/10\/FotorCreated-300x225.jpg\" alt=\"FotorCreated\" width=\"300\" height=\"225\" srcset=\"https:\/\/blog.espol.edu.ec\/marjgarc\/files\/2015\/10\/FotorCreated-300x225.jpg 300w, https:\/\/blog.espol.edu.ec\/marjgarc\/files\/2015\/10\/FotorCreated.jpg 1024w\" sizes=\"auto, (max-width: 300px) 100vw, 300px\" \/><\/a><\/p>\n<hr \/>\n<hr \/>\n<p style=\"text-align: center\"><strong>GENERAL VERNAZA<\/strong><\/p>\n<p style=\"text-align: center\"><a href=\"http:\/\/blog.espol.edu.ec\/marjgarc\/files\/2015\/11\/IMG_20151107_1039121.jpg\"><img loading=\"lazy\" decoding=\"async\" class=\"alignnone size-medium wp-image-239\" src=\"http:\/\/blog.espol.edu.ec\/marjgarc\/files\/2015\/11\/IMG_20151107_1039121-300x169.jpg\" alt=\"IMG_20151107_103912\" width=\"300\" height=\"169\" srcset=\"https:\/\/blog.espol.edu.ec\/marjgarc\/files\/2015\/11\/IMG_20151107_1039121-300x169.jpg 300w, https:\/\/blog.espol.edu.ec\/marjgarc\/files\/2015\/11\/IMG_20151107_1039121-1024x576.jpg 1024w\" sizes=\"auto, (max-width: 300px) 100vw, 300px\" \/><\/a><a href=\"http:\/\/blog.espol.edu.ec\/marjgarc\/files\/2015\/11\/IMG_20151107_1029541.jpg\"><img loading=\"lazy\" decoding=\"async\" class=\"alignnone size-medium wp-image-237\" src=\"http:\/\/blog.espol.edu.ec\/marjgarc\/files\/2015\/11\/IMG_20151107_1029541-300x169.jpg\" alt=\"IMG_20151107_102954\" width=\"300\" height=\"169\" srcset=\"https:\/\/blog.espol.edu.ec\/marjgarc\/files\/2015\/11\/IMG_20151107_1029541-300x169.jpg 300w, https:\/\/blog.espol.edu.ec\/marjgarc\/files\/2015\/11\/IMG_20151107_1029541-1024x576.jpg 1024w\" sizes=\"auto, (max-width: 300px) 100vw, 300px\" \/><\/a><a href=\"http:\/\/blog.espol.edu.ec\/marjgarc\/files\/2015\/11\/IMG_20151107_1029481.jpg\"><img loading=\"lazy\" decoding=\"async\" class=\"alignnone size-medium wp-image-236\" src=\"http:\/\/blog.espol.edu.ec\/marjgarc\/files\/2015\/11\/IMG_20151107_1029481-300x169.jpg\" alt=\"IMG_20151107_102948\" width=\"300\" height=\"169\" srcset=\"https:\/\/blog.espol.edu.ec\/marjgarc\/files\/2015\/11\/IMG_20151107_1029481-300x169.jpg 300w, https:\/\/blog.espol.edu.ec\/marjgarc\/files\/2015\/11\/IMG_20151107_1029481-1024x576.jpg 1024w\" sizes=\"auto, (max-width: 300px) 100vw, 300px\" \/><\/a><a href=\"http:\/\/blog.espol.edu.ec\/marjgarc\/files\/2015\/11\/IMG_20151107_102906.jpg\"><img loading=\"lazy\" decoding=\"async\" class=\"alignnone size-medium wp-image-197\" src=\"http:\/\/blog.espol.edu.ec\/marjgarc\/files\/2015\/11\/IMG_20151107_102906-300x169.jpg\" alt=\"IMG_20151107_102906\" width=\"300\" height=\"169\" srcset=\"https:\/\/blog.espol.edu.ec\/marjgarc\/files\/2015\/11\/IMG_20151107_102906-300x169.jpg 300w, https:\/\/blog.espol.edu.ec\/marjgarc\/files\/2015\/11\/IMG_20151107_102906-1024x576.jpg 1024w\" sizes=\"auto, (max-width: 300px) 100vw, 300px\" \/><\/a><a href=\"http:\/\/blog.espol.edu.ec\/marjgarc\/files\/2015\/11\/IMG_20151107_102528.jpg\"><img loading=\"lazy\" decoding=\"async\" class=\"alignnone size-medium wp-image-186\" src=\"http:\/\/blog.espol.edu.ec\/marjgarc\/files\/2015\/11\/IMG_20151107_102528-300x169.jpg\" alt=\"IMG_20151107_102528\" width=\"300\" height=\"169\" srcset=\"https:\/\/blog.espol.edu.ec\/marjgarc\/files\/2015\/11\/IMG_20151107_102528-300x169.jpg 300w, https:\/\/blog.espol.edu.ec\/marjgarc\/files\/2015\/11\/IMG_20151107_102528-1024x576.jpg 1024w\" sizes=\"auto, (max-width: 300px) 100vw, 300px\" \/><\/a><a href=\"http:\/\/blog.espol.edu.ec\/marjgarc\/files\/2015\/11\/IMG_20151107_102557.jpg\"><img loading=\"lazy\" decoding=\"async\" class=\"alignnone size-medium wp-image-188\" src=\"http:\/\/blog.espol.edu.ec\/marjgarc\/files\/2015\/11\/IMG_20151107_102557-300x169.jpg\" alt=\"IMG_20151107_102557\" width=\"300\" height=\"169\" srcset=\"https:\/\/blog.espol.edu.ec\/marjgarc\/files\/2015\/11\/IMG_20151107_102557-300x169.jpg 300w, https:\/\/blog.espol.edu.ec\/marjgarc\/files\/2015\/11\/IMG_20151107_102557-1024x576.jpg 1024w\" sizes=\"auto, (max-width: 300px) 100vw, 300px\" \/><\/a><a href=\"http:\/\/blog.espol.edu.ec\/marjgarc\/files\/2015\/11\/IMG_20151107_101849.jpg\"><img loading=\"lazy\" decoding=\"async\" class=\"alignnone size-medium wp-image-183\" src=\"http:\/\/blog.espol.edu.ec\/marjgarc\/files\/2015\/11\/IMG_20151107_101849-300x169.jpg\" alt=\"IMG_20151107_101849\" width=\"300\" height=\"169\" srcset=\"https:\/\/blog.espol.edu.ec\/marjgarc\/files\/2015\/11\/IMG_20151107_101849-300x169.jpg 300w, https:\/\/blog.espol.edu.ec\/marjgarc\/files\/2015\/11\/IMG_20151107_101849-1024x576.jpg 1024w\" sizes=\"auto, (max-width: 300px) 100vw, 300px\" \/><\/a><\/p>\n<hr \/>\n<hr \/>\n<p style=\"text-align: center\"><strong>\u00a0BABA<\/strong><\/p>\n<p style=\"text-align: center\"><a href=\"http:\/\/blog.espol.edu.ec\/marjgarc\/files\/2015\/11\/IMG_20151106_1538231.jpg\"><img loading=\"lazy\" decoding=\"async\" class=\"alignnone size-medium wp-image-232\" src=\"http:\/\/blog.espol.edu.ec\/marjgarc\/files\/2015\/11\/IMG_20151106_1538231-300x169.jpg\" alt=\"IMG_20151106_153823\" width=\"300\" height=\"169\" srcset=\"https:\/\/blog.espol.edu.ec\/marjgarc\/files\/2015\/11\/IMG_20151106_1538231-300x169.jpg 300w, https:\/\/blog.espol.edu.ec\/marjgarc\/files\/2015\/11\/IMG_20151106_1538231-1024x576.jpg 1024w\" sizes=\"auto, (max-width: 300px) 100vw, 300px\" \/><\/a><a href=\"http:\/\/blog.espol.edu.ec\/marjgarc\/files\/2015\/11\/IMG_20151106_1538361.jpg\"><img loading=\"lazy\" decoding=\"async\" class=\"alignnone size-medium wp-image-234\" src=\"http:\/\/blog.espol.edu.ec\/marjgarc\/files\/2015\/11\/IMG_20151106_1538361-300x169.jpg\" alt=\"IMG_20151106_153836\" width=\"300\" height=\"169\" srcset=\"https:\/\/blog.espol.edu.ec\/marjgarc\/files\/2015\/11\/IMG_20151106_1538361-300x169.jpg 300w, https:\/\/blog.espol.edu.ec\/marjgarc\/files\/2015\/11\/IMG_20151106_1538361-1024x576.jpg 1024w\" sizes=\"auto, (max-width: 300px) 100vw, 300px\" \/><\/a><a href=\"http:\/\/blog.espol.edu.ec\/marjgarc\/files\/2015\/11\/IMG_20151106_1537571.jpg\"><img loading=\"lazy\" decoding=\"async\" class=\"alignnone size-medium wp-image-231\" src=\"http:\/\/blog.espol.edu.ec\/marjgarc\/files\/2015\/11\/IMG_20151106_1537571-300x169.jpg\" alt=\"IMG_20151106_153757\" width=\"300\" height=\"169\" srcset=\"https:\/\/blog.espol.edu.ec\/marjgarc\/files\/2015\/11\/IMG_20151106_1537571-300x169.jpg 300w, https:\/\/blog.espol.edu.ec\/marjgarc\/files\/2015\/11\/IMG_20151106_1537571-1024x576.jpg 1024w\" sizes=\"auto, (max-width: 300px) 100vw, 300px\" \/><\/a><a href=\"http:\/\/blog.espol.edu.ec\/marjgarc\/files\/2015\/11\/IMG_20151106_153852.jpg\"><img loading=\"lazy\" decoding=\"async\" class=\"alignnone size-medium wp-image-81\" src=\"http:\/\/blog.espol.edu.ec\/marjgarc\/files\/2015\/11\/IMG_20151106_153852-300x169.jpg\" alt=\"IMG_20151106_153852\" width=\"300\" height=\"169\" srcset=\"https:\/\/blog.espol.edu.ec\/marjgarc\/files\/2015\/11\/IMG_20151106_153852-300x169.jpg 300w, https:\/\/blog.espol.edu.ec\/marjgarc\/files\/2015\/11\/IMG_20151106_153852-1024x576.jpg 1024w\" sizes=\"auto, (max-width: 300px) 100vw, 300px\" \/><\/a><a href=\"http:\/\/blog.espol.edu.ec\/marjgarc\/files\/2015\/11\/IMG_20151106_154033.jpg\"><img loading=\"lazy\" decoding=\"async\" class=\"alignnone size-medium wp-image-87\" src=\"http:\/\/blog.espol.edu.ec\/marjgarc\/files\/2015\/11\/IMG_20151106_154033-300x169.jpg\" alt=\"IMG_20151106_154033\" width=\"300\" height=\"169\" srcset=\"https:\/\/blog.espol.edu.ec\/marjgarc\/files\/2015\/11\/IMG_20151106_154033-300x169.jpg 300w, https:\/\/blog.espol.edu.ec\/marjgarc\/files\/2015\/11\/IMG_20151106_154033-1024x576.jpg 1024w\" sizes=\"auto, (max-width: 300px) 100vw, 300px\" \/><\/a><a href=\"http:\/\/blog.espol.edu.ec\/marjgarc\/files\/2015\/11\/IMG_20151106_154148.jpg\"><img loading=\"lazy\" decoding=\"async\" class=\"alignnone size-medium wp-image-91\" src=\"http:\/\/blog.espol.edu.ec\/marjgarc\/files\/2015\/11\/IMG_20151106_154148-300x169.jpg\" alt=\"IMG_20151106_154148\" width=\"300\" height=\"169\" srcset=\"https:\/\/blog.espol.edu.ec\/marjgarc\/files\/2015\/11\/IMG_20151106_154148-300x169.jpg 300w, https:\/\/blog.espol.edu.ec\/marjgarc\/files\/2015\/11\/IMG_20151106_154148-1024x576.jpg 1024w\" sizes=\"auto, (max-width: 300px) 100vw, 300px\" \/><\/a><a href=\"http:\/\/blog.espol.edu.ec\/marjgarc\/files\/2015\/11\/IMG_20151106_154245.jpg\"><img loading=\"lazy\" decoding=\"async\" class=\"alignnone size-medium wp-image-93\" src=\"http:\/\/blog.espol.edu.ec\/marjgarc\/files\/2015\/11\/IMG_20151106_154245-300x169.jpg\" alt=\"IMG_20151106_154245\" width=\"300\" height=\"169\" srcset=\"https:\/\/blog.espol.edu.ec\/marjgarc\/files\/2015\/11\/IMG_20151106_154245-300x169.jpg 300w, https:\/\/blog.espol.edu.ec\/marjgarc\/files\/2015\/11\/IMG_20151106_154245-1024x576.jpg 1024w\" sizes=\"auto, (max-width: 300px) 100vw, 300px\" \/><\/a><a href=\"http:\/\/blog.espol.edu.ec\/marjgarc\/files\/2015\/11\/IMG_20151106_154324.jpg\"><img loading=\"lazy\" decoding=\"async\" class=\"alignnone size-medium wp-image-96\" src=\"http:\/\/blog.espol.edu.ec\/marjgarc\/files\/2015\/11\/IMG_20151106_154324-300x169.jpg\" alt=\"IMG_20151106_154324\" width=\"300\" height=\"169\" srcset=\"https:\/\/blog.espol.edu.ec\/marjgarc\/files\/2015\/11\/IMG_20151106_154324-300x169.jpg 300w, https:\/\/blog.espol.edu.ec\/marjgarc\/files\/2015\/11\/IMG_20151106_154324-1024x576.jpg 1024w\" sizes=\"auto, (max-width: 300px) 100vw, 300px\" \/><\/a><a href=\"http:\/\/blog.espol.edu.ec\/marjgarc\/files\/2015\/11\/IMG_20151106_154316.jpg\"><img loading=\"lazy\" decoding=\"async\" class=\"alignnone size-medium wp-image-95\" src=\"http:\/\/blog.espol.edu.ec\/marjgarc\/files\/2015\/11\/IMG_20151106_154316-300x169.jpg\" alt=\"IMG_20151106_154316\" width=\"300\" height=\"169\" srcset=\"https:\/\/blog.espol.edu.ec\/marjgarc\/files\/2015\/11\/IMG_20151106_154316-300x169.jpg 300w, https:\/\/blog.espol.edu.ec\/marjgarc\/files\/2015\/11\/IMG_20151106_154316-1024x576.jpg 1024w\" sizes=\"auto, (max-width: 300px) 100vw, 300px\" \/><\/a><\/p>\n<p style=\"text-align: center\">Por: <a href=\"https:\/\/www.facebook.com\/maria.j.garcia.1481\" target=\"_blank\">Mar\u00eda Jos\u00e9 Garc\u00eda<\/a><\/p>\n","protected":false},"excerpt":{"rendered":"<p>Transporte Salitre ATIS frecuenta por lugares hermosos de la tierra coste\u00f1a, en el cual se disfruta de una gastronom\u00eda \u00fanica que acompa\u00f1a al ambiente agradable y la gentileza de sus habitantes. GENERAL VERNAZA \u00a0BABA Por: Mar\u00eda Jos\u00e9 Garc\u00eda<\/p>\n","protected":false},"author":9891,"featured_media":35,"parent":0,"menu_order":0,"comment_status":"closed","ping_status":"closed","template":"","meta":{"footnotes":""},"class_list":["post-10","page","type-page","status-publish","has-post-thumbnail","hentry","nodate","item-wrap"],"_links":{"self":[{"href":"https:\/\/blog.espol.edu.ec\/marjgarc\/wp-json\/wp\/v2\/pages\/10","targetHints":{"allow":["GET"]}}],"collection":[{"href":"https:\/\/blog.espol.edu.ec\/marjgarc\/wp-json\/wp\/v2\/pages"}],"about":[{"href":"https:\/\/blog.espol.edu.ec\/marjgarc\/wp-json\/wp\/v2\/types\/page"}],"author":[{"embeddable":true,"href":"https:\/\/blog.espol.edu.ec\/marjgarc\/wp-json\/wp\/v2\/users\/9891"}],"replies":[{"embeddable":true,"href":"https:\/\/blog.espol.edu.ec\/marjgarc\/wp-json\/wp\/v2\/comments?post=10"}],"version-history":[{"count":7,"href":"https:\/\/blog.espol.edu.ec\/marjgarc\/wp-json\/wp\/v2\/pages\/10\/revisions"}],"predecessor-version":[{"id":282,"href":"https:\/\/blog.espol.edu.ec\/marjgarc\/wp-json\/wp\/v2\/pages\/10\/revisions\/282"}],"wp:featuredmedia":[{"embeddable":true,"href":"https:\/\/blog.espol.edu.ec\/marjgarc\/wp-json\/wp\/v2\/media\/35"}],"wp:attachment":[{"href":"https:\/\/blog.espol.edu.ec\/marjgarc\/wp-json\/wp\/v2\/media?parent=10"}],"curies":[{"name":"wp","href":"https:\/\/api.w.org\/{rel}","templated":true}]}}