{"id":2,"date":"2015-10-21T17:38:57","date_gmt":"2015-10-21T17:38:57","guid":{"rendered":"http:\/\/blog.espol.edu.ec\/marjgarc\/?page_id=2"},"modified":"2015-11-11T13:11:07","modified_gmt":"2015-11-11T13:11:07","slug":"atis","status":"publish","type":"page","link":"https:\/\/blog.espol.edu.ec\/marjgarc\/atis\/","title":{"rendered":"Cooperativa SALITRE"},"content":{"rendered":"<p style=\"text-align: center\">Informaci\u00f3n actualizada de lo que sucede interna y externamente en la instituci\u00f3n. Se vislumbra ciertos puntos consultados al presidente de la <strong>Cooperativa de Transporte SALITRE \"ATIS\"<\/strong>\u00a0el Abogado<a href=\"https:\/\/www.facebook.com\/daniel.almeidafreire?fref=ts\" target=\"_blank\"><strong> Daniel Almeida<\/strong> <\/a>y de la misma manera de los pormenores que se acontecen en la misma como\u00a0la renovaci\u00f3n de unidades mediante la implemento del <strong>PLAN CARRO.<\/strong><\/p>\n<p style=\"text-align: center\">\u00a0<a href=\"http:\/\/blog.espol.edu.ec\/marjgarc\/files\/2015\/10\/IMG-20151109-WA0003.jpg\"><img loading=\"lazy\" decoding=\"async\" class=\"size-medium wp-image-54 aligncenter\" src=\"http:\/\/blog.espol.edu.ec\/marjgarc\/files\/2015\/10\/IMG-20151109-WA0003-300x225.jpg\" alt=\"IMG-20151109-WA0003\" width=\"300\" height=\"225\" srcset=\"https:\/\/blog.espol.edu.ec\/marjgarc\/files\/2015\/10\/IMG-20151109-WA0003-300x225.jpg 300w, https:\/\/blog.espol.edu.ec\/marjgarc\/files\/2015\/10\/IMG-20151109-WA0003-1024x768.jpg 1024w, https:\/\/blog.espol.edu.ec\/marjgarc\/files\/2015\/10\/IMG-20151109-WA0003.jpg 1280w\" sizes=\"auto, (max-width: 300px) 100vw, 300px\" \/><\/a><\/p>\n<hr \/>\n<hr \/>\n<p>&nbsp;<\/p>\n<p style=\"text-align: center\">Guayaquil, 9 de Noviembre de 2015<br \/>\nEntrevista realizada al Ab. Daniel Almeida, presidente de la Cooperativa de Transporte Salitre \u201cATIS\u201d<\/p>\n<p><a href=\"http:\/\/blog.espol.edu.ec\/marjgarc\/files\/2015\/10\/IMG-20151110-WA0005.jpg\"><img loading=\"lazy\" decoding=\"async\" class=\"size-medium wp-image-56 aligncenter\" src=\"http:\/\/blog.espol.edu.ec\/marjgarc\/files\/2015\/10\/IMG-20151110-WA0005-225x300.jpg\" alt=\"IMG-20151110-WA0005\" width=\"225\" height=\"300\" srcset=\"https:\/\/blog.espol.edu.ec\/marjgarc\/files\/2015\/10\/IMG-20151110-WA0005-225x300.jpg 225w, https:\/\/blog.espol.edu.ec\/marjgarc\/files\/2015\/10\/IMG-20151110-WA0005-768x1024.jpg 768w, https:\/\/blog.espol.edu.ec\/marjgarc\/files\/2015\/10\/IMG-20151110-WA0005.jpg 960w\" sizes=\"auto, (max-width: 225px) 100vw, 225px\" \/><\/a><\/p>\n<p style=\"text-align: center\">1. \u00bfDesde qu\u00e9 fecha la Cooperativa brinda servicio a la comunidad?<br \/>\nDesde el a\u00f1o 1966 comenz\u00f3 como Asociaci\u00f3n de Transporte Intercantonal Salitre \u201cATIS\u201d, luego la instituci\u00f3n encargada de organizaci\u00f3n cooperativista exigi\u00f3 documentos para posteriormente ascender de asociaci\u00f3n a Cooperativa de Transporte Intercantonal Salitre. Rebasamos los l\u00edmites de la frontera de la provincia del Guayas en la que tuvimos la necesidad de dar servicios a los cantones de la provincia de Los R\u00edos como es el cant\u00f3n Baba y el cant\u00f3n Vinces q hasta ahora lo hacemos y tuvimos que ascender de categor\u00eda y despu\u00e9s de haber sido asociaci\u00f3n luego transporte intercantonal pasamos hacer transporte Interprovincial lo que hasta ahora lo somos, lo cual damos un servicio con mucha eficiencia de cumplimiento a la sociedad.<\/p>\n<p style=\"text-align: center\">2. \u00bfQui\u00e9nes fueron los precursores de la apertura de la cooperativa?<br \/>\nLos primeros socios que dieron inicio la formaci\u00f3n de esta instituci\u00f3n fueron el se\u00f1or Jorge Wong Pl\u00faas, Humberto Baja\u00f1a Fajardo, F\u00e9lix Chiriguaya, Vidal Vergara Puga, Heraldo Almeida Quinto, Ernesto Mac\u00edas, Kleber Campoverde, Galo Campoverde, Ovo Morales, Luis Ruiz, Antonio Ruiz, Andr\u00e9s Castro Carriel, Oswaldo Garc\u00eda Palma, Jos\u00e9 Garc\u00eda Palma, entre otros.<\/p>\n<p style=\"text-align: center\">3. \u00bfC\u00f3mo inicio la cooperativa?<br \/>\nLa cooperativa se inici\u00f3 en transportes mixtos de carga y pasajero, estos eran camiones de dos y tres filas de pasajeras con caj\u00f3n para transportar tambi\u00e9n cargas. Su inicio comenz\u00f3 desde la Parroquia General Vernaza del cant\u00f3n Guayaquil con su recorrido desde la mencionada parroquia, Matecito, Vinces, Guayaquil, luego este transporte lo hicimos ya en las llamadas rancheras o chivas de siete u ocho filas todo esto con estructura de madera, as\u00ed rumbo a la superaci\u00f3n se hizo ya estructuras met\u00e1licas un poco rusticas pero en la actualidad ya tenemos unidades totalmente modernizadas e inclusive con aires acondicionados.<\/p>\n<p style=\"text-align: center\">4. \u00bfCu\u00e1les son los acontecimientos importantes en la instituci\u00f3n?<br \/>\nEsta cooperativa fue fundada el 22 julio de 1966 fecha en la que conmemoramos cada a\u00f1o el aniversario de la instituci\u00f3n, al mismo tiempo que se da el cambio de directiva en la misma que rige los destinos de la instituci\u00f3n por un largo calendario en la que se nombra las dignidades como gerentes, presidentes, consejo de administraci\u00f3n, consejo de vigilancia, secretario, comisi\u00f3n de festejos de deportes, etc. Cada a\u00f1o la instituci\u00f3n hace un presupuesto para que estas fiestas se hagan de la mejor forma, cabe resaltar que en las mencionadas fiestas que hacemos se invitan a esposas, oficiales, choferes, socios y autoridades las cuales pertenecen a la instituci\u00f3n dando alegr\u00eda a la misma.<\/p>\n<p style=\"text-align: center\">5. \u00bfCu\u00e1l es la misi\u00f3n y visi\u00f3n de la cooperativa?<br \/>\nLa misi\u00f3n de nuestra instituci\u00f3n es ser objetivo organizativos para ser emprendedores de dar un buen servicio a la sociedad, logrando los objetivos que toda instituci\u00f3n requiere para hacer cada d\u00eda m\u00e1s grande implementando la novaci\u00f3n de las unidades para que el servicio sea cada d\u00eda m\u00e1s eficiente y de primera.<br \/>\nLa visi\u00f3n de nuestra instituci\u00f3n es que mediante nuestro servicio llevemos el turismo a nuestro pueblo para que este a trav\u00e9s de esa comunicaci\u00f3n se sienta bien servida con eficiencia e itinerarios exactos en la que los usuarios lleguen a su destino en el menor tiempo.<\/p>\n<p style=\"text-align: center\">6. \u00bfCu\u00e1les son los proyectos que tienen en mente?<br \/>\nLos proyectos que tenemos en mente en esta instituci\u00f3n son muchos, cada instituci\u00f3n cooperativista lo primero que se preocupa es en el cambio de las unidades actualizar el servicio de manera eficiente, tenemos el proyecto de comprar terrenos y poner a disposici\u00f3n de nuestros socios y usuarios un stock de ventas de llantas , repuestos para nuestro socios y el pueblo en general, otros de los proyectos que tenemos es tener una estaci\u00f3n de servicio de gasolinera , di\u00e9sel para que nuestros veh\u00edculos se provean de este. Otro es que todos los veh\u00edculos adem\u00e1s de las c\u00e1maras de seguridad que est\u00e1n conectadas por el estado, nosotros independientemente colocar otras c\u00e1maras para controlar a los pasajeros interna y externamente del veh\u00edculo, al mismo que tenemos en mente colocar sensor para poder controlar el ingreso de las personas que utilizan nuestras unidades.<\/p>\n<p style=\"text-align: center\">7. \u00bfQu\u00e9 tipos de cambios o mejoras puede proporcionar al cliente?<br \/>\nNosotros diariamente en el servicio que damos a los usuarios nos preocupamos porque nuestro socios y personal que elabora en las oficinas darle charlas de relaciones p\u00fablicas, relaciones humanas para que ello sea aplicado y demostrado a nuestros usuarios de una forma correcta el buen trato, con respeto y mucho servicio de humildad, nos preocupamos diariamente de que nuestras unidades sean despachas con un itinerario exacto de rutas y frecuencias, as\u00ed mismo con el fiel cumplimiento de llegar a la estaci\u00f3n en el cual prestamos los servicios. Al mismo tiempo que antes de que la unidad se ponga al servicio de los usuarios nos preocupamos que esta est\u00e9 bien mec\u00e1nicamente, un aseo total tanto en el interior como el exterior, los neum\u00e1ticos que est\u00e9n en condiciones de acuerdo a la ley y que el conductor tenga el documento adecuado para conducir.<\/p>\n<p style=\"text-align: center\">8. \u00bfQu\u00e9 propuestas tienen para el 2016?<br \/>\nPara el a\u00f1o 2016 de acuerdo a lo planificado con los compa\u00f1ero de la instituci\u00f3n tenemos en mente continuar cambiando las unidades, al mismo tiempo que para motivar a los socios realizar un viaje con los compa\u00f1eros y sus familiares para que haya integraci\u00f3n entre esposos e hijos, tambi\u00e9n tenemos en mente abrir l\u00edneas de cr\u00e9dito en los bancos para que nuestros socios puedan solucionar los problemas econ\u00f3micos si acaso lo requieran.<\/p>\n<p style=\"text-align: center\">9. \u00bfDe qu\u00e9 forma se congratula el esfuerzo de los socios?<br \/>\nEl esfuerzo de los socios es una m\u00edstica de trabajo que diariamente cada uno de ellos tiene que primeramente conservar su disciplina a la instituci\u00f3n, luego nosotros como directivos hacemos una calificaci\u00f3n en su comportamiento diario en la misma y motivamos continuamente las actuaciones de cada uno tal es el caso de compa\u00f1eros en el fiel cumplimiento de su trabajo damos incentivos para que el compa\u00f1ero que sobresalga en la instituci\u00f3n pueda representarnos en otras instituciones.<\/p>\n<p style=\"text-align: center\">10. Como vocal del consejo de administraci\u00f3n de la FENACOTIP y vicepresidente de la Uni\u00f3n de Cooperativas de la provincia del Guayas, \u00bfCu\u00e1l es la ayuda que proporcionan a los transportistas?<br \/>\nEsta instituci\u00f3n llamada FENACOTIP donde est\u00e1n agremiados m\u00e1s de 300 cooperativas a nivel nacional se encarga de ayudar a cada una de estas instituciones cooperativistas tales como conseguir rebaja de los aranceles por parte del estado en la importaci\u00f3n de llanta, aceites, filtros, etc. Conseguir cupos, rutas frecuencias que necesitan cada una de estas cooperativas agremiadas, de acuerdo a la necesidad que tenga la instituci\u00f3n, adem\u00e1s que gestiona el pago del bono que el gobierno a esta hora lo est\u00e1 haciendo, tambi\u00e9n hace la soluci\u00f3n en la medicaci\u00f3n de los conflictos que tengan las instituci\u00f3n entre s\u00ed.<br \/>\nAdem\u00e1s de ser vocal de consejo de administraci\u00f3n, tambi\u00e9n soy vicepresidente de la uni\u00f3n de cooperativas de la provincia del Guayas en la que tenemos agremiadas 38 cooperativas que suman cerca de 900 unidades al igual que FENACOTIP, en esta uni\u00f3n damos el mismo servicio que obtenemos de la matriz, tambi\u00e9n nos encargamos de las exoneraciones de los veh\u00edculos en el SRI de la matriculaci\u00f3n de cada una de las unidades y velar permanentemente para que haya un entendimiento entre autoridades de tr\u00e1nsito y a\u00fan de la transportaci\u00f3n.<\/p>\n<p style=\"text-align: center\">11. \u00bfQu\u00e9 significa para usted Cooperativa de Transporte Salitre?<br \/>\nPara m\u00ed, cooperativa de transporte Salitre es una instituci\u00f3n muy grande en la que tengo m\u00e1s de 40 a\u00f1os en la misma de ser socio, he sido secretario, presidente de vigilancia, vocal del consejo de vigilancia, vocal del consejo de administraci\u00f3n y ahora presidente de la cooperativa. Para mi esta instituci\u00f3n adem\u00e1s de ser un transporte p\u00fablico es una instituci\u00f3n de servicio permanente a la sociedad a la cual nos debemos todos los ciudadanos diariamente, esta cooperativa con la trayectoria que viene desde 1966 ha logrado muchos logros positivos y podemos decir que hemos cosechados logros en \u00e9l, un poco lento pero seguro de lo que hacemos, me siento contento con todos mis compa\u00f1eros, me gusta lo que hago y espero seguirlo haciendo con la misma carisma y el mismo progreso y espero que los socios se nutran cada d\u00eda con mayor conocimiento para que podamos conseguir los objetivos y proyectos deseados.<\/p>\n<p style=\"text-align: center\">Por: <a href=\"https:\/\/www.facebook.com\/maria.j.garcia.1481\">Mar\u00eda Jos\u00e9 Garc\u00eda Coloma<\/a><\/p>\n","protected":false},"excerpt":{"rendered":"<p>Informaci\u00f3n actualizada de lo que sucede interna y externamente en la instituci\u00f3n. Se vislumbra ciertos puntos consultados al presidente de la Cooperativa de Transporte SALITRE \"ATIS\"\u00a0el Abogado Daniel Almeida y de la misma manera de los pormenores que se acontecen en la misma como\u00a0la renovaci\u00f3n de unidades mediante la implemento del PLAN CARRO. \u00a0 &nbsp; &hellip; <\/p>\n<p><a class=\"more-link btn\" href=\"https:\/\/blog.espol.edu.ec\/marjgarc\/atis\/\">Seguir leyendo<\/a><\/p>\n","protected":false},"author":9891,"featured_media":51,"parent":0,"menu_order":0,"comment_status":"closed","ping_status":"open","template":"","meta":{"footnotes":""},"class_list":["post-2","page","type-page","status-publish","has-post-thumbnail","hentry","nodate","item-wrap"],"_links":{"self":[{"href":"https:\/\/blog.espol.edu.ec\/marjgarc\/wp-json\/wp\/v2\/pages\/2","targetHints":{"allow":["GET"]}}],"collection":[{"href":"https:\/\/blog.espol.edu.ec\/marjgarc\/wp-json\/wp\/v2\/pages"}],"about":[{"href":"https:\/\/blog.espol.edu.ec\/marjgarc\/wp-json\/wp\/v2\/types\/page"}],"author":[{"embeddable":true,"href":"https:\/\/blog.espol.edu.ec\/marjgarc\/wp-json\/wp\/v2\/users\/9891"}],"replies":[{"embeddable":true,"href":"https:\/\/blog.espol.edu.ec\/marjgarc\/wp-json\/wp\/v2\/comments?post=2"}],"version-history":[{"count":7,"href":"https:\/\/blog.espol.edu.ec\/marjgarc\/wp-json\/wp\/v2\/pages\/2\/revisions"}],"predecessor-version":[{"id":61,"href":"https:\/\/blog.espol.edu.ec\/marjgarc\/wp-json\/wp\/v2\/pages\/2\/revisions\/61"}],"wp:featuredmedia":[{"embeddable":true,"href":"https:\/\/blog.espol.edu.ec\/marjgarc\/wp-json\/wp\/v2\/media\/51"}],"wp:attachment":[{"href":"https:\/\/blog.espol.edu.ec\/marjgarc\/wp-json\/wp\/v2\/media?parent=2"}],"curies":[{"name":"wp","href":"https:\/\/api.w.org\/{rel}","templated":true}]}}