{"id":6,"date":"2015-10-21T18:00:17","date_gmt":"2015-10-21T18:00:17","guid":{"rendered":"http:\/\/blog.espol.edu.ec\/marjgarc\/?page_id=6"},"modified":"2015-11-16T17:39:08","modified_gmt":"2015-11-16T17:39:08","slug":"mi-primera-pagina","status":"publish","type":"page","link":"https:\/\/blog.espol.edu.ec\/marjgarc\/mi-primera-pagina\/","title":{"rendered":"Eventos"},"content":{"rendered":"<p style=\"text-align: center\">Mediante im\u00e1genes podr\u00e1n constatar los distintos eventos que se realizan todos los a\u00f1os, m\u00faltiples fiestas, desfiles, concursos que brindan alegr\u00eda y recuerdos emotivos.<\/p>\n<hr \/>\n<p style=\"text-align: center\"><strong>FESTIVIDADES DE LA PARROQUIA LAUREL<\/strong><\/p>\n<p style=\"text-align: center\"><a href=\"http:\/\/blog.espol.edu.ec\/marjgarc\/files\/2015\/10\/11214170_1519347271723145_275036136555319401_n.jpg\"><img loading=\"lazy\" decoding=\"async\" class=\"alignnone size-medium wp-image-273\" src=\"http:\/\/blog.espol.edu.ec\/marjgarc\/files\/2015\/10\/11214170_1519347271723145_275036136555319401_n-300x225.jpg\" alt=\"11214170_1519347271723145_275036136555319401_n\" width=\"300\" height=\"225\" srcset=\"https:\/\/blog.espol.edu.ec\/marjgarc\/files\/2015\/10\/11214170_1519347271723145_275036136555319401_n-300x225.jpg 300w, https:\/\/blog.espol.edu.ec\/marjgarc\/files\/2015\/10\/11214170_1519347271723145_275036136555319401_n.jpg 960w\" sizes=\"auto, (max-width: 300px) 100vw, 300px\" \/><\/a><a href=\"http:\/\/blog.espol.edu.ec\/marjgarc\/files\/2015\/10\/12193804_889176697824880_3778778040519360616_n.jpg\"><img loading=\"lazy\" decoding=\"async\" class=\"alignnone size-medium wp-image-274\" src=\"http:\/\/blog.espol.edu.ec\/marjgarc\/files\/2015\/10\/12193804_889176697824880_3778778040519360616_n-300x169.jpg\" alt=\"12193804_889176697824880_3778778040519360616_n\" width=\"300\" height=\"169\" srcset=\"https:\/\/blog.espol.edu.ec\/marjgarc\/files\/2015\/10\/12193804_889176697824880_3778778040519360616_n-300x169.jpg 300w, https:\/\/blog.espol.edu.ec\/marjgarc\/files\/2015\/10\/12193804_889176697824880_3778778040519360616_n.jpg 960w\" sizes=\"auto, (max-width: 300px) 100vw, 300px\" \/><\/a><a href=\"http:\/\/blog.espol.edu.ec\/marjgarc\/files\/2015\/10\/lau.jpg\"><img loading=\"lazy\" decoding=\"async\" class=\"alignnone size-medium wp-image-275\" src=\"http:\/\/blog.espol.edu.ec\/marjgarc\/files\/2015\/10\/lau-300x225.jpg\" alt=\"lau\" width=\"300\" height=\"225\" srcset=\"https:\/\/blog.espol.edu.ec\/marjgarc\/files\/2015\/10\/lau-300x225.jpg 300w, https:\/\/blog.espol.edu.ec\/marjgarc\/files\/2015\/10\/lau.jpg 960w\" sizes=\"auto, (max-width: 300px) 100vw, 300px\" \/><\/a><a href=\"http:\/\/blog.espol.edu.ec\/marjgarc\/files\/2015\/10\/12219610_1519347748389764_5530401863706926122_n.jpg\"><img loading=\"lazy\" decoding=\"async\" class=\"alignnone size-medium wp-image-276\" src=\"http:\/\/blog.espol.edu.ec\/marjgarc\/files\/2015\/10\/12219610_1519347748389764_5530401863706926122_n-300x225.jpg\" alt=\"12219610_1519347748389764_5530401863706926122_n\" width=\"300\" height=\"225\" srcset=\"https:\/\/blog.espol.edu.ec\/marjgarc\/files\/2015\/10\/12219610_1519347748389764_5530401863706926122_n-300x225.jpg 300w, https:\/\/blog.espol.edu.ec\/marjgarc\/files\/2015\/10\/12219610_1519347748389764_5530401863706926122_n.jpg 960w\" sizes=\"auto, (max-width: 300px) 100vw, 300px\" \/><\/a><!--more--><\/p>\n<p style=\"text-align: center\">Obtenido de:\u00a0<a href=\"https:\/\/www.facebook.com\/profile.php?id=100009436607829\" target=\"_blank\">Gad LAUREL<\/a><\/p>\n<hr \/>\n<p style=\"text-align: center\">Festividades por la elecci\u00f3n de Reina en la Parroquia Laurel.<a href=\"http:\/\/blog.espol.edu.ec\/marjgarc\/files\/2015\/10\/1.jpg\"><img loading=\"lazy\" decoding=\"async\" class=\"alignnone size-medium wp-image-283\" src=\"http:\/\/blog.espol.edu.ec\/marjgarc\/files\/2015\/10\/1-300x169.jpg\" alt=\"1\" width=\"300\" height=\"169\" srcset=\"https:\/\/blog.espol.edu.ec\/marjgarc\/files\/2015\/10\/1-300x169.jpg 300w, https:\/\/blog.espol.edu.ec\/marjgarc\/files\/2015\/10\/1.jpg 972w\" sizes=\"auto, (max-width: 300px) 100vw, 300px\" \/><\/a> <a href=\"http:\/\/blog.espol.edu.ec\/marjgarc\/files\/2015\/10\/2.jpg\"><img loading=\"lazy\" decoding=\"async\" class=\"alignnone size-medium wp-image-284\" src=\"http:\/\/blog.espol.edu.ec\/marjgarc\/files\/2015\/10\/2-300x169.jpg\" alt=\"2\" width=\"300\" height=\"169\" srcset=\"https:\/\/blog.espol.edu.ec\/marjgarc\/files\/2015\/10\/2-300x169.jpg 300w, https:\/\/blog.espol.edu.ec\/marjgarc\/files\/2015\/10\/2-1024x578.jpg 1024w, https:\/\/blog.espol.edu.ec\/marjgarc\/files\/2015\/10\/2.jpg 2048w\" sizes=\"auto, (max-width: 300px) 100vw, 300px\" \/><\/a> <a href=\"http:\/\/blog.espol.edu.ec\/marjgarc\/files\/2015\/10\/3.jpg\"><img loading=\"lazy\" decoding=\"async\" class=\"alignnone size-medium wp-image-285\" src=\"http:\/\/blog.espol.edu.ec\/marjgarc\/files\/2015\/10\/3-300x169.jpg\" alt=\"3\" width=\"300\" height=\"169\" srcset=\"https:\/\/blog.espol.edu.ec\/marjgarc\/files\/2015\/10\/3-300x169.jpg 300w, https:\/\/blog.espol.edu.ec\/marjgarc\/files\/2015\/10\/3-1024x578.jpg 1024w, https:\/\/blog.espol.edu.ec\/marjgarc\/files\/2015\/10\/3.jpg 2048w\" sizes=\"auto, (max-width: 300px) 100vw, 300px\" \/><\/a> <a href=\"http:\/\/blog.espol.edu.ec\/marjgarc\/files\/2015\/10\/4.jpg\"><img loading=\"lazy\" decoding=\"async\" class=\"alignnone size-medium wp-image-286\" src=\"http:\/\/blog.espol.edu.ec\/marjgarc\/files\/2015\/10\/4-300x172.jpg\" alt=\"4\" width=\"300\" height=\"172\" srcset=\"https:\/\/blog.espol.edu.ec\/marjgarc\/files\/2015\/10\/4-300x172.jpg 300w, https:\/\/blog.espol.edu.ec\/marjgarc\/files\/2015\/10\/4-1024x587.jpg 1024w, https:\/\/blog.espol.edu.ec\/marjgarc\/files\/2015\/10\/4.jpg 1187w\" sizes=\"auto, (max-width: 300px) 100vw, 300px\" \/><\/a><\/p>\n<p style=\"text-align: center\">\u00a0Por:\u00a0<a href=\"https:\/\/www.facebook.com\/photo.php?fbid=1520187118305827&amp;set=a.1520186914972514.1073741890.100009436607829&amp;type=3&amp;theater\" target=\"_blank\">Gad Laurel<\/a><\/p>\n<hr \/>\n<p style=\"text-align: center\">\n","protected":false},"excerpt":{"rendered":"<p>Mediante im\u00e1genes podr\u00e1n constatar los distintos eventos que se realizan todos los a\u00f1os, m\u00faltiples fiestas, desfiles, concursos que brindan alegr\u00eda y recuerdos emotivos. FESTIVIDADES DE LA PARROQUIA LAUREL<\/p><p><a class=\"more-link btn\" href=\"https:\/\/blog.espol.edu.ec\/marjgarc\/mi-primera-pagina\/\">Seguir leyendo<\/a><\/p>\n","protected":false},"author":9891,"featured_media":277,"parent":0,"menu_order":0,"comment_status":"closed","ping_status":"closed","template":"","meta":{"footnotes":""},"class_list":["post-6","page","type-page","status-publish","has-post-thumbnail","hentry","nodate","item-wrap"],"_links":{"self":[{"href":"https:\/\/blog.espol.edu.ec\/marjgarc\/wp-json\/wp\/v2\/pages\/6","targetHints":{"allow":["GET"]}}],"collection":[{"href":"https:\/\/blog.espol.edu.ec\/marjgarc\/wp-json\/wp\/v2\/pages"}],"about":[{"href":"https:\/\/blog.espol.edu.ec\/marjgarc\/wp-json\/wp\/v2\/types\/page"}],"author":[{"embeddable":true,"href":"https:\/\/blog.espol.edu.ec\/marjgarc\/wp-json\/wp\/v2\/users\/9891"}],"replies":[{"embeddable":true,"href":"https:\/\/blog.espol.edu.ec\/marjgarc\/wp-json\/wp\/v2\/comments?post=6"}],"version-history":[{"count":4,"href":"https:\/\/blog.espol.edu.ec\/marjgarc\/wp-json\/wp\/v2\/pages\/6\/revisions"}],"predecessor-version":[{"id":287,"href":"https:\/\/blog.espol.edu.ec\/marjgarc\/wp-json\/wp\/v2\/pages\/6\/revisions\/287"}],"wp:featuredmedia":[{"embeddable":true,"href":"https:\/\/blog.espol.edu.ec\/marjgarc\/wp-json\/wp\/v2\/media\/277"}],"wp:attachment":[{"href":"https:\/\/blog.espol.edu.ec\/marjgarc\/wp-json\/wp\/v2\/media?parent=6"}],"curies":[{"name":"wp","href":"https:\/\/api.w.org\/{rel}","templated":true}]}}