{"id":18,"date":"2010-03-31T16:45:47","date_gmt":"2010-03-31T21:45:47","guid":{"rendered":"http:\/\/blog.espol.edu.ec\/marketingecuador\/?page_id=18"},"modified":"2010-03-31T16:45:47","modified_gmt":"2010-03-31T21:45:47","slug":"posicionamiento-buscadores","status":"publish","type":"page","link":"https:\/\/blog.espol.edu.ec\/marketingecuador\/servicios\/posicionamiento-buscadores\/","title":{"rendered":"Posicionamiento Buscadores"},"content":{"rendered":"<p>Hoy no hay nada m\u00e1s efectivo, r\u00e1pido y utilizado para investigar sobre cualquier tema que los motores de b\u00fasqueda. Muy seguramente muchos de sus clientes llegar\u00e1n a su p\u00e1gina web gracias a los buscadores. Por esta raz\u00f3n, ei importante que usted cuente con Estrategia en posicionamiento web\u00a0 que permite que su empresa est\u00e9 en los primeros lugares en p\u00e1ginas de b\u00fasqueda como Google,\u00a0 estrategia en SEO.<\/p>\n<h1>Posicionamiento en Buscadores<\/h1>\n<p>Generalmente los visitantes al hacer la b\u00fasqueda en google o yahoo sobre un determinado tema, escogen las primeras opci\u00f3n que les presenta el buscador. Por eso es importante tener una estrategia de posicionamiento web\u00a0o seo marketing, que busque la colocaci\u00f3n de su empresa en las primeras posiciones, de esta manera se dar\u00e1 a conocer, obtener m\u00e1s clientes.<\/p>\n<p>Con nuestra estrategia en posicionamiento web,\u00a0 Estrategia en SEO (Search Engine Optimization) usted tendr\u00e1 los siguientes beneficios:<\/p>\n<ul>\n<li>Aparecer en las primeras posiciones de los buscadores como Google, Yahoo y Bling<\/li>\n<li>Indentificas su visitantes<\/li>\n<li>Saber los temas de inter\u00e9s en su pagina<\/li>\n<li>Llegar a un segmento (Estrategia SEO en buscadores).<\/li>\n<\/ul>\n<p>El trabajo en posicionamiento en buscadores realizado por nuestros expertos,\u00a0 permiten obtener excelentes resultados en el aumento de visitantes a los sitios web.<\/p>\n<p>Elvis Arias lo ayudara acercarse al mundo de posicionamiento web en Ecuador de una forma escalable para su proyecto y le ayuda a llegar a su target mediante estrategias en posicionamiento online de una forma eficiente, respetando la etica transparente de la industria:<\/p>\n<ul class=\"unIndentedList\">\n<li>Ranking en los buscadores<\/li>\n<li>Optimizaci\u00f3n en buscadores org\u00e1nica<\/li>\n<li>Busqueda de palabras claves Keyword<\/li>\n<li>Monitoreo y reportes del estado de la pagina<\/li>\n<li>Generaci\u00f3n y manejo de links<\/li>\n<li>Generaci\u00f3n de textos para la optimizaci\u00f3n\u00a0<\/li>\n<\/ul>\n<p>Nosotros estamos listos para explicarle en qu\u00e9 consiste el posicionamiento en buscadores y hacer de su empresa la m\u00e1s reconocida dentro del campo al que pertenece. No dude en contactarnos <a href=\"mailto:elvispaul7@gmail.com\">elvispaul7@gmail.com<\/a> o llamarnos, comun\u00edquese al 095283409, Elvis Arias lo atendera personalmente.<\/p>\n","protected":false},"excerpt":{"rendered":"<p>Hoy no hay nada m\u00e1s efectivo, r\u00e1pido y utilizado para investigar sobre cualquier tema que los motores de b\u00fasqueda. Muy seguramente muchos de sus clientes llegar\u00e1n a su p\u00e1gina web gracias a los buscadores. Por esta raz\u00f3n, ei importante que usted cuente con Estrategia en posicionamiento web\u00a0 que permite que su empresa est\u00e9 en los [&hellip;]<\/p>\n","protected":false},"author":3646,"featured_media":0,"parent":12,"menu_order":0,"comment_status":"closed","ping_status":"closed","template":"","meta":{"footnotes":""},"class_list":["post-18","page","type-page","status-publish","hentry"],"aioseo_notices":[],"_links":{"self":[{"href":"https:\/\/blog.espol.edu.ec\/marketingecuador\/wp-json\/wp\/v2\/pages\/18","targetHints":{"allow":["GET"]}}],"collection":[{"href":"https:\/\/blog.espol.edu.ec\/marketingecuador\/wp-json\/wp\/v2\/pages"}],"about":[{"href":"https:\/\/blog.espol.edu.ec\/marketingecuador\/wp-json\/wp\/v2\/types\/page"}],"author":[{"embeddable":true,"href":"https:\/\/blog.espol.edu.ec\/marketingecuador\/wp-json\/wp\/v2\/users\/3646"}],"replies":[{"embeddable":true,"href":"https:\/\/blog.espol.edu.ec\/marketingecuador\/wp-json\/wp\/v2\/comments?post=18"}],"version-history":[{"count":1,"href":"https:\/\/blog.espol.edu.ec\/marketingecuador\/wp-json\/wp\/v2\/pages\/18\/revisions"}],"predecessor-version":[{"id":19,"href":"https:\/\/blog.espol.edu.ec\/marketingecuador\/wp-json\/wp\/v2\/pages\/18\/revisions\/19"}],"up":[{"embeddable":true,"href":"https:\/\/blog.espol.edu.ec\/marketingecuador\/wp-json\/wp\/v2\/pages\/12"}],"wp:attachment":[{"href":"https:\/\/blog.espol.edu.ec\/marketingecuador\/wp-json\/wp\/v2\/media?parent=18"}],"curies":[{"name":"wp","href":"https:\/\/api.w.org\/{rel}","templated":true}]}}