{"id":3,"date":"2010-03-31T15:20:37","date_gmt":"2010-03-31T20:20:37","guid":{"rendered":"http:\/\/blog.espol.edu.ec\/marketingecuador\/?page_id=3"},"modified":"2010-03-31T16:08:10","modified_gmt":"2010-03-31T21:08:10","slug":"inicio","status":"publish","type":"page","link":"https:\/\/blog.espol.edu.ec\/marketingecuador\/","title":{"rendered":"Estrategias"},"content":{"rendered":"<p>Las estrat\u00e9gias de mercadeo para promover el crecimiento de los negocio han cambiado radicalmente durante los \u00faltimos a\u00f1os,\u00a0 especialmente por la forma tan dura en que ha sido golpeada la econom\u00eda.<\/p>\n<p>Se acabaron esos d\u00edas donde se consegu\u00edan con facilidad algunos prospectos publicando anuncios en las p\u00e1ginas amarillas, colocando publicidad en prensa o en revistas.<\/p>\n<p>Si usted le preguntara a la gente cu\u00e1ndo fue la \u00faltima vez que utilizaron las p\u00e1ginas amarillas para encontrar un negocio en su localidad, lo m\u00e1s seguro es que lo miren raro y tal vez le digan que no se acuerdan o que han pasado\u00a0 a\u00f1os desde que no usan las p\u00e1ginas amarillas.<\/p>\n<p>\u00bfQu\u00e9 hay que hacer entonces?\u00a0\u00a0 Hay que tener presencia en la web y\u00a0 hacer mercadeo por internet.\u00a0\u00a0\u00a0 La gente hoy d\u00eda utiliza buscadores como Google para encontrar lo que busca (tel\u00e9fonos, productos, servicios, y otros).<\/p>\n<h1>Estrategias de Marketing Online<\/h1>\n<p>Puede resultar abrumador tratar de entenderlo y hacerlo todo por su cuenta o capacitar a alguien de su organizaci\u00f3n para que lo haga.\u00a0 Puede tomar varios libros, comprar cursos en Internet, atender a seminarios para tratar de entender c\u00f3mo hacerlo, pero existe tanto por aprender:<\/p>\n<p style=\"text-align: left\">- Investigaci\u00f3n de las palabras clave<br \/>\n- An\u00e1lisis competitivo<br \/>\n- Construcci\u00f3n de links<br \/>\n- Elaboraci\u00f3n de Art\u00edculos<br \/>\n-\u00a0Comunicados de prensa<br \/>\n- Lista de prospectos y clientes<br \/>\n- Aprender la tecnolog\u00eda<br \/>\n- Mantenerse al d\u00eda con las cambiantes normas y regulaciones<\/p>\n<p>Nos mantenemos actualizados sobre las \u00faltimas metodolog\u00edas, tecnolog\u00edas y t\u00e1cticas de mercadeo para llev\u00e1r tr\u00e1fico a las p\u00e1ginas web de los negocios colombianos.<\/p>\n<p>Ayudamos a los negocios locales, como el suyo, a mejorar sus indicadores de conversi\u00f3n para que sea m\u00e1s factible que los visitantes a su sitio web\u00a0 resulten comprandole\u00a0 a usted y por ende creciendo su negocio.<\/p>\n<h3>Asesor\u00eda Gratuita<\/h3>\n<p>Ll\u00e1menos para una Asesor\u00eda Gratuita sobre su sitio web.\u00a0 La revisaremos, analizaremos el potencial de incrementar el tr\u00e1fico\/n\u00famero de visitantes a su sitio web y de mejorar la efectividad para que sus clientes tomen acci\u00f3n.\u00a0 Luego le presentaremos nuestros descubrimientos, le haremos unas preguntas adicionales para entender la posibilidad de crecimiento de su negocio as\u00ed como su habilidad de responder a un incremento significativo de nuevos negocios.<\/p>\n<p>Por \u00faltimo, si tiene sentido para ambas partes, crearemos una propuesta sin ninguna obligaci\u00f3n para usted, donde identificaremos la manera en que podemos ayudarle a lograr el crecimientode negocio que necesita su empresa.<\/p>\n<p>\u00danicamente trabajamos con una empresa por cada sector o industria en cada ciudad (o sector de la ciudad en caso de ciudades grandes).\u00a0\u00a0 Sea usted el primero y \u00fanico en beneficiarse en su localidad, no vaya a ser que ya estemos ayudando a su competencia a dominar su nicho de mercado local en Internet.<\/p>\n<p>Elvis Arias<br \/>\nCelular: 095283409<\/p>\n","protected":false},"excerpt":{"rendered":"<p>Las estrat\u00e9gias de mercadeo para promover el crecimiento de los negocio han cambiado radicalmente durante los \u00faltimos a\u00f1os,\u00a0 especialmente por la forma tan dura en que ha sido golpeada la econom\u00eda. Se acabaron esos d\u00edas donde se consegu\u00edan con facilidad algunos prospectos publicando anuncios en las p\u00e1ginas amarillas, colocando publicidad en prensa o en revistas. [&hellip;]<\/p>\n","protected":false},"author":3646,"featured_media":0,"parent":0,"menu_order":0,"comment_status":"closed","ping_status":"closed","template":"","meta":{"footnotes":""},"class_list":["post-3","page","type-page","status-publish","hentry"],"aioseo_notices":[],"_links":{"self":[{"href":"https:\/\/blog.espol.edu.ec\/marketingecuador\/wp-json\/wp\/v2\/pages\/3","targetHints":{"allow":["GET"]}}],"collection":[{"href":"https:\/\/blog.espol.edu.ec\/marketingecuador\/wp-json\/wp\/v2\/pages"}],"about":[{"href":"https:\/\/blog.espol.edu.ec\/marketingecuador\/wp-json\/wp\/v2\/types\/page"}],"author":[{"embeddable":true,"href":"https:\/\/blog.espol.edu.ec\/marketingecuador\/wp-json\/wp\/v2\/users\/3646"}],"replies":[{"embeddable":true,"href":"https:\/\/blog.espol.edu.ec\/marketingecuador\/wp-json\/wp\/v2\/comments?post=3"}],"version-history":[{"count":8,"href":"https:\/\/blog.espol.edu.ec\/marketingecuador\/wp-json\/wp\/v2\/pages\/3\/revisions"}],"predecessor-version":[{"id":11,"href":"https:\/\/blog.espol.edu.ec\/marketingecuador\/wp-json\/wp\/v2\/pages\/3\/revisions\/11"}],"wp:attachment":[{"href":"https:\/\/blog.espol.edu.ec\/marketingecuador\/wp-json\/wp\/v2\/media?parent=3"}],"curies":[{"name":"wp","href":"https:\/\/api.w.org\/{rel}","templated":true}]}}