{"id":24,"date":"2011-10-28T16:25:07","date_gmt":"2011-10-28T16:25:07","guid":{"rendered":"http:\/\/blog.espol.edu.ec\/marlirod\/?page_id=24"},"modified":"2011-10-28T16:27:06","modified_gmt":"2011-10-28T16:27:06","slug":"letras-de-canciones","status":"publish","type":"page","link":"https:\/\/blog.espol.edu.ec\/marlirod\/letras-de-canciones\/","title":{"rendered":"Letras De Canciones"},"content":{"rendered":"<pre style=\"text-align: center\"><span style=\"color: #ff9900\"><span style=\"text-decoration: underline\"><em><strong>Quinto Piso\/ Ricardo Arjona<\/strong><\/em><\/span><\/span>\r\n<span style=\"color: #99cc00\"><em>Cielo arriba, suelo abajo\r\npan de trigo luz de ne\u00f3n\r\nyo aqu\u00ed vivo, quinto piso\r\nno consigo sonre\u00edr.\r\n\r\nY la tele es un rev\u00f3lver\r\ny el vecino es un can\u00edbal como yo\r\ny hay tanta gente por la calle\r\ndisimulando la amargura\r\nhay tantos lunes que los viernes\r\nest\u00e1n armando sindicatos.\r\n\r\nPara acudir a la fortuna\r\nte venden dioses novedosos\r\npara encontrarse la ternura\r\nhay quien se manda una pastilla\r\ny este septiembre tan enero\r\ny esta sonrisa tan llorona.\r\n\r\nTanto cielo, tanta luz\r\n\u00bfqui\u00e9n me observa desde all\u00ed?\r\ntantos r\u00edos, tanta sed\r\ntanta prisa por llegar.\r\n\r\nY el futbol de los domingos\r\ny el caf\u00e9 que abre unos ojos que no ven\r\ny hay tanto espacio en el espacio\r\ny hay tanta duda en las escuelas\r\nlos mercenarios al congreso\r\ny otro estratega es emboscado.\r\n\r\nPara acudir a la fortuna\r\nte venden dioses novedosos\r\npara encontrarse la ternura\r\nhay quien se manda una pastilla\r\neste septiembre tan enero\r\ny esta sonrisa tan llorona.\r\n\r\nCielo arriba, suelo abajo\r\npan de trigo luz de ne\u00f3n...<\/em><\/span><\/pre>\n","protected":false},"excerpt":{"rendered":"<p>Quinto Piso\/ Ricardo Arjona Cielo arriba, suelo abajo pan de trigo luz de ne\u00f3n yo aqu\u00ed vivo, quinto piso no consigo sonre\u00edr. Y la tele es un rev\u00f3lver y el vecino es un can\u00edbal como yo y hay tanta gente por la calle disimulando la amargura hay tantos lunes que los viernes est\u00e1n armando sindicatos. <a href=\"https:\/\/blog.espol.edu.ec\/marlirod\/letras-de-canciones\/\">Continue reading &#8594;<\/a><\/p>\n","protected":false},"author":6863,"featured_media":0,"parent":0,"menu_order":0,"comment_status":"open","ping_status":"open","template":"","meta":{"footnotes":""},"class_list":["post-24","page","type-page","status-publish","hentry"],"_links":{"self":[{"href":"https:\/\/blog.espol.edu.ec\/marlirod\/wp-json\/wp\/v2\/pages\/24","targetHints":{"allow":["GET"]}}],"collection":[{"href":"https:\/\/blog.espol.edu.ec\/marlirod\/wp-json\/wp\/v2\/pages"}],"about":[{"href":"https:\/\/blog.espol.edu.ec\/marlirod\/wp-json\/wp\/v2\/types\/page"}],"author":[{"embeddable":true,"href":"https:\/\/blog.espol.edu.ec\/marlirod\/wp-json\/wp\/v2\/users\/6863"}],"replies":[{"embeddable":true,"href":"https:\/\/blog.espol.edu.ec\/marlirod\/wp-json\/wp\/v2\/comments?post=24"}],"version-history":[{"count":4,"href":"https:\/\/blog.espol.edu.ec\/marlirod\/wp-json\/wp\/v2\/pages\/24\/revisions"}],"predecessor-version":[{"id":27,"href":"https:\/\/blog.espol.edu.ec\/marlirod\/wp-json\/wp\/v2\/pages\/24\/revisions\/27"}],"wp:attachment":[{"href":"https:\/\/blog.espol.edu.ec\/marlirod\/wp-json\/wp\/v2\/media?parent=24"}],"curies":[{"name":"wp","href":"https:\/\/api.w.org\/{rel}","templated":true}]}}