{"id":2,"date":"2014-10-23T15:33:33","date_gmt":"2014-10-23T15:33:33","guid":{"rendered":"http:\/\/blog.espol.edu.ec\/marmehin\/?page_id=2"},"modified":"2014-11-09T01:01:18","modified_gmt":"2014-11-09T01:01:18","slug":"ensaladas","status":"publish","type":"page","link":"https:\/\/blog.espol.edu.ec\/marmehin\/ensaladas\/","title":{"rendered":"Ensaladas"},"content":{"rendered":"<p><a href=\"http:\/\/blog.espol.edu.ec\/marmehin\/files\/2014\/10\/10751803_10203128115059391_988042876_n.jpg\"><img loading=\"lazy\" decoding=\"async\" class=\"size-medium wp-image-49 alignleft\" src=\"http:\/\/blog.espol.edu.ec\/marmehin\/files\/2014\/10\/10751803_10203128115059391_988042876_n-225x300.jpg\" alt=\"10751803_10203128115059391_988042876_n\" width=\"225\" height=\"300\" srcset=\"https:\/\/blog.espol.edu.ec\/marmehin\/files\/2014\/10\/10751803_10203128115059391_988042876_n-225x300.jpg 225w, https:\/\/blog.espol.edu.ec\/marmehin\/files\/2014\/10\/10751803_10203128115059391_988042876_n.jpg 720w\" sizes=\"auto, (max-width: 225px) 100vw, 225px\" \/><\/a><a href=\"http:\/\/blog.espol.edu.ec\/marmehin\/files\/2014\/10\/10799405_10203128114899387_1073550807_n.jpg\"><img loading=\"lazy\" decoding=\"async\" class=\"alignnone size-medium wp-image-48\" src=\"http:\/\/blog.espol.edu.ec\/marmehin\/files\/2014\/10\/10799405_10203128114899387_1073550807_n-225x300.jpg\" alt=\"10799405_10203128114899387_1073550807_n\" width=\"225\" height=\"300\" srcset=\"https:\/\/blog.espol.edu.ec\/marmehin\/files\/2014\/10\/10799405_10203128114899387_1073550807_n-225x300.jpg 225w, https:\/\/blog.espol.edu.ec\/marmehin\/files\/2014\/10\/10799405_10203128114899387_1073550807_n.jpg 640w\" sizes=\"auto, (max-width: 225px) 100vw, 225px\" \/><\/a><\/p>\n<p>&nbsp;<\/p>\n<p>&nbsp;<\/p>\n<p>Si deseas algo r\u00e1pido y sin duda delicioso, te recomiendo hacer una ensalada de pollo con lechuga, papa y salsa de cebolla con pimiento y tomate, agr\u00e9gale gotitas de lim\u00f3n y una pizca de sal, quedara sabroso.<\/p>\n<p>&nbsp;<\/p>\n<p>&nbsp;<\/p>\n<p>&nbsp;<\/p>\n<p>&nbsp;<\/p>\n<p><a href=\"http:\/\/blog.espol.edu.ec\/marmehin\/files\/2014\/10\/10807895_10203126891588805_809748915_n.jpg\"><img loading=\"lazy\" decoding=\"async\" class=\"size-medium wp-image-51 aligncenter\" src=\"http:\/\/blog.espol.edu.ec\/marmehin\/files\/2014\/10\/10807895_10203126891588805_809748915_n-225x300.jpg\" alt=\"10807895_10203126891588805_809748915_n\" width=\"225\" height=\"300\" srcset=\"https:\/\/blog.espol.edu.ec\/marmehin\/files\/2014\/10\/10807895_10203126891588805_809748915_n-225x300.jpg 225w, https:\/\/blog.espol.edu.ec\/marmehin\/files\/2014\/10\/10807895_10203126891588805_809748915_n.jpg 720w\" sizes=\"auto, (max-width: 225px) 100vw, 225px\" \/><\/a><\/p>\n<p>&nbsp;<\/p>\n<p>Si te conoces y crees que una ensalada de at\u00fan, con lechuga, pimiento verde, pepino, podrias acompa\u00f1arlo con un par de tostadas integrales para mantener la figura que tanto deseas, como sabes es preferible tener una excelente salud para nuestro bienestar.<\/p>\n<p>&nbsp;<\/p>\n<p>&nbsp;<\/p>\n<p>&nbsp;<\/p>\n<p>&nbsp;<\/p>\n<p><a href=\"http:\/\/blog.espol.edu.ec\/marmehin\/files\/2014\/10\/ensalada.jpg\"><img loading=\"lazy\" decoding=\"async\" class=\"wp-image-53 aligncenter\" src=\"http:\/\/blog.espol.edu.ec\/marmehin\/files\/2014\/10\/ensalada-300x199.jpg\" alt=\"ensalada\" width=\"300\" height=\"199\" srcset=\"https:\/\/blog.espol.edu.ec\/marmehin\/files\/2014\/10\/ensalada-300x199.jpg 300w, https:\/\/blog.espol.edu.ec\/marmehin\/files\/2014\/10\/ensalada.jpg 626w\" sizes=\"auto, (max-width: 300px) 100vw, 300px\" \/><\/a><\/p>\n<p>&nbsp;<\/p>\n<p>Esta ensalada es deliciosa, ya que puedes jugar con un sin numero de ingredientes, porque lo importante de estas recetas es que tenga los nutrientes necesarios para nuestra salud. Esta ensalada esta conformada por lomitos de at\u00fan de agua, \u00a0trocitos de zanahoria, vainitas y llechuga. Sencilla de hacer en unos minutos.<\/p>\n<p>&nbsp;<\/p>\n<p>&nbsp;<\/p>\n<p><a href=\"http:\/\/blog.espol.edu.ec\/marmehin\/files\/2014\/10\/10754785_10203126887588705_36999683_n.jpg\"><img loading=\"lazy\" decoding=\"async\" class=\"size-medium wp-image-55 aligncenter\" src=\"http:\/\/blog.espol.edu.ec\/marmehin\/files\/2014\/10\/10754785_10203126887588705_36999683_n-225x300.jpg\" alt=\"10754785_10203126887588705_36999683_n\" width=\"225\" height=\"300\" srcset=\"https:\/\/blog.espol.edu.ec\/marmehin\/files\/2014\/10\/10754785_10203126887588705_36999683_n-225x300.jpg 225w, https:\/\/blog.espol.edu.ec\/marmehin\/files\/2014\/10\/10754785_10203126887588705_36999683_n.jpg 640w\" sizes=\"auto, (max-width: 225px) 100vw, 225px\" \/><\/a><\/p>\n<p>&nbsp;<\/p>\n<p>Aqu\u00ed les muestro una combinaci\u00f3n de ensaladas fr\u00edas y calientes, una ensalada sencilla para acompa\u00f1ar nuestro plato que esta conformada por lechuga y pepino con unas gotitas de lim\u00f3n y una peque\u00f1a pizca de sal y pimienta. Y nuestro otro plato una pechuga de pollo asada ali\u00f1ada con media cucharada de ajo, tambi\u00e9n incluyendo tomate y cebolla.<\/p>\n<p>&nbsp;<\/p>\n<p><a href=\"http:\/\/blog.espol.edu.ec\/marmehin\/files\/2014\/10\/10805504_10203126891828811_675985873_n.jpg\"><img loading=\"lazy\" decoding=\"async\" class=\"size-medium wp-image-57 aligncenter\" src=\"http:\/\/blog.espol.edu.ec\/marmehin\/files\/2014\/10\/10805504_10203126891828811_675985873_n-300x225.jpg\" alt=\"10805504_10203126891828811_675985873_n\" width=\"300\" height=\"225\" srcset=\"https:\/\/blog.espol.edu.ec\/marmehin\/files\/2014\/10\/10805504_10203126891828811_675985873_n-300x225.jpg 300w, https:\/\/blog.espol.edu.ec\/marmehin\/files\/2014\/10\/10805504_10203126891828811_675985873_n.jpg 960w\" sizes=\"auto, (max-width: 300px) 100vw, 300px\" \/><\/a><\/p>\n<p>&nbsp;<\/p>\n<p>&nbsp;<\/p>\n<p>Una Ensalada practica para llevar a tu trabajo es la mejor idea para estar saludable, solo necesitas picar cebolla, pedazos de tomate, agregarle aceitunas y sobre todo los croutons que son peque\u00f1os pansitos crocantes, le puedes agregar trocitos de \u00a0pollo y como adhereso hacer una viangreta en tres sencillo pasos, utilizando vinagre, mostaza, lim\u00f3n, sal y pimienta.<\/p>\n<p>&nbsp;<\/p>\n","protected":false},"excerpt":{"rendered":"<p>&nbsp; &nbsp; Si deseas algo r\u00e1pido y sin duda delicioso, te recomiendo hacer una ensalada de pollo con lechuga, papa y salsa de cebolla con pimiento y tomate, agr\u00e9gale gotitas de lim\u00f3n y una pizca de sal, quedara sabroso. &nbsp; &nbsp; &nbsp; &nbsp; &nbsp; Si te conoces y crees que una ensalada de at\u00fan, con &hellip; <\/p>\n<p><a class=\"more-link btn\" href=\"https:\/\/blog.espol.edu.ec\/marmehin\/ensaladas\/\">Seguir leyendo<\/a><\/p>\n","protected":false},"author":9376,"featured_media":0,"parent":0,"menu_order":0,"comment_status":"open","ping_status":"open","template":"","meta":{"footnotes":""},"class_list":["post-2","page","type-page","status-publish","hentry","nodate","item-wrap"],"_links":{"self":[{"href":"https:\/\/blog.espol.edu.ec\/marmehin\/wp-json\/wp\/v2\/pages\/2","targetHints":{"allow":["GET"]}}],"collection":[{"href":"https:\/\/blog.espol.edu.ec\/marmehin\/wp-json\/wp\/v2\/pages"}],"about":[{"href":"https:\/\/blog.espol.edu.ec\/marmehin\/wp-json\/wp\/v2\/types\/page"}],"author":[{"embeddable":true,"href":"https:\/\/blog.espol.edu.ec\/marmehin\/wp-json\/wp\/v2\/users\/9376"}],"replies":[{"embeddable":true,"href":"https:\/\/blog.espol.edu.ec\/marmehin\/wp-json\/wp\/v2\/comments?post=2"}],"version-history":[{"count":8,"href":"https:\/\/blog.espol.edu.ec\/marmehin\/wp-json\/wp\/v2\/pages\/2\/revisions"}],"predecessor-version":[{"id":65,"href":"https:\/\/blog.espol.edu.ec\/marmehin\/wp-json\/wp\/v2\/pages\/2\/revisions\/65"}],"wp:attachment":[{"href":"https:\/\/blog.espol.edu.ec\/marmehin\/wp-json\/wp\/v2\/media?parent=2"}],"curies":[{"name":"wp","href":"https:\/\/api.w.org\/{rel}","templated":true}]}}