{"id":30,"date":"2012-07-08T21:22:55","date_gmt":"2012-07-08T21:22:55","guid":{"rendered":"http:\/\/blog.espol.edu.ec\/marobali\/?page_id=30"},"modified":"2012-07-09T21:37:52","modified_gmt":"2012-07-09T21:37:52","slug":"datos-de-interes","status":"publish","type":"page","link":"https:\/\/blog.espol.edu.ec\/marobali\/datos-de-interes\/","title":{"rendered":"Datos de Inter\u00e9s"},"content":{"rendered":"<h2>San Pablo:<\/h2>\n<ul>\n<li>Regi\u00f3n: Costa<\/li>\n<li>Provincia:Santa Elena<\/li>\n<li>Latitud:2\u00b0 08' 26.60\" S<\/li>\n<li>Longitud:80\u00b0 46' 25.39 \" O<\/li>\n<li>Clima:25\u00ba C a 29\u00ba C<\/li>\n<li>Poblaci\u00f3n:2372 (estimaci\u00f3n 2008)<\/li>\n<li>Fundaci\u00f3n:-<\/li>\n<li>Alcalde:Dionicio Gonzabay<\/li>\n<li>C\u00f3digo postal:EC241702<\/li>\n<li>Prefijo telef\u00f3nico:593 4<\/li>\n<li>Moneda:D\u00f3lar Americano<\/li>\n<li>Idioma predominante:Espa\u00f1ol<\/li>\n<li>Aeropuerto:-<\/li>\n<li>Distancia a Guayaquil:120 km. aprox.<\/li>\n<li>Distancia a Quito:540 km. aprox.<\/li>\n<\/ul>\n<h2>Ayangue:<\/h2>\n<ul>\n<li>Regi\u00f3n: Costa<\/li>\n<li>Provincia: Santa Elena<\/li>\n<li>Latitud:2\u00b0 01' 51.12\" S<\/li>\n<li>Longitud:80\u00b0 43' 33.14\" O<\/li>\n<li>Clima:25\u00ba C a 29\u00ba C<\/li>\n<li>Poblaci\u00f3n:2372 (estimaci\u00f3n 2008)<\/li>\n<li>Fundaci\u00f3n:-<\/li>\n<li>Alcalde: Dionicio Gonzabay<\/li>\n<li>C\u00f3digo postal:EC241702<\/li>\n<li>Prefijo telef\u00f3nico:593 4<\/li>\n<li>Moneda:D\u00f3lar Americano<\/li>\n<li>Idioma predominante:Espa\u00f1ol<\/li>\n<li>Aeropuerto:-<\/li>\n<li>Distancia a Guayaquil:120 km. aprox.<\/li>\n<li>Distancia a Quito:540 km. aprox<\/li>\n<\/ul>\n<h2>Monta\u00f1ita:<\/h2>\n<ul>\n<li>Regi\u00f3n: Costa<\/li>\n<li>Provincia:Santa Elena<\/li>\n<li>Latitud:1\u00b0 45' 29.25\" S<\/li>\n<li>Longitud:80\u00b0 45' 20.30\" O<\/li>\n<li>Clima:25\u00ba C a 29\u00ba C<\/li>\n<li>Poblaci\u00f3n:1000 (estimaci\u00f3n 2008)<\/li>\n<li>Fundaci\u00f3n:21 de Deptiembre de 1526<\/li>\n<li>Alcalde:Dionicio Gonzabay<\/li>\n<li>C\u00f3digo postal:EC241702<\/li>\n<li>Prefijo telef\u00f3nico:593 4<\/li>\n<li>Moneda:D\u00f3lar Americano<\/li>\n<li>Idioma predominante:Espa\u00f1ol<\/li>\n<li>Aeropuerto:-<\/li>\n<li>Distancia a Guayaquil:180 km. aprox.<\/li>\n<li>Distancia a Quito:540 km. aprox.<\/li>\n<\/ul>\n<h2>Barbasquillo:<\/h2>\n<div>\n<ul>\n<li>Regi\u00f3n: Costa<\/li>\n<li>Provincia:Manabi<\/li>\n<li>Latitud:0\u00b0 56' 39.76\" S<\/li>\n<li>Longitud:80\u00b0 45' 11.40\" O<\/li>\n<li>Clima:25\u00ba C a 29\u00ba C<\/li>\n<li>Poblaci\u00f3n:3683 (estimaci\u00f3n 2008)<\/li>\n<li>Fundaci\u00f3n:-<\/li>\n<li>Alcalde:Jorge Zambrano<\/li>\n<li>C\u00f3digo postal:EC131401<\/li>\n<li>Prefijo telef\u00f3nico:593 5<\/li>\n<li>Moneda:D\u00f3lar Americano<\/li>\n<li>Idioma predominante:Espa\u00f1ol<\/li>\n<li>Aeropuerto:Los Perales<\/li>\n<li>Distancia a Guayaquil:196 km. aprox.<\/li>\n<li>Distancia a Quito:419 km. aprox.<\/li>\n<\/ul>\n<p>&nbsp;<\/p>\n<\/div>\n<h2>Manta: Murci\u00e9lago<\/h2>\n<div>\n<ul>\n<li>Regi\u00f3n: Costa<\/li>\n<li>Provincia:Manabi<\/li>\n<li>Latitud:0\u00b0 45' 00.79\" S<\/li>\n<li>Longitud:80\u00b0 29' 59.11\" O<\/li>\n<li>Clima:24\u00ba C a 29\u00ba C<\/li>\n<li>Poblaci\u00f3n:3683 (estimaci\u00f3n 2008)<\/li>\n<li>Fundaci\u00f3n:-<\/li>\n<li>Alcalde:Alberto Coles<\/li>\n<li>C\u00f3digo postal:EC131401<\/li>\n<li>Prefijo telef\u00f3nico:593 5<\/li>\n<li>Moneda:D\u00f3lar Americano<\/li>\n<li>Idioma predominante:Espa\u00f1ol<\/li>\n<li>Aeropuerto:Los Perales<\/li>\n<li>Distancia a Guayaquil:194 km. aprox.<\/li>\n<li>Distancia a Quito:355 km. aprox.<\/li>\n<\/ul>\n<p>&nbsp;<\/p>\n<h2>San Vicente:<\/h2>\n<div>\n<ul>\n<li>Regi\u00f3n: Costa<\/li>\n<li>Provincia:Manabi<\/li>\n<li>Latitud:0\u00b0 35' 20.89\" S<\/li>\n<li>Longitud:80\u00b0 24' 11.36\" O<\/li>\n<li>Clima:24\u00ba C a 30\u00ba C<\/li>\n<li>Poblaci\u00f3n:23000 (estimaci\u00f3n 2008)<\/li>\n<li>Fundaci\u00f3n:16 de Noviembre de 1999<\/li>\n<li>Alcalde:Ing. Humberto Garc\u00eda<\/li>\n<li>C\u00f3digo postal:EC130802<\/li>\n<li>Prefijo telef\u00f3nico:593 5<\/li>\n<li>Moneda:D\u00f3lar Americano<\/li>\n<li>Idioma predominante:Espa\u00f1ol<\/li>\n<li>Aeropuerto:Los Perales<\/li>\n<li>Distancia a Guayaquil:360 km. aprox.<\/li>\n<li>Distancia a Quito:419 km. aprox.<\/li>\n<\/ul>\n<p>&nbsp;<\/p>\n<h2>Mompiche:<\/h2>\n<div>\n<ul>\n<li>Regi\u00f3n: Costa<\/li>\n<li>Provincia:Esmeraldas<\/li>\n<li>Latitud:0\u00b0 30' 23.37\" N<\/li>\n<li>Longitud:80\u00b0 01' 01.53\" O<\/li>\n<li>Clima:21\u00ba C a 32\u00ba C<\/li>\n<li>Poblaci\u00f3n:28047 estimaci\u00f3n 2008)<\/li>\n<li>Fundaci\u00f3n:03 de Octubre de 1956<\/li>\n<li>Alcalde:Tairon Quintero Vera<\/li>\n<li>C\u00f3digo postal:EC080151<\/li>\n<li>Prefijo telef\u00f3nico:593 6<\/li>\n<li>Moneda:D\u00f3lar Americano<\/li>\n<li>Idioma predominante:Espa\u00f1ol<\/li>\n<li>Aeropuerto:-<\/li>\n<li>Distancia a Guayaquil:507 km. aprox.<\/li>\n<li>Distancia a Quito:357 km. aprox.<\/li>\n<\/ul>\n<p>&nbsp;<\/p>\n<h2>Playa Escondida:<\/h2>\n<div>\n<ul>\n<li>Regi\u00f3n: Costa<\/li>\n<li>Provincia:Esmeraldas<\/li>\n<li>Latitud:0\u00b0 48' 52.61\" N<\/li>\n<li>Longitud:80\u00b0 01' 01.05\" O<\/li>\n<li>Clima:21\u00ba C a 32\u00ba C<\/li>\n<li>Poblaci\u00f3n:-<\/li>\n<li>Fundaci\u00f3n:-<\/li>\n<li>Alcalde:-<\/li>\n<li>C\u00f3digo postal:EC080151<\/li>\n<li>Prefijo telef\u00f3nico:593 6<\/li>\n<li>Moneda:D\u00f3lar Americano<\/li>\n<li>Idioma predominante:Espa\u00f1ol<\/li>\n<li>Aeropuerto:-<\/li>\n<li>Distancia a Guayaquil:537 km. aprox.<\/li>\n<li>Distancia a Quito:340 km. aprox.<\/li>\n<\/ul>\n<p>&nbsp;<\/p>\n<h2>Atacames:<\/h2>\n<ul>\n<li>Regi\u00f3n: Costa<\/li>\n<li>Provincia:Esmeraldas<\/li>\n<li>Latitud:01\u00ba 24' S<\/li>\n<li>Longitud:078\u00ba 25' O<\/li>\n<li>Clima:21\u00ba C a 25\u00ba C<\/li>\n<li>Poblaci\u00f3n:385.223 (estimaci\u00f3n 2008)<\/li>\n<li>Fundaci\u00f3n:21 de Deptiembre de 1526<\/li>\n<li>Alcalde:Freddy Saldarriaga Corral<\/li>\n<li>C\u00f3digo postal:EC080151<\/li>\n<li>Prefijo telef\u00f3nico:593 6<\/li>\n<li>Moneda:D\u00f3lar Americano<\/li>\n<li>Idioma predominante:Espa\u00f1ol<\/li>\n<li>Aeropuerto:-<\/li>\n<li>Distancia a Guayaquil:537 km. aprox.<\/li>\n<li>Distancia a Quito:318 km. aprox<\/li>\n<\/ul>\n<h2>Atacames:<\/h2>\n<div>\n<ul>\n<li>Regi\u00f3n: Costa<\/li>\n<li>Provincia:Esmeraldas<\/li>\n<li>Latitud:01\u00ba 24' S<\/li>\n<li>Longitud:078\u00ba 25' O<\/li>\n<li>Clima:21\u00ba C a 25\u00ba C<\/li>\n<li>Poblaci\u00f3n:385.223 (estimaci\u00f3n 2008)<\/li>\n<li>Fundaci\u00f3n:21 de Deptiembre de 1526<\/li>\n<li>Alcalde:Freddy Saldarriaga Corral<\/li>\n<li>C\u00f3digo postal:EC080151<\/li>\n<li>Prefijo telef\u00f3nico:593 6<\/li>\n<li>Moneda:D\u00f3lar Americano<\/li>\n<li>Idioma predominante:Espa\u00f1ol<\/li>\n<li>Aeropuerto:-<\/li>\n<li>Distancia a Guayaquil:537 km. aprox.<\/li>\n<li>Distancia a Quito:318 km. aprox.<\/li>\n<\/ul>\n<p>&nbsp;<\/p>\n<\/div>\n<\/div>\n<\/div>\n<\/div>\n<\/div>\n","protected":false},"excerpt":{"rendered":"<p>San Pablo: Regi\u00f3n: Costa Provincia:Santa Elena Latitud:2\u00b0 08' 26.60\" S Longitud:80\u00b0 46' 25.39 \" O Clima:25\u00ba C a 29\u00ba C Poblaci\u00f3n:2372 (estimaci\u00f3n 2008) Fundaci\u00f3n:- Alcalde:Dionicio Gonzabay C\u00f3digo postal:EC241702 Prefijo telef\u00f3nico:593 4 Moneda:D\u00f3lar Americano Idioma predominante:Espa\u00f1ol Aeropuerto:- Distancia a Guayaquil:120 km. aprox. Distancia a Quito:540 km. aprox. Ayangue: Regi\u00f3n: Costa Provincia: Santa Elena Latitud:2\u00b0 01' 51.12\" [&hellip;]<\/p>\n","protected":false},"author":7552,"featured_media":0,"parent":0,"menu_order":0,"comment_status":"open","ping_status":"open","template":"","meta":{"footnotes":""},"class_list":["post-30","page","type-page","status-publish","hentry"],"_links":{"self":[{"href":"https:\/\/blog.espol.edu.ec\/marobali\/wp-json\/wp\/v2\/pages\/30","targetHints":{"allow":["GET"]}}],"collection":[{"href":"https:\/\/blog.espol.edu.ec\/marobali\/wp-json\/wp\/v2\/pages"}],"about":[{"href":"https:\/\/blog.espol.edu.ec\/marobali\/wp-json\/wp\/v2\/types\/page"}],"author":[{"embeddable":true,"href":"https:\/\/blog.espol.edu.ec\/marobali\/wp-json\/wp\/v2\/users\/7552"}],"replies":[{"embeddable":true,"href":"https:\/\/blog.espol.edu.ec\/marobali\/wp-json\/wp\/v2\/comments?post=30"}],"version-history":[{"count":10,"href":"https:\/\/blog.espol.edu.ec\/marobali\/wp-json\/wp\/v2\/pages\/30\/revisions"}],"predecessor-version":[{"id":92,"href":"https:\/\/blog.espol.edu.ec\/marobali\/wp-json\/wp\/v2\/pages\/30\/revisions\/92"}],"wp:attachment":[{"href":"https:\/\/blog.espol.edu.ec\/marobali\/wp-json\/wp\/v2\/media?parent=30"}],"curies":[{"name":"wp","href":"https:\/\/api.w.org\/{rel}","templated":true}]}}