{"id":38,"date":"2015-05-18T21:30:22","date_gmt":"2015-05-18T21:30:22","guid":{"rendered":"http:\/\/blog.espol.edu.ec\/martinherrera\/?page_id=38"},"modified":"2015-05-18T21:32:57","modified_gmt":"2015-05-18T21:32:57","slug":"historias-en-vinetas","status":"publish","type":"page","link":"https:\/\/blog.espol.edu.ec\/martinherrera\/historias-en-vinetas\/","title":{"rendered":"Historias en vi\u00f1etas."},"content":{"rendered":"<p>Aqu\u00ec exploraremos un poco de cuentos o historias relatadas en vi\u00f1etas o m\u00e1s conocidos como comics. Muchos creen que es solo para menores de edad o nerds , pero realmente los comics tienen un trasfondo que suele no ser apto para ni\u00f1os e incluso para nerds ( aunque suene gracioso ) y aunque tambien veremos comics de las grandes casas como Marvel Comics y DC Comics , quisiera darle un mejor enfasis a esas historias que pocos conocen.<\/p>\n<p>Y en esta ocasion les traigo, el comic de una de las series m\u00e1s populares de estos \u00faltimos 5 a\u00f1os, influenciado por videojuegos, llevados por las ganas de sobrevivir e impulsados por la sed de adrenalina veremos a : <strong>The Walking Dead.<\/strong><\/p>\n<p><a href=\"http:\/\/blog.espol.edu.ec\/martinherrera\/files\/2015\/05\/The-Walking-Dead-Comic.jpg\"><img loading=\"lazy\" decoding=\"async\" class=\"  wp-image-40 aligncenter\" src=\"http:\/\/blog.espol.edu.ec\/martinherrera\/files\/2015\/05\/The-Walking-Dead-Comic-300x113.jpg\" alt=\"The-Walking-Dead-Comic\" width=\"386\" height=\"145\" srcset=\"https:\/\/blog.espol.edu.ec\/martinherrera\/files\/2015\/05\/The-Walking-Dead-Comic-300x113.jpg 300w, https:\/\/blog.espol.edu.ec\/martinherrera\/files\/2015\/05\/The-Walking-Dead-Comic.jpg 650w\" sizes=\"auto, (max-width: 386px) 100vw, 386px\" \/><\/a><\/p>\n<p><em>The Walking Dead (literalmente Los muertos andantes, y en la edici\u00f3n espa\u00f1ola Los muertos vivientes) es una serie de historietas estadounidense de periodicidad mensual escrita por Robert Kirkman y dibujada por Tony Moore, reemplazado por Charlie Adlard a partir del n\u00famero 7. The Walking Dead cuenta las aventuras y desventuras de un grupo de personas tratando de sobrevivir tras un apocalipsis zombie.<\/em><\/p>\n<p><em>Realizada en blanco, negro y grises, excepto las portadas, es publicada originalmente en Estados Unidos por Image Comics desde el a\u00f1o 2003, en Espa\u00f1a por Planeta DeAgostini Comics desde diciembre del 2013, en Chile por Editorial Unlimited desde el 2013, en M\u00e9xico por Editorial Kamite desde diciembre de 2012, y en Bolivia por TuKiosko Editorial desde octubre de 2013. En 2010 fue objeto de una adaptaci\u00f3n como serie televisiva por parte de la cadena AMC.<\/em><\/p>\n<p><em>The Walking Dead cuenta c\u00f3mo Rick Grimmes, un polic\u00eda estadounidense originario de Kentucky despierta de un estado de coma, despu\u00e9s de un accidente ocurrido estando de servicio, para encontrarse con un mundo arrasado por cad\u00e1veres deseosos de carne fresca y, sin saber qu\u00e9 ha pasado a su alrededor, emprende la b\u00fasqueda de su familia. Aunque en realidad la causa de la aparici\u00f3n de los zombies no se revela por completo, dando s\u00f3lo peque\u00f1os chispazos de la misma, la trama permite palpar el desarrollo humano y personal de los personajes y las v\u00edas para enfrentarse al panorama de persecuci\u00f3n, destrucci\u00f3n y muerte provocado por los zombies, a quienes llaman caminantes, exterminadores o mordedores (en Woodbury).<\/em><\/p>\n<ul>\n<li><em>Rick Grimes: Polic\u00eda de pueblo que tras ser herido cay\u00f3 en coma, despu\u00e9s de varios d\u00edas, al despertar se dio cuenta que estaba en un mundo repleto de muertos vivientes (vivo).<\/em><\/li>\n<li><em>Carl Grimes: Hijo de Rick Grimes superviviente del apocal\u00edpsis zombie (vivo).<\/em><\/li>\n<li><em>Glenn: Personaje principal que apareci\u00f3 regularmente en la serie (muerto).<\/em><\/li>\n<li><em>Michonne: Desde su primera aparici\u00f3n (n\u00famero 19) ha creado gran pol\u00e9mica (viva).<\/em><\/li>\n<li><em>Negan: Enemigo mayor de Rick Grimes (vivo).<\/em><\/li>\n<\/ul>\n<p>&nbsp;<\/p>\n<p>Y dejandoles aqu\u00ed mismo un link especial de descarga para leer los mejores comics que se encuentran traducidos en ingles, en tres servidores que espero les ayude.<\/p>\n<p>http:\/\/www.anzanime.es\/2010\/12\/walking-dead-comic-espanol-descargar.html<\/p>\n<p>&nbsp;<\/p>\n<p>No se vallan y sigan leyendo \ud83d\ude42<\/p>\n","protected":false},"excerpt":{"rendered":"<p>Aqu\u00ec exploraremos un poco de cuentos o historias relatadas en vi\u00f1etas o m\u00e1s conocidos como comics. Muchos creen que es solo para menores de edad o nerds , pero realmente los comics tienen un trasfondo que suele no ser apto para ni\u00f1os e incluso para nerds ( aunque suene gracioso ) y aunque tambien veremos &hellip; <\/p>\n<p><a class=\"more-link btn\" href=\"https:\/\/blog.espol.edu.ec\/martinherrera\/historias-en-vinetas\/\">Seguir leyendo<\/a><\/p>\n","protected":false},"author":9595,"featured_media":0,"parent":0,"menu_order":0,"comment_status":"open","ping_status":"open","template":"","meta":{"footnotes":""},"class_list":["post-38","page","type-page","status-publish","hentry","nodate","item-wrap"],"_links":{"self":[{"href":"https:\/\/blog.espol.edu.ec\/martinherrera\/wp-json\/wp\/v2\/pages\/38","targetHints":{"allow":["GET"]}}],"collection":[{"href":"https:\/\/blog.espol.edu.ec\/martinherrera\/wp-json\/wp\/v2\/pages"}],"about":[{"href":"https:\/\/blog.espol.edu.ec\/martinherrera\/wp-json\/wp\/v2\/types\/page"}],"author":[{"embeddable":true,"href":"https:\/\/blog.espol.edu.ec\/martinherrera\/wp-json\/wp\/v2\/users\/9595"}],"replies":[{"embeddable":true,"href":"https:\/\/blog.espol.edu.ec\/martinherrera\/wp-json\/wp\/v2\/comments?post=38"}],"version-history":[{"count":2,"href":"https:\/\/blog.espol.edu.ec\/martinherrera\/wp-json\/wp\/v2\/pages\/38\/revisions"}],"predecessor-version":[{"id":41,"href":"https:\/\/blog.espol.edu.ec\/martinherrera\/wp-json\/wp\/v2\/pages\/38\/revisions\/41"}],"wp:attachment":[{"href":"https:\/\/blog.espol.edu.ec\/martinherrera\/wp-json\/wp\/v2\/media?parent=38"}],"curies":[{"name":"wp","href":"https:\/\/api.w.org\/{rel}","templated":true}]}}