{"id":33,"date":"2009-01-07T19:07:51","date_gmt":"2009-01-08T00:07:51","guid":{"rendered":"http:\/\/blog.espol.edu.ec\/maryjoseph\/?page_id=33"},"modified":"2009-02-02T22:09:04","modified_gmt":"2009-02-03T03:09:04","slug":"excel","status":"publish","type":"page","link":"https:\/\/blog.espol.edu.ec\/maryjoseph\/excel\/","title":{"rendered":"Excel"},"content":{"rendered":"<p><strong><span style=\"text-decoration: line-through\"><a href=\"http:\/\/blog.espol.edu.ec\/maryjoseph\/files\/2009\/02\/solver1.jpg\"><\/a><\/span><\/strong><\/p>\n<p><strong><\/strong><\/p>\n<p><strong><span style=\"text-decoration: line-through\">SOLVER<\/span><\/strong><\/p>\n<div>\n<p class=\"MsoNormal\" style=\"margin: 0cm 0cm 0pt;text-align: justify\"><em><span style=\"font-size: 10pt;font-family: &quot;Arial&quot;,&quot;sans-serif&quot\">Solver es parte de una serie de comandos a veces denominados herramientas de an\u00e1lisis Y si\u00a0(an\u00e1lisis Y si: proceso de cambio de los valores de celdas para ver c\u00f3mo afectan esos cambios al resultado de f\u00f3rmulas de la hoja de c\u00e1lculo. Por ejemplo, variar la tasa de inter\u00e9s que se utiliza en una tabla de amortizaci\u00f3n para determinar el importe de los pagos.). Con Solver, puede buscarse el valor \u00f3ptimo para una f\u00f3rmula\u00a0(f\u00f3rmula: secuencia de valores, referencias de celda, nombres, funciones u operadores de una celda que producen juntos un valor nuevo. <\/span><\/em><\/p>\n<p class=\"MsoNormal\" style=\"margin: 0cm 0cm 0pt;text-align: justify\"><em><span style=\"font-size: 10pt;font-family: &quot;Arial&quot;,&quot;sans-serif&quot\">\u00a0<\/span><\/em><\/p>\n<p class=\"MsoNormal\" style=\"margin: 0cm 0cm 0pt;text-align: justify\"><em><span style=\"font-size: 10pt;font-family: &quot;Arial&quot;,&quot;sans-serif&quot\">Una formula comienza siempre con el signo igual (=).) de celda, denominada celda objetivo, en una hoja de c\u00e1lculo. Solver funciona en un grupo de celdas que est\u00e9n relacionadas, directa o indirectamente, con la f\u00f3rmula de la celda objetivo.<\/span><\/em><\/p>\n<p class=\"MsoNormal\" style=\"margin: 0cm 0cm 10pt;text-align: justify\"><em><span style=\"font-size: 10pt;font-family: &quot;Arial&quot;,&quot;sans-serif&quot\">Solver ajusta los valores en las celdas cambiantes que se especifiquen, denominadas celdas ajustables, para generar el resultado especificado en la f\u00f3rmula de la celda objetivo. Pueden aplicarse restricciones\u00a0(restricciones: limitaciones aplicadas a un problema de Solver. Puede aplicar restricciones a celdas ajustables, la celda de destino u otras celdas que est\u00e9n directa o indirectamente relacionadas con la celda de destino.) para restringir los valores que puede utilizar Solver en el modelo y las restricciones pueden hacer referencia a otras celdas a las que afecte la f\u00f3rmula de la celda objetivo.<\/span><\/em><\/p>\n<p class=\"MsoNormal\" style=\"margin: 0cm 0cm 10pt;text-align: justify\"><em><span style=\"font-size: 10pt;font-family: &quot;Arial&quot;,&quot;sans-serif&quot\">Utilice Solver para determinar el valor m\u00e1ximo o m\u00ednimo de una celda cambiando otras celdas, por ejemplo, puede cambiar el importe del presupuesto previsto para publicidad y ver el efecto sobre el margen de beneficio.<\/span><\/em><\/p>\n<\/div>\n<p align=\"left\"><span style=\"font-size: small;color: #800000;font-family: Verdana\"><strong><a href=\"http:\/\/blog.espol.edu.ec\/maryjoseph\/files\/2009\/02\/solver1.jpg\"><\/a><\/strong><\/span><\/p>\n<p><strong><\/strong><\/p>\n<p><strong><span style=\"text-decoration: line-through\">ERRORES COMUNES DE EXCEL<\/span><\/strong><\/p>\n<p><strong>#N\/A<\/strong><\/p>\n<p>Existen dos causa comunes cuando se presenta este error:\u00a0<\/p>\n<ul>\n<li>Que la funci\u00f3n tenga un argumento mal escrito\u00a0<\/li>\n<li>Que no encuentre el valor buscado cuando se utiliza cualquiera de las siguientes funciones: BUSCAR, BUSCARV, BUSCARH, COINCIDIR<\/li>\n<\/ul>\n<p><strong><\/strong><\/p>\n<p><strong>#\u00bfNombre?<\/strong><\/p>\n<p>El error #\u00bfNombre? aparece normalmente cuando hay una f\u00f3rmula mal escrita. Una de las causas m\u00e1s comunes es que haya un error de ortograf\u00eda en alg\u00fan lugar, falten comillas o falten dos puntos.<\/p>\n<p><strong>######<\/strong><\/p>\n<p>Cuando en una celda se muestra ##### significa que el formato elegido no cabe en el ancho de la columna.<\/p>\n<p><strong>#\u00a1VALOR!<\/strong><\/p>\n<p>El error #\u00a1VALOR! aparece normalmente cuando la f\u00f3rmula o funci\u00f3n no sabe qu\u00e9 valor regresar, ya sea porque:\u00a0<\/p>\n<ul>\n<li>se puso un texto en lugar de un n\u00famero o viceversa.\u00a0<\/li>\n<li>una f\u00f3rmula o funci\u00f3n no encontr\u00f3 el resultado.<\/li>\n<\/ul>\n<p><strong><\/strong><\/p>\n<p><strong>#\u00a1DIV\/0!.<\/strong>\u00a0<\/p>\n<p>Cada vez que se intenta dividir una cantidad entre cero, Excel marca un error y lo muestra con esta clave:\u00a0\u00a0 #\u00a1DIV\/0!.<\/p>\n<p>\u00a0<\/p>\n<p><span style=\"text-decoration: line-through\"><strong>GRAFICOS DE EXCEL<\/strong><\/span><\/p>\n<p><a href=\"http:\/\/blog.espol.edu.ec\/maryjoseph\/files\/2009\/01\/image0031.gif\"><img loading=\"lazy\" decoding=\"async\" class=\"alignnone size-medium wp-image-44\" src=\"http:\/\/blog.espol.edu.ec\/maryjoseph\/files\/2009\/01\/image0031-300x201.gif\" alt=\"\" width=\"300\" height=\"201\" \/><\/a><\/p>\n<p><span style=\"font-size: 10pt;color: #000000;font-family: 'Verdana','sans-serif'\"><strong>Barras \/ Columnas<\/strong><\/span><span style=\"font-size: 10pt;color: #000000;font-family: 'Verdana','sans-serif'\"><br \/>\nEste grafico sirve para comparar datos entre diferentes segmentos (sectores, empresas, periodos de tiempo...)<\/span><\/p>\n<p><span style=\"font-size: 10pt;color: #000000;font-family: 'Verdana','sans-serif'\"><span style=\"font-size: 10pt;color: #000000;font-family: 'Verdana','sans-serif'\"><strong>Lineas<\/strong><\/span><span style=\"font-size: 10pt;color: #000000;font-family: 'Verdana','sans-serif'\"><br \/>\nAyudan a ver la evolucion de los datos. Por lo general se usan para mostrar un mismo tipo de dato y su evolucion (valor de la accion y el tiempo, numero de ventas y precio).<\/span><\/span><\/p>\n<p><span style=\"font-size: 10pt;color: #000000;font-family: 'Verdana','sans-serif'\"><span style=\"font-size: 10pt;color: #000000;font-family: 'Verdana','sans-serif'\"><span style=\"font-size: 10pt;color: #000000;font-family: 'Verdana','sans-serif'\"><strong>Circular<\/strong><br \/>\nLos gr\u00e1ficos circulares permiten representar una serie de datos de acuerdo al porcentaje que cada uno de ellos representa sobre la suma de todos los valores de la serie.<\/span><\/span><\/span><\/p>\n<p><span style=\"font-size: 10pt;color: #000000;font-family: 'Verdana','sans-serif'\"><span style=\"font-size: 10pt;color: #000000;font-family: 'Verdana','sans-serif'\"><span style=\"font-size: 10pt;color: #000000;font-family: 'Verdana','sans-serif'\"><span style=\"font-size: 10pt;color: #000000;font-family: 'Verdana','sans-serif'\"><strong>Radial<\/strong><\/span><span style=\"font-size: 10pt;color: #000000;font-family: 'Verdana','sans-serif'\"><br \/>\nEn el radar podemos ver la superficie creada por varias variables y asi poder comparar entidades (dos productos que presentan varias caracteristicas pueden ser comparados en su totalidad usando esta grafica). <\/span><\/span><\/span><\/span><\/p>\n<p>\u00a0<span style=\"font-size: 10pt;color: #000000;font-family: &quot;Verdana&quot;,&quot;sans-serif&amp;quot\"><strong>Burbujas<\/strong><\/span><span style=\"font-size: 10pt;color: #000000;font-family: &quot;Verdana&quot;,&quot;sans-serif&amp;quot\"><br \/>\nAqui el grid (lineas de division del eje) suele ser una variable por si misma, haciendo que la disposicion de las burbujas represente otras variables junto al propio tama\u00f1o de la burbuja. Este tipo de graficas permite concentrar mucha informacion en poco espacio. <\/span><\/p>\n<p>\u00a0<span style=\"font-size: 10pt;color: #000000;font-family: &quot;Verdana&quot;,&quot;sans-serif&amp;quot\"><strong>Superficies<\/strong><\/span><span style=\"font-size: 10pt;color: #000000;font-family: &quot;Verdana&quot;,&quot;sans-serif&amp;quot\"><br \/>\nEste grafico se suele usar para ver la evoluci\u00f3n de un dato sujeto a 3 variables. Por ejemplo la dureza de un material dependiendo de la temperatura, densidad y volumen. <\/span><\/p>\n<p><span style=\"font-size: 10pt;color: #000000;font-family: &quot;Verdana&quot;,&quot;sans-serif&amp;quot\"><strong>Ejes X Y<\/strong><\/span><span style=\"font-size: 10pt;color: #000000;font-family: &quot;Verdana&quot;,&quot;sans-serif&amp;quot\"><strong><\/strong><\/span><\/p>\n<p><span style=\"font-size: 10pt;color: #000000;font-family: &quot;Verdana&quot;,&quot;sans-serif&amp;quot\"><strong><\/strong><\/span><\/p>\n<p>Un gr\u00e1fico XY dispersi\u00f3n tiene dos ejes de valores y los datos pueden mostrarse en rangos desiguales o grupos es muy usado para datos cient\u00edficos en sus planillas de calculo.<\/p>\n<p><a href=\"http:\/\/blog.espol.edu.ec\/maryjoseph\/files\/2009\/01\/excel-2007-chart-design-inspiration.png\"><img loading=\"lazy\" decoding=\"async\" class=\"alignnone size-medium wp-image-45\" src=\"http:\/\/blog.espol.edu.ec\/maryjoseph\/files\/2009\/01\/excel-2007-chart-design-inspiration-300x200.png\" alt=\"\" width=\"300\" height=\"200\" \/><\/a><\/p>\n","protected":false},"excerpt":{"rendered":"<p>SOLVER Solver es parte de una serie de comandos a veces denominados herramientas de an\u00e1lisis Y si\u00a0(an\u00e1lisis Y si: proceso de cambio de los valores de celdas para ver c\u00f3mo afectan esos cambios al resultado de f\u00f3rmulas de la hoja de c\u00e1lculo. Por ejemplo, variar la tasa de inter\u00e9s que se utiliza en una tabla [&hellip;]<\/p>\n","protected":false},"author":799,"featured_media":0,"parent":0,"menu_order":0,"comment_status":"open","ping_status":"open","template":"","meta":{"footnotes":""},"class_list":["post-33","page","type-page","status-publish","hentry"],"_links":{"self":[{"href":"https:\/\/blog.espol.edu.ec\/maryjoseph\/wp-json\/wp\/v2\/pages\/33","targetHints":{"allow":["GET"]}}],"collection":[{"href":"https:\/\/blog.espol.edu.ec\/maryjoseph\/wp-json\/wp\/v2\/pages"}],"about":[{"href":"https:\/\/blog.espol.edu.ec\/maryjoseph\/wp-json\/wp\/v2\/types\/page"}],"author":[{"embeddable":true,"href":"https:\/\/blog.espol.edu.ec\/maryjoseph\/wp-json\/wp\/v2\/users\/799"}],"replies":[{"embeddable":true,"href":"https:\/\/blog.espol.edu.ec\/maryjoseph\/wp-json\/wp\/v2\/comments?post=33"}],"version-history":[{"count":10,"href":"https:\/\/blog.espol.edu.ec\/maryjoseph\/wp-json\/wp\/v2\/pages\/33\/revisions"}],"predecessor-version":[{"id":50,"href":"https:\/\/blog.espol.edu.ec\/maryjoseph\/wp-json\/wp\/v2\/pages\/33\/revisions\/50"}],"wp:attachment":[{"href":"https:\/\/blog.espol.edu.ec\/maryjoseph\/wp-json\/wp\/v2\/media?parent=33"}],"curies":[{"name":"wp","href":"https:\/\/api.w.org\/{rel}","templated":true}]}}