{"id":124,"date":"2017-04-11T16:43:42","date_gmt":"2017-04-11T21:43:42","guid":{"rendered":"http:\/\/blog.espol.edu.ec\/matg1003\/?page_id=124"},"modified":"2025-09-10T12:50:24","modified_gmt":"2025-09-10T17:50:24","slug":"matg1003","status":"publish","type":"page","link":"https:\/\/blog.espol.edu.ec\/matg1049\/","title":{"rendered":"MATG1049 | PAO 2 | 2025-2026"},"content":{"rendered":"<div id=\"pl-124\"  class=\"panel-layout\" ><div id=\"pg-124-0\"  class=\"panel-grid panel-no-style\" ><div id=\"pgc-124-0-0\"  class=\"panel-grid-cell\" ><div id=\"panel-124-0-0-0\" class=\"so-panel widget_sow-editor panel-first-child panel-last-child\" data-index=\"0\" ><div\n\t\t\t\n\t\t\tclass=\"so-widget-sow-editor so-widget-sow-editor-base\"\n\t\t\t\n\t\t>\n<div class=\"siteorigin-widget-tinymce textwidget\">\n\t<hr \/>\n<p><\/p>\n<\/div>\n<\/div><\/div><\/div><\/div><div id=\"pg-124-1\"  class=\"panel-grid panel-no-style\" ><div id=\"pgc-124-1-0\"  class=\"panel-grid-cell\" ><div id=\"panel-124-1-0-0\" class=\"so-panel widget_sow-slider panel-first-child panel-last-child\" data-index=\"1\" ><div\n\t\t\t\n\t\t\tclass=\"so-widget-sow-slider so-widget-sow-slider-default-79e6af418643-124\"\n\t\t\t\n\t\t>\t\t\t\t<div class=\"sow-slider-base\" style=\"display: none\" tabindex=\"0\">\n\t\t\t\t\t<ul\n\t\t\t\t\tclass=\"sow-slider-images\"\n\t\t\t\t\tdata-settings=\"{&quot;pagination&quot;:true,&quot;speed&quot;:500,&quot;timeout&quot;:5000,&quot;paused&quot;:false,&quot;pause_on_hover&quot;:false,&quot;swipe&quot;:true,&quot;nav_always_show_desktop&quot;:&quot;&quot;,&quot;nav_always_show_mobile&quot;:&quot;&quot;,&quot;breakpoint&quot;:&quot;780px&quot;,&quot;unmute&quot;:false,&quot;anchor&quot;:null}\"\n\t\t\t\t\t\t\t\t\t\tdata-anchor-id=\"\"\n\t\t\t\t>\t\t<li class=\"sow-slider-image\" style=\"visibility: visible;\" >\n\t\t\t\t\t\t<div class=\"sow-slider-image-container\">\n\t\t\t\t<div class=\"sow-slider-image-wrapper\" style=\"max-width: 851px\">\n\t\t\t\t\t\t\t\t\t\t<div class=\"sow-slider-image-foreground-wrapper\">\n\t\t\t\t\t\t<img loading=\"lazy\" decoding=\"async\" width=\"851\" height=\"315\" src=\"https:\/\/blog.espol.edu.ec\/matg1049\/files\/2020\/01\/carrusel-t2-2019-2.jpg\" class=\"sow-slider-foreground-image\" alt=\"\" style=\"\" srcset=\"https:\/\/blog.espol.edu.ec\/matg1049\/files\/2020\/01\/carrusel-t2-2019-2.jpg 851w, https:\/\/blog.espol.edu.ec\/matg1049\/files\/2020\/01\/carrusel-t2-2019-2-300x111.jpg 300w, https:\/\/blog.espol.edu.ec\/matg1049\/files\/2020\/01\/carrusel-t2-2019-2-768x284.jpg 768w\" sizes=\"auto, (max-width: 851px) 100vw, 851px\" \/>\t\t\t\t\t<\/div>\n\t\t\t\t\t\t\t\t\t<\/div>\n\t\t\t<\/div>\n\t\t\t\t\t<\/li>\n\t\t\t\t<li class=\"sow-slider-image\" style=\"visibility: hidden;\" >\n\t\t\t\t\t\t<div class=\"sow-slider-image-container\">\n\t\t\t\t<div class=\"sow-slider-image-wrapper\" style=\"max-width: 851px\">\n\t\t\t\t\t\t\t\t\t\t<div class=\"sow-slider-image-foreground-wrapper\">\n\t\t\t\t\t\t<img loading=\"lazy\" decoding=\"async\" width=\"851\" height=\"315\" src=\"https:\/\/blog.espol.edu.ec\/matg1049\/files\/2019\/11\/carrusel-t2-2019-1.jpg\" class=\"sow-slider-foreground-image\" alt=\"\" style=\"\" srcset=\"https:\/\/blog.espol.edu.ec\/matg1049\/files\/2019\/11\/carrusel-t2-2019-1.jpg 851w, https:\/\/blog.espol.edu.ec\/matg1049\/files\/2019\/11\/carrusel-t2-2019-1-300x111.jpg 300w, https:\/\/blog.espol.edu.ec\/matg1049\/files\/2019\/11\/carrusel-t2-2019-1-768x284.jpg 768w\" sizes=\"auto, (max-width: 851px) 100vw, 851px\" \/>\t\t\t\t\t<\/div>\n\t\t\t\t\t\t\t\t\t<\/div>\n\t\t\t<\/div>\n\t\t\t\t\t<\/li>\n\t\t\t\t<li class=\"sow-slider-image\" style=\"visibility: hidden;\" >\n\t\t\t\t\t\t<div class=\"sow-slider-image-container\">\n\t\t\t\t<div class=\"sow-slider-image-wrapper\" style=\"max-width: 851px\">\n\t\t\t\t\t\t\t\t\t\t<div class=\"sow-slider-image-foreground-wrapper\">\n\t\t\t\t\t\t<img loading=\"lazy\" decoding=\"async\" width=\"851\" height=\"315\" src=\"https:\/\/blog.espol.edu.ec\/matg1049\/files\/2019\/07\/01.jpg\" class=\"sow-slider-foreground-image\" alt=\"\" style=\"\" srcset=\"https:\/\/blog.espol.edu.ec\/matg1049\/files\/2019\/07\/01.jpg 851w, https:\/\/blog.espol.edu.ec\/matg1049\/files\/2019\/07\/01-300x111.jpg 300w, https:\/\/blog.espol.edu.ec\/matg1049\/files\/2019\/07\/01-768x284.jpg 768w\" sizes=\"auto, (max-width: 851px) 100vw, 851px\" \/>\t\t\t\t\t<\/div>\n\t\t\t\t\t\t\t\t\t<\/div>\n\t\t\t<\/div>\n\t\t\t\t\t<\/li>\n\t\t\t\t<li class=\"sow-slider-image\" style=\"visibility: hidden;\" >\n\t\t\t\t\t\t<div class=\"sow-slider-image-container\">\n\t\t\t\t<div class=\"sow-slider-image-wrapper\" style=\"max-width: 851px\">\n\t\t\t\t\t\t\t\t\t\t<div class=\"sow-slider-image-foreground-wrapper\">\n\t\t\t\t\t\t<img loading=\"lazy\" decoding=\"async\" width=\"851\" height=\"315\" src=\"https:\/\/blog.espol.edu.ec\/matg1049\/files\/2019\/07\/02.jpg\" class=\"sow-slider-foreground-image\" alt=\"\" style=\"\" srcset=\"https:\/\/blog.espol.edu.ec\/matg1049\/files\/2019\/07\/02.jpg 851w, https:\/\/blog.espol.edu.ec\/matg1049\/files\/2019\/07\/02-300x111.jpg 300w, https:\/\/blog.espol.edu.ec\/matg1049\/files\/2019\/07\/02-768x284.jpg 768w\" sizes=\"auto, (max-width: 851px) 100vw, 851px\" \/>\t\t\t\t\t<\/div>\n\t\t\t\t\t\t\t\t\t<\/div>\n\t\t\t<\/div>\n\t\t\t\t\t<\/li>\n\t\t\t\t<li class=\"sow-slider-image\" style=\"visibility: hidden;\" >\n\t\t\t\t\t\t<div class=\"sow-slider-image-container\">\n\t\t\t\t<div class=\"sow-slider-image-wrapper\" style=\"max-width: 851px\">\n\t\t\t\t\t\t\t\t\t\t<div class=\"sow-slider-image-foreground-wrapper\">\n\t\t\t\t\t\t<img loading=\"lazy\" decoding=\"async\" width=\"851\" height=\"315\" src=\"https:\/\/blog.espol.edu.ec\/matg1049\/files\/2019\/07\/03.jpg\" class=\"sow-slider-foreground-image\" alt=\"\" style=\"\" srcset=\"https:\/\/blog.espol.edu.ec\/matg1049\/files\/2019\/07\/03.jpg 851w, https:\/\/blog.espol.edu.ec\/matg1049\/files\/2019\/07\/03-300x111.jpg 300w, https:\/\/blog.espol.edu.ec\/matg1049\/files\/2019\/07\/03-768x284.jpg 768w\" sizes=\"auto, (max-width: 851px) 100vw, 851px\" \/>\t\t\t\t\t<\/div>\n\t\t\t\t\t\t\t\t\t<\/div>\n\t\t\t<\/div>\n\t\t\t\t\t<\/li>\n\t\t\t\t<li class=\"sow-slider-image\" style=\"visibility: hidden;\" >\n\t\t\t\t\t\t<div class=\"sow-slider-image-container\">\n\t\t\t\t<div class=\"sow-slider-image-wrapper\" style=\"max-width: 851px\">\n\t\t\t\t\t\t\t\t\t\t<div class=\"sow-slider-image-foreground-wrapper\">\n\t\t\t\t\t\t<img loading=\"lazy\" decoding=\"async\" width=\"851\" height=\"315\" src=\"https:\/\/blog.espol.edu.ec\/matg1049\/files\/2019\/07\/04.jpg\" class=\"sow-slider-foreground-image\" alt=\"\" style=\"\" srcset=\"https:\/\/blog.espol.edu.ec\/matg1049\/files\/2019\/07\/04.jpg 851w, https:\/\/blog.espol.edu.ec\/matg1049\/files\/2019\/07\/04-300x111.jpg 300w, https:\/\/blog.espol.edu.ec\/matg1049\/files\/2019\/07\/04-768x284.jpg 768w\" sizes=\"auto, (max-width: 851px) 100vw, 851px\" \/>\t\t\t\t\t<\/div>\n\t\t\t\t\t\t\t\t\t<\/div>\n\t\t\t<\/div>\n\t\t\t\t\t<\/li>\n\t\t\t\t<li class=\"sow-slider-image\" style=\"visibility: hidden;\" >\n\t\t\t\t\t\t<div class=\"sow-slider-image-container\">\n\t\t\t\t<div class=\"sow-slider-image-wrapper\" style=\"max-width: 851px\">\n\t\t\t\t\t\t\t\t\t\t<div class=\"sow-slider-image-foreground-wrapper\">\n\t\t\t\t\t\t<img loading=\"lazy\" decoding=\"async\" width=\"851\" height=\"315\" src=\"https:\/\/blog.espol.edu.ec\/matg1049\/files\/2019\/07\/05.jpg\" class=\"sow-slider-foreground-image\" alt=\"\" style=\"\" srcset=\"https:\/\/blog.espol.edu.ec\/matg1049\/files\/2019\/07\/05.jpg 851w, https:\/\/blog.espol.edu.ec\/matg1049\/files\/2019\/07\/05-300x111.jpg 300w, https:\/\/blog.espol.edu.ec\/matg1049\/files\/2019\/07\/05-768x284.jpg 768w\" sizes=\"auto, (max-width: 851px) 100vw, 851px\" \/>\t\t\t\t\t<\/div>\n\t\t\t\t\t\t\t\t\t<\/div>\n\t\t\t<\/div>\n\t\t\t\t\t<\/li>\n\t\t<\/ul>\t\t\t\t<ol class=\"sow-slider-pagination\">\n\t\t\t\t\t\t\t\t\t\t\t<li><a href=\"#\" data-goto=\"0\" aria-label=\"mostrar diapositiva 1\"><\/a><\/li>\n\t\t\t\t\t\t\t\t\t\t\t<li><a href=\"#\" data-goto=\"1\" aria-label=\"mostrar diapositiva 2\"><\/a><\/li>\n\t\t\t\t\t\t\t\t\t\t\t<li><a href=\"#\" data-goto=\"2\" aria-label=\"mostrar diapositiva 3\"><\/a><\/li>\n\t\t\t\t\t\t\t\t\t\t\t<li><a href=\"#\" data-goto=\"3\" aria-label=\"mostrar diapositiva 4\"><\/a><\/li>\n\t\t\t\t\t\t\t\t\t\t\t<li><a href=\"#\" data-goto=\"4\" aria-label=\"mostrar diapositiva 5\"><\/a><\/li>\n\t\t\t\t\t\t\t\t\t\t\t<li><a href=\"#\" data-goto=\"5\" aria-label=\"mostrar diapositiva 6\"><\/a><\/li>\n\t\t\t\t\t\t\t\t\t\t\t<li><a href=\"#\" data-goto=\"6\" aria-label=\"mostrar diapositiva 7\"><\/a><\/li>\n\t\t\t\t\t\t\t\t\t<\/ol>\n\n\t\t\t\t<div class=\"sow-slide-nav sow-slide-nav-next\">\n\t\t\t\t\t<a href=\"#\" data-goto=\"next\" aria-label=\"diapositiva siguiente\" data-action=\"next\">\n\t\t\t\t\t\t<em class=\"sow-sld-icon-ultra-thin-rounded-right\"><\/em>\n\t\t\t\t\t<\/a>\n\t\t\t\t<\/div>\n\n\t\t\t\t<div class=\"sow-slide-nav sow-slide-nav-prev\">\n\t\t\t\t\t<a href=\"#\" data-goto=\"previous\" aria-label=\"diapositiva anterior\" data-action=\"prev\">\n\t\t\t\t\t\t<em class=\"sow-sld-icon-ultra-thin-rounded-left\"><\/em>\n\t\t\t\t\t<\/a>\n\t\t\t\t<\/div>\n\t\t\t\t<\/div><\/div><\/div><\/div><\/div><div id=\"pg-124-2\"  class=\"panel-grid panel-no-style\" ><div id=\"pgc-124-2-0\"  class=\"panel-grid-cell\" ><div id=\"panel-124-2-0-0\" class=\"so-panel widget_sow-editor panel-first-child panel-last-child\" data-index=\"2\" ><div class=\"panel-widget-style panel-widget-style-for-124-2-0-0\" ><div\n\t\t\t\n\t\t\tclass=\"so-widget-sow-editor so-widget-sow-editor-base\"\n\t\t\t\n\t\t>\n<div class=\"siteorigin-widget-tinymce textwidget\">\n\t<p><\/p>\n<hr \/>\n<p style=\"text-align: justify\">El <em>\u00c1lgebra Lineal<\/em> es una materia b\u00e1sica de fundamentaci\u00f3n te\u00f3rica y transversal, imprescindible para la formaci\u00f3n en ingenier\u00eda y ciencias, ya que tiene conexiones con otras \u00e1reas dentro y fuera de las matem\u00e1ticas, como el c\u00e1lculo, las ecuaciones diferenciales, los m\u00e9todos num\u00e9ricos, la computaci\u00f3n, la investigaci\u00f3n de operaciones, entre otras.<\/p>\n<p style=\"text-align: justify\">En particular, el objeto del <em>\u00c1lgebra Lineal<\/em> lo constituyen los sistemas de ecuaciones lineales, los vectores, las matrices, las funciones lineales, los productos internos, los valores y vectores propios. Estos conceptos abstractos se vinculan con problemas concretos y reales con aplicaciones en ingenier\u00eda mec\u00e1nica, ingenier\u00eda el\u00e9ctrica, ingenier\u00eda qu\u00edmica, ingenier\u00eda industrial, computaci\u00f3n, econom\u00eda, negocios y en general en la mayor\u00eda de actividades del conocimiento humano.<\/p>\n<pre>Esta asignatura se encuentra dividida en cinco unidades tem\u00e1ticas:\n\n1. Sistema de Ecuaciones Lineales\n2. Espacios Vectoriales y Subespacios\n3. Transformaciones Lineales\n4. Productos Internos\n5. Valores y Vectores Propios<\/pre>\n<p style=\"text-align: justify\">Se enfatiza el estudio de los espacios vectoriales de dimensi\u00f3n finita, aunque tambi\u00e9n se trata a brevedad algunos espacios de dimensi\u00f3n infinita, como los espacios de funciones reales.<\/p>\n<hr \/>\n<\/div>\n<\/div><\/div><\/div><\/div><\/div><\/div>","protected":false},"excerpt":{"rendered":"<p>El \u00c1lgebra Lineal es una materia b\u00e1sica de fundamentaci\u00f3n te\u00f3rica y transversal, imprescindible para la formaci\u00f3n en ingenier\u00eda y ciencias, ya que tiene conexiones con otras \u00e1reas dentro y fuera de las matem\u00e1ticas, como el c\u00e1lculo, las ecuaciones diferenciales, los m\u00e9todos num\u00e9ricos, la computaci\u00f3n, la investigaci\u00f3n de operaciones, entre otras. En particular, el objeto del &hellip; <a href=\"https:\/\/blog.espol.edu.ec\/matg1049\/\" class=\"more-link\">Sigue leyendo <span class=\"screen-reader-text\">MATG1049 | PAO 2 | 2025-2026<\/span><\/a><\/p>\n","protected":false},"author":609,"featured_media":0,"parent":0,"menu_order":0,"comment_status":"closed","ping_status":"closed","template":"","meta":{"_monsterinsights_skip_tracking":false,"_monsterinsights_sitenote_active":false,"_monsterinsights_sitenote_note":"","_monsterinsights_sitenote_category":0,"footnotes":""},"class_list":["post-124","page","type-page","status-publish","hentry"],"aioseo_notices":[],"_links":{"self":[{"href":"https:\/\/blog.espol.edu.ec\/matg1049\/wp-json\/wp\/v2\/pages\/124","targetHints":{"allow":["GET"]}}],"collection":[{"href":"https:\/\/blog.espol.edu.ec\/matg1049\/wp-json\/wp\/v2\/pages"}],"about":[{"href":"https:\/\/blog.espol.edu.ec\/matg1049\/wp-json\/wp\/v2\/types\/page"}],"author":[{"embeddable":true,"href":"https:\/\/blog.espol.edu.ec\/matg1049\/wp-json\/wp\/v2\/users\/609"}],"replies":[{"embeddable":true,"href":"https:\/\/blog.espol.edu.ec\/matg1049\/wp-json\/wp\/v2\/comments?post=124"}],"version-history":[{"count":13,"href":"https:\/\/blog.espol.edu.ec\/matg1049\/wp-json\/wp\/v2\/pages\/124\/revisions"}],"predecessor-version":[{"id":8635,"href":"https:\/\/blog.espol.edu.ec\/matg1049\/wp-json\/wp\/v2\/pages\/124\/revisions\/8635"}],"wp:attachment":[{"href":"https:\/\/blog.espol.edu.ec\/matg1049\/wp-json\/wp\/v2\/media?parent=124"}],"curies":[{"name":"wp","href":"https:\/\/api.w.org\/{rel}","templated":true}]}}