{"id":30,"date":"2016-11-15T00:37:26","date_gmt":"2016-11-15T00:37:26","guid":{"rendered":"http:\/\/blog.espol.edu.ec\/maujroja\/?page_id=30"},"modified":"2016-11-15T00:37:26","modified_gmt":"2016-11-15T00:37:26","slug":"introduccion-a-la-musica","status":"publish","type":"page","link":"https:\/\/blog.espol.edu.ec\/maujroja\/introduccion-a-la-musica\/","title":{"rendered":"Introducci\u00f3n a la m\u00fasica"},"content":{"rendered":"<p style=\"text-align: justify\"><strong>La m\u00fasica es sin duda una de las cosas que m\u00e1s se disfrutan en la vida diaria, pues se convierte en la mejor compa\u00f1\u00eda cuando desempe\u00f1amos nuestras actividades, ya sea limpiando la casa, al hacer ejercicio, manejando el auto, o hasta cuando estamos trabajando. Gracias a la gran variedad de g\u00e9neros, la m\u00fasica es universal y cada persona se siente c\u00f3moda con su preferido, pero al final la conjunci\u00f3n de diversos sonidos se vuelve muy adictiva para nuestros o\u00eddos. No obstante, adem\u00e1s de ser una buena compa\u00f1\u00eda, la m\u00fasica tiene otros beneficios que nos ayudan en nuestra vida diaria. \u00bfHa estado estresado por tener mucho trabajo? Si la respuesta es s\u00ed, seguramente ha recurrido a la m\u00fasica para intentar relajarse o simplemente desconectarse de todo, y si lo ha hecho se habr\u00e1 dado cuenta que m\u00e1gicamente el estr\u00e9s desapareci\u00f3, si quiere saber qu\u00e9 beneficios ofrece la m\u00fasica los sitios omsica.com y redmusicamaestro.com le enlistan algunos.<\/strong><br \/>\n<small><strong><img loading=\"lazy\" decoding=\"async\" width=\"300\" height=\"225\" class=\"size-medium wp-image-31 aligncenter\" src=\"http:\/\/blog.espol.edu.ec\/maujroja\/files\/2016\/11\/fondo_musical_de_guitarra_clasica-1024x768-300x225.jpeg\" alt=\"fondo_musical_de_guitarra_clasica-1024x768\" srcset=\"https:\/\/blog.espol.edu.ec\/maujroja\/files\/2016\/11\/fondo_musical_de_guitarra_clasica-1024x768-300x225.jpeg 300w, https:\/\/blog.espol.edu.ec\/maujroja\/files\/2016\/11\/fondo_musical_de_guitarra_clasica-1024x768-768x576.jpeg 768w, https:\/\/blog.espol.edu.ec\/maujroja\/files\/2016\/11\/fondo_musical_de_guitarra_clasica-1024x768.jpeg 1024w\" sizes=\"auto, (max-width: 300px) 100vw, 300px\" \/><\/strong><\/small><\/p>\n","protected":false},"excerpt":{"rendered":"<p>La m\u00fasica es sin duda una de las cosas que m\u00e1s se disfrutan en la vida diaria, pues se convierte en la mejor compa\u00f1\u00eda cuando desempe\u00f1amos nuestras actividades, ya sea limpiando la casa, al hacer ejercicio, manejando el auto, o hasta cuando estamos trabajando. Gracias a la gran variedad de g\u00e9neros, la m\u00fasica es universal [&hellip;]<\/p>\n","protected":false},"author":10647,"featured_media":0,"parent":0,"menu_order":0,"comment_status":"closed","ping_status":"closed","template":"","meta":{"footnotes":""},"class_list":["post-30","page","type-page","status-publish","hentry"],"_links":{"self":[{"href":"https:\/\/blog.espol.edu.ec\/maujroja\/wp-json\/wp\/v2\/pages\/30","targetHints":{"allow":["GET"]}}],"collection":[{"href":"https:\/\/blog.espol.edu.ec\/maujroja\/wp-json\/wp\/v2\/pages"}],"about":[{"href":"https:\/\/blog.espol.edu.ec\/maujroja\/wp-json\/wp\/v2\/types\/page"}],"author":[{"embeddable":true,"href":"https:\/\/blog.espol.edu.ec\/maujroja\/wp-json\/wp\/v2\/users\/10647"}],"replies":[{"embeddable":true,"href":"https:\/\/blog.espol.edu.ec\/maujroja\/wp-json\/wp\/v2\/comments?post=30"}],"version-history":[{"count":1,"href":"https:\/\/blog.espol.edu.ec\/maujroja\/wp-json\/wp\/v2\/pages\/30\/revisions"}],"predecessor-version":[{"id":33,"href":"https:\/\/blog.espol.edu.ec\/maujroja\/wp-json\/wp\/v2\/pages\/30\/revisions\/33"}],"wp:attachment":[{"href":"https:\/\/blog.espol.edu.ec\/maujroja\/wp-json\/wp\/v2\/media?parent=30"}],"curies":[{"name":"wp","href":"https:\/\/api.w.org\/{rel}","templated":true}]}}