{"id":34,"date":"2016-11-15T00:49:25","date_gmt":"2016-11-15T00:49:25","guid":{"rendered":"http:\/\/blog.espol.edu.ec\/maujroja\/?page_id=34"},"modified":"2016-11-15T00:49:25","modified_gmt":"2016-11-15T00:49:25","slug":"pasos-para-ser-un-musico-de-excelencia","status":"publish","type":"page","link":"https:\/\/blog.espol.edu.ec\/maujroja\/pasos-para-ser-un-musico-de-excelencia\/","title":{"rendered":"Pasos para ser un m\u00fasico de excelencia"},"content":{"rendered":"<div class=\"step_num\"><\/div>\n<div class=\"step\"><b class=\"whb\">1. Aprende la teor\u00eda de la m\u00fasica.<\/b> La teor\u00eda de la m\u00fasica puede cambiar la forma en la que t\u00fa escribes o tocas m\u00fasica. Esto abre tu mente a todas las posibilidades y opciones diferentes que tienes. Adem\u00e1s la teor\u00eda de la m\u00fasica es universal, la mayor\u00eda de los m\u00fasicos deber\u00edan saberla. Esto har\u00e1 que las cosas sean m\u00e1s f\u00e1ciles de explicar. Por ejemplo, decirle a alguien que toque un acorde de\u00a0 C mayor es m\u00e1s f\u00e1cil que decirle donde poner cada dedo.<\/div>\n<div class=\"step\"><img loading=\"lazy\" decoding=\"async\" width=\"300\" height=\"188\" class=\"size-medium wp-image-35 aligncenter\" src=\"http:\/\/blog.espol.edu.ec\/maujroja\/files\/2016\/11\/belyy-fon-list-notnyy-stan-300x188.jpg\" alt=\"belyy-fon-list-notnyy-stan\" srcset=\"https:\/\/blog.espol.edu.ec\/maujroja\/files\/2016\/11\/belyy-fon-list-notnyy-stan-300x188.jpg 300w, https:\/\/blog.espol.edu.ec\/maujroja\/files\/2016\/11\/belyy-fon-list-notnyy-stan-768x480.jpg 768w, https:\/\/blog.espol.edu.ec\/maujroja\/files\/2016\/11\/belyy-fon-list-notnyy-stan-1024x640.jpg 1024w, https:\/\/blog.espol.edu.ec\/maujroja\/files\/2016\/11\/belyy-fon-list-notnyy-stan.jpg 1920w\" sizes=\"auto, (max-width: 300px) 100vw, 300px\" \/><\/div>\n<div class=\"step\"><b class=\"whb\">2. Mejora tu ritmo.<\/b> Mantener el tiempo es muy importante, ya sea que est\u00e9s tocando con otra persona o t\u00fa solo. Tener mal ritmo har\u00e1 que la pieza musical suene mal aunque est\u00e9s tocando las notas correctas. No tienes que ser exacto, pero tanto como puedas mantener el tiempo sin acelerarte o retrasarte estar\u00e1 bien.<\/div>\n<div class=\"step\"><img loading=\"lazy\" decoding=\"async\" width=\"300\" height=\"300\" class=\"size-medium wp-image-36 aligncenter\" src=\"http:\/\/blog.espol.edu.ec\/maujroja\/files\/2016\/11\/metronomo-wittner-m801-300x300.jpg\" alt=\"metronomo-wittner-m801\" srcset=\"https:\/\/blog.espol.edu.ec\/maujroja\/files\/2016\/11\/metronomo-wittner-m801-300x300.jpg 300w, https:\/\/blog.espol.edu.ec\/maujroja\/files\/2016\/11\/metronomo-wittner-m801-150x150.jpg 150w, https:\/\/blog.espol.edu.ec\/maujroja\/files\/2016\/11\/metronomo-wittner-m801-768x768.jpg 768w, https:\/\/blog.espol.edu.ec\/maujroja\/files\/2016\/11\/metronomo-wittner-m801.jpg 1000w\" sizes=\"auto, (max-width: 300px) 100vw, 300px\" \/><\/div>\n<div class=\"step\"><b class=\"whb\">3. \u201dToca con otras personas\u201d.<\/b> Tocar con otras personas te forzar\u00e1 a mantener el tiempo, adem\u00e1s de que te dar\u00e1 experiencia y te dar\u00e1 m\u00e1s confianza en tus habilidades. Y sobre todo, tocar con otras personas es mucho m\u00e1s divertido que tocar t\u00fa solo. Unirte a una banda tambi\u00e9n ser\u00e1 muy bueno.<\/div>\n<div class=\"step\"><img loading=\"lazy\" decoding=\"async\" width=\"269\" height=\"300\" class=\"size-medium wp-image-38 aligncenter\" src=\"http:\/\/blog.espol.edu.ec\/maujroja\/files\/2016\/11\/pfw7sjg8-269x300.jpg\" alt=\"pfw7sjg8\" srcset=\"https:\/\/blog.espol.edu.ec\/maujroja\/files\/2016\/11\/pfw7sjg8-269x300.jpg 269w, https:\/\/blog.espol.edu.ec\/maujroja\/files\/2016\/11\/pfw7sjg8.jpg 573w\" sizes=\"auto, (max-width: 269px) 100vw, 269px\" \/><\/div>\n<div class=\"step\"><b class=\"whb\">4. S\u00e9 expresivo.<\/b> Una cosa es aprenderte las notas y el ritmo, y otra cosa es expresar la m\u00fasica. Esto probablemente sea lo m\u00e1s dif\u00edcil de hacer, debido a que la expresi\u00f3n es diferente en cada quien. Intenta eligiendo una canci\u00f3n lenta; estas tienden a tener muchos significados escondidos dentro de las notas. Despu\u00e9s de que te acostumbres a las canciones lentas, intenta con unas m\u00e1s r\u00e1pidas; estas son un poco m\u00e1s dif\u00edciles ya que necesitan buena velocidad, tiempo y articulaci\u00f3n precisa. Pero recuerda, demasiada expresi\u00f3n te har\u00e1 sonar un poco cursi.<\/div>\n<div class=\"step\"><\/div>\n<div class=\"step\"><\/div>\n","protected":false},"excerpt":{"rendered":"<p>1. Aprende la teor\u00eda de la m\u00fasica. La teor\u00eda de la m\u00fasica puede cambiar la forma en la que t\u00fa escribes o tocas m\u00fasica. Esto abre tu mente a todas las posibilidades y opciones diferentes que tienes. Adem\u00e1s la teor\u00eda de la m\u00fasica es universal, la mayor\u00eda de los m\u00fasicos deber\u00edan saberla. Esto har\u00e1 que [&hellip;]<\/p>\n","protected":false},"author":10647,"featured_media":0,"parent":0,"menu_order":0,"comment_status":"closed","ping_status":"closed","template":"","meta":{"footnotes":""},"class_list":["post-34","page","type-page","status-publish","hentry"],"_links":{"self":[{"href":"https:\/\/blog.espol.edu.ec\/maujroja\/wp-json\/wp\/v2\/pages\/34","targetHints":{"allow":["GET"]}}],"collection":[{"href":"https:\/\/blog.espol.edu.ec\/maujroja\/wp-json\/wp\/v2\/pages"}],"about":[{"href":"https:\/\/blog.espol.edu.ec\/maujroja\/wp-json\/wp\/v2\/types\/page"}],"author":[{"embeddable":true,"href":"https:\/\/blog.espol.edu.ec\/maujroja\/wp-json\/wp\/v2\/users\/10647"}],"replies":[{"embeddable":true,"href":"https:\/\/blog.espol.edu.ec\/maujroja\/wp-json\/wp\/v2\/comments?post=34"}],"version-history":[{"count":1,"href":"https:\/\/blog.espol.edu.ec\/maujroja\/wp-json\/wp\/v2\/pages\/34\/revisions"}],"predecessor-version":[{"id":41,"href":"https:\/\/blog.espol.edu.ec\/maujroja\/wp-json\/wp\/v2\/pages\/34\/revisions\/41"}],"wp:attachment":[{"href":"https:\/\/blog.espol.edu.ec\/maujroja\/wp-json\/wp\/v2\/media?parent=34"}],"curies":[{"name":"wp","href":"https:\/\/api.w.org\/{rel}","templated":true}]}}