{"id":43,"date":"2015-11-22T06:13:41","date_gmt":"2015-11-22T06:13:41","guid":{"rendered":"http:\/\/blog.espol.edu.ec\/mavivera\/?page_id=43"},"modified":"2015-11-23T02:28:56","modified_gmt":"2015-11-23T02:28:56","slug":"pastel-de-chocolate","status":"publish","type":"page","link":"https:\/\/blog.espol.edu.ec\/mavivera\/pastel-de-chocolate\/","title":{"rendered":"Pastel de Chocolate"},"content":{"rendered":"<h1 class=\"entry-title single-post-title\">PASTEL DE CHOCOLATE<\/h1>\n<p><span style=\"color: #ff9900\"><strong>Ingredientes:<\/strong><\/span><\/p>\n<ul>\n<li><span style=\"color: #333300\">\u00bd libra de <a class=\"st_tag internal_tag\" style=\"color: #333300\" title=\"Posts tagged with mantequilla\" href=\"http:\/\/recetaecuatoriana.com\/tag\/mantequilla\/\" rel=\"tag\">mantequilla<\/a><\/span><\/li>\n<li><span style=\"color: #333300\">1 taza de az\u00facar<\/span><\/li>\n<li><span style=\"color: #333300\">1 cucharada de royal<\/span><\/li>\n<li><span style=\"color: #333300\">2 cucharadas de escencia de vainilla<\/span><\/li>\n<li><span style=\"color: #333300\">\u00bc de taza de pasas<\/span><\/li>\n<li><span style=\"color: #333300\">1\u00bd taza de agua mezclado con leche<\/span><\/li>\n<li><span style=\"color: #333300\">2\u00bd tazas de <a class=\"st_tag internal_tag\" style=\"color: #333300\" title=\"Posts tagged with harina\" href=\"http:\/\/recetaecuatoriana.com\/tag\/harina\/\" rel=\"tag\">harina<\/a> ya<\/span><\/li>\n<li><span style=\"color: #333300\">2 huevos<\/span><\/li>\n<li><span style=\"color: #333300\">3 cucharadas de <a class=\"st_tag internal_tag\" style=\"color: #333300\" title=\"Posts tagged with chocolate\" href=\"http:\/\/recetaecuatoriana.com\/tag\/chocolate\/\" rel=\"tag\">chocolate<\/a> en polvo<\/span><\/li>\n<\/ul>\n<p><span style=\"color: #333300\"><strong>Preparaci\u00f3n:<\/strong><\/span><\/p>\n<p><span style=\"color: #333300\">Poner en un taz\u00f3n la mantequilla, con el az\u00facar, batir hasta que este muy cremoso y el az\u00facar haya desaparecido completamente agregar \u00e9l harina con los huevos y seguir batiendo, para luego poner\u00a0 el royal, el agua mezclado con la leche sin dejar de batir, luego poner el chocolate en polvo agregando la esencia de vainilla.<\/span><br \/>\n<span style=\"color: #333300\"> Batir hasta que quede muy cremoso y suave, precalentar el horno poner mantequilla en el molde para luego espolvorearlo de harina y de all\u00ed agregar la masa al molde, a\u00f1adiendo\u00a0 las pasas, meter al horno por 40 minutos,\u00a0 el horno debe estar en 200 grados<\/span><\/p>\n<p><a href=\"http:\/\/blog.espol.edu.ec\/mavivera\/files\/2015\/11\/\u00edndice1.jpg\"><img loading=\"lazy\" decoding=\"async\" class=\"alignnone size-full wp-image-157\" src=\"http:\/\/blog.espol.edu.ec\/mavivera\/files\/2015\/11\/\u00edndice1.jpg\" alt=\"\u00edndice\" width=\"251\" height=\"201\" \/><\/a><\/p>\n","protected":false},"excerpt":{"rendered":"<p>PASTEL DE CHOCOLATE Ingredientes: \u00bd libra de mantequilla 1 taza de az\u00facar 1 cucharada de royal 2 cucharadas de escencia de vainilla \u00bc de taza de pasas 1\u00bd taza de agua mezclado con leche 2\u00bd tazas de harina ya 2 huevos 3 cucharadas de chocolate en polvo Preparaci\u00f3n: Poner en un taz\u00f3n la mantequilla, con [&hellip;]<\/p>\n","protected":false},"author":10136,"featured_media":0,"parent":0,"menu_order":0,"comment_status":"closed","ping_status":"closed","template":"","meta":{"footnotes":""},"class_list":["post-43","page","type-page","status-publish","hentry"],"aioseo_notices":[],"_links":{"self":[{"href":"https:\/\/blog.espol.edu.ec\/mavivera\/wp-json\/wp\/v2\/pages\/43","targetHints":{"allow":["GET"]}}],"collection":[{"href":"https:\/\/blog.espol.edu.ec\/mavivera\/wp-json\/wp\/v2\/pages"}],"about":[{"href":"https:\/\/blog.espol.edu.ec\/mavivera\/wp-json\/wp\/v2\/types\/page"}],"author":[{"embeddable":true,"href":"https:\/\/blog.espol.edu.ec\/mavivera\/wp-json\/wp\/v2\/users\/10136"}],"replies":[{"embeddable":true,"href":"https:\/\/blog.espol.edu.ec\/mavivera\/wp-json\/wp\/v2\/comments?post=43"}],"version-history":[{"count":3,"href":"https:\/\/blog.espol.edu.ec\/mavivera\/wp-json\/wp\/v2\/pages\/43\/revisions"}],"predecessor-version":[{"id":158,"href":"https:\/\/blog.espol.edu.ec\/mavivera\/wp-json\/wp\/v2\/pages\/43\/revisions\/158"}],"wp:attachment":[{"href":"https:\/\/blog.espol.edu.ec\/mavivera\/wp-json\/wp\/v2\/media?parent=43"}],"curies":[{"name":"wp","href":"https:\/\/api.w.org\/{rel}","templated":true}]}}