{"id":56,"date":"2015-11-22T19:42:53","date_gmt":"2015-11-22T19:42:53","guid":{"rendered":"http:\/\/blog.espol.edu.ec\/mavivera\/?page_id=56"},"modified":"2015-11-23T02:18:37","modified_gmt":"2015-11-23T02:18:37","slug":"pastel-de-manzana-muy-facil","status":"publish","type":"page","link":"https:\/\/blog.espol.edu.ec\/mavivera\/pastel-de-manzana-muy-facil\/","title":{"rendered":"Pastel de manzana muy f\u00e1cil"},"content":{"rendered":"<h1 id=\"title_recipe_118105\" class=\"recipe-title strong\"><a href=\"http:\/\/blog.espol.edu.ec\/mavivera\/files\/2015\/11\/images1.jpg\"><img loading=\"lazy\" decoding=\"async\" class=\"alignnone size-full wp-image-153\" src=\"http:\/\/blog.espol.edu.ec\/mavivera\/files\/2015\/11\/images1.jpg\" alt=\"images\" width=\"256\" height=\"196\" \/><\/a><\/h1>\n<h1 class=\"recipe-title strong\">Pastel de manzana muy f\u00e1cil<\/h1>\n<p><del><\/del>Este riquisimo pastel con manzana, lo vi hacer en la tele, y me pareci\u00f3 tan f\u00e1cil, pr\u00e1ctico y rico que no dud\u00e9 en publicarlo.<\/p>\n<h2 class=\"document__title\">Ingredientes<\/h2>\n<div class=\"ingredient-list\">\n<div id=\"ingredients_recipe_118105\" class=\"ingredient-list__contents\">\n<div class=\"ingredient-group\">\n<table class=\"ingredients table\">\n<tbody>\n<tr>\n<td class=\"quantity\">280 g<\/td>\n<td class=\"name\">harina leudante<\/td>\n<\/tr>\n<tr>\n<td class=\"quantity\">300 g<\/td>\n<td class=\"name\">az\u00facar<\/td>\n<\/tr>\n<tr>\n<td class=\"quantity\">100 gr<\/td>\n<td class=\"name\">manteca fr\u00eda<\/td>\n<\/tr>\n<tr>\n<td class=\"quantity\">2<\/td>\n<td class=\"name\">manzanas cortada en rodajas finas<\/td>\n<\/tr>\n<tr>\n<td class=\"quantity\">300 cc<\/td>\n<td class=\"name\">leche<\/td>\n<\/tr>\n<tr>\n<td class=\"quantity\">2<\/td>\n<td class=\"name\">huevos<\/td>\n<\/tr>\n<tr>\n<td class=\"quantity\"><\/td>\n<td class=\"name\">esencia de vainilla<\/td>\n<\/tr>\n<tr>\n<td class=\"quantity\">100 g<\/td>\n<td class=\"name\">az\u00facar<\/td>\n<\/tr>\n<tr>\n<td class=\"quantity\"><\/td>\n<td class=\"name\">az\u00facar para espolvorear<\/td>\n<\/tr>\n<\/tbody>\n<\/table>\n<\/div>\n<\/div>\n<div class=\"note-list note-list--count-0\"><a class=\"marker\" href=\"https:\/\/cookpad.com\/ec\/recetas\/118105-pastel-de-manzana-muy-facil#notes_note_list_ingredients\"><br \/>\n<span id=\"count_note_list_ingredients\"><\/span> <\/a><\/div>\n<\/div>\n<section class=\"ingredients-container document__panel__section\">\n<div class=\"ingredient-list\"><\/div>\n<\/section>\n<section class=\"steps-container document__panel__section\">\n<div class=\"split-header\">\n<div class=\"split-header__main\">\n<h2 class=\"document__title\">Pasos<\/h2>\n<\/div>\n<div class=\"split-header__secondary subtle\"><\/div>\n<\/div>\n<ol id=\"steps\" class=\"numbered-list ui-sortable\">\n<li id=\"step_555129\" class=\"step numbered-list__item\">\n<div>\n<div class=\"numbered-list__contents\">\n<div class=\"media step__description\">\n<div class=\"step-image__pc media__img--rev hidden-xs\"><\/div>\n<div id=\"description_step_555129\" class=\"media__body prose\">\n<p>En un bol mezclar la harina y el az\u00facar, incorporar la manteca cortada bien fr\u00eda, unir la preparaci\u00f3n formando un arenado.<\/p>\n<\/div>\n<\/div>\n<\/div>\n<\/div>\n<\/li>\n<\/ol>\n<\/section>\n<p>&nbsp;<\/p>\n<ul>\n<li id=\"step_555130\" class=\"step numbered-list__item\">\n<div>\n<div class=\"numbered-list__contents\">\n<div class=\"media step__description\">\n<div class=\"step-image__pc media__img--rev hidden-xs\"><\/div>\n<div id=\"description_step_555130\" class=\"media__body prose\">\n<p>Enmantecar y enharinar un molde , colocar la mitad de la mezcla arenosa.<\/p>\n<\/div>\n<\/div>\n<\/div>\n<\/div>\n<div class=\"note-list note-list--count-0\"><a class=\"marker\" href=\"https:\/\/cookpad.com\/ec\/recetas\/118105-pastel-de-manzana-muy-facil#notes_note_list_step_555130\"><br \/>\n<span id=\"count_note_list_step_555130\"><\/span> <\/a><\/div>\n<\/li>\n<li id=\"step_555131\" class=\"step numbered-list__item\">\n<div>\n<div class=\"numbered-list__contents\">\n<div class=\"media step__description\">\n<div class=\"step-image__pc media__img--rev hidden-xs\"><\/div>\n<div id=\"description_step_555131\" class=\"media__body prose\">\n<p>Ubicar las rodajas de manzana y cubrir con la mitad restante de la mezcla.<\/p>\n<\/div>\n<\/div>\n<\/div>\n<\/div>\n<\/li>\n<li id=\"step_555132\" class=\"step numbered-list__item\">\n<div>\n<div class=\"numbered-list__contents\">\n<div class=\"media step__description\">\n<div class=\"step-image__pc media__img--rev hidden-xs\"><\/div>\n<div id=\"description_step_555132\" class=\"media__body prose\">\n<p>Batir aparte los huevos, la leche y la esencia.<\/p>\n<\/div>\n<\/div>\n<\/div>\n<\/div>\n<\/li>\n<li id=\"step_555133\" class=\"step numbered-list__item\">\n<div>\n<div class=\"numbered-list__contents\">\n<div class=\"media step__description\">\n<div class=\"step-image__pc media__img--rev hidden-xs\"><\/div>\n<div id=\"description_step_555133\" class=\"media__body prose\">\n<p>Verter sobre la preparaci\u00f3# separando un poquito con un tenedor as\u00ed penetra mejor la mezcla l\u00edquida.<\/p>\n<\/div>\n<\/div>\n<\/div>\n<\/div>\n<\/li>\n<li id=\"step_555134\" class=\"step numbered-list__item\">\n<div>\n<div class=\"numbered-list__contents\">\n<div class=\"media step__description\">\n<div class=\"step-image__pc media__img--rev hidden-xs\"><\/div>\n<div id=\"description_step_555134\" class=\"media__body prose\">\n<p>Una vez que se absorvio el liquido, espolvorear con az\u00facar, y llevar a horno moderado 50 minutos.<\/p>\n<\/div>\n<\/div>\n<\/div>\n<\/div>\n<\/li>\n<\/ul>\n<p>&nbsp;<\/p>\n","protected":false},"excerpt":{"rendered":"<p>Pastel de manzana muy f\u00e1cil Este riquisimo pastel con manzana, lo vi hacer en la tele, y me pareci\u00f3 tan f\u00e1cil, pr\u00e1ctico y rico que no dud\u00e9 en publicarlo. Ingredientes 280 g harina leudante 300 g az\u00facar 100 gr manteca fr\u00eda 2 manzanas cortada en rodajas finas 300 cc leche 2 huevos esencia de vainilla [&hellip;]<\/p>\n","protected":false},"author":10136,"featured_media":0,"parent":0,"menu_order":0,"comment_status":"closed","ping_status":"closed","template":"","meta":{"footnotes":""},"class_list":["post-56","page","type-page","status-publish","hentry"],"aioseo_notices":[],"_links":{"self":[{"href":"https:\/\/blog.espol.edu.ec\/mavivera\/wp-json\/wp\/v2\/pages\/56","targetHints":{"allow":["GET"]}}],"collection":[{"href":"https:\/\/blog.espol.edu.ec\/mavivera\/wp-json\/wp\/v2\/pages"}],"about":[{"href":"https:\/\/blog.espol.edu.ec\/mavivera\/wp-json\/wp\/v2\/types\/page"}],"author":[{"embeddable":true,"href":"https:\/\/blog.espol.edu.ec\/mavivera\/wp-json\/wp\/v2\/users\/10136"}],"replies":[{"embeddable":true,"href":"https:\/\/blog.espol.edu.ec\/mavivera\/wp-json\/wp\/v2\/comments?post=56"}],"version-history":[{"count":2,"href":"https:\/\/blog.espol.edu.ec\/mavivera\/wp-json\/wp\/v2\/pages\/56\/revisions"}],"predecessor-version":[{"id":154,"href":"https:\/\/blog.espol.edu.ec\/mavivera\/wp-json\/wp\/v2\/pages\/56\/revisions\/154"}],"wp:attachment":[{"href":"https:\/\/blog.espol.edu.ec\/mavivera\/wp-json\/wp\/v2\/media?parent=56"}],"curies":[{"name":"wp","href":"https:\/\/api.w.org\/{rel}","templated":true}]}}