{"id":30,"date":"2009-11-10T14:58:29","date_gmt":"2009-11-10T19:58:29","guid":{"rendered":"http:\/\/blog.espol.edu.ec\/maxpower\/?page_id=30"},"modified":"2009-11-23T13:07:36","modified_gmt":"2009-11-23T18:07:36","slug":"diapositiva","status":"publish","type":"page","link":"https:\/\/blog.espol.edu.ec\/maxpower\/diapositiva\/","title":{"rendered":"HEAVY METAL"},"content":{"rendered":"<div style=\"width:425px;text-align:left\" id=\"__ss_2565961\"><a href=\"http:\/\/www.slideshare.net\/josmaort\/presentacin2-2565961\" title=\"Presentaci\u00f3N2\">Presentaci\u00f3N2<\/a><object style=\"margin:0px\" width=\"425\" height=\"355\"><param name=\"movie\" value=\"http:\/\/static.slidesharecdn.com\/swf\/ssplayer2.swf?doc=presentacin2-091123102442-phpapp01&amp;stripped_title=presentacin2-2565961\" \/><param name=\"allowFullScreen\"><param name=\"allowScriptAccess\"><embed src=\"http:\/\/static.slidesharecdn.com\/swf\/ssplayer2.swf?doc=presentacin2-091123102442-phpapp01&amp;stripped_title=presentacin2-2565961\" type=\"application\/x-shockwave-flash\" width=\"425\" height=\"355\"><\/embed><\/object><\/p>\n<div style=\"font-size:11px;font-family:tahoma,arial;height:26px;padding-top:2px\">View more <a href=\"http:\/\/www.slideshare.net\/\">presentations<\/a> from <a href=\"http:\/\/www.slideshare.net\/josmaort\">josmaort<\/a>.<\/div>\n<\/div>\n<p>HISTORIA<br \/>\nAntecedentes (mediados de los a\u00f1os 60) <\/p>\n<p>La m\u00fasica blues norteamericana tuvo una gran influencia en los primeros grupos de rock brit\u00e1nicos. Grupos como The Rolling Stones y The Yardbirds grabaron versiones de muchas canciones cl\u00e1sicas de blues, usando guitarras el\u00e9ctricas donde muchas de las originales usaban ac\u00fasticas y adem\u00e1s a veces sub\u00edan el tempo (adaptaciones similares del blues y de otros g\u00e9neros afroamericanos de m\u00fasica formaron la base del primer rock and roll, de manera especial el de Elvis Presley).<\/p>\n<p>Como consecuencia de este experimento musical, las bandas brit\u00e1nicas basadas en el blues desarrollaron lo que se convirti\u00f3 en el sello del heavy metal: esencialmente un g\u00e9nero de guitarras distorsionadas y sonidos altos, construidos alrededor de poderosos acordes The Kinks tuvieron un importante papel en popularizar este nuevo sonido con su \u00e9xito You Really Got Me en 1964.[14] Otra contribuci\u00f3n significativa fue el emergente sonido distorsionado de guitarras que facilitaba la nueva generaci\u00f3n de amplificadores con el que experimentaron guitarristas como Dave Davies (The Kinks), Pete Townshend (The Who) y Jeff Beck. Influencias anteriores incluyen a Vanilla Fudge, que hac\u00edan canciones pop \"psicodelizadas\" y m\u00e1s lentas, al igual que los primeros hard-rockers brit\u00e1nicos como The Who y el temprano Fleetwood Mac, quienes prepararon el camino para el heavy introduciendo estilos de percusi\u00f3n m\u00e1s agresivos en el rock.<\/p>\n<p>Los estilos de bater\u00eda del blues-rock, basados en bater\u00edas peque\u00f1as y simples, fueron sustituidos por una t\u00e9cnica m\u00e1s compleja y sonora para poder equipararse con el volumen de las guitarras amplificadas.De manera similar, los vocalistas modificaron su t\u00e9cnica e incrementaron su dependencia con la amplificaci\u00f3n, a menudo consiguiendo voces m\u00e1s estilizadas y dram\u00e1ticas. Simult\u00e1neamente, los avances en la tecnolog\u00eda de amplificaci\u00f3n y de grabaci\u00f3n permitieron capturar la dureza de este sonido en una grabaci\u00f3n.<\/p>\n<p>La combinaci\u00f3n del blues-rock con el rock psicod\u00e9lico, con Iron Butterfly, form\u00f3 gran parte de la base original del heavy metal. Una de las bandas m\u00e1s importantes en fusionar estos g\u00e9neros fue Cream, quienes ejemplifican el concepto de power trio (bajo, guitarra y bater\u00eda) que se convertir\u00e1 en habitual dentro del heavy metal. Sus dos primeros LP, Fresh Cream (1966) y Disraeli Gears (1967) son vistos como prototipos esenciales del futuro g\u00e9nero. El disco debut de The Jimi Hendrix Experience, Are You Experienced (1967) tambi\u00e9n tuvo gran influencia. El virtuosismo t\u00e9cnico de Hendrix, que hab\u00eda desarrollado la guitarra de blues rock amplificada, ha sido emulado por muchos guitarristas y la canci\u00f3n m\u00e1s existosa del \u00e1lbum, Purple Haze, es identificada por algunos como el primer hit del heavy metal.<br \/>\nEl metal a comienzos de los 70 <\/p>\n<p>B\u00e1sicamente cuatro bandas serian protagonistas durante estos a\u00f1os del surgimiento artistico y comercial del heavy metal; Black Sabbath, Queen, Deep Purple y Led Zeppelin. Black Sabbath fue la metamorfosis de Earth, un grupo conformado por Ozzy Osbourne en la voz, Tony Iommi en la guitarra, Geezer Butler en el bajo y Bill Ward en la bateria. Nacidos en Birmingham fueron los creadores del concepto de las letras cripticas en el metal, en contraste con las letras pacifistas de la epoca. Sus dos primeros albumes Black Sabbath (1970) y Paranoid del mismo a\u00f1o, son considerados la piedra angular del metal tanto en sonido como en letras. Ademas de las letras, el uso del tritono, conocido como \"el Intervalo del Diablo\" por parte de Iommi y un ritmo influenciado por las maquinas prensadoras de metal, tan conocidas en Birmingham, le dieron un sonido pesado, que avanzaba a traves del fraseo de la guitarra. Las canciones \"Paranoid\" y \"Iron Man\" son consideradas las primeras canciones metal por excelencia. Sin embargo, la critica fue despiadada con ellos al polemizar con las letras de las canciones de Sabbath. La situacion continuaria de la misma forma mas o menos hasta 1973 cuando salio a la venta ``Sabbath Bloody Sabbath``, que recibio excelentes criticas.<\/p>\n<p>A principios de los 70, un cuarteto lanzaba sus primeros \u00e1lbumes, un grupo llamado Queen. La originalidad de los londinenses se debe principalmente a subirle la rapidez a las melodias desarrolladas por el rock n' roll en los 50's, como es el caso de \"Ogre Battle\" y \"Stone Cold Crazy\", consideradas las primeras canciones del thrash metal; y la incorporaci\u00f3n de las armon\u00edas vocales propias del blues y gospel, desarrolladas en profundidad posteriormente por Blind Guardian y Opeth. Estos primeros \u00e1lbumes en los cuales nadie se interes\u00f3 en un principio, como Queen I, Queen II y Sheer Heart Attack, ser\u00edan retomados por metaleros ochenteros como Metallica, Megadeth, Def Leppard y Iron Maiden.<\/p>\n<p>En 1970 al mismo tiempo que Sabbath, Deep Purple lanza In Rock, album que les da cierta reputacion en el Reino Unido, dando trazos de heavy metal pese a ser un album esencialmente hard rock. En 1971 lanzan ``Fireball``, que cada vez muestra tintes mas metal en el estilo de la banda, lo cual llegaria a su punto maximo en el album Machine Head, el cual los consagra a la fama mundial con el increible Smoke on the Water, que vuelve al guitarrista Ritchie Blackmore uno de los mas influyentes guitarristas de la historia. Pese a nunca caracterizarse por ser tan sombrio como Black Sabbath, Deep Purple marco una pauta muy importante al demostrar al igual que Sabbath que era el fraseo el que movia cualquier cancion del estilo heavy metal.<\/p>\n<p>Pese a negarlo constantemente, Led Zeppelin si no fue una banda de heavy metal, influyo mucho el sonido de este genero, en especial en los albumes Led Zeppelin y Led Zeppelin IV (lanzado en 1971), en el cual aparece Stairway to Heaven, la cancion que tiene segun la critica el mejor solo de la historia, ejecutado por Jimmy Page. Este solo seria clave al dar una base para los increibles solos que se darian desde la decada de los 80 en adelante.<br \/>\nEl metal de finales de los 70 y a\u00f1os 80<br \/>\nIron Maiden es uno de los grupos principales de la New Wave of British Heavy Metal.<\/p>\n<p>En 1973 surge en Australia AC\/DC, la banda del vocalista Bon Scott y su excentrico guitarrista Angus Young. Con un sonido de heavy metal, pero a la vez muy rocanrollero, lograrian convertirse en una de las bandas mas exitosas de heavy metal de la historia. Sus discos High Voltage (1975), Let There Be Rock (1977) y Powerage (1978), les darian cierta reputacion a nivel mundial, gracias a una combinacion de letras unas veces alusivas al infierno y otras sobre temas mas relajados; velocidad, fraseos y electrizantes solos; estos ultimos llevados a cabo por Young. Pero seria con Highway to Hell (1979) que se consagrarian a la fama mundial. El album alcanzo el disco de platino y el tema del mismo nombre seria un himno del rock a escala mundial.<\/p>\n<p>A la par con el exito de AC\/DC, en Inglaterra surge el punk. El punk rock nace a mediados de los a\u00f1os 70 tanto como reacci\u00f3n contra las condiciones sociales y al exceso de m\u00fasica rock, incluido el heavy metal, de la \u00e9poca. Las ventas de discos heavy metal caen bruscamente a finales de los 70, a favor del punk, la m\u00fasica disco y el rock m\u00e1s comercial. Mientras la mayor parte de las discogr\u00e1ficas se fijan en el punk, muchas nuevas bandas de heavy metal brit\u00e1nicas publican sus discos de manera independiente, para audiencias peque\u00f1as y fieles.[21] Revistas brit\u00e1nicas como NME y Sounds empiezan a hablar de este nuevo movimiento. Geoff Barton, redactor de Sounds, bautiza este movimiento como \"New Wave of British Heavy Metal\" (en espa\u00f1ol nueva oleada de heavy metal brit\u00e1nico) o NWOBHM. La NWOBHM incluye a grupos como Iron Maiden, Venom y\/o Mot\u00f6rhead que revitalizan el g\u00e9nero heavy metal. Siguiendo la estela de Judas Priest, endurecen su sonido, reducen los elementos blues y utilizan tiempos m\u00e1s r\u00e1pidos.<\/p>\n<p>En 1980 con la muerte de Bon Scott, Brian Johnson se une a AC\/DC para grabar uno de los mejores albumes de la historia de la musica: Back in Black. Este disco logro vender mas de 40 millones de copias haciendolo el disco mas vendido de la historia (antes de la llegada de Thriller de Michael Jackson) siendo el disco mas vendido de rock de todos los tiempos y por supuesto del heavy metal.<\/p>\n<p>En 1980, la NWOBHM entra en las listas comerciales, cuando \u00e1lbumes de Iron Maiden y Mot\u00f6rhead alcanzan el top 10 brit\u00e1nico.[cita requerida] En 1981, Mot\u00f6rhead se convierte en el primer grupo de este movimiento en alcanzar el n\u00famero de las lista brit\u00e1nicas con No Sleep 'til Hammersmith.[cita requerida] Posteriormente, en 1982 Iron Maiden alcanza dicha posici\u00f3n con el \u00e1lbum \" The Number of the Beast\".[cita requerida] Otras agrupaciones, como Diamond Head o Venom, aunque consiguen menos \u00e9xito, tendr\u00e1n una significativa influencia en el desarrollo del heavy metal.<\/p>\n<p>Con el despertar de la New Wave of British Heavy Metal, el heavy metal vio incrementada su popularidad a principio de los a\u00f1os 80. Muchos artistas se vieron beneficiados de la cobertura dada por la MTV, que inici\u00f3 su andadura en 1981 y donde la emisi\u00f3n de v\u00eddeo-clips disparaban las ventas de los grupos. Los v\u00eddeo-clips para el disco Pyromania convierten a Def Leppard en superestrellas en Estados Unidos y Quiet Riot se convierten en la primera banda estadounidense de heavy metal que alcanza el n\u00famero uno en la lista Billboard con su disco Metal Health (1983).<\/p>\n<p>La primera generaci\u00f3n de grupos heavies estaban cediendo el primer plano. Deep Purple se separan poco despu\u00e9s de la partida de Ritchie Blackmore, que en 1975 junto con Ronnie James Dio formaria Rainbow, y Led Zeppelin se retiran en 1980 despu\u00e9s de la muerte de John Bonham. En los conciertos, Black Sabbath tenia como a telonero al grupo de Los \u00c1ngeles Van Halen. Eddie Van Halen se consolida como uno de los principales guitarristas virtuosos (su solo en la canci\u00f3n Eruption, del \u00e1lbum Van Halen se considera un hito ). Randy Rhoads y Yngwie J. Malmsteen tambi\u00e9n se convierten en afamados guitarristas, asociados a un g\u00e9nero conocido como metal neocl\u00e1sico.<br \/>\nW.A.S.P.<\/p>\n<p>Inspirados por el \u00e9xito de Van Halen, una escena glam empieza a crecer en el sur de California, especialmente en Los \u00c1ngeles, durante finales de los 70. Basada alrededor de los clubes de Sunset Strip, grupos como Quiet Riot, Ratt, M\u00f6tley Cr\u00fce y W.A.S.P. fueron influidos por el heavy metal tradicional de principios de los 70] e incorporaron la puesta en escena (y a veces el maquillaje) del glam rock de grupos como Alice Cooper y KISS. Estos grupos de glam metal (junto a otros similares como los neoyorquinos Twisted Sister) se abrieron hueco en la escena heavy en particular y en la m\u00fasica rock en general. En Espa\u00f1a, destacaron grupos glam metal como Ni\u00e1gara, Sangre Azul o Bella Bestia. Los artistas de glam metal no se vest\u00edan con la indumentaria cl\u00e1sica del artista de heavy metal, sino que ten\u00edan algunas diferencias: pantalones de cuero ajustados, chaqueta de cuero, indumentaria de color negro y pelo largo, llevaban el pelo largo, rizado hasta la extravagancia y el uso de maquillaje era frecuente, incluyendo labios pintados.<\/p>\n<p>Uno de los eventos que hizo crecer la popularidad del heavy metal fue el US Festival de 1983 en California, donde en el \"d\u00eda del heavy metal\", con actuaciones de Ozzy Osbourne, Van Halen, Scorpions, M\u00f6tley Cr\u00fce y Judas Priest entre otros, se consiguieron las mejores audiencias de los tres d\u00edas que dur\u00f3 el evento.[33] Entre 1983 y 1984, el heavy metal representaba entre el 8 y el 20 por ciento de las ventas de todos los discos vendidos en EE.UU.[34] Muchas revistas profesionales dedicadas a este genero nacieron en esta \u00e9poca, incluyendo a Kerrang! (en 1981) y Metal Hammer (en 1984). En 1985, la revista Billboard declar\u00f3: \"El metal ha aumentado su audiencia base. La m\u00fasica metal ya no es dominio exclusivo de chicos adolescentes. La audiencia de metal se ha hecho mayor (edad universitaria), m\u00e1s joven (pre-adolescentes) y m\u00e1s femenina.\"<\/p>\n<p>Ozzy Osbourne en especial fue muy popular durante los a\u00f1os 80 en el ambito musical. En 1980 con la colaboracion de Randy Roads lanzaron Blizard of Ozz, que representaria el renacimiento de Osbourne despues de estar sumido en una gran depresion durante 2 a\u00f1os. La cancion \"Crazy Train\" se convirtio en un clasico del album y fue el despegue de Osbourne como solista. Luego llegaria Diary of a Madman en 1981 que lo estabilizaria segun la critica como \"el mayor superviviente del heavy metal\". En 1982 muere Randy Roads en un absurdo accidente, pero con la ayuda de Jake E. Lee como reemplazo de Randy, Ozzy continnua su senda de exitos lanzando en 1983 Bark at the moon y The Ultimate Sin en 1986. Posteriormente Ozzy continuaria con su popularidad en los 90 y en el nuevo milenio.<\/p>\n<p>A mediados de los 80, el glam metal dominaba las lista de ventas de los EE.UU, la m\u00fasica en televisi\u00f3n y el circuito de concierto. Nuevos grupos como Bon Jovi o Poison atra\u00edan cada vez m\u00e1s gente, mientras que M\u00f6tley Cr\u00fce y Ratt manten\u00edan sus \u00e9xitos. En 1987, la MTV presenta el programa Headbanger's Ball, dedicado exclusivamente a v\u00eddeos de grupos Glam Metal. Sin embargo, entre el p\u00fablico de m\u00fasica heavy comienzan a surgir facciones, con seguidores de un metal m\u00e1s underground y sonido m\u00e1s extremo que despreciaban el heavy m\u00e1s popular calific\u00e1ndolo despectivamente como \"light metal\" o \"hair metal.\". Para estos seguidores, el glam metal no puede considerarse como \"Heavy Metal\", debido a que su estructura musical no est\u00e1 basada en ese g\u00e9nero.<\/p>\n<p>Una de las bandas que unific\u00f3 publicos diversos fue Guns N' Roses. Con la publicaci\u00f3n de Appetite for Destruction (1987), \"recargaron y sostuvieron casi sin ayuda el decadente sistema de Sunset Strip por muchos a\u00f1os.\". En 1988, Jane's Addiction surgieron de la misma escena de clubes hard rock de L.A. con su disco debut Nothing's Shocking. La revista Rolling Stone los describi\u00f3 como \"m\u00e1s que ninguna otro grupo existente, Jane's Addiction son los verdaderos herederos de Led Zeppelin.\" Este grupo fue uno de los primeros en ser identificados como \"alternative metal\", tendencia musical que pasar\u00eda a primera plana en la siguiente d\u00e9cada.<\/p>\n<p>En 1985, el comit\u00e9 Parents Music Resource Center (PMRC) intent\u00f3 censurar a la m\u00fasica heavy metal, glam metal y a muchas otras corrientes musicales (como el Pop), por que la denominaba obscena y no digna de ser escuchada por menores de edad. La PMRC se confront\u00f3 a tres m\u00fasicos de la \u00e9poca: Dee Snider, Frank Zappa y John Denver. En este confrontamiento, Dee Snider dijo que en sus discos se pod\u00edan poner etiquetas advirtiendo del tipo de letras que en la m\u00fasica hab\u00eda. Finalmente, 19 discogr\u00e1ficas acordaron a\u00f1adir la etiqueta \"Parental Guidance: Explicit Lyrics\"\" (en castellano, \"Aviso a los padres: letras expl\u00edcitas\") en los discos que contuvieran letras con contenido expl\u00edcito.<\/p>\n<p>En Espa\u00f1a tambi\u00e9n hay una explosi\u00f3n de grupos heavy metal a principio de los 80. En Madrid es donde hay un mayor proliferaci\u00f3n de bandas como Ob\u00fas o Bar\u00f3n Rojo, pero tambi\u00e9n surgen durante esta d\u00e9cada grupos como Los Suaves (Orense), \u00c1ngeles del Infierno (Lasarte), Barricada (Pamplona) o Sangtra\u00eft (La Junquera).<\/p>\n","protected":false},"excerpt":{"rendered":"<p>Presentaci\u00f3N2 View more presentations from josmaort. HISTORIA Antecedentes (mediados de los a\u00f1os 60) La m\u00fasica blues norteamericana tuvo una gran influencia en los primeros grupos de rock brit\u00e1nicos. Grupos como The Rolling Stones y The Yardbirds grabaron versiones de muchas canciones cl\u00e1sicas de blues, usando guitarras el\u00e9ctricas donde muchas de las originales usaban ac\u00fasticas y [&hellip;]<\/p>\n","protected":false},"author":3019,"featured_media":0,"parent":0,"menu_order":0,"comment_status":"open","ping_status":"open","template":"","meta":{"footnotes":""},"class_list":["post-30","page","type-page","status-publish","hentry"],"_links":{"self":[{"href":"https:\/\/blog.espol.edu.ec\/maxpower\/wp-json\/wp\/v2\/pages\/30","targetHints":{"allow":["GET"]}}],"collection":[{"href":"https:\/\/blog.espol.edu.ec\/maxpower\/wp-json\/wp\/v2\/pages"}],"about":[{"href":"https:\/\/blog.espol.edu.ec\/maxpower\/wp-json\/wp\/v2\/types\/page"}],"author":[{"embeddable":true,"href":"https:\/\/blog.espol.edu.ec\/maxpower\/wp-json\/wp\/v2\/users\/3019"}],"replies":[{"embeddable":true,"href":"https:\/\/blog.espol.edu.ec\/maxpower\/wp-json\/wp\/v2\/comments?post=30"}],"version-history":[{"count":10,"href":"https:\/\/blog.espol.edu.ec\/maxpower\/wp-json\/wp\/v2\/pages\/30\/revisions"}],"predecessor-version":[{"id":72,"href":"https:\/\/blog.espol.edu.ec\/maxpower\/wp-json\/wp\/v2\/pages\/30\/revisions\/72"}],"wp:attachment":[{"href":"https:\/\/blog.espol.edu.ec\/maxpower\/wp-json\/wp\/v2\/media?parent=30"}],"curies":[{"name":"wp","href":"https:\/\/api.w.org\/{rel}","templated":true}]}}