{"id":57,"date":"2009-11-17T14:55:49","date_gmt":"2009-11-17T19:55:49","guid":{"rendered":"http:\/\/blog.espol.edu.ec\/maxpower\/?page_id=57"},"modified":"2009-11-23T11:45:27","modified_gmt":"2009-11-23T16:45:27","slug":"galeria","status":"publish","type":"page","link":"https:\/\/blog.espol.edu.ec\/maxpower\/galeria\/","title":{"rendered":"GALERIA"},"content":{"rendered":"<p>EL GUITARRISTA MAS R\u00c1PIDO DEL MUNDO<br \/>\n<img loading=\"lazy\" decoding=\"async\" class=\"aligncenter size-medium wp-image-59\" src=\"http:\/\/blog.espol.edu.ec\/maxpower\/files\/2009\/11\/guitarra4mastiles-193x300.jpg\" alt=\"Michael Angelo Batio\" width=\"193\" height=\"300\" srcset=\"https:\/\/blog.espol.edu.ec\/maxpower\/files\/2009\/11\/guitarra4mastiles-193x300.jpg 193w, https:\/\/blog.espol.edu.ec\/maxpower\/files\/2009\/11\/guitarra4mastiles.jpg 322w\" sizes=\"auto, (max-width: 193px) 100vw, 193px\" \/><\/p>\n<p>Michael Angelo Batio (nacido en 1956) es un guitarrista de rock\/heavy metal y columnista de Chicago, Illinois. Fue a la Northeastern Illinois University y se recibi\u00f3 en teor\u00eda y composici\u00f3n musical. La revista Guitar One lo calific\u00f3 como el guitarrista m\u00e1s r\u00e1pido del mundo<\/p>\n<p>Batio comenz\u00f3 su carrera con la banda Holland con el vocalista Tommy Holland. Su \u00e1lbum en Atlantic Records, Little Monsters, tuvo poco \u00e9xito a mediados de los 80s. Luego se uni\u00f3 a Jim Gillette en su solo album, Proud to be loud. Ellos dos junto con el bajista T.J. Racer y el baterista Bobby Rock formaron la banda de metal Nitro, con la cual grab\u00f3 2 \u00e1lbumes pero no tuvieron el \u00e9xito previsto as\u00ed que Batio prefiri\u00f3 seguir su camino como solista y lanz\u00f3 nuevos \u00e1lbumes como \"No boundaries\" (1995) y \"Hands Without Shadows\" (2005) los cuales tuvieron mayor \u00e9xito. Fue maestro de guitarra de Tom Morello quien muchas de sus t\u00e9cnicas de \"tapping\" est\u00e1n relacionadas con las de Batio.<\/p>\n<p>Batio ha tocado guitarra desde los 10 a\u00f1os, y a los 12 ya tocaba m\u00e1s r\u00e1pido que su maestro. En sus cl\u00ednicas menciona que es ambidiestro y toca 2 guitarras al mismo tiempo. Tambi\u00e9n invent\u00f3 la primer guitarra doble (una de derecho y una de zurdo empotradas). Sin embargo, la guitarra fue robada en una presentaci\u00f3n en El Paso, Texas, y solo 2 de las 4 partes requeridas para ser armada han sido recuperadas. Tambi\u00e9n invent\u00f3 un apaga cuerdas que se atornilla al cuello de la guitarra para presentaciones en vivo, el cual elimina los sonidos producidos por los dedos mientras se toca en estilo legato.<\/p>\n<p>Tambi\u00e9n se le conoce por su estilo de tocar sobre el brazo en vez de por abajo como todos los guitarristas comunes.<\/p>\n<p>Batio actualmente escribe \"Time To Burn,\" una columna mensual para la revista Guitar World.<\/p>\n<p>YNGWIE MALMSTEEN<br \/>\n<img loading=\"lazy\" decoding=\"async\" class=\"aligncenter size-medium wp-image-59\" src=\"http:\/\/userserve-ak.last.fm\/serve\/_\/423999\/Yngwie+Malmsteen.jpg\" alt=\"Michael Angelo Batio\" width=\"193\" height=\"300\" \/><\/p>\n<p>Yngwie Malmsteen naci\u00f3 el 30 de junio de 1963, en Estocolmo, Suecia.<\/p>\n<p>A la edad de 7 a\u00f1os vio en la televisi\u00f3n un documental de la muerte de Jimi Hendrix, donde vi\u00f3 que Jimi quemaba la guitarra. Yngwie no se inspir\u00f3 por la m\u00fasica de jimmy hendrix si no por el sacrificio de la guitarra que hizo. Esto lo hizo empezar a tocar<\/p>\n<p>Emigr\u00f3 a los EE.UU. a la edad de 17 a\u00f1os.<\/p>\n<p>Luego formo parte de 'Steeler'. Grab\u00f3 con dicha formaci\u00f3n el \u00fanico \u00e1lbum de la banda. Dentro de ese \u00e1lbum, el solo de guitarra de \"Cold day in hell\" o la introducci\u00f3n de 3 minutos del tema \"Hot on your heels\", ya dejaba entrever un guitarrista con un talento y dotes innegables. En el primer concierto con la banda, hubo como p\u00fablico unas treinta personas. Tanto impresion\u00f3 a esa poca gente, que la voz se corri\u00f3 por todo el estado. A su siguiente concierto acudieron grandes mitos del rock, como Ozzy Osbourne, miembros de Kiss, etc, quienes quedaron asombrados por la capacidad del sueco con el instrumento, quien mezclaba velocidad y virtuosismo como si de un juego se tratara.<\/p>\n<p>M\u00e1s tarde abandon\u00f3 Steeler para unirse a un proyecto mucho m\u00e1s ambicioso, Alcatrazz, en el que se encontraba el vocalista ex-Rainbow, Graham Bonnett. Juntos grabaron el \u00e1lbum \"No parole from Rock \u00b4N Roll\", con algunos temas compuestos en gran parte por Malmsteen. El grupo cosech\u00f3 numerosos \u00e9xitos, sobre todo en Jap\u00f3n. En aquel pa\u00eds dieron gran cantidad de conciertos. Los miembros de la formaci\u00f3n en seguida se dieron cuenta que el p\u00fablico b\u00e1sicamente iba a ver a Malmsteen. Antes de salir al escenario, la gente coreaba su nombre...\"Yngwie, Yngwie...\". Durante los conciertos, era el centro de todas las miradas. M\u00e1s tarde, aprovechando el tir\u00f3n que tuvo con Alcatrazz, decidi\u00f3 iniciar su carrera en solitario, la cual comenz\u00f3 en 1984. El p\u00fablico enseguida reconoci\u00f3 el talento de Malmsteen con el instrumento, recogiendo premios ese mismo a\u00f1o por numerosos medios de comunicaci\u00f3n especializados de norteam\u00e9rica, como mejor nuevo talento, mejor guitarrista, etc. Al mismo tiempo, el reconocido guitarrista Steve Vai sustituy\u00f3 a Malmsteen y Alcatrazz fue perdiendo popularidad r\u00e1pidamente, pese a publicar el \u00e1lbum Disturbing the Peace.<\/p>\n<p>Luego su proyecto '\"Yngwie Malmsteen's Rising Force\"' que inicialmente seria un proyecto instrumental paralelo a Alcatrazz, ver\u00eda la luz en 1984 con el cual se dio a conocer al hacerse acreedor a una nominaci\u00f3n a los premios Grammy y lograr que el disco estuviera en el top 100 en ventas. De este \u00e1lbum se destacan cl\u00e1sicos como '\"Black Star\"' ,'\"Far Beyond the sun\"','\"Evil Eye\"' entre otros recurrentes en sus conciertos durante toda su carrera.<\/p>\n<p>En el a\u00f1o siguiente saldr\u00eda a la venta el \u00e1lbum \"Marching out\"con la colaboraci\u00f3n de Jeff Scott Soto como l\u00edder Vocal, y sus viejos compa\u00f1eros Anders y Jens Johansson y el bajista Marcel Jacob, logrando tambi\u00e9n un significativo \u00e9xito en ventas y realizando giras de gran aceptaci\u00f3n especialmente en Jap\u00f3n. En este mismo a\u00f1o particip\u00f3 como invitado en la grabaci\u00f3n de la canci\u00f3n \"STARS\", producida y dirigida por el cantante Ronnie James Dio, quien al ver el \u00e9xito y su virtuosismo lo invito, all\u00ed recibi\u00f3 grandes elogios por parte del mism\u00edsimo Dio, y de David St. Hubbins en una entrevista hecha en el programa much music en 1986 en especial a esta grabaci\u00f3n.<\/p>\n<p>La carrera de Yngwie continu\u00f3 en ascenso con su siguiente \u00e1lbum \"Trilogy\" que ser\u00eda uno de los referentes de su estilo y clase \u00fanicos, esta vez con la colaboraci\u00f3n de Mark Boals en la linea vocal. De este \u00e1lbum destacan canciones como \"Liar\", o la famos\u00edsima \"Trilogy Suite op 5\".<\/p>\n<p>Sin embargo en el a\u00f1o siguiente las cosas no ir\u00edan nada bien para Yngwie quien sufri\u00f3 un terrible accidente al chocar su Jaguar contra un \u00e1rbol, cre\u00e1ndole un co\u00e1gulo en el cerebro (producto de haber roto el timon con la cabeza en el momento del impacto) que no solo lo dejar\u00eda en coma durante tres semanas, sino tambi\u00e9n poniendo en riesgo su carrera al afectar los nervios de su brazo derecho.<\/p>\n<p>Luego de una dura terapia Yngwie tuvo que enfrentar la terrible desgracia de enterarse de la muerte de la mujer que lo inspir\u00f3 y motivo a seguir su carrera: su madre Rigmor.<\/p>\n<p>Para completar un manager abusivo lo dejo sin dinero y con un mont\u00f3n de facturas m\u00e9dicas por pagar. Sin embargo el esp\u00edritu fuerte y decidido de Malmsteen, lo llevaron a una milagrosa recuperaci\u00f3n y logr\u00f3 grabar su \u00e1lbum m\u00e1s exitoso y comercialmente accesible \"Oddysey\" con hits como \"Heaven Tonight\" y otros. Adem\u00e1s de realizar un tour por Europa oriental siendo el primer artista occidental el lograrlo con \u00e9xito. Esto conllev\u00f3 a la grabaci\u00f3n de\"Trial By Fire: Live in Lenningrad\" con tomas de sus mejores presentaciones en Rusia.<\/p>\n<p>Durante los 90 el estilo neoclasico de Yngwie no logr\u00f3 la popularidad de los 80 especialmente en los Estados Unidos, iniciando por el lanzamiento de su disco \"Eclipse\" que logr\u00f3 una buena ubicaci\u00f3n pero no lo suficente a pesar de su claro \u00e1ngulo comercial pero a\u00fan as\u00ed de gran contenido , y finalmente con \"Fire &amp; ice\" disco que bati\u00f3 records en Japon considerado una obra maestra por muchos de sus fan\u00e1ticos, pero que debido a una mala promoci\u00f3n y al auge del Grunge no se logr\u00f3 el esperado exito en el mercado americano. Yngwie retom\u00f3 el sendero con el album \"seventh sign\"en el 94 y luego el \"Magnum opus\" en el 95 , esta vez de a mano de Michael Vescera en las voces, luego de el siguiente disco \"inspiration\" que traia varios covers de sus bandas favoritas y la colaboraci\u00f3n de varios de sus anteriores vocalistas Yngwie Grab\u00f3 el album \"Facing the animal\" con la notable colaboraci\u00f3n de Cozy Powell en la bateria. luego del infortunado incidente donde Cozy perdi\u00f3 la vida ,Yngwie dedic\u00f3 su gira de 1998 al legendario baterista.<\/p>\n<p>En ese mismo a\u00f1o Malmsteen logra concluir su proyecto \"concerto suite for electric guitar and orchestra in E flat minor opus 1\" con la colaboraci\u00f3n de David Rosenthal . El disco se graba junto a la orquesta filarmonica de la rep\u00fablica checa.<\/p>\n<p>Es conocido debido a su velocidad de ejecuci\u00f3n dentro del estilo heavy metal y metal mel\u00f3dico. Su t\u00e9cnica lo llev\u00f3 a incorporar elementos de la t\u00e9cnica de digitaci\u00f3n del viol\u00edn al estilo de Niccol\u00f2 Paganini y Antonio Vivaldi, as\u00ed como fragmentos estil\u00edsticos mel\u00f3dicos y arm\u00f3nicos barrocos. Fue de este modo el precursor del denominado Metal neocl\u00e1sico. Sus siguientes discos son mezcla de temas instrumentales y cantados, siempre en la misma l\u00ednea cl\u00e1sica.<\/p>\n<p>En el a\u00f1o 2003 se une con Steve Vai y con Joe Satriani para el tour G3.<\/p>\n<p>Fender fabrica una guitarra con su nombre y pasa a ser \"Yngwie Malmsteen Stratocaster\" Yngwie Malmsteen Stratocaster signature.<\/p>\n<p>PAUL GILBERT<br \/>\n<img loading=\"lazy\" decoding=\"async\" class=\"aligncenter size-medium wp-image-59\" src=\"http:\/\/www.hongsengmusic.com\/images\/review\/gallery\/paul_reverse_iceman.jpg\" alt=\"Michael Angelo Batio\" width=\"193\" height=\"250\" \/><br \/>\nPaul Brandon Gilbert es un guitarrista estadounidense. Nacido el 6 de noviembre de 1966 en Carbondale, Illinois. Comenz\u00f3 a tocar la guitarra a los 5 a\u00f1os, y a los 15 apareci\u00f3 en la revista Guitar Player junto a Yngwie Malmsteen. En 1984 se mud\u00f3 a Los \u00c1ngeles para ir a estudiar al Guitar Institute of Technology (GIT), volvi\u00e9ndose instructor al a\u00f1o.<\/p>\n<p>Sus influencias van desde Eddie Van Halen e Yngwie Malmsteen hasta otras no tan comunes para un guitarrista de este estilo, como The Beatles, The Beach Boys y The Ramones.<\/p>\n<p>Es considerado uno de los guitarristas m\u00e1s r\u00e1pidos del mundo, por ello sali\u00f3 elegido dentro de los diez primeros en una encuesta de la revista Guitar One. No s\u00f3lo se destaca por su habilidad en la guitarra el\u00e9ctrica, sino que tambi\u00e9n ejecuta con la guitarra ac\u00fastica a un gran nivel, como demuestra en sus discos Acoustic Samurai y Gilbert Hotel.<\/p>\n<p>Ha impartido algunos talleres en video, como Intense Rock - Sequences &amp; Techniques, Intense Rock II, Guitars from Mars, Guitars from Mars II y Terryfying Guitar Trip, donde demuestra sus habilidades como guitarrista y como instructor, ense\u00f1ando a tocar la guitarra con muy buen sentido del humor.<\/p>\n<p>Entre sus alumnos m\u00e1s destacados se encuentran Buckethead (Muchos pensaron que este era en realidad Paul Gilbert), Nuno Bettencourt, Akira Takasaki, Alan Sosa y Esteban Marzullo. Tambi\u00e9n ha dado clases en la academia musical GIT de Jap\u00f3n y de Los Angeles.<\/p>\n<p>Fue miembro y fundador de Racer X y Mr. Big. En 1996 dej\u00f3 el grupo Mr. Big (siendo reemplazado por Richie Kotzen) y comenz\u00f3 su carrera solista. Usa guitarras Ibanez y tiene varios modelos propios, como la PGM-301. Hoy en d\u00eda ya no usa guitarras con puente flotante, porque prefiere el sonido del puente r\u00edgido y el vibrato natural.<\/p>\n<p>Particip\u00f3 en Amazing Journey: A tribute to The Who, una serie de tres conciertos homenaje a la banda The Who, junto a Billy Sheehan, Gary Cherone y Mike Portnoy.<\/p>\n<p>Recientemente ha participado en el famoso concierto G3 junto a John Petrucci y Joe Satriani, donde present\u00f3 canciones de su disco Get Out of my Yard.<\/p>\n","protected":false},"excerpt":{"rendered":"<p>EL GUITARRISTA MAS R\u00c1PIDO DEL MUNDO Michael Angelo Batio (nacido en 1956) es un guitarrista de rock\/heavy metal y columnista de Chicago, Illinois. Fue a la Northeastern Illinois University y se recibi\u00f3 en teor\u00eda y composici\u00f3n musical. La revista Guitar One lo calific\u00f3 como el guitarrista m\u00e1s r\u00e1pido del mundo Batio comenz\u00f3 su carrera con [&hellip;]<\/p>\n","protected":false},"author":3019,"featured_media":0,"parent":0,"menu_order":0,"comment_status":"open","ping_status":"open","template":"","meta":{"footnotes":""},"class_list":["post-57","page","type-page","status-publish","hentry"],"_links":{"self":[{"href":"https:\/\/blog.espol.edu.ec\/maxpower\/wp-json\/wp\/v2\/pages\/57","targetHints":{"allow":["GET"]}}],"collection":[{"href":"https:\/\/blog.espol.edu.ec\/maxpower\/wp-json\/wp\/v2\/pages"}],"about":[{"href":"https:\/\/blog.espol.edu.ec\/maxpower\/wp-json\/wp\/v2\/types\/page"}],"author":[{"embeddable":true,"href":"https:\/\/blog.espol.edu.ec\/maxpower\/wp-json\/wp\/v2\/users\/3019"}],"replies":[{"embeddable":true,"href":"https:\/\/blog.espol.edu.ec\/maxpower\/wp-json\/wp\/v2\/comments?post=57"}],"version-history":[{"count":6,"href":"https:\/\/blog.espol.edu.ec\/maxpower\/wp-json\/wp\/v2\/pages\/57\/revisions"}],"predecessor-version":[{"id":74,"href":"https:\/\/blog.espol.edu.ec\/maxpower\/wp-json\/wp\/v2\/pages\/57\/revisions\/74"}],"wp:attachment":[{"href":"https:\/\/blog.espol.edu.ec\/maxpower\/wp-json\/wp\/v2\/media?parent=57"}],"curies":[{"name":"wp","href":"https:\/\/api.w.org\/{rel}","templated":true}]}}