{"id":108,"date":"2009-07-29T17:28:15","date_gmt":"2009-07-29T21:28:15","guid":{"rendered":"http:\/\/blog.espol.edu.ec\/maylis\/?page_id=108"},"modified":"2009-07-31T17:22:44","modified_gmt":"2009-07-31T21:22:44","slug":"belleza","status":"publish","type":"page","link":"https:\/\/blog.espol.edu.ec\/maylis\/belleza\/","title":{"rendered":"SeCcIOn FeMeNiNa..."},"content":{"rendered":"<p><a name=\"dia16\"><\/a><\/p>\n<div id=\"art2009011601\" class=\"articulo\">\n<h2>COMO TENER UNAS U\u00d1AS FUERTES Y RESISTENTES:<\/h2>\n<div class=\"textoarticulo\">Material Necesario:<\/div>\n<div class=\"textoarticulo\">\n<ul>\n<li>- Zumo de lim\u00f3n<\/li>\n<li>- Aceite de oliva<\/li>\n<li>- Un recipiente<\/li>\n<\/ul>\n<p>Mezclaremos el zumo de lim\u00f3n y el aceite de oliva en un recipiente, y lo batiremos bien.<\/p>\n<p>Posteriormente mojaremos las u\u00f1as en la mezcla y las dejaremos un rato sumergidas.<\/p>\n<p>Cuando las saquemos, picaremos con las u\u00f1as sobre una mesa o cualquier otra superficie.<\/p><\/div>\n<\/div>\n<div id=\"art2009010601\" class=\"articulo\">\n<h2>\u00bfQU\u00c9 DIA ME CORTO LAS U\u00d1AS?<\/h2>\n<div class=\"textoarticulo\">Si te cortas las u\u00f1as un d\u00eda de la semana que tenga \"R\" (martes, miercoles o viernes) te salen repelos y te duelen las muelas.<\/div>\n<div class=\"textoarticulo\">\n<p>Por tanto, los mejores dias para cortarse las u\u00f1as son los que no tienen \"R\" en el nombre.<\/p>\n<p class=\"tags\">\u00a0<\/p>\n<\/div>\n<p><a name=\"dia15\"><\/a><\/p>\n<div id=\"art2008121501\" class=\"articulo\">\n<h2>SOPA DE PAN PARA LOS GRANOS:<\/h2>\n<div class=\"textoarticulo\">Material Necesario:<\/div>\n<div class=\"textoarticulo\">\n<ul>\n<li>- Agua<\/li>\n<li>- Aceite<\/li>\n<li>- Pan<\/li>\n<\/ul>\n<p>Haremos\u00a0como\u00a0si fueramos a hacer una sopa de pan, pondremos un trocito de pan en agua hirviendo, al que le a\u00f1adiremos una gota de aceite.<\/p>\n<p>Este pan, o sopa de pan, lo colocaremos sobre el grano y lo aguantaremos con una tirita o una gasa, para dejarle tiempo a que act\u00fae.<\/p>\n<p>Es recomendable pasar toda la noche con \u00e9l puesto.<\/p>\n<p>Nos sirve para cuando queramos que un grano explote y se cure.<\/p><\/div>\n<\/div>\n<div id=\"art2008110301\" class=\"articulo\">\n<h2>EMPASTRE DE COL PARA LOS GRANOS<\/h2>\n<div class=\"textoarticulo\">Material Necesario:<\/div>\n<div class=\"textoarticulo\">\n<ul>\n<li>- Una hoja de col<\/li>\n<\/ul>\n<p>Calentaremos un trozo de la hoja de col y nos lo pondremos sobre el grano, bien sujeto con una gasa o con un pa\u00f1uelo atado.<\/p>\n<p>Lo dejaremos as\u00ed durante toda la noche para que haga efecto.<\/p>\n<p>La hoja de col\u00a0hace que el grano explote y se cure.<\/p>\n<ul>\n<li>- Si no tenemos una hoja de col, podemos hacer exactamente lo mismo con un trozo de cebolla.<\/li>\n<\/ul>\n<\/div>\n<\/div>\n<div id=\"art2008102301\" class=\"articulo\">\n<h2>COMO TENER UN CUTIS ENVIDIABLE<\/h2>\n<div class=\"textoarticulo\">Para tener un cutis y unas manos finas todo el a\u00f1o hay que hacer lo siguiente:<\/div>\n<div class=\"textoarticulo\">\n<p>Labarse la cara y las manos la noche de San Juan con agua del r\u00edo, un estanque o lago, o cualquier agua que le haya pegado la \"serena\" (el fr\u00edo de la noche)<\/p><\/div>\n<\/div>\n<\/div>\n","protected":false},"excerpt":{"rendered":"<p>COMO TENER UNAS U\u00d1AS FUERTES Y RESISTENTES: Material Necesario: - Zumo de lim\u00f3n - Aceite de oliva - Un recipiente Mezclaremos el zumo de lim\u00f3n y el aceite de oliva en un recipiente, y lo batiremos bien. Posteriormente mojaremos las u\u00f1as en la mezcla y las dejaremos un rato sumergidas. Cuando las saquemos, picaremos con [&hellip;]<\/p>\n","protected":false},"author":1913,"featured_media":0,"parent":0,"menu_order":0,"comment_status":"open","ping_status":"open","template":"","meta":{"footnotes":""},"class_list":["post-108","page","type-page","status-publish","hentry"],"_links":{"self":[{"href":"https:\/\/blog.espol.edu.ec\/maylis\/wp-json\/wp\/v2\/pages\/108","targetHints":{"allow":["GET"]}}],"collection":[{"href":"https:\/\/blog.espol.edu.ec\/maylis\/wp-json\/wp\/v2\/pages"}],"about":[{"href":"https:\/\/blog.espol.edu.ec\/maylis\/wp-json\/wp\/v2\/types\/page"}],"author":[{"embeddable":true,"href":"https:\/\/blog.espol.edu.ec\/maylis\/wp-json\/wp\/v2\/users\/1913"}],"replies":[{"embeddable":true,"href":"https:\/\/blog.espol.edu.ec\/maylis\/wp-json\/wp\/v2\/comments?post=108"}],"version-history":[{"count":12,"href":"https:\/\/blog.espol.edu.ec\/maylis\/wp-json\/wp\/v2\/pages\/108\/revisions"}],"predecessor-version":[{"id":113,"href":"https:\/\/blog.espol.edu.ec\/maylis\/wp-json\/wp\/v2\/pages\/108\/revisions\/113"}],"wp:attachment":[{"href":"https:\/\/blog.espol.edu.ec\/maylis\/wp-json\/wp\/v2\/media?parent=108"}],"curies":[{"name":"wp","href":"https:\/\/api.w.org\/{rel}","templated":true}]}}