{"id":116,"date":"2009-07-29T17:44:20","date_gmt":"2009-07-29T21:44:20","guid":{"rendered":"http:\/\/blog.espol.edu.ec\/maylis\/?page_id=116"},"modified":"2009-07-29T17:44:20","modified_gmt":"2009-07-29T21:44:20","slug":"recetas-caseras-para-cuidar-tu-cabello-y-tu-bolsillo","status":"publish","type":"page","link":"https:\/\/blog.espol.edu.ec\/maylis\/belleza\/recetas-caseras-para-cuidar-tu-cabello-y-tu-bolsillo\/","title":{"rendered":"Recetas caseras para cuidar tu cabello y tu bolsillo..."},"content":{"rendered":"<h3 class=\"entrytitle\"><em><strong>Recetas caseras para cuidar tu cabello y tu bolsillo <\/strong><\/em><\/h3>\n<div class=\"entrymeta\"><\/div>\n<p><!--INFOLINKS_ON--><\/p>\n<p style=\"text-align: center\"><em><img loading=\"lazy\" decoding=\"async\" class=\"imageframe imgaligncenter\" src=\"http:\/\/www.hipermoda.com\/wp-content\/uploads\/2009\/07\/cabello1.jpg\" alt=\"cabello1.jpg\" width=\"450\" height=\"304\" \/><\/em><\/p>\n<p><em>Aqu\u00ed van otras tres sencillas<strong> recetas caseras<\/strong> para cuidar tu <strong><span class=\"st_tag internal_tag\">cabello<\/span><\/strong> de acuerdo a sus necesidades sin tener que gastar las enormes sumas que exigen los productos de belleza.<\/em><\/p>\n<p><em>\u00bfSufres por la <strong>ca\u00edda de tu <span class=\"st_tag internal_tag\">cabello<\/span><\/strong>? Una de las hierbas que te servir\u00e1 para revertir la situaci\u00f3n es el <strong>laurel<\/strong>. Tambi\u00e9n sirve para combatir la caspa y la seborrea. El tratamiento es similar a los que les contaba ayer con el perejil.<\/em><\/p>\n<p><em>Se deben hervir abundantes hojas de laurel en un litro de agua durante una hora, hasta que se resuma el agua y quede solo un concentrado de laurel. Una vez lavado y enjuagado, es el momento de aplicar este l\u00edquido en el cuero cabelludo y dejarlo actuar durante media hora. <strong>Otra opci\u00f3n<\/strong> es frotar el cuero cabelludo (no el <span class=\"st_tag internal_tag\">cabello<\/span>) con <strong>sal marina<\/strong> y cepillar con suavidad. Luego l\u00e1valo. Si mantienes este tratamiento durante alg\u00fan per\u00edodo, ver\u00e1s como ya no habr\u00e1 tanto <span class=\"st_tag internal_tag\">cabello<\/span> por todos lados.<\/em><\/p>\n<p><em>Si lo quer\u00e9s tener <strong>brillante y sedoso<\/strong> (qui\u00e9n no sue\u00f1a con tener el <span class=\"st_tag internal_tag\">cabello<\/span> as\u00ed) un muy buen tratamiento para lograrlo es enjuagar el <span class=\"st_tag internal_tag\">cabello<\/span> con un poco de <strong>vinagre<\/strong> o <strong>extractos de manzana<\/strong> (si es que no te gusta como huele el vinagre) durante 5 minutos. Luego lo enjuagas con agua bien fr\u00eda y \u00a1listo!<\/em><\/p>\n<p style=\"text-align: center\"><em><img loading=\"lazy\" decoding=\"async\" class=\"imageframe imgaligncenter\" src=\"http:\/\/www.hipermoda.com\/wp-content\/uploads\/2009\/07\/cabello3.jpg\" alt=\"cabello3.jpg\" width=\"450\" height=\"300\" \/><\/em><\/p>\n<p><em>Por \u00faltimo te recomiendo utilizar <strong>berro<\/strong> seguidamente, puesto que es uno de los remedios naturales m\u00e1s efectivos para el <span class=\"st_tag internal_tag\">cabello<\/span>. Su preparaci\u00f3n es diferente a las anteriores. En este caso se debe licuar el berro, una cantidad justa ser\u00edan 100 gramos. Si notas que quedan grumos, a\u00f1\u00e1dele unas gotas de agua y sigue licu\u00e1ndolo, hasta alcanzar una mezcla homog\u00e9nea. Aunque su aspecto no luzca bien, conf\u00eda en \u00e9l y esp\u00e1rcelo por todo el cuero cabelludo dej\u00e1ndolo actuar por una hora. Luego lo lavas como lo haces todos los d\u00edas.<\/em><\/p>\n<p><em>Por \u00faltimo quer\u00eda aclararles que estos <span class=\"st_tag internal_tag\">consejos<\/span> tienen resultados visibles luego de un per\u00edodo de tiempo en que lo repites. Es claro que los nutrientes de estas plantas, hierbas, o aceites, no se traspasan al <span class=\"st_tag internal_tag\">cabello<\/span> en un solo aplique. Como dice el dicho: <strong>\u201cPersevera y triunfar\u00e1s\u201d <\/strong><\/em><\/p>\n","protected":false},"excerpt":{"rendered":"<p>Recetas caseras para cuidar tu cabello y tu bolsillo Aqu\u00ed van otras tres sencillas recetas caseras para cuidar tu cabello de acuerdo a sus necesidades sin tener que gastar las enormes sumas que exigen los productos de belleza. \u00bfSufres por la ca\u00edda de tu cabello? Una de las hierbas que te servir\u00e1 para revertir la [&hellip;]<\/p>\n","protected":false},"author":1913,"featured_media":0,"parent":108,"menu_order":0,"comment_status":"open","ping_status":"open","template":"","meta":{"footnotes":""},"class_list":["post-116","page","type-page","status-publish","hentry"],"_links":{"self":[{"href":"https:\/\/blog.espol.edu.ec\/maylis\/wp-json\/wp\/v2\/pages\/116","targetHints":{"allow":["GET"]}}],"collection":[{"href":"https:\/\/blog.espol.edu.ec\/maylis\/wp-json\/wp\/v2\/pages"}],"about":[{"href":"https:\/\/blog.espol.edu.ec\/maylis\/wp-json\/wp\/v2\/types\/page"}],"author":[{"embeddable":true,"href":"https:\/\/blog.espol.edu.ec\/maylis\/wp-json\/wp\/v2\/users\/1913"}],"replies":[{"embeddable":true,"href":"https:\/\/blog.espol.edu.ec\/maylis\/wp-json\/wp\/v2\/comments?post=116"}],"version-history":[{"count":2,"href":"https:\/\/blog.espol.edu.ec\/maylis\/wp-json\/wp\/v2\/pages\/116\/revisions"}],"predecessor-version":[{"id":118,"href":"https:\/\/blog.espol.edu.ec\/maylis\/wp-json\/wp\/v2\/pages\/116\/revisions\/118"}],"up":[{"embeddable":true,"href":"https:\/\/blog.espol.edu.ec\/maylis\/wp-json\/wp\/v2\/pages\/108"}],"wp:attachment":[{"href":"https:\/\/blog.espol.edu.ec\/maylis\/wp-json\/wp\/v2\/media?parent=116"}],"curies":[{"name":"wp","href":"https:\/\/api.w.org\/{rel}","templated":true}]}}