{"id":122,"date":"2009-07-29T17:55:34","date_gmt":"2009-07-29T21:55:34","guid":{"rendered":"http:\/\/blog.espol.edu.ec\/maylis\/?page_id=122"},"modified":"2009-07-31T17:23:54","modified_gmt":"2009-07-31T21:23:54","slug":"maquillaje","status":"publish","type":"page","link":"https:\/\/blog.espol.edu.ec\/maylis\/belleza\/maquillaje\/","title":{"rendered":"Maquillaje"},"content":{"rendered":"<table border=\"0\" cellspacing=\"0\" cellpadding=\"0\" width=\"550\">\n<tbody>\n<tr align=\"left\" valign=\"top\">\n<td>\n<table border=\"0\" cellspacing=\"0\" cellpadding=\"0\" width=\"221\">\n<tbody>\n<tr>\n<td class=\"cabecera_titulo\" align=\"left\" valign=\"top\"><img loading=\"lazy\" decoding=\"async\" src=\"http:\/\/www.tuimagenpersonal.com\/contenidos\/img\/imagenes\/17.jpg\" alt=\"la ultima en maquillaje y peinados\" width=\"221\" height=\"306\" \/><\/td>\n<\/tr>\n<tr>\n<td class=\"cabecera_titulo\" align=\"left\" valign=\"top\">\u00a0<\/td>\n<\/tr>\n<tr>\n<td class=\"cabecera_titulo\" align=\"left\" valign=\"top\">\u00a0<\/td>\n<\/tr>\n<\/tbody>\n<\/table>\n<\/td>\n<td>\n<table border=\"0\" cellspacing=\"0\" cellpadding=\"0\" width=\"29\">\n<tbody>\n<tr>\n<td>\u00a0<\/td>\n<\/tr>\n<\/tbody>\n<\/table>\n<\/td>\n<td>\n<table border=\"0\" cellspacing=\"0\" cellpadding=\"0\" width=\"300\">\n<tbody>\n<tr>\n<td class=\"texto_titulo\" height=\"17\" align=\"left\" valign=\"top\">\n<h1 class=\"texto_titulo\"><strong>Las 5 claves de OTO\u00d1O para estar guapa y a la \u00faltima ..(y hacerlo f\u00e1cilmente) <\/strong><\/h1>\n<\/td>\n<\/tr>\n<tr>\n<td class=\"texto_subtitulo\" align=\"left\" valign=\"top\">\u00a0<\/td>\n<\/tr>\n<tr>\n<td height=\"33\" align=\"left\" valign=\"top\">\n<table style=\"height: 33px\" border=\"0\" cellspacing=\"0\" cellpadding=\"0\" width=\"300\">\n<tbody>\n<tr>\n<td>\u00a0<\/td>\n<\/tr>\n<\/tbody>\n<\/table>\n<\/td>\n<\/tr>\n<tr>\n<td class=\"texto\" align=\"left\" valign=\"top\">Si quieres estar al d\u00eda de lo \u00faltimo que viene esta temporada, sigue leyendo porque te contamos las 5 tips de <span class=\"hlink_texto textnormal\">maquillaje<\/span> para saber todo lo que hay que saber y estar a la ultima en maquillaje y peinados..<\/p>\n<h2 class=\"texto_destacado\">1. Tips de Maquillaje - BELLEZA \u00bfQu\u00e9 hay de nuevo?<\/h2>\n<p>En realidad la tendencia de la piel se arrastra desde temporadas pasadas, lo que se lleva es tener una piel \"fresca y bien cuidada\" con un aspecto \"sano\" \u00bfc\u00f3mo conseguirlo? Sigue el ritual de belleza que ya sabes:<\/p>\n<ol>\n<li>Limpia tu piel ma\u00f1ana y noche<\/li>\n<li>Hidrata tu contorno de ojos<\/li>\n<li>Hidrata tu rostro ma\u00f1ana y noche con una crema espec\u00edfica para tu tipo de piel.<\/li>\n<li>Utiliza una mascarilla para tu tipo de piel como m\u00ednimo una vez a la semana.<\/li>\n<li>Y cuando tu piel lo necesita un serum.<\/li>\n<\/ol>\n<ul>\n<li>Algo nuevo , Advance Night Repair Concentrate ( aprox. 83\u20ac)de Est\u00e9e Lauder, e ste es un producto que dar\u00e1 que hablar, se lanza al mercado en el mes de septiembre y es un producto perfecto para utilizar como tratamiento de choque, es una cura de la piel que puedes utilizar cada cambio de estaci\u00f3n o cundo tu piel esta estresada y saturada.<\/li>\n<\/ul>\n<h2 class=\"texto_destacado\">2. Tips de Maquillaje - MAQUILLAJE \u00bfCu\u00e1l es la tendencia esta temporada?<\/h2>\n<p><strong>Piel de seda <\/strong><\/p>\n<p>La tendencia sigue como la temporada pasada, piel sana y con una base de maquillaje ligera o con un efecto luminoso, recuerda corregir antes las ojeras y posibles rojeces de la piel, y despu\u00e9s difumina tu base para que quede natural..<\/p>\n<ul>\n<li>Algo nuevo, prueba el ultimo lanzamiento de Yves Saint Laurent\u00a0, con brocha incorporada..<\/li>\n<\/ul>\n<p><strong>Mirada seductora <\/strong><\/p>\n<p>Los colores de esta temporada son los chocolates y toda la gama de caf\u00e9s, desde el capuchinno hasta el caf\u00e9 con leche.<\/p>\n<p>El estilo, ojo ahumado, te adjuntamos aqu\u00ed los pasos a seguir para conseguir el look:<\/p>\n<p class=\"texto_destacado\"><strong>PASO A PASO PARA MAQUILLAR UN OJO AHUMADO ( ..f\u00e1cilmente) <\/strong><\/p>\n<ul>\n<li>Maqu\u00edllate el ojo por dentro con l\u00e1piz marr\u00f3n oscuro, tanto en el parpado superior como inferior.<\/li>\n<\/ul>\n<ul>\n<li>Sigue el mismo paso maquill\u00e1ndote con el l\u00e1piz el parpado superior e inferior, es mejor dibujar una l\u00ednea no muy gruesa e ir incrementando el color poco a poco.<\/li>\n<\/ul>\n<ul>\n<li>Difumina el l\u00e1piz con un pincel impregnado en sombra marr\u00f3n oscura (o chocolate el tono que te guste).<\/li>\n<\/ul>\n<ul>\n<li>Difumina hasta la zona del hueso para que no queden l\u00edneas.<\/li>\n<\/ul>\n<ul>\n<li>Difumina el parpado inferior con un pincel fino, suavemente y despu\u00e9s aplica un tono crema brillante en el parpado fijo.<\/li>\n<\/ul>\n<ul>\n<li>Maquilla tus pesta\u00f1as con intensidad, utiliza un rizador primero y despu\u00e9s dos capas de mascara negra.<\/li>\n<\/ul>\n<p class=\"texto_destacado\"><strong>POMULOS \u00a1sonr\u00f3jate esta de moda! <\/strong><\/p>\n<p>La tendencia en los p\u00f3mulos es colorete en crema o liquido para dar ese aspecto tan sano en tonos rosados p\u00e1lidos.<\/p>\n<ul>\n<li>Un buen truco; Apl\u00edcate la base, despu\u00e9s (antes del polvo) aplica el colorete en crema, pasa una brocha impregnada solo ligeramente en polvo translucido y despu\u00e9s aplica un poco de colorete en polvo de un tono similar para resaltar el color, te quedar\u00e1 muy bien.<\/li>\n<\/ul>\n<p>Y recuerda, lo mejor es difuminar los coloretes en crema o l\u00edquidos con una esponjita o con la yema de los dedos.<\/p>\n<p class=\"texto_destacado\"><strong>LABIOS \u00a1El rojo est\u00e1 de moda! <\/strong><\/p>\n<p>Pero entonces opta por un maquillaje de ojos ligero.<\/p>\n<p>Si te maquillas el labio en tonos rojos recuerda poner mucho cuidado en las comisuras de la boca, puedes seguir estos 3 tips de maquillaje:<\/p>\n<ol>\n<li>Aplica un tono de l\u00e1piz neutro alrededor del labio y difum\u00ednalo para borrar la l\u00ednea natural del labio (el truco es que est\u00e9 bien difuminado).<\/li>\n<li>Maquilla el labio con un l\u00e1piz rojo, y dentro del labio tambi\u00e9n para que cuando desaparezca el carm\u00edn, no quede una l\u00ednea oscura.<\/li>\n<li>Maquilla el labio con un pincel con el color de rojo intenso que quieras. Puedes aplicar gloss encima para dar ese toque charol que tanto se lleva.<\/li>\n<li>Tips de Maquillaje: PEINADOS \u00a1Lo \u00faltimo!<\/li>\n<\/ol>\n<p>Estos son los tres peinados m\u00e1s vistos en la pasarela, \u00a1f\u00e1ciles y c\u00f3modos de hacer!<\/p>\n<p><strong>PELO LISO RAYA EN MEDIO <\/strong><\/p>\n<p>Es una tendencia muy llevadera sobre todo si tienes el pelo liso y te gusta que caiga lacio, si no lo tienes liso para conseguir este efecto nada como la plancha de cabello, ahora hay unas de cer\u00e1mica que no da\u00f1an tanto el cabello \u00a1recuerda utilizar siempre un producto para proteger el cabello antes de utilizar el secador o la plancha de peinado.<\/p>\n<p><span class=\"texto_destacado\">PELO \"NI LISO NI RIZADO\" <\/span><\/p>\n<p>Esta es una tendencia que sigue por lo c\u00f3moda y f\u00e1cil de realizar, te recordamos aqu\u00ed unos tips de maquillaje para conseguirlo:<\/p>\n<ol>\n<li>Alisa la capa m\u00e1s larga del pelo, totalmente lisa.<\/li>\n<li>La capa intermedia al\u00edsala primero para poder moldearla f\u00e1cilmente.<\/li>\n<li>Ponte unos rulos anchos enrollados hacia arriba y no muy prietos en la capa media o utiliza una tenacilla para dar forma pero no muy marcada.<\/li>\n<li>La capa m\u00e1s corta al\u00edsala pero ahueca con laca la parte alta de la cabeza.<\/li>\n<li>Si tienes flequillo, al\u00edsalo con un cepillo redondo de tama\u00f1o intermedio para que no pierda volumen..\u00a1y ya est\u00e1!<\/li>\n<\/ol>\n<p class=\"texto_destacado\">FLEQUILLO<\/p>\n<p>El flequillo es uno de esos toques que dan personalidad y forma al peinado, se llevan largos para todas las edades o muy cortos (s\u00f3lo para jovencitas ), consulta a tu estilista para que te recomiende si te quedar\u00e1 bien seg\u00fan tu tipo de rostro.<\/td>\n<\/tr>\n<\/tbody>\n<\/table>\n<\/td>\n<\/tr>\n<\/tbody>\n<\/table>\n","protected":false},"excerpt":{"rendered":"<p>\u00a0 \u00a0 \u00a0 Las 5 claves de OTO\u00d1O para estar guapa y a la \u00faltima ..(y hacerlo f\u00e1cilmente) \u00a0 \u00a0 Si quieres estar al d\u00eda de lo \u00faltimo que viene esta temporada, sigue leyendo porque te contamos las 5 tips de maquillaje para saber todo lo que hay que saber y estar a la ultima [&hellip;]<\/p>\n","protected":false},"author":1913,"featured_media":0,"parent":108,"menu_order":0,"comment_status":"open","ping_status":"open","template":"","meta":{"footnotes":""},"class_list":["post-122","page","type-page","status-publish","hentry"],"_links":{"self":[{"href":"https:\/\/blog.espol.edu.ec\/maylis\/wp-json\/wp\/v2\/pages\/122","targetHints":{"allow":["GET"]}}],"collection":[{"href":"https:\/\/blog.espol.edu.ec\/maylis\/wp-json\/wp\/v2\/pages"}],"about":[{"href":"https:\/\/blog.espol.edu.ec\/maylis\/wp-json\/wp\/v2\/types\/page"}],"author":[{"embeddable":true,"href":"https:\/\/blog.espol.edu.ec\/maylis\/wp-json\/wp\/v2\/users\/1913"}],"replies":[{"embeddable":true,"href":"https:\/\/blog.espol.edu.ec\/maylis\/wp-json\/wp\/v2\/comments?post=122"}],"version-history":[{"count":4,"href":"https:\/\/blog.espol.edu.ec\/maylis\/wp-json\/wp\/v2\/pages\/122\/revisions"}],"predecessor-version":[{"id":124,"href":"https:\/\/blog.espol.edu.ec\/maylis\/wp-json\/wp\/v2\/pages\/122\/revisions\/124"}],"up":[{"embeddable":true,"href":"https:\/\/blog.espol.edu.ec\/maylis\/wp-json\/wp\/v2\/pages\/108"}],"wp:attachment":[{"href":"https:\/\/blog.espol.edu.ec\/maylis\/wp-json\/wp\/v2\/media?parent=122"}],"curies":[{"name":"wp","href":"https:\/\/api.w.org\/{rel}","templated":true}]}}