{"id":135,"date":"2009-07-31T17:03:08","date_gmt":"2009-07-31T21:03:08","guid":{"rendered":"http:\/\/blog.espol.edu.ec\/maylis\/?page_id=135"},"modified":"2009-08-21T17:35:54","modified_gmt":"2009-08-21T21:35:54","slug":"recetas-de-postres-2","status":"publish","type":"page","link":"https:\/\/blog.espol.edu.ec\/maylis\/recetas-de-postres-2\/","title":{"rendered":"RECETAS  DE POSTRES..."},"content":{"rendered":"<div id=\"post-3471\" class=\"post-meta\">\n<h1>Corazon Espinao<\/h1>\n<div class=\"post-content\">\n<p>Este pastel de chocolate con forma de coraz\u00f3n, es especial para preparar y comer con tu pareja o tus amigos, mientras toman el te y charlan de los amores y de la vida. Es f\u00e1cil, r\u00e1pido de hacer y realmente queda delicioso.<\/p>\n<p><strong>Ingredientes: <\/strong><br \/>\n150 gr. de chocolate fondant<br \/>\n125 gr. de mantequilla o margarina<br \/>\n125 gr. almendras molidas<br \/>\npalitos de mikado de chocolate negro o blanco.<\/p>\n<p><strong>Leer el Procedimiento<\/strong><\/p>\n<div class=\"post-social\">\n<p class=\"cats\"><strong>PROCEDIMIENTO:<\/strong><br \/>\nPrecalentamos el horno a 180\u00ba arriba y abajo. Fundimos el chocolate en el microondas 1 minuto, le incorporamos la mantequilla punto pomada, mezclamos y a\u00f1adimos las almendras. Batimos las yemas con el az\u00facar y lo a\u00f1adimos a la masa. Batimos las claras a punto de nieve y lo a\u00f1adimos tambi\u00e9n a la mezcla, batiendo todo muy bien. Horneamos durante 30 minutos a 180\u00ba y decoramos con cobertura de chocolate o az\u00facar glas y se hincan los palitos de chocolate atravesando el bizcocho. Est\u00e1 riqu\u00edsimo y muy suave.<\/p>\n<\/div>\n<\/div>\n<div id=\"post-3449\" class=\"post-meta\">\n<div id=\"post-entry\">\n<div id=\"post-3449\" class=\"post-meta\">\n<div class=\"post-content\"><strong>Ingredientes<\/strong><\/div>\n<p><strong>Para el bizochuelo<\/strong><br \/>\n4 huevos<br \/>\n200g de az\u00facar<br \/>\n100g de harina<br \/>\n40g de cacao<br \/>\n<strong>Para la ganache de chocolate y frutillas<\/strong><br \/>\n300g de cobertura semi amarga<br \/>\n100g de crema de leche<br \/>\n70cm3 de licor de frutilla<br \/>\n<strong>Para el chocolate pl\u00e1stico<\/strong><br \/>\n450g de cobertura con leche<br \/>\n30g de manteca de cacao<br \/>\n100g de glucosa<br \/>\n<strong>Para la reducci\u00f3n de frutillas<\/strong><br \/>\n100g de az\u00facar<br \/>\n100g de frutillas<br \/>\n<strong>Para la terminaci\u00f3n<\/strong><br \/>\nReducci\u00f3n de frutillas cantidad necesaria<br \/>\nChocolate cobertura blanco cantidad necesaria<\/p>\n<p><strong>PROCEDIMIENTO<\/strong><\/p>\n<p>1. Bizcocho cl\u00e1sico: Batir los huevos con el az\u00facar a punto letra.<br \/>\n2. Agregar la harina y el cacao previamente mezclados.<br \/>\n3. Verter en el molde de torta de 20cm. de di\u00e1metro, enmantecado y enharinado y hornear a 180\u00baC durante 30 minutos. Reservar.<br \/>\n4. Ganache de Chocolate y Frutillas: Derretir el chocolate. Aparte, calentar la crema sin dejarla hervir y mezclar con el chocolate hasta que est\u00e9n unidos.<br \/>\n5. Incorporar el licor de frutillas y seguir removiendo hasta que la mezcla adquiera una textura lisa y brillante.<br \/>\n6. Armado: Cortar 3 discos del bizcochuelo ya cocido de 7, 11 y 14cm. de di\u00e1metro. 7. Colocar en molde media esfera una porci\u00f3n de ganache y por encima un disco de bizcocho de 7cm de di\u00e1metro.<br \/>\n7. Colocar encima otra parte de la ganache y otra capa de bizcochuelo, el de 11cm de di\u00e1metro.<br \/>\n8. Finalizar con otra parte de la ganache y el disco de bizcochuelo de 14cm de di\u00e1metro. Llevar al freezer.<br \/>\n9. Chocolate Pl\u00e1stico: Derretir el chocolate a 42\u00baC. Aparte, derretir la manteca de cacao en otro recipiente y mezclar ambos en un bol.<br \/>\n10. Agregar la glucosa, pasada por el microondas, y mezclar manteniendo la temperatura. Reservar.<br \/>\n11. Desmoldar la torta ya congelada usando calor suave. Reservar.<br \/>\n12. Colocar la preparaci\u00f3n del chocolate pl\u00e1stico en papel film y dejarla toda la noche a temperatura ambiente. Luego retirar del film y amasar hasta que tenga una consistencia suave y lisa.<br \/>\n13. Extender con un palote sobre la mesa previamente espolvoreada con az\u00facar impalpable.<br \/>\n14. Decoraci\u00f3n: Colocar el chocolate pl\u00e1stico ya extendido sobre la torta desmoldada.<br \/>\n15. Colocar los bordes excedentes y acomodar para que quede bien firme. Decorar con hilos de chocolate cobertura blanco. Terminar con la reducci\u00f3n de frutillas y hojas de menta.<\/p>\n<p><strong>Reducci\u00f3n de Frutillas<\/strong><\/p>\n<p>Mezclar el az\u00facar y las frutillas y llevar a fuego directo hasta reducir un poco. Dejar entibiar y usar.<\/p>\n<h1><span style=\"color: #af1d36\">Mini Torta de Chocolate<\/span><\/h1>\n<div class=\"post-author\">Categoria:<span style=\"color: #ff6370\">Tortas y Tartas<\/span><\/div>\n<div class=\"post-content\">\n<p>Impecable presentaci\u00f3n para esta exquisita torta bien \u201cchocolatosa\u201d. Se trata de un bizcochuelo de cacao, intercalado con capas de una deliciosa ganache, todo ba\u00f1ado con una cobertura riqu\u00edsima.<\/p>\n<p><strong>Ingredientes<\/strong><\/p>\n<p><strong>Para el bizochuelo<\/strong><br \/>\n4 huevos<br \/>\n200g de az\u00facar<br \/>\n100g de harina<br \/>\n40g de cacao<br \/>\n<strong>Para la ganache de chocolate y frutillas<\/strong><br \/>\n300g de cobertura semi amarga<br \/>\n100g de crema de leche<br \/>\n70cm3 de licor de frutilla<br \/>\n<strong>Para el chocolate pl\u00e1stico<\/strong><br \/>\n450g de cobertura con leche<br \/>\n30g de manteca de cacao<br \/>\n100g de glucosa<br \/>\n<strong>Para la reducci\u00f3n de frutillas<\/strong><br \/>\n100g de az\u00facar<br \/>\n100g de frutillas<br \/>\n<strong>Para la terminaci\u00f3n<\/strong><br \/>\nReducci\u00f3n de frutillas cantidad necesaria<br \/>\nChocolate cobertura blanco cantidad necesaria<\/p>\n<p><strong>PROCEDIMIENTO<\/strong><\/p>\n<p>1. Bizcocho cl\u00e1sico: Batir los huevos con el az\u00facar a punto letra.<br \/>\n2. Agregar la harina y el cacao previamente mezclados.<br \/>\n3. Verter en el molde de torta de 20cm. de di\u00e1metro, enmantecado y enharinado y hornear a 180\u00baC durante 30 minutos. Reservar.<br \/>\n4. Ganache de Chocolate y Frutillas: Derretir el chocolate. Aparte, calentar la crema sin dejarla hervir y mezclar con el chocolate hasta que est\u00e9n unidos.<br \/>\n5. Incorporar el licor de frutillas y seguir removiendo hasta que la mezcla adquiera una textura lisa y brillante.<br \/>\n6. Armado: Cortar 3 discos del bizcochuelo ya cocido de 7, 11 y 14cm. de di\u00e1metro. 7. Colocar en molde media esfera una porci\u00f3n de ganache y por encima un disco de bizcocho de 7cm de di\u00e1metro.<br \/>\n7. Colocar encima otra parte de la ganache y otra capa de bizcochuelo, el de 11cm de di\u00e1metro.<br \/>\n8. Finalizar con otra parte de la ganache y el disco de bizcochuelo de 14cm de di\u00e1metro. Llevar al freezer.<br \/>\n9. Chocolate Pl\u00e1stico: Derretir el chocolate a 42\u00baC. Aparte, derretir la manteca de cacao en otro recipiente y mezclar ambos en un bol.<br \/>\n10. Agregar la glucosa, pasada por el microondas, y mezclar manteniendo la temperatura. Reservar.<br \/>\n11. Desmoldar la torta ya congelada usando calor suave. Reservar.<br \/>\n12. Colocar la preparaci\u00f3n del chocolate pl\u00e1stico en papel film y dejarla toda la noche a temperatura ambiente. Luego retirar del film y amasar hasta que tenga una consistencia suave y lisa.<br \/>\n13. Extender con un palote sobre la mesa previamente espolvoreada con az\u00facar impalpable.<br \/>\n14. Decoraci\u00f3n: Colocar el chocolate pl\u00e1stico ya extendido sobre la torta desmoldada.<br \/>\n15. Colocar los bordes excedentes y acomodar para que quede bien firme. Decorar con hilos de chocolate cobertura blanco. Terminar con la reducci\u00f3n de frutillas y hojas de menta.<\/p>\n<p><strong>Reducci\u00f3n de Frutillas<\/strong><\/p>\n<p>Mezclar el az\u00facar y las frutillas y llevar a fuego directo hasta reducir un poco. Dejar entibiar y usar.<\/p><\/div>\n<\/div>\n<\/div>\n<\/div>\n<\/div>\n","protected":false},"excerpt":{"rendered":"<p>Corazon Espinao Este pastel de chocolate con forma de coraz\u00f3n, es especial para preparar y comer con tu pareja o tus amigos, mientras toman el te y charlan de los amores y de la vida. Es f\u00e1cil, r\u00e1pido de hacer y realmente queda delicioso. Ingredientes: 150 gr. de chocolate fondant 125 gr. de mantequilla o [&hellip;]<\/p>\n","protected":false},"author":1913,"featured_media":0,"parent":0,"menu_order":0,"comment_status":"open","ping_status":"open","template":"","meta":{"footnotes":""},"class_list":["post-135","page","type-page","status-publish","hentry"],"_links":{"self":[{"href":"https:\/\/blog.espol.edu.ec\/maylis\/wp-json\/wp\/v2\/pages\/135","targetHints":{"allow":["GET"]}}],"collection":[{"href":"https:\/\/blog.espol.edu.ec\/maylis\/wp-json\/wp\/v2\/pages"}],"about":[{"href":"https:\/\/blog.espol.edu.ec\/maylis\/wp-json\/wp\/v2\/types\/page"}],"author":[{"embeddable":true,"href":"https:\/\/blog.espol.edu.ec\/maylis\/wp-json\/wp\/v2\/users\/1913"}],"replies":[{"embeddable":true,"href":"https:\/\/blog.espol.edu.ec\/maylis\/wp-json\/wp\/v2\/comments?post=135"}],"version-history":[{"count":6,"href":"https:\/\/blog.espol.edu.ec\/maylis\/wp-json\/wp\/v2\/pages\/135\/revisions"}],"predecessor-version":[{"id":142,"href":"https:\/\/blog.espol.edu.ec\/maylis\/wp-json\/wp\/v2\/pages\/135\/revisions\/142"}],"wp:attachment":[{"href":"https:\/\/blog.espol.edu.ec\/maylis\/wp-json\/wp\/v2\/media?parent=135"}],"curies":[{"name":"wp","href":"https:\/\/api.w.org\/{rel}","templated":true}]}}