{"id":153,"date":"2009-07-31T17:52:48","date_gmt":"2009-07-31T21:52:48","guid":{"rendered":"http:\/\/blog.espol.edu.ec\/maylis\/?page_id=153"},"modified":"2009-07-31T18:08:07","modified_gmt":"2009-07-31T22:08:07","slug":"tips-al-escoger-ropa","status":"publish","type":"page","link":"https:\/\/blog.espol.edu.ec\/maylis\/belleza\/tips-al-escoger-ropa\/","title":{"rendered":"Tips al escoger ropa"},"content":{"rendered":"<p>Tips al escoger ropa<\/p>\n<p>No siempre sabemos qu\u00e9 ponernos porque nos conocemos algo que no queremos mostrar, como he dicho no importa que estemos flacas o con algunos extras estos tips van para todas las mujeres.<\/p>\n<p>Una prenda que se ve preciosa en tu amiga a t\u00ed se te ve fatal y no es por el peso, es por la anatom\u00eda en general, todas las mujeres tenemos algo que lucir, y algo que no queremos presumir, veamos que tal te parecen estos consejillos para sacarle provecho a todo nuestro cuerpo ( recuerden el procedimiento de la cinta m\u00e9trica unas entregas mas abajo, a veces nuestros ojos no nos dicen claramente qu\u00e9 tal estamos, ya sea porque somos crueles con nosotras mismas, o no es tan notorio el asunto).<\/p>\n<p><img decoding=\"async\" style=\"width: 130px;height: 92px\" src=\"http:\/\/1.bp.blogspot.com\/_al5vYIj0H5s\/SagJcQKBIUI\/AAAAAAAAAFM\/6U6briT9QvA\/s320\/vestidos.bmp\" border=\"0\" alt=\"\" \/><\/p>\n<p><strong>Mujeres bajas<\/strong>: hay que evitar todo volumen en la parte inferior del cuerpo, por lo que se deben descartar los pantalones amplios, las faldas campana por debajo de la rodilla y las faldas y los vestidos largos hasta el suelo; \u00bflo ideal? los largos a la rodilla o por encima de ella (las faldas tubos) y con zapatos adecuados ( no a las botas altas).<br \/>\nHay que usar pantalones de talle alto o elegir uno de corte pitillo, ya que hacen m\u00e1s esbelta la anatom\u00eda. Arriba usa cosas cortas, como chaquetas, capelinas, etc. Se recomienda dejar de lado los grandes accesorios, como los bolsos muy amplios que desproporcionan la figura.<br \/>\n<strong>Mujeres con mucho busto:<\/strong> conviene dejar de lado los escotes amplios, los grandes cuellos, las poleras y las camisas abotonadas hasta arriba. Lo ideal es minimizar en la parte de debajo de la silueta, no uses mini, sino elige los pantalones -anchos o rectos-; y lo ideal es llevar tacones altos, ya que alargan la figura.<br \/>\n<strong>Mujeres de poco busto:<\/strong> pueden usar prendas con dise\u00f1os elaborados, mucho volumen, volados, estampados , tambi\u00e9n poleras. En caso de tener adem\u00e1s cadera ancha no usar todo ajustado, y elegir prendas de algod\u00f3n o de lino, porque disimula. En la parte de arriba escoger mangas infladas, volados sobre los hombros, mangas murci\u00e9lago, drapeados sobre el pecho, bordados, lentejuelas, etc. Puedes usar mini, pero no muy ajustada. No usar vestidos al cuerpo de telas tipo jersey, sat\u00e9n ni elastizados.<br \/>\n<strong>Mujeres de caderas anchas:<\/strong> se recomiendan las faldas o pantalones lisos -sin bolsillos, ni frunces ni recortes- y los vestidos que marcan la figura, pero que no acent\u00faen el contraste, o aquellos de talla bajo el busto. Elegir camisetas, camisas o tops que sean m\u00e1s largos que la cadera y con algo neutro abajo.<br \/>\n<strong>Mujeres con bastantes kilos de m\u00e1s (de 20 para arriba) : <\/strong>los pantalones deben ser rectos y con la cintura a mitad del ombligo (deja los muy pegados). Las faldas -cortadas al bies, o estructuradas con gajos- deben estar unos cent\u00edmetros debajo de la rodilla. Se pueden usar sacos que sean semientallados y a mitad de cadera. En cuanto a las texturas, elige algod\u00f3n grueso, gasas, voiles y sedas. Respecto a los estampados y los colores, utiliza los colores m\u00e1s claros en la parte menos voluminosa del cuerpo y los oscuros en la m\u00e1s voluptuosa; evita los tonos muy brillantes porque hacen m\u00e1s evidentes esas partes que no se desean mostrar.<\/p>\n<h3 class=\"post-title entry-title\">Por sugerencia mas tips...<\/h3>\n<p>Cre\u00ed ser la \u00fanica mirona de los dem\u00e1s, pero me equivoqu\u00e9, recib\u00ed varios correos de amigas del blog donde me marcaban algunos de los errores que comet\u00edan los que pasaban por su ventana, si me da gusto no por el fin de criticar sino porque as\u00ed nos vamos dando cuenta de qu\u00e9 est\u00e1 bien y qu\u00e9 no, dentro de un tiempo nos sentiremos mucho m\u00e1s c\u00f3modas con nuestra forma de vestir, porque ser\u00e1 m\u00e1s razonada y nos har\u00e1 lucir espectaculares:<\/p>\n<p>Enlisto lo que enviaron chicas, incluso enviaron fotograf\u00edas, pero debido a que podemos herir susceptibilidades con la persona a quien se la tomaron sin permiso, decid\u00ed omitirlas, echemos a volar la imaginaci\u00f3n:<\/p>\n<p><strong>Bot\u00f3n asesino<\/strong> : A las chicas nos suele pasar mucho a la hora de llevar camisa , y es que depende de nuestra talla de pecho a veces la camisa queda genial de hombro peeeeeeeeero \u2026.nos aprieta .Que hacemos? pues nos la quedamos , evidentemente ! Antes muerta que dejarla . Error! mejor probamos con otra marca que se ajuste m\u00e1s a nuestra constituci\u00f3n , ya que queda horroroso ( y yo tambi\u00e9n lo hago) llevar un bot\u00f3n a punto de saltar\u2026y herir a alguien. Los chicos con barriguita tienen tambi\u00e9n este problema !.<br \/>\n<strong><\/strong><br \/>\n<strong>Cintura:<\/strong> Cuando el pantal\u00f3n es de talle bajo y muy ajustado en la cintura, o abdomen, provoca que si se tiene barriguita, \u00e9sta tienda a salirse fuera de la pretina del pantal\u00f3n y no favorece la figura de la mujer especialmente por la tendencia de la moda al usar pantalones de talle bajo. Tambi\u00e9n en los chicos sucede porque la talla es muy ajustada o peque\u00f1a y no correspondiente a la normal.<\/p>\n<p><strong><\/strong><strong>Dejar ver demasiado:<\/strong> No me parece muy est\u00e9tico un chico con la camisa demasiado abierta. En las chicas igual , aunque yo soy una ferviente devota de los escotes y las prendas que sugieren , a mi gusto debe reflejar sensualidad pero sin llegar a la vulgaridad . Todo exceso es malo.<\/p>\n<p><strong><\/strong><strong>Exagerar tendencias :<\/strong> La moda nos propone tendencias para que nosotros reinventemos, no hace falta que incluyamos todos nuestros complementos en cada una de las salidas que hacemos.<\/p>\n<p><strong><\/strong><strong>Comprar lo que se lleva :<\/strong> A veces nos cegamos por lo que vemos en las revistas o en la televisi\u00f3n , pero realmente no hay que comprar algo con lo que no estemos c\u00f3modas , que creamos que no nos sienta bien simplemente porque es lo que se lleva.<\/p>\n<p><strong>Utilizar colores no apropiados:<\/strong> Hay que tener un m\u00ednimo de \"cuidado\" al mezclar colores y texturas .Adem\u00e1s de tener en cuenta que no todos tenemos la misma tonalidad de piel . Realmente no existe una tabla de colores que diga cuales s\u00ed y cuales no se pueden combinar , pero\u2026yo creo que hay que intentarlo.<\/p>\n<h3 class=\"post-title entry-title\">\u00bfQue tal va la definici\u00f3n?<\/h3>\n<div>\n<div>Ahora seguiremos definiendonos a nosotras mismas pero ahora respecto a la ropa, \u00bfcual es tu estilo para vestir?, tienes uno solo o depende de tu humor el como te vistes veamos los estilos mas comunes.<\/div>\n<div>Rom\u00e1ntica:Este estilo se trata de colores delicados como los pasteles. Predominan los colores perlados, rosados, lila, azules o verdes claros, en tonos muy suaves, tambi\u00e9n se usa mucho los encajes, vuelos, bordados, las blusas de punto, se evitan las piezas demasiado brillosas y el uso de negro, blanco o rojo.<\/div>\n<div><img decoding=\"async\" style=\"width: 300px;height: 300px\" src=\"http:\/\/3.bp.blogspot.com\/_al5vYIj0H5s\/SaXujXXSY_I\/AAAAAAAAADs\/1syhknZjtHI\/s320\/ropa+romantica1.jpg\" border=\"0\" alt=\"\" \/><br \/>\nCasual: en este estilo est\u00e1n las que les gusta vestirse bien pero no tienen un cuidado exagerado en los detalles. En cuanto a los colores, se estan imponiendo los solidos a los estampados en tops y blusas, sin embargo en los vestidos, los estampados incluyendo los \u201canimal print\u201d marcan la pauta. La moda casual actualmente se adpta facilmente a todas las edades y estilos.<br \/>\nPara aclarar un poco mas mencionemos algunas de las prendas del estilo:<br \/>\n1-El pantal\u00f3n super estrecho.<br \/>\n2-El cintur\u00f3n ancho, como un gran accesorio casual, para enmarcar la cintura.<br \/>\n3-El negro, combinado con el blanco.<br \/>\n4-El top muy sencillo y al cuerpo.<br \/>\n5- La blusa de corte netamente femenino con mangas importantes.<br \/>\n6-El siempre y c\u00f3modo \u201cjean\u201d que ha dejado de ser vaquero para convertise en signo de moda.<\/div>\n<div>\n<img decoding=\"async\" style=\"width: 300px;height: 300px\" src=\"http:\/\/3.bp.blogspot.com\/_al5vYIj0H5s\/SaXvCK6jtvI\/AAAAAAAAAD8\/yCgwtROnCcE\/s320\/casual.jpg\" border=\"0\" alt=\"\" \/><\/div>\n<div>Deportiva: Aqu\u00ed que m\u00e1s puedo definir el uso de prendas usuales para hacer ejercicio, pants, licras, telas inteligentes, no puede faltar el zapato deportivo.<\/div>\n<\/div>\n<p><img decoding=\"async\" style=\"width: 254px;height: 201px\" src=\"http:\/\/1.bp.blogspot.com\/_al5vYIj0H5s\/SaXxhznmhVI\/AAAAAAAAAEE\/6xguMHEkFJA\/s320\/deportiva.bmp\" border=\"0\" alt=\"\" \/><\/p>\n<div><\/div>\n<div>Ejecutivo:suele utilizarse saco o chaqueta, ya puede ser con falda, vestido o pantal\u00f3n. Generalmente en prendas de un solo color y en colores oscuros como los azules marinos, negros o grises. Arriba suele llevarse con blusas , lisas o estampadas. Tac\u00f3n, en fin toda una profesional.<\/div>\n<div>\n<img decoding=\"async\" style=\"width: 136px;height: 207px\" src=\"http:\/\/2.bp.blogspot.com\/_al5vYIj0H5s\/SaXyEpI0_HI\/AAAAAAAAAEM\/bdPTkujqMWQ\/s320\/ejecutiva.bmp\" border=\"0\" alt=\"\" \/><\/div>\n<div>Sofisticado: Pues para mujeres que cuidan al extremo todos los detalles de su vestimenta, todo debe combinar al extremo, desde el color de las u\u00f1as, las medias, el peinado es muy complicado, pareciera que todos los d\u00edas esta persona va a ir a una noche de gala. Suelen echar mano de los guantes, la ropa con brillos, terciopelos, sombreros. En fin todo lo que permita estar siempre llamando la atenci\u00f3n, tacones con brillantes.<\/div>\n<div>\n<img decoding=\"async\" style=\"width: 163px;height: 173px\" src=\"http:\/\/3.bp.blogspot.com\/_al5vYIj0H5s\/SaXyfn657MI\/AAAAAAAAAEU\/-g690FX340M\/s320\/sofisticada.bmp\" border=\"0\" alt=\"\" \/><\/div>\n<div>Sexy: Quieres irradiar sensualidad, la finalidad es atraer, no quiere decir que vas a responder pero te gusta provocar algo en los hombres. Aqu\u00ed se usan mucho las transparencias, ropa ajustada al cuerpo, escotes pronunciados (ojo, sin ser vulgares, aclaro), prendas estrat\u00e9gicas de seducci\u00f3n, colores como el rojo, el negro, morado, todos los que invoquen pasi\u00f3n.<\/div>\n<div>\n<img decoding=\"async\" style=\"width: 150px;height: 150px\" src=\"http:\/\/2.bp.blogspot.com\/_al5vYIj0H5s\/SaXzJ-0nCtI\/AAAAAAAAAEk\/f9D7o2EOyqs\/s320\/sexy.jpg\" border=\"0\" alt=\"\" \/><\/div>\n<div>Quiero dejar de lado aquellos estilos urbanos, no porque sean malos sino porque ellos tienen sus reglas muy establecidas al vestirse y comportarse.<\/div>\n<div><\/div>\n<div>No necesariamente debe uno pertenecer a uno solo de estos estilos toda la vida, lo cierto es que puede uno ser deportiva en la ma\u00f1ana, ejecutiva en la tarde y sexy en la noche pero lo que si es una realidad es que no debemos mezclar los estilos, no se ve bien un pantal\u00f3n deportivo con una blusa de transparencias, as\u00ed que al salir observate al espejo y determina si lo que traes puesto es un estilo fijo.<\/div>\n<div>Tampoco una prenda pertenece solo a un estilo, una misma prenda puede adaptarse a dos o m\u00e1s de ellos, lo que importa es el conjunto, no la individualidad.<\/p>\n<p>Verse bien no es caro, incluso nos podemos ver bien con lo que tenemos, la idea no es gastar lo que tenemos en vestido, si puedes adelante, tendr\u00e1s mas opciones pero la idea es solo esa, tener opciones, mas o menos depende de tu presupuesto.<\/p><\/div>\n<div>A\u00fan no sabes como?, pues quiero que vean esta pagina est\u00e1 muy practica para aprender a armar conjuntos de ropa, te permite armar tu propio conjunto y claro si quieres comprar adelante, pero al menos es buen ejercicio para aprender a vestir.<\/div>\n<div>\nEn las siguientes entregas veremos qu\u00e9 prendas nos pueden favorecer mas, si somos altas, chaparritas, pechugonas, o al contrario no tenemos nada, hay que saber aprovechar lo que tenemos.<\/div>\n<div><\/div>\n<p>\u00bfY t\u00fa qu\u00e9 estilo tienes?<\/p>\n<h3 class=\"post-title entry-title\">Tips b\u00e1sicos de la presentaci\u00f3n...<\/h3>\n<p>Para verse bien no es necesario gastar mucho dinero, es poner la mente a trabajar y coordinar todo lo que tenemos a la mano, ayer que fue un d\u00eda de poco trabajo, empec\u00e9 a observar a la gente que pasa y ver quienes luc\u00edan super bien, bien y los que no tanto, pas\u00f3 mucha gente y sin embargo los errores se repet\u00edan constantemente, detalles que hac\u00edan que un buen atuendo desmereciera bastante, ah\u00ed les va:<br \/>\n<strong>El pants o  con zapatos casuales<\/strong>: Esto es algo muy visto tanto en damas como en caballeros, un pants es una prenda para estar c\u00f3modo mientras haces ejercicio por lo tanto tambi\u00e9n el zapato debe ser adecuado.<br \/>\n<strong>Peinado  a la desgre\u00f1\u00e9<\/strong> no calculada. Est\u00e1 bien que la moda ahora implica los cabellos desordenados, pero \u00a1jam\u00e1s! Con la almohada marcada, no importa que solo vayas a la tienda, m\u00ednimo hay que pasarse el cepillo.<br \/>\n<strong>Ropa con agujeros<\/strong>: Si se te rompi\u00f3 en el camino pues que hacerle, solo tratar de taparlo, pero si es una prenda cuyo agujero no lo ves porque est\u00e1 atr\u00e1s, los dem\u00e1s si lo vemos y desmerece mucho, es un descuido que dice mucho de ti, y no muy bien por cierto.<br \/>\n<strong>Traje con mochila :<\/strong> Todos nos damos cuenta inmediatamente cuando va a haber exposiciones en el sal\u00f3n, todos los alumnos traen trajecito pero pues la mochila, si eres estudiante en ocasiones no tienes otra opci\u00f3n, pero cuando ya tienes un trabajo, pues, a buscar otro tipo de mochila por lo menos, ya no busques colores estrafalarios, super h\u00e9roes, al menos los colores deben ser mas serios, y si cambias el estilo a uno mas formal mejor.<br \/>\n<strong>Tenis sin calcetas:<\/strong> Se ve p\u00e9simo, si no te vas a poner calcetas el pie suda mas porque esta directamente con el material del zapato, vas a terminar con un olor de pie y de tenis horrible. Traten encarecidamente de no hacerlo.<br \/>\n<strong>Botones diferentes sin orden:<\/strong> cuando tienes una blusa hermosa, un sueter precioso pero por razones del destino se te cay\u00f3 un bot\u00f3n y no encuentras alg\u00fan parecido, lo mas adecuado es cambiar todos los botones, tambi\u00e9n c\u00e1mbialo cuando ya se rompi\u00f3.<\/p>\n<p><strong>Pantal\u00f3n sin bastilla:<\/strong> A nadie absolutamente a nadie, se le ve bien, tener el pantal\u00f3n todo roto, arrastrando por el piso, adem\u00e1s del maltrato a la prenda, deja de lucir el pantal\u00f3n, porque no se ve bien el zapato que traes, y alg\u00fan d\u00eda pasar\u00e1s sobre un chicle y lo tendr\u00e1s en la ropa, Fuchila. Ahora bien, cuando se ator\u00f3 la bastilla en algo y<br \/>\n<strong>Zapatos sucios:<\/strong> si, he visto chicos y chicas super guapos pero el tener el zapato sucio hace verlos mal, hay que darle una manita de gato a lo que traemos, un consejo, siempre carguen aunque sea papel o servilletas y si se mojan en el camino, no duden en limpiarlos, es parte de su presentaci\u00f3n.<br \/>\n<strong>Falta de accesorios o exceso de ellos:<\/strong> No importa que un traje, vestido o conjunto est\u00e9 divino, si no lo complementas bien, chicas por favor p\u00f3nganse aretes, adem\u00e1s de verse m\u00e1s femeninas, las har\u00e1 lucir cada vez mas, pero en accesorios menos es mas, no necesitan traer hasta el molcajete para lucir, ya iremos viendo esto con mas detalle.<br \/>\n<strong>Ropa interior marcada o de color obscuro en ropa clara:<\/strong> choninos negros con un pantal\u00f3n blanco??? La intenci\u00f3n era demostrar que si tra\u00edas calzones????, NOOOOOOOOOOOOOOOOOOOOO por favor, a nadie le importa lo que traigas bajo la ropa, no hay que demostrarlo de esa manera.<br \/>\n<strong>Blusas formales con ropa deportiva:<\/strong> Otro error no importa que los colores combinen a la perfecci\u00f3n, un pants debe ir con jerseys, camisetas, algo deportivo.<br \/>\n<strong>Tinte descuidado o no retocado:<\/strong> Estoy de acuerdo que no siempre vamos a estar perfectas pero debemos pensar muy bien en lo que significa ponerse tinte, es escalvizarse a siempre tenerlo bien, una cosa es que se vea la ra\u00edz, pero no medio cabello de un color y medio de otro, si ya te cansaste del color y no quieres volver a pint\u00e1rtelo mas, deberas hacerlo una vez m\u00e1s, del tono mas parecido a tu cabello, de esta forma, no te ver\u00e1s descuidada y el cambio no ser\u00e1 tan dr\u00e1stico, de todas maneras acu\u00e9rdense que la naturaleza nunca se equivoca, M\u00e9xico es el pa\u00eds donde m\u00e1s se vende el tinte rubio o tonos claros, a la mayor\u00eda no les queda, porque el tono latino de piel es moreno de claro a obscuro cenizo. Piensale bien antes de cambiarte el color. Si no puedes hacerlo con la regularidad necesaria, pues entonces piensa en unas luces o rayitos, que solo dar\u00e1n luz a tu rostro y no algo tan radical.<br \/>\n<strong>Falta de higiene personal<\/strong>: Si, se nota el descuido y la higiene, en las camisas, las manos, los brazos, por favor, si solo te lavas la cara en la ma\u00f1ana, revisa tus brazos ya que con el correr del agua, se marcan unos r\u00edos de mugre muy feos, y de paso, checa muy bien tus u\u00f1as, no se vale traerlas sucias, si no te las pintas al menos limpias y si eres caballero cortitas y limpias.<\/p>\n","protected":false},"excerpt":{"rendered":"<p>Tips al escoger ropa No siempre sabemos qu\u00e9 ponernos porque nos conocemos algo que no queremos mostrar, como he dicho no importa que estemos flacas o con algunos extras estos tips van para todas las mujeres. Una prenda que se ve preciosa en tu amiga a t\u00ed se te ve fatal y no es por [&hellip;]<\/p>\n","protected":false},"author":1913,"featured_media":0,"parent":108,"menu_order":0,"comment_status":"open","ping_status":"open","template":"","meta":{"footnotes":""},"class_list":["post-153","page","type-page","status-publish","hentry"],"_links":{"self":[{"href":"https:\/\/blog.espol.edu.ec\/maylis\/wp-json\/wp\/v2\/pages\/153","targetHints":{"allow":["GET"]}}],"collection":[{"href":"https:\/\/blog.espol.edu.ec\/maylis\/wp-json\/wp\/v2\/pages"}],"about":[{"href":"https:\/\/blog.espol.edu.ec\/maylis\/wp-json\/wp\/v2\/types\/page"}],"author":[{"embeddable":true,"href":"https:\/\/blog.espol.edu.ec\/maylis\/wp-json\/wp\/v2\/users\/1913"}],"replies":[{"embeddable":true,"href":"https:\/\/blog.espol.edu.ec\/maylis\/wp-json\/wp\/v2\/comments?post=153"}],"version-history":[{"count":5,"href":"https:\/\/blog.espol.edu.ec\/maylis\/wp-json\/wp\/v2\/pages\/153\/revisions"}],"predecessor-version":[{"id":156,"href":"https:\/\/blog.espol.edu.ec\/maylis\/wp-json\/wp\/v2\/pages\/153\/revisions\/156"}],"up":[{"embeddable":true,"href":"https:\/\/blog.espol.edu.ec\/maylis\/wp-json\/wp\/v2\/pages\/108"}],"wp:attachment":[{"href":"https:\/\/blog.espol.edu.ec\/maylis\/wp-json\/wp\/v2\/media?parent=153"}],"curies":[{"name":"wp","href":"https:\/\/api.w.org\/{rel}","templated":true}]}}