{"id":164,"date":"2009-08-21T23:42:05","date_gmt":"2009-08-22T03:42:05","guid":{"rendered":"http:\/\/blog.espol.edu.ec\/maylis\/?page_id=164"},"modified":"2009-09-18T10:30:22","modified_gmt":"2009-09-18T14:30:22","slug":"solo-hombres","status":"publish","type":"page","link":"https:\/\/blog.espol.edu.ec\/maylis\/solo-hombres\/","title":{"rendered":"SoLo HomBrEs!!"},"content":{"rendered":"<p>La apariencia tambi\u00e9n es importante a la hora de conquistar!!!<\/p>\n<p>Si quieres conquistar a una chica, seguramente habr\u00e1s buscado en internet m\u00e9todos para hacerlo. Habr\u00e1s le\u00eddo que la actitud es lo m\u00e1s importante y que con el habla puedes llegar a conquistar a cualquier mujer sin problemas. Pero d\u00e9jame aclarar una cosas. \u00a1La apariencia importa!<\/p>\n<p>No quiero decir que la apariencia es todo, pero es bastante importante, al menos para la primera impresi\u00f3n. \u00bfPor qu\u00e9? Porque una vez que ya tienes conversaci\u00f3n con una mujer, todo resulta m\u00e1s f\u00e1cil, pero primero hay que lograr que se forme esa comunicaci\u00f3n. Y recuerda: todo entra por los ojos (al menos al principio).<\/p>\n<p>Pero no quiero hablar sobre fantas\u00edas. Si eres de una forma, no la podr\u00e1s cambiar totalmente. Lo m\u00e1ximo que puedes hacer con tu cuerpo es ir al gimnasio, dejarte o afeitarte la barba, los bigotes, y otros retoques de ese estilo. Lo importante es que logres mejorar tu apariencia para poder llegar al \u201cprimer contacto\u201d con mucha ventaja.<\/p>\n<p>Insisto en que no estoy subestimando el valor de la palabra. Al fin y al cabo lo que importa es c\u00f3mo eres, c\u00f3mo te comportas y qu\u00e9 le dices. Para un hombre f\u00edsicamente lindo la tarea de conquistar una chica va a ser m\u00e1s f\u00e1cil que para un hombre feo, sin dudas. Sin embargo, hay que ver qu\u00e9 hace para poder mantener una relaci\u00f3n sin problemas. Muchos no pueden.<\/p>\n<p>Conquistar a una chica no es una tarea dif\u00edcil, y casi siempre lo mejor es hacerlo en lugares en los que ellas no piensan que las van a conquistar, como por ejemplo un mercado, una tienda de alquiler de pel\u00edculas, un comercio, entre otros.<\/p>\n<p>Lo importante est\u00e1 en mantenerse aseado y prolijo para poder afrontar el primer paso con m\u00e1s seguridad. Una vez que logres hablar con ella, todo ser\u00e1 m\u00e1s f\u00e1cil. Estar prolijo y bien vestido te dar\u00e1 m\u00e1s seguridad y estar\u00e1s m\u00e1s suelto.<\/p>\n<p><img decoding=\"async\" src=\"http:\/\/3.bp.blogspot.com\/_XQoz2EWvvt0\/SjLvQpLIznI\/AAAAAAAADmA\/nfeNM2f5bCs\/s400\/395x296_70044.jpg\" alt=\"Conquistar\" \/><\/p>\n","protected":false},"excerpt":{"rendered":"<p>La apariencia tambi\u00e9n es importante a la hora de conquistar!!! Si quieres conquistar a una chica, seguramente habr\u00e1s buscado en internet m\u00e9todos para hacerlo. Habr\u00e1s le\u00eddo que la actitud es lo m\u00e1s importante y que con el habla puedes llegar a conquistar a cualquier mujer sin problemas. Pero d\u00e9jame aclarar una cosas. \u00a1La apariencia importa! [&hellip;]<\/p>\n","protected":false},"author":2182,"featured_media":0,"parent":0,"menu_order":0,"comment_status":"open","ping_status":"open","template":"","meta":{"footnotes":""},"class_list":["post-164","page","type-page","status-publish","hentry"],"_links":{"self":[{"href":"https:\/\/blog.espol.edu.ec\/maylis\/wp-json\/wp\/v2\/pages\/164","targetHints":{"allow":["GET"]}}],"collection":[{"href":"https:\/\/blog.espol.edu.ec\/maylis\/wp-json\/wp\/v2\/pages"}],"about":[{"href":"https:\/\/blog.espol.edu.ec\/maylis\/wp-json\/wp\/v2\/types\/page"}],"author":[{"embeddable":true,"href":"https:\/\/blog.espol.edu.ec\/maylis\/wp-json\/wp\/v2\/users\/2182"}],"replies":[{"embeddable":true,"href":"https:\/\/blog.espol.edu.ec\/maylis\/wp-json\/wp\/v2\/comments?post=164"}],"version-history":[{"count":4,"href":"https:\/\/blog.espol.edu.ec\/maylis\/wp-json\/wp\/v2\/pages\/164\/revisions"}],"predecessor-version":[{"id":195,"href":"https:\/\/blog.espol.edu.ec\/maylis\/wp-json\/wp\/v2\/pages\/164\/revisions\/195"}],"wp:attachment":[{"href":"https:\/\/blog.espol.edu.ec\/maylis\/wp-json\/wp\/v2\/media?parent=164"}],"curies":[{"name":"wp","href":"https:\/\/api.w.org\/{rel}","templated":true}]}}