{"id":178,"date":"2009-08-25T15:26:52","date_gmt":"2009-08-25T19:26:52","guid":{"rendered":"http:\/\/blog.espol.edu.ec\/maylis\/?page_id=178"},"modified":"2009-09-18T10:29:12","modified_gmt":"2009-09-18T14:29:12","slug":"10-cosas-que-los-hombres-odian-de-las-mujeres","status":"publish","type":"page","link":"https:\/\/blog.espol.edu.ec\/maylis\/10-cosas-que-los-hombres-odian-de-las-mujeres\/","title":{"rendered":"10 CoSaS Que LoS HomBreS OdiaN De LaS MujEreS!!!"},"content":{"rendered":"<p>Aqui te detallamos para ti chica que te importa lo que sentimos!!!jeje 10 cosas que puedes hacer o corregir, para mantenernos motivados en la relacion...<\/p>\n<p>10 cosas que los hombres odian de las mujeres!!!<\/p>\n<p><img decoding=\"async\" src=\"http:\/\/definanzas.com\/wp-content\/uploads\/diferencia-sueldo.jpg\" alt=\"hombres y mujeres\" \/><\/p>\n<p>1. Odian que no respetan su espacio personal: Los hombres no son muy dados a contar cada cosa que les pasa durante el d\u00eda, s\u00f3lo aquello de lo que se acuerdan o sucesos fuera de lo com\u00fan; en cambio ellas se cuentan todo el intinerario, tal vez ah\u00ed es donde esta la confusi\u00f3n; no es que realmente las mujeres intenten ahogar a sus parejas, sino que muchas veces necesitan saber cosas que sus compa\u00f1eros no les dan a conocer, actitud que suele ser interpretada como una invasi\u00f3n.<\/p>\n<p>Aun as\u00ed es cierto que tanto ellos como ellas necesitan de su espacio para desarrollarse personalmente, espacio que el otro debe saber respetar.<\/p>\n<p>2. Los celos: Aunque los hombre aleguen que las mujeres se pasan de la raya viendo cosas que no son, deben saber que los celos sin raz\u00f3n no existen, independientemente de lo que \u00e9l haga, siempre se producen porque la pareja se siente amenazada. Por ello es importante que el hombre explore cu\u00e1l es la raz\u00f3n de ese comportamiento.<\/p>\n<p>3. Les desespera el codificado lenguaje femenino:Para la mayoria de los hombres la mente y lenguaje femenino es muy complejo, creen que hablan en clave, no las entienden y se desesperan. Realmente lo que sucede es que la lectura emocional de los hombres es mucho m\u00e1s pobre que la de las mujeres y por lo tanto no son capaces de entender sus mensajes.<\/p>\n<p>4. No les gusta que ellas sean demasiado sentimentales: Esto es muy comprensible porque en nuestra sociedad el hombre est\u00e1 obligado a ser m\u00e1s fuerte, result\u00e1ndole dif\u00edcil manejar sus sentimientos. Por lo tanto si no pueden manejar su propia emocionalidad, les cuesta mucho m\u00e1s manejar la de sus parejas.Hombres: No es malo, ni mucho menos ser\u00e1n menos hombres si de vez en cuando se muestran sentimentales y les permiten a sus parejas que lo sean.<\/p>\n<p>5. Ir de compras, \u00a1Lo detestan!: Los hombres son mucho m\u00e1s directos a la hora de realizar sus compras, no se fijan en tantos detalles como las mujeres. Es por esto que les molesta pasar horas eligiendo un par de zapatos o pantal\u00f3n. Ellos compran lo que a primera vista les gusta sin perder el tiempo en mirar otras opciones. Hombres tengan un poco de paciencia, todo se recompenza cuando ellas les lucen lo que se compraron , \u00bfo no?.<\/p>\n<p>6. Mujeres inseguras: Realmente no les molesta en si el que la mujer sea insegura, sino el hecho de que muchas veces en la relaci\u00f3n se vean obligados entregar algo que no est\u00e1n dispuestos a dar. Las mujeres necesitan estar con un hombre que les d\u00e9 seguridad y no todos se sienten c\u00f3modos con este papel.<\/p>\n<p>7. No les gustan las mujeres que hablan sin parar: Los hombres son muy concretos en una conversaci\u00f3n , por lo tanto les desespera que cuando le preguntan algo a una mujer, ella responda en 10 minutos algo que no daba para m\u00e1s de dos. Esto se debe a que las mujeres tienden a darle ciertos matices a los mensajes.<\/p>\n<p>8. Les enfada que ellas usen el sexo como un arma: M\u00e1s bien se trata de diferentes perspectivas; para los hombres es muy f\u00e1cil separar lo sentimental de los corporal, en cambio para ellas es todo lo contrario, va junto con revuelto.Si est\u00e1n peleados y la mujer no quiere tener relaciones, el hombre siente que lo est\u00e1n castigando, pero en realidad es que ella no tiene ganas porque existen problemas a otro nivel de la relaci\u00f3n.<\/p>\n<p>9. Les molesta mucho que ellas oculten su pasado, creen que cada persona tiene su historia y que para estar en pareja cada uno debe aceptar los antecedentes del otro. Ni que decir.<\/p>\n<p>10. Les disguta el que las mujeres se critiquen entre ellas, pero la verdad es que los hombres esconden esta faceta. Aunque son m\u00e1s reservados y menos expl\u00edcitos, de seguro que tambi\u00e9n, de vez en cuando le sale lo tijera.<\/p>\n","protected":false},"excerpt":{"rendered":"<p>Aqui te detallamos para ti chica que te importa lo que sentimos!!!jeje 10 cosas que puedes hacer o corregir, para mantenernos motivados en la relacion... 10 cosas que los hombres odian de las mujeres!!! 1. Odian que no respetan su espacio personal: Los hombres no son muy dados a contar cada cosa que les pasa [&hellip;]<\/p>\n","protected":false},"author":2182,"featured_media":0,"parent":0,"menu_order":0,"comment_status":"open","ping_status":"open","template":"","meta":{"footnotes":""},"class_list":["post-178","page","type-page","status-publish","hentry"],"_links":{"self":[{"href":"https:\/\/blog.espol.edu.ec\/maylis\/wp-json\/wp\/v2\/pages\/178","targetHints":{"allow":["GET"]}}],"collection":[{"href":"https:\/\/blog.espol.edu.ec\/maylis\/wp-json\/wp\/v2\/pages"}],"about":[{"href":"https:\/\/blog.espol.edu.ec\/maylis\/wp-json\/wp\/v2\/types\/page"}],"author":[{"embeddable":true,"href":"https:\/\/blog.espol.edu.ec\/maylis\/wp-json\/wp\/v2\/users\/2182"}],"replies":[{"embeddable":true,"href":"https:\/\/blog.espol.edu.ec\/maylis\/wp-json\/wp\/v2\/comments?post=178"}],"version-history":[{"count":2,"href":"https:\/\/blog.espol.edu.ec\/maylis\/wp-json\/wp\/v2\/pages\/178\/revisions"}],"predecessor-version":[{"id":193,"href":"https:\/\/blog.espol.edu.ec\/maylis\/wp-json\/wp\/v2\/pages\/178\/revisions\/193"}],"wp:attachment":[{"href":"https:\/\/blog.espol.edu.ec\/maylis\/wp-json\/wp\/v2\/media?parent=178"}],"curies":[{"name":"wp","href":"https:\/\/api.w.org\/{rel}","templated":true}]}}