{"id":184,"date":"2009-08-26T14:53:50","date_gmt":"2009-08-26T18:53:50","guid":{"rendered":"http:\/\/blog.espol.edu.ec\/maylis\/?page_id=184"},"modified":"2009-08-26T14:53:50","modified_gmt":"2009-08-26T18:53:50","slug":"la-ciencia-de-los-besos","status":"publish","type":"page","link":"https:\/\/blog.espol.edu.ec\/maylis\/la-ciencia-de-los-besos\/","title":{"rendered":"La ciencia de los besos"},"content":{"rendered":"<p><strong>Besar <\/strong>es todo un arte, pero tambi\u00e9n tiene su propia ciencia. Se llama\u00a0<strong>filematolog\u00eda<\/strong>, y las \u00faltimas investigaciones en esta disciplina revelan que intercambiar saliva nos ayuda a escoger la pareja m\u00e1s adecuada.<\/p>\n<p>Seg\u00fan explicaba este fin de semana la neurocient\u00edfica Wendy Hill durante la reuni\u00f3n de la Asociaci\u00f3n Americana para el Avance de la Ciencia (AAAS), las\u00a0<strong>sustancias qu\u00edmicas <\/strong>que contiene la saliva nos ayudan a evaluar a una posible pareja para decidir si es la m\u00e1s id\u00f3nea. Adem\u00e1s, besarnos reduce los niveles de<strong>cortisol<\/strong>, la hormona del estr\u00e9s, y aumenta los niveles de\u00a0<strong>oxitocina<\/strong>, siempre y cuando besemos a la persona adecuada.<br \/>\n<img decoding=\"async\" src=\"http:\/\/www.muyinteresante.es\/images\/stories\/salud\/beso.jpg\" alt=\"La ciencia de los besos\" \/><\/p>\n<p><a href=\"http:\/\/www.muyinteresante.es\/index.php\/todas-entrevistas\/19\/3227-helen-fisher\" target=\"_blank\">Helen Fisher<\/a>, profesora de antropolog\u00eda en la Universidad Rutger y experta mundial en la biolog\u00eda del amor, tambi\u00e9n ha analizado el papel del beso, y asegura que \u201c<strong>besar <\/strong>es un poderoso<strong> mecanismo de adaptaci\u00f3<\/strong>n\u201d presente en m\u00e1s del 90% de las sociedades humanas. Sin olvidar, a\u00f1ade, que \u201clos chimpanc\u00e9s y los bonobos se besan, los zorros se lamen sus hocicos entre s\u00ed, las aves se picotean y los elefantes ponen sus trompas en las bocas de los otros miembros de sus manadas\u201d.<\/p>\n<p>En los humanos, el\u00a0<strong>beso <\/strong>es fundamentalmente una\u00a0<strong>cuesti\u00f3n qu\u00edmica<\/strong>, seg\u00fan Fisher. La saliva masculina tiene\u00a0<strong>testosterona <\/strong>y los hombres prefieren los besos h\u00fameros porque \u201cinconscientemente intentan transferir testosterona para provocar el apetito sexual en las mujeres\u201d, seg\u00fan la experta. Adem\u00e1s, este tipo de besos podr\u00eda ayudarles a \u201cmedir los niveles de\u00a0<strong>estr\u00f3genos <\/strong>femeninos de su pareja, para hacerse una idea de su grado de fertilidad\u201d.<\/p>\n<p>En cuanto a las mujeres, el beso les sirve para detectar el estado del sistema inmune de su posible pareja y saber \u201ccu\u00e1nto se cuida\u201d.<\/p>\n<p>Por otra parte, la antrop\u00f3loga sostiene que existen tres sistemas cerebrales diferentes que evolucionaron en el\u00a0<em>Homo sapiens<\/em> para permitir el aparejamiento y la reproducci\u00f3n. El primero es el\u00a0<strong>deseo sexual <\/strong>alimentado por la\u00a0<strong>testosterona<\/strong>, tanto en hombres como en mujeres. El segundo regula el\u00a0<strong>amor pasional u obsesivo<\/strong> y parece estar vinculado a una actividad elevada de la\u00a0<strong>dopamina<\/strong>, un estimulante natural. El tercero, que controla el\u00a0<strong>apego <\/strong>y permite a una pareja permanecer unida suficiente tiempo como para criar hijos, est\u00e1 ligado a un nivel mayor de<strong>oxitocina<\/strong>. El beso, probablemente, permite que se estimulen esos tres sistemas, concluye Fisher.<\/p>\n","protected":false},"excerpt":{"rendered":"<p>Besar es todo un arte, pero tambi\u00e9n tiene su propia ciencia. Se llama\u00a0filematolog\u00eda, y las \u00faltimas investigaciones en esta disciplina revelan que intercambiar saliva nos ayuda a escoger la pareja m\u00e1s adecuada. Seg\u00fan explicaba este fin de semana la neurocient\u00edfica Wendy Hill durante la reuni\u00f3n de la Asociaci\u00f3n Americana para el Avance de la Ciencia [&hellip;]<\/p>\n","protected":false},"author":1914,"featured_media":0,"parent":0,"menu_order":0,"comment_status":"open","ping_status":"open","template":"","meta":{"footnotes":""},"class_list":["post-184","page","type-page","status-publish","hentry"],"_links":{"self":[{"href":"https:\/\/blog.espol.edu.ec\/maylis\/wp-json\/wp\/v2\/pages\/184","targetHints":{"allow":["GET"]}}],"collection":[{"href":"https:\/\/blog.espol.edu.ec\/maylis\/wp-json\/wp\/v2\/pages"}],"about":[{"href":"https:\/\/blog.espol.edu.ec\/maylis\/wp-json\/wp\/v2\/types\/page"}],"author":[{"embeddable":true,"href":"https:\/\/blog.espol.edu.ec\/maylis\/wp-json\/wp\/v2\/users\/1914"}],"replies":[{"embeddable":true,"href":"https:\/\/blog.espol.edu.ec\/maylis\/wp-json\/wp\/v2\/comments?post=184"}],"version-history":[{"count":2,"href":"https:\/\/blog.espol.edu.ec\/maylis\/wp-json\/wp\/v2\/pages\/184\/revisions"}],"predecessor-version":[{"id":186,"href":"https:\/\/blog.espol.edu.ec\/maylis\/wp-json\/wp\/v2\/pages\/184\/revisions\/186"}],"wp:attachment":[{"href":"https:\/\/blog.espol.edu.ec\/maylis\/wp-json\/wp\/v2\/media?parent=184"}],"curies":[{"name":"wp","href":"https:\/\/api.w.org\/{rel}","templated":true}]}}