{"id":198,"date":"2009-09-18T10:39:12","date_gmt":"2009-09-18T14:39:12","guid":{"rendered":"http:\/\/blog.espol.edu.ec\/maylis\/?page_id=198"},"modified":"2009-09-18T10:39:12","modified_gmt":"2009-09-18T14:39:12","slug":"de-que-temas-hablan-las-mujeres","status":"publish","type":"page","link":"https:\/\/blog.espol.edu.ec\/maylis\/de-que-temas-hablan-las-mujeres\/","title":{"rendered":"De que temas hablan las Mujeres??"},"content":{"rendered":"<p><img decoding=\"async\" src=\"http:\/\/www.bancoimagenes.com\/cd692\/cd692f145_a.jpg\" alt=\"mujeres hablando\" \/><\/p>\n<p>Para que no te sorprendan cuando las veas secretiando aquie podras leer la opinion de distintas mujeres acerca del tema..<\/p>\n<p>- Las mujeres tenemos la capacidad de hablar de cualquier tema al igual que los hombres.<\/p>\n<p>Si nos apartamos (los hombres tambi\u00e9n lo hacen) ser\u00e1 que hablaremos de ustedes (je, je) y no queremos que se enteren y en alguna ocasi\u00f3n ser\u00e1 s\u00f3lo para crear malicia y echen su mente a volar.<\/p>\n<p>- Depende con el grupo que est\u00e9s en ese momento y la confianza que exista, si es en el \u00e1rea de trabajo siempre se critica al jefe o a otra companera cuando tiene nueva pareja.<br \/>\nsi es en un salon de belleza critican los chismes de far\u00e1ndula, las modas, dietas, maridos y las novelas del momento<br \/>\nsi es en una fiesta familiar, se habla de lo estresada que estas con los ni\u00f1os y de algunas ofertas de tiendas, de la sobrina que salio embarazada<br \/>\nsi est\u00e1n en la iglesia, critican el vestido de las dem\u00e1s (si esta de moda, que si se lo puso anteriormente) y de lo gorda que esta fulana<br \/>\nsi est\u00e1n en el vecindario critican a la vecina, que en la casa hay un hombre que entra y sale y no es el marido<\/p>\n<p>- Hablamos de cosas de mujeres cosas que a los hombres se les hacen graciosas o cursis o cosas que no les interesa.<\/p>\n<p>- De intimidades, de los novios, que si alguna esta 'en sus dias', que si el novio quiere tener relaciones, criticar a otra chava que anda por ahi, etc.<br \/>\nEn general son trivialidades, nada de que preocuparte, saludos.<\/p>\n<p>- de hombres<\/p>\n","protected":false},"excerpt":{"rendered":"<p>Para que no te sorprendan cuando las veas secretiando aquie podras leer la opinion de distintas mujeres acerca del tema.. - Las mujeres tenemos la capacidad de hablar de cualquier tema al igual que los hombres. Si nos apartamos (los hombres tambi\u00e9n lo hacen) ser\u00e1 que hablaremos de ustedes (je, je) y no queremos que [&hellip;]<\/p>\n","protected":false},"author":2182,"featured_media":0,"parent":0,"menu_order":0,"comment_status":"open","ping_status":"open","template":"","meta":{"footnotes":""},"class_list":["post-198","page","type-page","status-publish","hentry"],"_links":{"self":[{"href":"https:\/\/blog.espol.edu.ec\/maylis\/wp-json\/wp\/v2\/pages\/198","targetHints":{"allow":["GET"]}}],"collection":[{"href":"https:\/\/blog.espol.edu.ec\/maylis\/wp-json\/wp\/v2\/pages"}],"about":[{"href":"https:\/\/blog.espol.edu.ec\/maylis\/wp-json\/wp\/v2\/types\/page"}],"author":[{"embeddable":true,"href":"https:\/\/blog.espol.edu.ec\/maylis\/wp-json\/wp\/v2\/users\/2182"}],"replies":[{"embeddable":true,"href":"https:\/\/blog.espol.edu.ec\/maylis\/wp-json\/wp\/v2\/comments?post=198"}],"version-history":[{"count":1,"href":"https:\/\/blog.espol.edu.ec\/maylis\/wp-json\/wp\/v2\/pages\/198\/revisions"}],"predecessor-version":[{"id":199,"href":"https:\/\/blog.espol.edu.ec\/maylis\/wp-json\/wp\/v2\/pages\/198\/revisions\/199"}],"wp:attachment":[{"href":"https:\/\/blog.espol.edu.ec\/maylis\/wp-json\/wp\/v2\/media?parent=198"}],"curies":[{"name":"wp","href":"https:\/\/api.w.org\/{rel}","templated":true}]}}