{"id":67,"date":"2009-07-14T18:43:53","date_gmt":"2009-07-14T22:43:53","guid":{"rendered":"http:\/\/blog.espol.edu.ec\/maylis\/?page_id=67"},"modified":"2009-07-29T17:32:59","modified_gmt":"2009-07-29T21:32:59","slug":"ocho-tentadores-trucos-de-belleza","status":"publish","type":"page","link":"https:\/\/blog.espol.edu.ec\/maylis\/belleza\/ocho-tentadores-trucos-de-belleza\/","title":{"rendered":"siete tentadores trucos de belleza"},"content":{"rendered":"<div class=\"sshow\">\n<div id=\"sig\">\n<div class=\"r\">\n<div class=\"mas\"><a href=\"changePhoto(2)\"><br \/>\n<\/a><\/div>\n<\/div>\n<\/div>\n<\/div>\n<p><!-- \/ slideshow  --> <!-- fotocenter --><\/p>\n<div class=\"fotocenter\">\n<div id=\"image\"><img decoding=\"async\" class=\"fotoprincipal\" src=\"http:\/\/www.terra.com\/addon\/img\/6171c7edarrugasp.jpg\" border=\"0\" alt=\"Jupiter Images\/Tema exclusivo Terra USA - Ocho tentadores trucos de belleza\" \/><\/div>\n<\/div>\n<div class=\"icos\"><!-- \/ floatcomparte --><\/div>\n<p><!-- \/ icos --><strong><\/strong><\/p>\n<ul>\n<li><strong>Desp\u00eddete de las arrugas<\/strong><\/li>\n<\/ul>\n<p>Con unos ingredientes f\u00e1ciles de obtener, puedes darle a tu rostro otro aspeto. Re\u00fane 3 c\u00e1psulas de vitamina E, 2 cucharaditas de yogurt, \u00bd cucharadita de miel y \u00bd cucharadita de t\u00e9 de jugo de lim\u00f3n. Aplica la mezcla durante 10 minutos y limpia con agua tibia.<\/p>\n<div class=\"fotocenter\">\n<div id=\"image\"><img decoding=\"async\" class=\"fotoprincipal\" src=\"http:\/\/www.terra.com\/addon\/img\/6171c7edcuellop.jpg\" border=\"0\" alt=\"Jupiter Images\/Tema exclusivo Terra USA - Ocho tentadores trucos de belleza\" \/><\/div>\n<\/div>\n<p><img decoding=\"async\" src=\"http:\/\/www.terra.com\/img\/ico2006\/2b.gif\" border=\"2\" alt=\"n\u00famero\" \/><\/p>\n<ul>\n<li><strong>Logra un cuello sexy<\/strong><\/li>\n<\/ul>\n<p>El cuello femenino es la parte del cuerpo que r\u00e1pidamente muestra los primeros signos de la vejez pero para retardar esos efectos puedes usar elementos naturales que te ayudar\u00e1n: clara de 1 huevo, 1 cucharadita de extracto de menta, 1 cucharada de miel y 1 cucharada de leche entera por 20 minutos, luego ret\u00edralos con una toalla h\u00fameda y notar\u00e1s la diferencia.<\/p>\n<div class=\"fotocenter\">\n<div id=\"image\"><img decoding=\"async\" class=\"fotoprincipal\" src=\"http:\/\/www.terra.com\/addon\/img\/6171c7edlabiosp.jpg\" border=\"0\" alt=\"Jupiter Images\/Tema exclusivo Terra USA - Ocho tentadores trucos de belleza\" \/><\/div>\n<\/div>\n<p><img decoding=\"async\" src=\"http:\/\/www.terra.com\/img\/ico2006\/3b.gif\" border=\"3\" alt=\"n\u00famero\" \/><\/p>\n<ul>\n<li><strong>Luce unos labios voluminosos<\/strong><\/li>\n<\/ul>\n<p>Rertira las c\u00e9lulas muertas de la superficie, con az\u00facar y aceite de oliva para suavizar los labios. Aprovecha tambi\u00e9n las propiedades del aguacate para tenerlo delicados y humectados por m\u00e1s tiempo.<\/p>\n<div class=\"fotocenter\">\n<div id=\"image\"><img decoding=\"async\" class=\"fotoprincipal\" src=\"http:\/\/www.terra.com\/addon\/img\/6171c7edpestaniap.jpg\" border=\"0\" alt=\"Jupiter Images\/Tema exclusivo Terra USA - Ocho tentadores trucos de belleza\" \/><\/div>\n<\/div>\n<p><img decoding=\"async\" src=\"http:\/\/www.terra.com\/img\/ico2006\/4b.gif\" border=\"4\" alt=\"n\u00famero\" \/><\/p>\n<ul>\n<li>Seduce con las pesta\u00f1as m\u00e1s largas<\/li>\n<\/ul>\n<p>Lograr unas pesta\u00f1as m\u00e1s estiradas es posible si usa aceite de ricino cada noche antes de ir a dormir, as\u00ed le dar\u00e1s a tu rostro una mirada de impacto.<\/p>\n<div class=\"fotocenter\">\n<div id=\"image\"><img decoding=\"async\" class=\"fotoprincipal\" src=\"http:\/\/www.terra.com\/addon\/img\/6171c7edbikinip.jpg\" border=\"0\" alt=\"Jupiter Images\/Tema exclusivo Terra USA - Ocho tentadores trucos de belleza\" \/><\/div>\n<\/div>\n<div class=\"icos\"><span><a class=\"link\" href=\"http:\/\/php.terra.com\/galeria\/mujer\/galeria.php?galeria=163558#\"><\/a><\/span> <!-- floatcomparte --><\/p>\n<div id=\"comparte1\" class=\"floatcomparte\">\n<ul>\n<li><a href=\"void(null)\"><img decoding=\"async\" src=\"http:\/\/www.terra.com\/mujer\/img3\/comparte_amigo.gif\" alt=\"Enviar a un amigo\" \/><\/a><a href=\"void(null)\">Enviar a un amigo<\/a><\/li>\n<li><a href=\"http:\/\/www.terra.com\/rss\/mujer.rss\" target=\"_blank\"><img decoding=\"async\" src=\"http:\/\/www.terra.com\/mujer\/img3\/comparte_rss.gif\" alt=\"RSS\" \/><\/a><a href=\"http:\/\/www.terra.com\/rss\/mujer.rss\" target=\"_blank\">RSS<\/a><\/li>\n<li><a href=\"http:\/\/meneame.net\/submit.php?url=http%3A%2F%2Fphp.terra.com%2Fgaleria%2Fmujer%2Fgaleria.php%3Fgaleria%3D163558\" target=\"_blank\"><img decoding=\"async\" src=\"http:\/\/www.terra.com\/mujer\/img3\/comparte_meneame.gif\" alt=\"Men\u00e9ame\" \/><\/a><a href=\"http:\/\/meneame.net\/submit.php?url=http%3A%2F%2Fphp.terra.com%2Fgaleria%2Fmujer%2Fgaleria.php%3Fgaleria%3D163558\" target=\"_blank\">Men\u00e9ame<\/a><\/li>\n<li><a href=\"http:\/\/del.icio.us\/post\">o.us<\/a><\/li>\n<li class=\"last\"><a href=\"http:\/\/www.google.com\/bookmarks\/mark?op=add&amp;output=popup&amp;bkmk=http%3A%2F%2Fphp.terra.com%2Fgaleria%2Fmujer%2Fgaleria.php%3Fgaleria%3D163558&amp;title=Ocho+tentadores+trucos+de+belleza\" target=\"_blank\">Google<\/a><\/li>\n<\/ul>\n<\/div>\n<p><!-- \/ floatcomparte --><\/div>\n<p><!-- \/ icos --><img decoding=\"async\" src=\"http:\/\/www.terra.com\/img\/ico2006\/5b.gif\" border=\"5\" alt=\"n\u00famero\" \/><\/p>\n<ul>\n<li>Un bronceado perfecto<\/li>\n<\/ul>\n<p>Puedes aprovechar los beneficios de las cremas autobronceadoras unos d\u00edas antes de tomar el sol y tambi\u00e9n toma jugo de zanahoria que por su vitamina A te permite conseguir un tono de bronceado m\u00e1s dorado y natural. Recuerda siempre usar protector solar antes de exponerte y no permanecer tanto tiempo bajo los rayos.<\/p>\n<div class=\"fotocenter\">\n<div id=\"image\"><img decoding=\"async\" class=\"fotoprincipal\" src=\"http:\/\/www.terra.com\/addon\/img\/6171c7edmanchasp.jpg\" border=\"0\" alt=\"Jupiter Images\/Tema exclusivo Terra USA - Ocho tentadores trucos de belleza\" \/><\/div>\n<\/div>\n<p><img decoding=\"async\" src=\"http:\/\/www.terra.com\/img\/ico2006\/6b.gif\" border=\"6\" alt=\"n\u00famero\" \/><\/p>\n<ul>\n<li>Combate las manchas<\/li>\n<\/ul>\n<p>Con un algod\u00f3n h\u00famedo unta sobre tu piel una mezcla una cucharadita de ra\u00edz de r\u00e1bano molida con media cucharadita de zumo de lim\u00f3n, media de vinagre y tres gotas de aceite esencial de romero. Rep\u00edtelo 2 veces al d\u00eda y<\/p>\n<p><img decoding=\"async\" src=\"http:\/\/www.terra.com\/img\/ico2006\/7b.gif\" border=\"7\" alt=\"n\u00famero\" \/><\/p>\n<ul>\n<li>Con piel de beb\u00e9<\/li>\n<\/ul>\n<p>Aplica una capa fina de miel pura de abejas, con un poco de yogur natural y lim\u00f3n para limpiar tu piel, ret\u00edrala a los 15 minutos con agua tibia y comprueba la suavidad.<\/p>\n<p><img decoding=\"async\" src=\"\/DOCUME%7E1\/cltsmalc\/CONFIG%7E1\/Temp\/moz-screenshot-1.jpg\" alt=\"\" \/><\/p>\n<p><img decoding=\"async\" src=\"\/DOCUME%7E1\/cltsmalc\/CONFIG%7E1\/Temp\/moz-screenshot.jpg\" alt=\"\" \/><\/p>\n","protected":false},"excerpt":{"rendered":"<p>Desp\u00eddete de las arrugas Con unos ingredientes f\u00e1ciles de obtener, puedes darle a tu rostro otro aspeto. Re\u00fane 3 c\u00e1psulas de vitamina E, 2 cucharaditas de yogurt, \u00bd cucharadita de miel y \u00bd cucharadita de t\u00e9 de jugo de lim\u00f3n. Aplica la mezcla durante 10 minutos y limpia con agua tibia. Logra un cuello sexy [&hellip;]<\/p>\n","protected":false},"author":1913,"featured_media":0,"parent":108,"menu_order":0,"comment_status":"open","ping_status":"open","template":"","meta":{"footnotes":""},"class_list":["post-67","page","type-page","status-publish","hentry"],"_links":{"self":[{"href":"https:\/\/blog.espol.edu.ec\/maylis\/wp-json\/wp\/v2\/pages\/67","targetHints":{"allow":["GET"]}}],"collection":[{"href":"https:\/\/blog.espol.edu.ec\/maylis\/wp-json\/wp\/v2\/pages"}],"about":[{"href":"https:\/\/blog.espol.edu.ec\/maylis\/wp-json\/wp\/v2\/types\/page"}],"author":[{"embeddable":true,"href":"https:\/\/blog.espol.edu.ec\/maylis\/wp-json\/wp\/v2\/users\/1913"}],"replies":[{"embeddable":true,"href":"https:\/\/blog.espol.edu.ec\/maylis\/wp-json\/wp\/v2\/comments?post=67"}],"version-history":[{"count":7,"href":"https:\/\/blog.espol.edu.ec\/maylis\/wp-json\/wp\/v2\/pages\/67\/revisions"}],"predecessor-version":[{"id":80,"href":"https:\/\/blog.espol.edu.ec\/maylis\/wp-json\/wp\/v2\/pages\/67\/revisions\/80"}],"up":[{"embeddable":true,"href":"https:\/\/blog.espol.edu.ec\/maylis\/wp-json\/wp\/v2\/pages\/108"}],"wp:attachment":[{"href":"https:\/\/blog.espol.edu.ec\/maylis\/wp-json\/wp\/v2\/media?parent=67"}],"curies":[{"name":"wp","href":"https:\/\/api.w.org\/{rel}","templated":true}]}}