{"id":71,"date":"2009-07-14T23:57:40","date_gmt":"2009-07-15T03:57:40","guid":{"rendered":"http:\/\/blog.espol.edu.ec\/maylis\/?page_id=71"},"modified":"2009-09-18T10:33:39","modified_gmt":"2009-09-18T14:33:39","slug":"tips-para-conquistar","status":"publish","type":"page","link":"https:\/\/blog.espol.edu.ec\/maylis\/tips-para-conquistar\/","title":{"rendered":"Tips para conquistar..."},"content":{"rendered":"<p class=\"MsoNormal\"><em><strong><span style=\"font-size: 16pt;font-family: &quot;Comic Sans MS&quot;color: black\"><a href=\"http:\/\/vscorpionblack.blogspot.com\/2007\/06\/tips-para-conquistar-una-mujer.html\"><span style=\"color: black\">Tips para conquistar a una mujer<\/span><\/a>\u2026 <\/span><\/strong><\/em><\/p>\n<p class=\"MsoNormal\" style=\"text-align: left\"><em><strong><\/strong><\/em><\/p>\n<p class=\"MsoNormal\" style=\"text-align: left\"><em><strong><span style=\"font-size: 12pt;font-family: &quot;Comic Sans MS&quot;color: #e36c0a\">- Antes de acercarse a la mujer que desea, haga contacto ocular.<\/span><\/strong><\/em><\/p>\n<p class=\"MsoNormal\" style=\"text-align: left\"><em><strong><\/strong><\/em><\/p>\n<p class=\"MsoNormal\" style=\"text-align: left\"><em><strong><span style=\"font-size: 12pt;font-family: &quot;Comic Sans MS&quot;color: #00b0f0\">La forma m\u00e1s segura de saber si el acercamiento ser\u00e1 exitoso es intentar efectuar un contacto ocular preliminar para ver c\u00f3mo responde la dama. Si ella mantiene la mirada (o, mejor a\u00fan, si sonr\u00ede) ac\u00e9rquese y hable con ella. Pero si la dama evita la mirada, f\u00edjese en la cabeza que sus posibilidades son pocas. <\/span><\/strong><\/em><\/p>\n<p class=\"MsoNormal\" style=\"text-align: left\"><em><strong><span style=\"font-size: 12pt;font-family: &quot;Comic Sans MS&quot;color: #00b0f0\"><br \/>\n<\/span><\/strong><\/em><\/p>\n<p class=\"MsoNormal\" style=\"text-align: left\"><em><strong><\/strong><\/em><\/p>\n<p class=\"MsoNormal\" style=\"text-align: left\"><em><strong><span style=\"font-size: 12pt;font-family: &quot;Comic Sans MS&quot;color: #e36c0a\">- Proyecte una actitud positiva y de confianza.<\/span><\/strong><\/em><\/p>\n<p class=\"MsoNormal\" style=\"text-align: left\"><em><strong><\/strong><\/em><\/p>\n<p class=\"MsoNormal\" style=\"text-align: left\"><em><strong><span style=\"font-size: 12pt;font-family: &quot;Comic Sans MS&quot;color: #00b0f0\"><br \/>\nA todas las mujeres les gustan los hombres decididos y seguros de s\u00ed mismos. <\/span><\/strong><\/em><\/p>\n<p class=\"MsoNormal\" style=\"text-align: left\"><em><strong><span style=\"font-size: 12pt;font-family: &quot;Comic Sans MS&quot;color: #00b0f0\"><br \/>\n<\/span><\/strong><\/em><\/p>\n<p class=\"MsoNormal\" style=\"text-align: left\"><em><strong><\/strong><\/em><\/p>\n<p class=\"MsoNormal\" style=\"text-align: left\"><em><strong><\/strong><\/em><\/p>\n<p class=\"MsoNormal\" style=\"text-align: left\"><em><strong><span style=\"font-size: 12pt;font-family: &quot;Comic Sans MS&quot;color: #00b0f0\">- No muestres inter\u00e9s en sus amigas.<\/span><\/strong><\/em><\/p>\n<p class=\"MsoNormal\" style=\"text-align: left\"><em><strong><span style=\"font-size: 12pt;font-family: &quot;Comic Sans MS&quot;color: #00b0f0\"><br \/>\nApuntar a m\u00e1s de una mujer dentro del mismo c\u00edrculo social no es la mejor opci\u00f3n, s\u00f3lo conseguir\u00e1 parecer un mujeriego, si realmente quiere conquistar con \u00e9xito a una mujer debe hacerla sentir especial. De modo que, aunque se sienta atra\u00eddo por m\u00e1s de una mujer, deber\u00e1 elegir una.<\/span><\/strong><\/em><\/p>\n<p class=\"MsoNormal\" style=\"text-align: left\"><em><strong><span style=\"font-size: 12pt;font-family: &quot;Comic Sans MS&quot;color: #00b0f0\"><br \/>\n<\/span><\/strong><\/em><\/p>\n<p class=\"MsoNormal\" style=\"text-align: left\"><em><strong><\/strong><\/em><\/p>\n<p class=\"MsoNormal\" style=\"text-align: left\"><em><strong><span style=\"font-size: 12pt;font-family: &quot;Comic Sans MS&quot;color: #e36c0a\">- H\u00e1gala sentir como si fuera la mujer m\u00e1s bonita del lugar.<\/span><\/strong><\/em><\/p>\n<p class=\"MsoNormal\" style=\"text-align: left\"><em><strong><\/strong><\/em><\/p>\n<p class=\"MsoNormal\" style=\"text-align: left\"><em><strong><span style=\"font-size: 12pt;font-family: &quot;Comic Sans MS&quot;color: #00b0f0\"><br \/>\nA las mujeres les encanta que las hagan sentir especiales, as\u00ed que si la hace sentir como la m\u00e1s bonita del sitio, existir\u00e1 la posibilidad de que quiera verlo otra vez. <\/span><\/strong><\/em><\/p>\n<p class=\"MsoNormal\" style=\"text-align: left\"><em><strong><span style=\"font-size: 12pt;font-family: &quot;Comic Sans MS&quot;color: #00b0f0\"><br \/>\n<\/span><\/strong><\/em><\/p>\n<p class=\"MsoNormal\" style=\"text-align: left\"><em><strong><\/strong><\/em><\/p>\n<p class=\"MsoNormal\" style=\"text-align: left\"><em><strong><\/strong><\/em><\/p>\n<p class=\"MsoNormal\" style=\"text-align: left\"><em><strong><span style=\"font-size: 12pt;font-family: &quot;Comic Sans MS&quot;color: #00b0f0\">- Haga que se sienta c\u00f3moda y en confianza con usted.<\/span><\/strong><\/em><\/p>\n<p class=\"MsoNormal\" style=\"text-align: left\"><em><strong><span style=\"font-size: 12pt;font-family: &quot;Comic Sans MS&quot;color: #00b0f0\"><br \/>\nEsta t\u00e9cnica resultar\u00e1 favorable a corto y largo plazo, si ella se siente c\u00f3moda con usted, lograr\u00e1 beneficios en todos los aspectos de la relaci\u00f3n. <\/span><\/strong><\/em><\/p>\n<p class=\"MsoNormal\" style=\"text-align: left\"><em><strong><span style=\"font-size: 12pt;font-family: &quot;Comic Sans MS&quot;color: #00b0f0\"><br \/>\n<\/span><\/strong><\/em><\/p>\n<p class=\"MsoNormal\" style=\"text-align: left\"><em><strong><\/strong><\/em><\/p>\n<p class=\"MsoNormal\" style=\"text-align: left\"><em><strong><span style=\"font-size: 12pt;font-family: &quot;Comic Sans MS&quot;color: #e36c0a\">- Cada mujer es diferente.<\/span><\/strong><\/em><\/p>\n<p class=\"MsoNormal\" style=\"text-align: left\"><em><strong><\/strong><\/em><\/p>\n<p class=\"MsoNormal\" style=\"text-align: left\"><em><strong><span style=\"font-size: 12pt;font-family: &quot;Comic Sans MS&quot;color: #00b0f0\"><br \/>\n<\/span><\/strong><strong><span style=\"font-size: 12pt;font-family: &quot;Comic Sans MS&quot;color: #00b0f0\">No es lo mismo conquistar a una mujer de 20 a\u00f1os que a una de 40; por la edad y la madurez, sus necesidades y sus deseos son muy diferentes. As\u00ed que trate de no utilizar siempre la misma t\u00e9cnica, mejor aprenda a conocer a la mujer que desea conquistar<span>. <\/span><\/span><\/strong><\/em><\/p>\n<p class=\"MsoNormal\" style=\"text-align: left\"><em><strong><span style=\"font-size: 12pt;font-family: &quot;Comic Sans MS&quot;color: #00b0f0\"><span><br \/>\n<\/span><\/span><\/strong><\/em><\/p>\n<p class=\"MsoNormal\" style=\"text-align: left\"><em><strong><\/strong><\/em><\/p>\n<p class=\"MsoNormal\" style=\"text-align: left\"><em><strong><span style=\"font-size: 12pt;font-family: &quot;Comic Sans MS&quot;color: #e36c0a\">- No deje los cumplidos en el olvido.<\/span><\/strong><\/em><\/p>\n<p class=\"MsoNormal\" style=\"text-align: left\"><em><strong><\/strong><\/em><\/p>\n<p class=\"MsoNormal\" style=\"text-align: left\"><em><strong><span style=\"font-size: 12pt;font-family: &quot;Comic Sans MS&quot;color: #00b0f0\"><br \/>\nA las mujeres les encantan las atenciones y los detalles, as\u00ed que nunca pierda su caballerosidad. Aunque suene cursi, cosas como: acercarles la silla, cuidar la higiene y la apariencia, regalar flores, ser educado, etc., todav\u00eda causan una respuesta muy buena. <\/span><\/strong><\/em><\/p>\n<p class=\"MsoNormal\" style=\"text-align: left\"><em><strong><span style=\"font-size: 12pt;font-family: &quot;Comic Sans MS&quot;color: #00b0f0\"><br \/>\n<\/span><\/strong><\/em><\/p>\n<p class=\"MsoNormal\" style=\"text-align: left\"><em><strong><\/strong><\/em><\/p>\n<p class=\"MsoNormal\" style=\"text-align: left\"><em><strong><span style=\"font-size: 12pt;font-family: &quot;Comic Sans MS&quot;color: #e36c0a\">- Aprenda a retirarse.<\/span><\/strong><\/em><\/p>\n<p class=\"MsoNormal\" style=\"text-align: left\"><em><strong><\/strong><\/em><\/p>\n<p class=\"MsoNormal\" style=\"text-align: left\"><em><strong><span style=\"font-size: 12pt;font-family: &quot;Comic Sans MS&quot;color: #00b0f0\"><br \/>\nRepita esto para s\u00ed mismo cuando salga de conquista: \u2018no hay nada peor que un tipo insistente\u2019. Entender el lenguaje corporal no es s\u00f3lo importante para saber si la mujer est\u00e1 interesada, sino para determinar cu\u00e1ndo es hora de irse. Si usted se encuentra haciendo su mejor y m\u00e1s sincero esfuerzo y ella a\u00fan as\u00ed no responde, de por terminada la pl\u00e1tica y al\u00e9jese. <\/span><\/strong><\/em><\/p>\n<p class=\"MsoNormal\" style=\"text-align: left\"><em><strong><span style=\"font-size: 12pt;font-family: &quot;Comic Sans MS&quot;color: #00b0f0\"><br \/>\n<\/span><\/strong><\/em><\/p>\n<p class=\"MsoNormal\" style=\"text-align: left\"><em><strong><\/strong><\/em><\/p>\n<p class=\"MsoNormal\" style=\"text-align: left\"><em><strong><span style=\"font-size: 12pt;font-family: &quot;Comic Sans MS&quot;color: #e36c0a\">- Esc\u00fachela sin juzgar ni criticar.<\/span><\/strong><\/em><\/p>\n<p class=\"MsoNormal\" style=\"text-align: left\"><em><strong><\/strong><\/em><\/p>\n<p class=\"MsoNormal\" style=\"text-align: left\"><em><strong><span style=\"font-size: 12pt;font-family: &quot;Comic Sans MS&quot;color: #00b0f0\"><br \/>\nPor mucho que sepa, nunca se burle de las cosas que una mujer no sepa. Una de las mejores formas de conquistar a una mujer es acept\u00e1ndola tal cual es, sin burlarse ni criticar su modo de ser y de pensar. A las mujeres les gustan las conversaciones sinceras y agradables, les gusta que las hagan re\u00edr y que las hagan pasar un momento agradable. <\/span><\/strong><\/em><\/p>\n<p class=\"MsoNormal\" style=\"text-align: left\"><em><strong><span style=\"font-size: 12pt;font-family: &quot;Comic Sans MS&quot;color: #00b0f0\"><br \/>\n<\/span><\/strong><\/em><\/p>\n<p class=\"MsoNormal\" style=\"text-align: left\"><em><strong><\/strong><\/em><\/p>\n<p class=\"MsoNormal\" style=\"text-align: left\"><em><strong><span style=\"font-size: 12pt;font-family: &quot;Comic Sans MS&quot;color: #e36c0a\">- Celebre cualquier \u00e9xito que su pareja logre.<\/span><\/strong><\/em><\/p>\n<p class=\"MsoNormal\" style=\"text-align: left\"><em><strong><\/strong><\/em><\/p>\n<p class=\"MsoNormal\" style=\"text-align: left\"><em><strong><span style=\"font-size: 12pt;font-family: &quot;Comic Sans MS&quot;color: #00b0f0\"><br \/>\nA las mujeres les encanta que les reconozcan sus logros, as\u00ed que cada que su pareja consiga algo, por peque\u00f1o que sea, inv\u00edtela a cenar o reg\u00e1lele un ramo de flores. Los detalles son uno de los puntos m\u00e1s importantes para conquistar a una mujer. <\/span><\/strong><\/em><\/p>\n<p class=\"MsoNormal\" style=\"text-align: left\"><em><strong><span style=\"font-size: 12pt;font-family: &quot;Comic Sans MS&quot;color: #00b0f0\"><br \/>\n<\/span><\/strong><\/em><\/p>\n<p class=\"MsoNormal\" style=\"text-align: left\"><em><strong><\/strong><\/em><\/p>\n<p class=\"MsoNormal\" style=\"text-align: left\"><em><strong><span style=\"font-size: 12pt;font-family: &quot;Comic Sans MS&quot;color: #e36c0a\">- Conozca a su pareja.<\/span><\/strong><\/em><\/p>\n<p class=\"MsoNormal\" style=\"text-align: left\"><em><strong><\/strong><\/em><\/p>\n<p class=\"MsoNormal\" style=\"text-align: left\"><em><strong><span style=\"font-size: 12pt;font-family: &quot;Comic Sans MS&quot;color: #00b0f0\"><br \/>\nConvertirse en el mejor amigo y confidente de su futura pareja puede beneficiar mucho la relaci\u00f3n, ya que en ocasiones podr\u00e1 sorprenderla sin necesidad de preguntarle qu\u00e9 le gusta.<\/span><\/strong><\/em><\/p>\n<p class=\"MsoNormal\" style=\"text-align: left\"><em><strong><span style=\"font-size: 12pt;font-family: &quot;Comic Sans MS&quot;color: #00b0f0\"><br \/>\n<\/span><\/strong><\/em><\/p>\n<p class=\"MsoNormal\" style=\"text-align: left\"><em><strong><\/strong><\/em><\/p>\n<p class=\"MsoNormal\" style=\"text-align: left\"><em><strong><span style=\"font-size: 12pt;font-family: &quot;Comic Sans MS&quot;color: #e36c0a\">- Regalos costosos.<\/span><\/strong><\/em><\/p>\n<p class=\"MsoNormal\" style=\"text-align: left\"><em><strong><\/strong><\/em><\/p>\n<p class=\"MsoNormal\" style=\"text-align: left\"><em><strong><span style=\"font-size: 12pt;font-family: &quot;Comic Sans MS&quot;color: #00b0f0\"><br \/>\nAl g\u00e9nero femenino le fascinan las joyas, los viajes, la ropa de marca, las cenas lujosas, etc., as\u00ed que cada que tenga la oportunidad, d\u00e9le ese gusto a su pareja, la respuesta ser\u00e1 magnifica.<\/span><\/strong><\/em><\/p>\n<p class=\"MsoNormal\" style=\"text-align: left\"><em><strong><span style=\"font-size: 12pt;font-family: &quot;Comic Sans MS&quot;color: #00b0f0\">Y por \u00faltimo, recuerde: una conquista en el campo del amor se trata de enamorar, de compartir, de conocer y de corresponder a la pareja. <\/span><\/strong><\/em><\/p>\n<p class=\"MsoNormal\" style=\"text-align: left\"><em><strong><span style=\"font-size: 12pt;font-family: &quot;Comic Sans MS&quot;color: #00b0f0\"><br \/>\n<\/span><\/strong><\/em><\/p>\n<p class=\"MsoNormal\" style=\"text-align: left\"><em><strong><\/strong><\/em><\/p>\n<p class=\"MsoNormal\" style=\"text-align: left\"><em><\/em><\/p>\n<p class=\"MsoNormal\" style=\"text-align: left\"><em><strong><span style=\"text-decoration: underline\"><span style=\"font-size: 14pt;font-family: &quot;Comic Sans MS&quot;color: black\"><a href=\"http:\/\/vscorpionblack.blogspot.com\/2007\/06\/tips-para-conquistar-una-mujer.html\"><span style=\"color: black\">Tips para conquistar a <\/span><\/a>un hombre\u2026 <\/span><\/span><\/strong><\/em><\/p>\n<p class=\"MsoNormal\" style=\"text-align: left\">\n<p class=\"MsoNormal\" style=\"text-align: left\"><em><strong><span style=\"text-decoration: underline\"><span style=\"font-size: 14pt;font-family: &quot;Comic Sans MS&quot;color: black\"><\/span><\/span><\/strong><\/em><\/p>\n<p class=\"MsoNormal\" style=\"text-align: left\"><em><strong><span style=\"text-decoration: underline\"><span style=\"font-size: 14pt;font-family: &quot;Comic Sans MS&quot;color: black\"><\/span><\/span><\/strong><\/em><\/p>\n<p class=\"MsoNormal\" style=\"text-align: left\"><em><strong><span style=\"font-size: 12pt;font-family: &quot;Comic Sans MS&quot;color: #c00000\">1. Vu\u00e9lvete irresistible<\/span><\/strong><\/em><\/p>\n<p class=\"MsoNormal\" style=\"text-align: left\"><em><strong><\/strong><\/em><\/p>\n<p class=\"MsoNormal\" style=\"text-align: left\"><em><strong><span style=\"font-size: 12pt;font-family: &quot;Comic Sans MS&quot;color: #365f91\">Para que \u00e9l no se de cuenta de tus intenciones, es necesario que la conquista parta desde ti, es decir, desde lo que t\u00fa eres. Esto es, explotar al m\u00e1ximo tus recursos. Trata de buscar el modo de sentirte m\u00e1s joven y lucir un estilo jovial incluso en el caminar. Tu postura es importante e influye en tu atractivo f\u00edsico. Trata, por lo tanto, de flexibilizar tu cuerpo, para que tu andar y desarrollo del cuerpo sea arm\u00f3nico y llame la atenci\u00f3n.<\/span><\/strong><\/em><\/p>\n<p class=\"MsoNormal\" style=\"text-align: left\"><em><strong><span style=\"font-size: 12pt;font-family: &quot;Comic Sans MS&quot;color: #365f91\"><br \/>\n<\/span><\/strong><\/em><\/p>\n<p class=\"MsoNormal\" style=\"text-align: left\"><em><\/em><\/p>\n<p class=\"MsoNormal\" style=\"text-align: left\"><em><strong><span style=\"font-size: 12pt;font-family: &quot;Comic Sans MS&quot;color: #c00000\">2. M\u00edralo siempre a los ojos<\/span><\/strong><\/em><\/p>\n<p class=\"MsoNormal\" style=\"text-align: left\"><em><strong><\/strong><\/em><\/p>\n<p class=\"MsoNormal\" style=\"text-align: left\"><em><strong><span style=\"font-size: 12pt;font-family: &quot;Comic Sans MS&quot;color: #365f91\">Muchos estudios sobre la atracci\u00f3n y el amor (Kellerman, Lesvis y Laird, 1989), afirman que mirar a los ojos a una persona puede hacerla enamorarse de una. Entonces, m\u00edralo cuando tengan una conversaci\u00f3n, cuando hable y ver\u00e1s los resultados. El, de seguro, se sentir\u00e1 atendido, escuchado e importante.<\/span><\/strong><\/em><\/p>\n<p class=\"MsoNormal\" style=\"text-align: left\"><em><strong><span style=\"font-size: 12pt;font-family: &quot;Comic Sans MS&quot;color: #365f91\"><br \/>\n<\/span><\/strong><\/em><\/p>\n<p class=\"MsoNormal\" style=\"text-align: left\"><em><\/em><\/p>\n<p class=\"MsoNormal\" style=\"text-align: left\"><em><strong><span style=\"font-size: 12pt;font-family: &quot;Comic Sans MS&quot;color: #c00000\">3. Cuidado con quien andas<\/span><\/strong><\/em><\/p>\n<p class=\"MsoNormal\" style=\"text-align: left\"><em><strong><\/strong><\/em><\/p>\n<p class=\"MsoNormal\" style=\"text-align: left\"><em><strong><span style=\"font-size: 12pt;font-family: &quot;Comic Sans MS&quot;color: #365f91\">En psicolog\u00eda se habla de leyes de contraste, es decir, que para conquistar a alguien no debemos estar acompa\u00f1adas de mujeres m\u00e1s bellas que una, sobre todo en el primer encuentro. Lo primero que se juzga en una cita es el f\u00edsico, por lo que es importante que resaltes entre el resto. Pero tampoco debes estar con gente muy poco agraciada, porque ah\u00ed funciona la ley de asociaci\u00f3n, que plantea que tendemos a ver un grupo como un todo y no los individuos. En este sentido, tal vez la mejor idea es provocar el acercamiento estando solos.<\/span><\/strong><\/em><\/p>\n<p class=\"MsoNormal\" style=\"text-align: left\"><em><strong><span style=\"font-size: 12pt;font-family: &quot;Comic Sans MS&quot;color: #365f91\"><br \/>\n<\/span><\/strong><\/em><\/p>\n<p class=\"MsoNormal\" style=\"text-align: left\"><em><\/em><\/p>\n<p class=\"MsoNormal\" style=\"text-align: left\"><em><strong><span style=\"font-size: 12pt;font-family: &quot;Comic Sans MS&quot;color: #c00000\">4. No seas muy evidente<\/span><\/strong><\/em><\/p>\n<p class=\"MsoNormal\" style=\"text-align: left\"><em><strong><\/strong><\/em><\/p>\n<p class=\"MsoNormal\" style=\"text-align: left\"><em><strong><span style=\"font-size: 12pt;font-family: &quot;Comic Sans MS&quot;color: #365f91\">La naturaleza humana se mueve generalmente hacia tratar de obtener lo que no se puede o aquello que nos cuesta m\u00e1s trabajo. Por esta misma raz\u00f3n hay que tratar de no ser demasiado obvia. Es decir, mu\u00e9strate interesada y atenta, pero no en exceso.<\/span><\/strong><\/em><\/p>\n<p class=\"MsoNormal\" style=\"text-align: left\"><em><strong><span style=\"font-size: 12pt;font-family: &quot;Comic Sans MS&quot;color: #365f91\"><br \/>\n<\/span><\/strong><\/em><\/p>\n<p class=\"MsoNormal\" style=\"text-align: left\"><em><\/em><\/p>\n<p class=\"MsoNormal\" style=\"text-align: left\"><em><strong><span style=\"font-size: 12pt;font-family: &quot;Comic Sans MS&quot;color: #c00000\">5. Sonr\u00ede<\/span><\/strong><\/em><\/p>\n<p class=\"MsoNormal\" style=\"text-align: left\"><em><strong><\/strong><\/em><\/p>\n<p class=\"MsoNormal\" style=\"text-align: left\"><em><strong><span style=\"font-size: 12pt;font-family: &quot;Comic Sans MS&quot;color: #365f91\">La sonrisa comunica confianza, felicidad y entusiasmo, adem\u00e1s de demostrar aceptaci\u00f3n. La sonrisa siempre provoca una buena impresi\u00f3n porque adem\u00e1s tiene la cualidad de ser contagiosa y atrae. Si sonr\u00edes, transmites una imagen de persona positiva y alegre, y esos ya son dos puntos a favor.<\/span><\/strong><\/em><\/p>\n<p class=\"MsoNormal\" style=\"text-align: left\"><em><strong><span style=\"font-size: 12pt;font-family: &quot;Comic Sans MS&quot;color: #365f91\"><br \/>\n<\/span><\/strong><\/em><\/p>\n<p class=\"MsoNormal\" style=\"text-align: left\"><em><\/em><\/p>\n<p class=\"MsoNormal\" style=\"text-align: left\"><em><strong><span style=\"font-size: 12pt;font-family: &quot;Comic Sans MS&quot;color: #c00000\">6. Muestra seguridad<\/span><\/strong><\/em><\/p>\n<p class=\"MsoNormal\" style=\"text-align: left\"><em><strong><\/strong><\/em><\/p>\n<p class=\"MsoNormal\" style=\"text-align: left\"><em><strong><span style=\"font-size: 12pt;font-family: &quot;Comic Sans MS&quot;color: #365f91\">Y hablamos de seguridad en ti misma, pues si hay algo que les gusta a los hombres, es las mujeres seguras, que saben d\u00f3nde est\u00e1n paradas y lo que valen. Tienes que mostrar que eres una f\u00e9mina decidida, fuerte y capaz de tomar decisiones por ti misma. Ellos enloquecer\u00e1n tratando de conquistar a esta chica independiente, pero dependiente de ellos en el amor.<\/span><\/strong><\/em><\/p>\n<p class=\"MsoNormal\" style=\"text-align: left\"><em><strong><span style=\"font-size: 12pt;font-family: &quot;Comic Sans MS&quot;color: #365f91\"><br \/>\n<\/span><\/strong><\/em><\/p>\n<p class=\"MsoNormal\" style=\"text-align: left\"><em><\/em><\/p>\n<p class=\"MsoNormal\" style=\"text-align: left\"><em><strong><span style=\"font-size: 12pt;font-family: &quot;Comic Sans MS&quot;color: #c00000\">7. El\u00f3gialo<\/span><\/strong><\/em><\/p>\n<p class=\"MsoNormal\" style=\"text-align: left\"><em><strong><\/strong><\/em><\/p>\n<p class=\"MsoNormal\" style=\"text-align: left\"><em><strong><span style=\"font-size: 12pt;font-family: &quot;Comic Sans MS&quot;color: #365f91\">Pero sin excesos. A los hombres les encanta sentir que son el centro de tu mundo y que los encuentras estupendo. Entonces, el\u00f3gialos, pero en su justa medida, es decir, que quede con el ego en alto pero que no se vuelva soberbio.<\/span><\/strong><\/em><\/p>\n<p class=\"MsoNormal\" style=\"text-align: left\"><em><strong><span style=\"font-size: 12pt;font-family: &quot;Comic Sans MS&quot;color: #365f91\"><br \/>\n<\/span><\/strong><\/em><\/p>\n<p class=\"MsoNormal\" style=\"text-align: left\"><em><\/em><\/p>\n<p class=\"MsoNormal\" style=\"text-align: left\"><em><strong><span style=\"font-size: 12pt;font-family: &quot;Comic Sans MS&quot;color: #c00000\">8. Gustos compartidos<\/span><\/strong><\/em><\/p>\n<p class=\"MsoNormal\" style=\"text-align: left\"><em><strong><\/strong><\/em><\/p>\n<p class=\"MsoNormal\" style=\"text-align: left\"><em><strong><span style=\"font-size: 12pt;font-family: &quot;Comic Sans MS&quot;color: #365f91\">Sin dejar de lado tu feminidad, trata de compartir sus gustos o buscar aquellos que tengan en com\u00fan. No se trata de que veas todos los partidos de f\u00fatbol con \u00e9l y como un amigo m\u00e1s, sino que en tu rol femenino conversa de partidos y de lo que sea que tengan en com\u00fan.<\/span><\/strong><\/em><\/p>\n<p class=\"MsoNormal\" style=\"text-align: left\"><em><strong><span style=\"font-size: 12pt;font-family: &quot;Comic Sans MS&quot;color: #365f91\"><br \/>\n<\/span><\/strong><\/em><\/p>\n<p class=\"MsoNormal\" style=\"text-align: left\"><em><\/em><\/p>\n<p class=\"MsoNormal\" style=\"text-align: left\"><em><strong><span style=\"font-size: 12pt;font-family: &quot;Comic Sans MS&quot;color: #c00000\">9. Esc\u00fachalo y compr\u00e9ndelo<\/span><\/strong><\/em><\/p>\n<p class=\"MsoNormal\" style=\"text-align: left\"><em><strong><\/strong><\/em><\/p>\n<p class=\"MsoNormal\" style=\"text-align: left\"><em><strong><span style=\"font-size: 12pt;font-family: &quot;Comic Sans MS&quot;color: #365f91\">Si tiene problemas o temas que lo acongojan, pr\u00e9stale atenci\u00f3n y escucha lo que tiene que decir. Hazlo sentir querido y entendido. As\u00ed, al poco tiempo, te convertir\u00e1s en su alma m\u00e1s cercana.<\/span><\/strong><\/em><\/p>\n<p class=\"MsoNormal\" style=\"text-align: left\"><em><strong><span style=\"font-size: 12pt;font-family: &quot;Comic Sans MS&quot;color: #365f91\"><br \/>\n<\/span><\/strong><\/em><\/p>\n<p class=\"MsoNormal\" style=\"text-align: left\"><em><\/em><\/p>\n<p class=\"MsoNormal\" style=\"text-align: left\"><em><strong><span style=\"font-size: 12pt;font-family: &quot;Comic Sans MS&quot;color: #c00000\">10. Toma la iniciativa<\/span><\/strong><\/em><\/p>\n<p class=\"MsoNormal\" style=\"text-align: left\"><em><strong><\/strong><\/em><\/p>\n<p class=\"MsoNormal\" style=\"text-align: left\"><em><strong><span style=\"font-size: 12pt;font-family: &quot;Comic Sans MS&quot;color: #365f91\">Finalmente, si ya ves que tienes cierto camino recorrido con \u00e9l, no lo dudes m\u00e1s y da el gran paso. Con sutileza, honestidad y algunos detalles rom\u00e1nticos, puedes darle a entender f\u00e1cilmente lo importante que es \u00e9l para ti.<\/span><\/strong><\/em><\/p>\n<p class=\"MsoNormal\" style=\"text-align: left\"><em><strong><span style=\"font-size: 12pt;font-family: &quot;Comic Sans MS&quot;color: #365f91\">Y sobre todo, no dejes de portarte super cuando que est\u00e9s con el, hazlo sentir que es \u00fanico (y debe de serlo, si no, no va a funcionar)<\/span><\/strong><\/em><\/p>\n<p class=\"MsoNormal\" style=\"text-align: left\"><em><strong><span style=\"font-size: 12pt;font-family: &quot;Comic Sans MS&quot;color: #365f91\">As\u00ed que no queda mas que decir, ya les dije muchas cosas importantes para que conquisten al hombre de sus sue\u00f1os, as\u00ed que\u2026..<\/span><\/strong><\/em><\/p>\n<p class=\"MsoNormal\" style=\"text-align: left\"><em><strong><span style=\"font-size: 12pt;font-family: &quot;Comic Sans MS&quot;color: #365f91\">\u00a1Suerte!<\/span><\/strong><\/em><\/p>\n<p class=\"MsoNormal\"><strong><\/strong><\/p>\n<p><strong><\/strong><\/p>\n","protected":false},"excerpt":{"rendered":"<p>Tips para conquistar a una mujer\u2026 - Antes de acercarse a la mujer que desea, haga contacto ocular. La forma m\u00e1s segura de saber si el acercamiento ser\u00e1 exitoso es intentar efectuar un contacto ocular preliminar para ver c\u00f3mo responde la dama. Si ella mantiene la mirada (o, mejor a\u00fan, si sonr\u00ede) ac\u00e9rquese y hable [&hellip;]<\/p>\n","protected":false},"author":1913,"featured_media":0,"parent":0,"menu_order":0,"comment_status":"open","ping_status":"open","template":"","meta":{"footnotes":""},"class_list":["post-71","page","type-page","status-publish","hentry"],"_links":{"self":[{"href":"https:\/\/blog.espol.edu.ec\/maylis\/wp-json\/wp\/v2\/pages\/71","targetHints":{"allow":["GET"]}}],"collection":[{"href":"https:\/\/blog.espol.edu.ec\/maylis\/wp-json\/wp\/v2\/pages"}],"about":[{"href":"https:\/\/blog.espol.edu.ec\/maylis\/wp-json\/wp\/v2\/types\/page"}],"author":[{"embeddable":true,"href":"https:\/\/blog.espol.edu.ec\/maylis\/wp-json\/wp\/v2\/users\/1913"}],"replies":[{"embeddable":true,"href":"https:\/\/blog.espol.edu.ec\/maylis\/wp-json\/wp\/v2\/comments?post=71"}],"version-history":[{"count":16,"href":"https:\/\/blog.espol.edu.ec\/maylis\/wp-json\/wp\/v2\/pages\/71\/revisions"}],"predecessor-version":[{"id":197,"href":"https:\/\/blog.espol.edu.ec\/maylis\/wp-json\/wp\/v2\/pages\/71\/revisions\/197"}],"wp:attachment":[{"href":"https:\/\/blog.espol.edu.ec\/maylis\/wp-json\/wp\/v2\/media?parent=71"}],"curies":[{"name":"wp","href":"https:\/\/api.w.org\/{rel}","templated":true}]}}