{"id":3,"date":"2011-09-10T20:59:38","date_gmt":"2011-09-10T20:59:38","guid":{"rendered":"http:\/\/blog.espol.edu.ec\/mayramore\/?page_id=3"},"modified":"2011-09-12T19:53:26","modified_gmt":"2011-09-12T19:53:26","slug":"cosas-de-mujeres","status":"publish","type":"page","link":"https:\/\/blog.espol.edu.ec\/mayramore\/cosas-de-mujeres\/","title":{"rendered":"Para \u00e9l"},"content":{"rendered":"<address><span style=\"color: #3366ff\"><strong>Hay veces que uno se pregunta...y ahora que le regalo a mi novio????<\/strong><\/p>\n<p><strong> <\/strong><strong> <\/strong><strong> <\/strong><strong> <\/strong><strong> <\/strong><strong> <\/strong><strong> <\/strong><strong>lo se por que tambien me ha pasado... aqui te dejo unos cuantos consejos para ver si te animas o te identificas con uno de estos =)<\/strong><\/p>\n<p><\/span><\/address>\n<h2 style=\"text-align: left\"><span style=\"color: #ff00ff\"><strong>1. SI LLEVAS POCO TIEMPO CON \u00c9L:<\/strong><\/span><\/h2>\n<p><span style=\"color: #ff00ff\"><strong><span style=\"color: #000000\">Tal vez puedes comenzar con algo sencillo como una carta...pero eso si con mucha creatividad =) y en caso de que no seas muy creativa pidele ideas a tus amigas que de seguro no se negara en\u00a0 dartelas.<\/span><\/strong><\/span><\/p>\n<p><span style=\"color: #ff00ff\"><strong><span style=\"color: #000000\">O en todo caso si no eres creativa y no le haces cartas a tu novio por que no te gusta tu letra, te queda la opci\u00f3n de la computadora, en la cual solo tienes que escribir, ponerle imagenes y listo.<\/span><\/strong><\/span><\/p>\n<p><span style=\"color: #ff00ff\"><strong><span style=\"color: #000000\">Pero lo importante es que sea hecho por ti por que asi esa persona lo va a valorar<\/span><\/strong><\/span><\/p>\n<p><strong> <\/strong><\/p>\n<p style=\"text-align: center\"><img loading=\"lazy\" decoding=\"async\" class=\"aligncenter\" title=\"carta\" src=\"http:\/\/1.bp.blogspot.com\/-yiFi-1yZJ8U\/Tb-UCyP00CI\/AAAAAAAACtY\/V-HKLzW0Pps\/s1600\/a%2B%25282%2529.jpg\" alt=\"\" width=\"406\" height=\"302\" \/><\/p>\n<p style=\"text-align: left\"><strong>Si crees que es muy sencillo tu regalo pues facil \u00f1adele un llavero de acuerdo a la ocaci\u00f3n o chocolates.......<\/strong><\/p>\n<p style=\"text-align: left\"><strong>Otro de los regalos que podr\u00edas hacerle,es un dibujo o una foto de ambos impresa en\u00a0 grande\u00a0 y sobre esta escribir unas peque\u00f1as palabras.<\/strong><\/p>\n<p style=\"text-align: center\"><strong><img loading=\"lazy\" decoding=\"async\" class=\"aligncenter\" title=\"foto\" src=\"http:\/\/thumbnails.truveo.com\/0023\/02\/3A\/023A29EFC71920436F07D9_Large.jpg\" alt=\"\" width=\"320\" height=\"240\" \/><\/strong><\/p>\n<p style=\"text-align: left\"><strong>Tambien le podr\u00edas r<\/strong><\/p>\n<p style=\"text-align: left\"><strong>egalar un collar de corazon en la cual lleve inscrito tu nombre y el de \u00e9l, o tal vez unos a\u00f1illos, creeme que le encantar\u00e1.<\/strong><\/p>\n<p style=\"text-align: left\"><strong><img loading=\"lazy\" decoding=\"async\" class=\"alignleft\" title=\"anillos\" src=\"http:\/\/www.pastaza.com\/artesanias\/anillo-de-coco-tagua.jpg\" alt=\"\" width=\"183\" height=\"137\" \/><\/strong><img loading=\"lazy\" decoding=\"async\" class=\"aligncenter\" title=\"coraz\u00f3n\" src=\"http:\/\/www.olcinajoyeros.com\/images-joyeria-madrid\/colgantes-joyeria-madrid\/1-11\/colgante%20corazon%20partido%20grabado.jpg\" alt=\"\" width=\"178\" height=\"135\" \/><\/p>\n<p style=\"text-align: left\">\n<h2 style=\"text-align: left\"><span style=\"color: #ff00ff\"><strong>2.SI LLEVAS UN POCO M\u00e1S DE TIEMPO CON \u00c9L:<\/strong><\/span><\/h2>\n<p style=\"text-align: left\"><strong>Podr\u00edas hacerle un video con fotos de los dos o tal vez un cartel.<\/strong><\/p>\n<p style=\"text-align: left\"><strong>podr\u00edas hacerle un Cd con canciones que le gusten o si no te gusta nada de esto podr\u00edas comprarleuna camiseta, perfume belletera, entre otras cosas.<\/strong><\/p>\n<p style=\"text-align: left\"><strong>Aqu\u00ed te dejo unas diapositivas para que veas unos modelos de cartas y de carteles =), espero te gusten.<\/strong><\/p>\n<p style=\"text-align: left\"><strong><br \/>\n<\/strong><\/p>\n<p style=\"text-align: left\"><strong><br \/>\n<\/strong><\/p>\n<p><strong> <\/strong><\/p>\n<div id=\"__ss_9208598\" style=\"width: 425px\"><strong><a title=\"Modelos\" href=\"http:\/\/www.slideshare.net\/mayamore\/modelos-9208598\">Modelos<\/a><\/strong><object classid=\"clsid:d27cdb6e-ae6d-11cf-96b8-444553540000\" width=\"425\" height=\"355\"><param name=\"src\" value=\"http:\/\/static.slidesharecdn.com\/swf\/ssplayer2.swf?doc=modelos-110910175511-phpapp02&amp;stripped_title=modelos-9208598&amp;userName=mayamore\" \/><param name=\"allowfullscreen\" value=\"true\" \/><embed type=\"application\/x-shockwave-flash\" width=\"425\" height=\"355\" src=\"http:\/\/static.slidesharecdn.com\/swf\/ssplayer2.swf?doc=modelos-110910175511-phpapp02&amp;stripped_title=modelos-9208598&amp;userName=mayamore\" allowfullscreen=\"true\"><\/embed><\/object><\/p>\n<div style=\"padding: 5px 0 12px\">View more <a href=\"http:\/\/www.slideshare.net\/\">presentations<\/a> from <a href=\"http:\/\/www.slideshare.net\/mayamore\">ESPOL<\/a>.<\/div>\n<\/div>\n","protected":false},"excerpt":{"rendered":"<p>Hay veces que uno se pregunta...y ahora que le regalo a mi novio???? lo se por que tambien me ha pasado... aqui te dejo unos cuantos consejos para ver si te animas o te identificas con uno de estos =) 1. SI LLEVAS POCO TIEMPO CON \u00c9L: Tal vez puedes comenzar con algo sencillo como [&hellip;]<\/p>\n","protected":false},"author":6206,"featured_media":0,"parent":0,"menu_order":0,"comment_status":"open","ping_status":"open","template":"","meta":{"_monsterinsights_skip_tracking":false,"_monsterinsights_sitenote_active":false,"_monsterinsights_sitenote_note":"","_monsterinsights_sitenote_category":0,"footnotes":""},"class_list":["post-3","page","type-page","status-publish","hentry"],"_links":{"self":[{"href":"https:\/\/blog.espol.edu.ec\/mayramore\/wp-json\/wp\/v2\/pages\/3","targetHints":{"allow":["GET"]}}],"collection":[{"href":"https:\/\/blog.espol.edu.ec\/mayramore\/wp-json\/wp\/v2\/pages"}],"about":[{"href":"https:\/\/blog.espol.edu.ec\/mayramore\/wp-json\/wp\/v2\/types\/page"}],"author":[{"embeddable":true,"href":"https:\/\/blog.espol.edu.ec\/mayramore\/wp-json\/wp\/v2\/users\/6206"}],"replies":[{"embeddable":true,"href":"https:\/\/blog.espol.edu.ec\/mayramore\/wp-json\/wp\/v2\/comments?post=3"}],"version-history":[{"count":17,"href":"https:\/\/blog.espol.edu.ec\/mayramore\/wp-json\/wp\/v2\/pages\/3\/revisions"}],"predecessor-version":[{"id":43,"href":"https:\/\/blog.espol.edu.ec\/mayramore\/wp-json\/wp\/v2\/pages\/3\/revisions\/43"}],"wp:attachment":[{"href":"https:\/\/blog.espol.edu.ec\/mayramore\/wp-json\/wp\/v2\/media?parent=3"}],"curies":[{"name":"wp","href":"https:\/\/api.w.org\/{rel}","templated":true}]}}