{"id":57,"date":"2011-09-13T19:04:12","date_gmt":"2011-09-13T19:04:12","guid":{"rendered":"http:\/\/blog.espol.edu.ec\/mayramore\/?page_id=57"},"modified":"2011-09-13T19:36:06","modified_gmt":"2011-09-13T19:36:06","slug":"maquillaje","status":"publish","type":"page","link":"https:\/\/blog.espol.edu.ec\/mayramore\/maquillaje\/","title":{"rendered":"MAQUILLAJE"},"content":{"rendered":"<p><strong><span style=\"font-family: Times New Roman;color: #ff3399;font-size: medium\">Como aplicarte          sombras para los ojos<\/span><\/strong><\/p>\n<p><span style=\"color: #000080\">Los ojos son el punto focal de nuestro rostro. Ilumina tu mirada            f\u00e1cilmente aplicando sombras. Las sombras para ojos hacen que estos se            vean m\u00e1s grandes, expresivos y atractivos. <\/span> <span style=\"color: #000080\"> Continua abajo:<\/span><\/p>\n<p><span style=\"font-family: Times New Roman;color: #000080;font-size: small\">La aplicaci\u00f3n de sombras puede ser la parte m\u00e1s confusa del                  maquillaje pero no tiene que serlo. A continuaci\u00f3n te explicamos                  la aplicaci\u00f3n b\u00e1sica de las sombras, no es el \u00fanico estilo, pero                  le va bien a casi todos los tipos de ojos y es un punto de                  partida para aprender t\u00e9cnicas de maquillaje m\u00e1s complejas.<\/span><\/p>\n<p>Esta aplicaci\u00f3n puede hacerse con los colores que desees y los                  tipos de sombras que prefieras. Las sombras como sabes vienen en                  varias presentaciones:<\/p>\n<p><span style=\"font-family: Times New Roman;color: #000080;font-size: small\"> 1- Polvo compacto o crema polvo. Esta son las sombras m\u00e1s                  comunes<\/span><\/p>\n<p>2- L\u00e1piz y cray\u00f3n. No son muy comunes pero son efectivas y                  vienen en colores m\u00e1s intensos.<\/p>\n<p>3- Crema. Casi no se usan y son un poco dif\u00edciles de aplicar                  porque pueden dejar l\u00edneas marcadas en el parpado.<\/p>\n<p>4- Polvos sueltos. Con la llegada del maquillaje mineral se han                  vuelto muy comunes. Se aplican f\u00e1cilmente pero hay que tener                  cuidado que no caigan en los ojos.<\/p>\n<p><span style=\"font-family: Times New Roman;color: #ff3399;font-size: small\"> <strong>Aplic\u00e1ndote las sombras <\/strong><\/span> <span style=\"font-family: Times New Roman;color: #000080;font-size: small\"><br \/>\nLa aplicaci\u00f3n m\u00e1s sencilla es usando dos o tres colores de                  sombras. Las sombras que vienen en el mismo paquete ofrecen la                  ventaja de que los distintos colores ya est\u00e1n perfectamente                  combinados.<\/span><\/p>\n<p>Si usas tres sombras una ser\u00e1 casi transparente, la otra un tono                  medio y la otra m\u00e1s oscura.<\/p>\n<p><span style=\"font-family: Times New Roman;color: #ff3399;font-size: small\"> <strong>1- La sombra mas clara<\/strong><\/span><span style=\"font-family: Times New Roman;color: #000080;font-size: small\"><br \/>\nLlamada iluminadora, se aplica en todo el ojo tanto en el                  parpado como en toda el \u00e1rea bajo la ceja. Estos colores                  generalmente son casi translucidos y pueden ser casi blancos,                  crema o rosa muy p\u00e1lido. Su funci\u00f3n es iluminar todo el ojo.<\/span><\/p>\n<p><span style=\"font-family: Times New Roman;color: #000080;font-size: small\"> Algunas personas especialmente chicas adolescente pueden usar                  solo esta sombra.<\/span><\/p>\n<p><span style=\"font-family: Times New Roman;color: #ff3399;font-size: small\"> <strong>2- La sombra de tono medio<\/strong><\/span><span style=\"font-family: Times New Roman;color: #000080;font-size: small\"><br \/>\nPuede ser el color que desees, es el color que m\u00e1s se nota.                  Puede ser un color juguet\u00f3n o algo neutral como los famosos                  tonos caf\u00e9. Aplica esta sombra en todo el parpado hasta un                  poquito arriba de la l\u00ednea del ojo (ver foto). <\/span><\/p>\n<p><span style=\"font-family: Times New Roman;color: #000080;font-size: small\"> Los colores de esta sombra pueden ser contrastantes al color de                  tus ojos. Se dice que los ojos caf\u00e9 pueden usar cualquier color. <\/span><\/p>\n<p><img loading=\"lazy\" decoding=\"async\" src=\"http:\/\/www.lindisima.com\/maquillaje\/images\/3sombras.jpg\" border=\"0\" alt=\"\" width=\"432\" height=\"163\" \/><span style=\"font-family: Times New Roman;color: #000080;font-size: small\"> <\/span><\/p>\n<p><span style=\"font-family: Times New Roman;color: #ff3399;font-size: small\"> <strong>3- La sombra m\u00e1s oscura<\/strong><\/span><span style=\"font-family: Times New Roman;color: #000080;font-size: small\"><br \/>\nEsta da profundidad al ojo. Se aplica cerca de las pesta\u00f1as. Se                  puede usar un                 <a href=\"http:\/\/www.lindisima.com\/maquillaje\/maquillaje.htm\"> pincel o cepillo<\/a> angular para este prop\u00f3sito pero no es                  indispensable para maquillaje diario.<\/span><\/p>\n<p>Algunos maquilladores recomiendan que las sombras se difuminen                  para que queden l\u00edneas marcadas de cada color. Esto se hace con                  el pincel.<\/p>\n<p>Leer mas sobre                 <a href=\"http:\/\/www.lindisima.com\/maquillaje\/corregir-ojos.htm\"> maquillaje de ojos especiales<\/a><br \/>\n<a href=\"http:\/\/www.lindisima.com\/maquillaje\/ojos-ahumados1.htm\"> Maquillaje para ojos ahumados<\/a><\/p>\n<p><span style=\"font-family: Times New Roman;color: #000080;font-size: small\"><br \/>\n<\/span><br \/>\n<iframe loading=\"lazy\" title=\"Maquillaje de Ojos - maquillaje de noche\" width=\"500\" height=\"375\" src=\"https:\/\/www.youtube.com\/embed\/h0ic4Vx237w?feature=oembed\" frameborder=\"0\" allow=\"accelerometer; autoplay; clipboard-write; encrypted-media; gyroscope; picture-in-picture; web-share\" referrerpolicy=\"strict-origin-when-cross-origin\" allowfullscreen><\/iframe><\/p>\n","protected":false},"excerpt":{"rendered":"<p>Como aplicarte sombras para los ojos Los ojos son el punto focal de nuestro rostro. Ilumina tu mirada f\u00e1cilmente aplicando sombras. Las sombras para ojos hacen que estos se vean m\u00e1s grandes, expresivos y atractivos. Continua abajo: La aplicaci\u00f3n de sombras puede ser la parte m\u00e1s confusa del maquillaje pero no tiene que serlo. A [&hellip;]<\/p>\n","protected":false},"author":6206,"featured_media":0,"parent":0,"menu_order":0,"comment_status":"open","ping_status":"open","template":"","meta":{"_monsterinsights_skip_tracking":false,"_monsterinsights_sitenote_active":false,"_monsterinsights_sitenote_note":"","_monsterinsights_sitenote_category":0,"footnotes":""},"class_list":["post-57","page","type-page","status-publish","hentry"],"_links":{"self":[{"href":"https:\/\/blog.espol.edu.ec\/mayramore\/wp-json\/wp\/v2\/pages\/57","targetHints":{"allow":["GET"]}}],"collection":[{"href":"https:\/\/blog.espol.edu.ec\/mayramore\/wp-json\/wp\/v2\/pages"}],"about":[{"href":"https:\/\/blog.espol.edu.ec\/mayramore\/wp-json\/wp\/v2\/types\/page"}],"author":[{"embeddable":true,"href":"https:\/\/blog.espol.edu.ec\/mayramore\/wp-json\/wp\/v2\/users\/6206"}],"replies":[{"embeddable":true,"href":"https:\/\/blog.espol.edu.ec\/mayramore\/wp-json\/wp\/v2\/comments?post=57"}],"version-history":[{"count":7,"href":"https:\/\/blog.espol.edu.ec\/mayramore\/wp-json\/wp\/v2\/pages\/57\/revisions"}],"predecessor-version":[{"id":59,"href":"https:\/\/blog.espol.edu.ec\/mayramore\/wp-json\/wp\/v2\/pages\/57\/revisions\/59"}],"wp:attachment":[{"href":"https:\/\/blog.espol.edu.ec\/mayramore\/wp-json\/wp\/v2\/media?parent=57"}],"curies":[{"name":"wp","href":"https:\/\/api.w.org\/{rel}","templated":true}]}}