{"id":60,"date":"2012-11-04T02:40:10","date_gmt":"2012-11-04T02:40:10","guid":{"rendered":"http:\/\/blog.espol.edu.ec\/mbrocel\/?page_id=60"},"modified":"2012-11-07T09:17:51","modified_gmt":"2012-11-07T09:17:51","slug":"inicio-2","status":"publish","type":"page","link":"https:\/\/blog.espol.edu.ec\/mbrocel\/inicio-2\/","title":{"rendered":"Datos de autor"},"content":{"rendered":"<h3 style=\"text-align: justify\"><span style=\"color: #800000\">HOLA me llamo Mayra Brocel, unos me dicen May, otros Mayrita, otros Mayris y otros Maya jijij como la abejita, bueno me encantan las pelis de terror, como de todo menos h\u00edgado, me gusta la diversi\u00f3n pero de manera sana, amo la CATEQUESIS con mi vida y a Dios mucho m\u00e1s que es quien hace posible EVERYTHING, amo a mi familia, mi MAMA tan bella, y trabajadora, mi PAPA quien aun me da consejitos, mi HERMANA lokita pero es mi alma gemela, mi \u00d1A\u00d1O siempre tan cari\u00f1oso con todos, mi POLLITO quien reci\u00e9n hace parte de esta familia que x cierto esta creciendo mucho, y algunos ya quieren com\u00e9rselo =( , y mi CU\u00d1IZ que lo quiero much\u00edsimo como a un hermano, tengo tambi\u00e9n a mis amigas que las amoo muchoo tambi\u00e9n.<\/span><\/h3>\n<p>&nbsp;<\/p>\n<h1><span style=\"color: #000080\">Esta es mi familia:<\/span><\/h1>\n<p><a href=\"http:\/\/blog.espol.edu.ec\/mbrocel\/files\/2012\/11\/mi-familia.jpg\"><img loading=\"lazy\" decoding=\"async\" class=\"alignleft size-medium wp-image-76\" src=\"http:\/\/blog.espol.edu.ec\/mbrocel\/files\/2012\/11\/mi-familia-300x300.jpg\" alt=\"\" width=\"300\" height=\"300\" srcset=\"https:\/\/blog.espol.edu.ec\/mbrocel\/files\/2012\/11\/mi-familia-300x300.jpg 300w, https:\/\/blog.espol.edu.ec\/mbrocel\/files\/2012\/11\/mi-familia-150x150.jpg 150w, https:\/\/blog.espol.edu.ec\/mbrocel\/files\/2012\/11\/mi-familia.jpg 512w\" sizes=\"auto, (max-width: 300px) 100vw, 300px\" \/><\/a><\/p>\n<p><a href=\"http:\/\/blog.espol.edu.ec\/mbrocel\/files\/2012\/11\/mi-papa1.jpg\"><img loading=\"lazy\" decoding=\"async\" class=\"alignright size-medium wp-image-78\" src=\"http:\/\/blog.espol.edu.ec\/mbrocel\/files\/2012\/11\/mi-papa1-300x225.jpg\" alt=\"\" width=\"300\" height=\"225\" srcset=\"https:\/\/blog.espol.edu.ec\/mbrocel\/files\/2012\/11\/mi-papa1-300x225.jpg 300w, https:\/\/blog.espol.edu.ec\/mbrocel\/files\/2012\/11\/mi-papa1.jpg 720w\" sizes=\"auto, (max-width: 300px) 100vw, 300px\" \/><\/a><\/p>\n<p><!--more--><\/p>\n<p><a href=\"http:\/\/blog.espol.edu.ec\/mbrocel\/files\/2012\/11\/mi-ehrmana.jpg\"><img loading=\"lazy\" decoding=\"async\" class=\"aligncenter size-medium wp-image-79\" src=\"http:\/\/blog.espol.edu.ec\/mbrocel\/files\/2012\/11\/mi-ehrmana-163x300.jpg\" alt=\"\" width=\"163\" height=\"300\" srcset=\"https:\/\/blog.espol.edu.ec\/mbrocel\/files\/2012\/11\/mi-ehrmana-163x300.jpg 163w, https:\/\/blog.espol.edu.ec\/mbrocel\/files\/2012\/11\/mi-ehrmana.jpg 388w\" sizes=\"auto, (max-width: 163px) 100vw, 163px\" \/><\/a><\/p>\n<p><a href=\"http:\/\/blog.espol.edu.ec\/mbrocel\/files\/2012\/11\/mi-cu\u00f1iz.jpg\"><img loading=\"lazy\" decoding=\"async\" class=\"aligncenter size-medium wp-image-80\" src=\"http:\/\/blog.espol.edu.ec\/mbrocel\/files\/2012\/11\/mi-cu\u00f1iz-220x300.jpg\" alt=\"\" width=\"220\" height=\"300\" srcset=\"https:\/\/blog.espol.edu.ec\/mbrocel\/files\/2012\/11\/mi-cu\u00f1iz-220x300.jpg 220w, https:\/\/blog.espol.edu.ec\/mbrocel\/files\/2012\/11\/mi-cu\u00f1iz.jpg 484w\" sizes=\"auto, (max-width: 220px) 100vw, 220px\" \/><\/a><\/p>\n<p><!--more--><\/p>\n<p><a href=\"http:\/\/blog.espol.edu.ec\/mbrocel\/files\/2012\/11\/fima.jpg\"><img loading=\"lazy\" decoding=\"async\" class=\"alignleft size-medium wp-image-82\" src=\"http:\/\/blog.espol.edu.ec\/mbrocel\/files\/2012\/11\/fima-300x197.jpg\" alt=\"\" width=\"300\" height=\"197\" srcset=\"https:\/\/blog.espol.edu.ec\/mbrocel\/files\/2012\/11\/fima-300x197.jpg 300w, https:\/\/blog.espol.edu.ec\/mbrocel\/files\/2012\/11\/fima.jpg 706w\" sizes=\"auto, (max-width: 300px) 100vw, 300px\" \/><\/a><\/p>\n<p><a href=\"http:\/\/blog.espol.edu.ec\/mbrocel\/files\/2012\/11\/fima3.jpg\"><img loading=\"lazy\" decoding=\"async\" class=\"aligncenter size-medium wp-image-83\" src=\"http:\/\/blog.espol.edu.ec\/mbrocel\/files\/2012\/11\/fima3-300x227.jpg\" alt=\"\" width=\"300\" height=\"227\" srcset=\"https:\/\/blog.espol.edu.ec\/mbrocel\/files\/2012\/11\/fima3-300x227.jpg 300w, https:\/\/blog.espol.edu.ec\/mbrocel\/files\/2012\/11\/fima3.jpg 709w\" sizes=\"auto, (max-width: 300px) 100vw, 300px\" \/><\/a><\/p>\n<p><a href=\"http:\/\/blog.espol.edu.ec\/mbrocel\/files\/2012\/11\/fima-21.jpg\"><img loading=\"lazy\" decoding=\"async\" class=\"alignright size-medium wp-image-85\" src=\"http:\/\/blog.espol.edu.ec\/mbrocel\/files\/2012\/11\/fima-21-300x187.jpg\" alt=\"\" width=\"300\" height=\"187\" srcset=\"https:\/\/blog.espol.edu.ec\/mbrocel\/files\/2012\/11\/fima-21-300x187.jpg 300w, https:\/\/blog.espol.edu.ec\/mbrocel\/files\/2012\/11\/fima-21.jpg 670w\" sizes=\"auto, (max-width: 300px) 100vw, 300px\" \/><\/a><\/p>\n<p><!--more--><br \/>\n<a href=\"http:\/\/blog.espol.edu.ec\/mbrocel\/files\/2012\/11\/mis-amigas.jpg\"><img loading=\"lazy\" decoding=\"async\" class=\"alignleft size-medium wp-image-86\" src=\"http:\/\/blog.espol.edu.ec\/mbrocel\/files\/2012\/11\/mis-amigas-300x227.jpg\" alt=\"\" width=\"300\" height=\"227\" srcset=\"https:\/\/blog.espol.edu.ec\/mbrocel\/files\/2012\/11\/mis-amigas-300x227.jpg 300w, https:\/\/blog.espol.edu.ec\/mbrocel\/files\/2012\/11\/mis-amigas.jpg 696w\" sizes=\"auto, (max-width: 300px) 100vw, 300px\" \/><\/a><\/p>\n<p><a href=\"http:\/\/blog.espol.edu.ec\/mbrocel\/files\/2012\/11\/mis-amigas-2.jpg\"><img loading=\"lazy\" decoding=\"async\" class=\"alignright size-medium wp-image-87\" src=\"http:\/\/blog.espol.edu.ec\/mbrocel\/files\/2012\/11\/mis-amigas-2-300x225.jpg\" alt=\"\" width=\"300\" height=\"225\" srcset=\"https:\/\/blog.espol.edu.ec\/mbrocel\/files\/2012\/11\/mis-amigas-2-300x225.jpg 300w, https:\/\/blog.espol.edu.ec\/mbrocel\/files\/2012\/11\/mis-amigas-2.jpg 960w\" sizes=\"auto, (max-width: 300px) 100vw, 300px\" \/><\/a><\/p>\n<h2><\/h2>\n<h2><\/h2>\n<h2><\/h2>\n<h2><\/h2>\n<h2><\/h2>\n<h2><\/h2>\n<h2><\/h2>\n<h2><!--more--><\/h2>\n<h1><\/h1>\n<h1>Aqui les dejo un video de la Gran familia Catequesis:<\/h1>\n<p>&nbsp;<\/p>\n<h2><iframe loading=\"lazy\" src=\"http:\/\/www.youtube.com\/embed\/UcMc9SSipFM\" frameborder=\"0\" width=\"420\" height=\"315\"><\/iframe><\/h2>\n<p>&nbsp;<\/p>\n","protected":false},"excerpt":{"rendered":"<p>HOLA me llamo Mayra Brocel, unos me dicen May, otros Mayrita, otros Mayris y otros Maya jijij como la abejita, bueno me encantan las pelis de terror, como de todo menos h\u00edgado, me gusta la diversi\u00f3n pero de manera sana, amo la CATEQUESIS con mi vida y a Dios mucho m\u00e1s que es quien hace [&hellip;]<\/p>\n","protected":false},"author":8085,"featured_media":0,"parent":0,"menu_order":3,"comment_status":"open","ping_status":"open","template":"","meta":{"footnotes":""},"class_list":["post-60","page","type-page","status-publish","hentry"],"_links":{"self":[{"href":"https:\/\/blog.espol.edu.ec\/mbrocel\/wp-json\/wp\/v2\/pages\/60","targetHints":{"allow":["GET"]}}],"collection":[{"href":"https:\/\/blog.espol.edu.ec\/mbrocel\/wp-json\/wp\/v2\/pages"}],"about":[{"href":"https:\/\/blog.espol.edu.ec\/mbrocel\/wp-json\/wp\/v2\/types\/page"}],"author":[{"embeddable":true,"href":"https:\/\/blog.espol.edu.ec\/mbrocel\/wp-json\/wp\/v2\/users\/8085"}],"replies":[{"embeddable":true,"href":"https:\/\/blog.espol.edu.ec\/mbrocel\/wp-json\/wp\/v2\/comments?post=60"}],"version-history":[{"count":20,"href":"https:\/\/blog.espol.edu.ec\/mbrocel\/wp-json\/wp\/v2\/pages\/60\/revisions"}],"predecessor-version":[{"id":198,"href":"https:\/\/blog.espol.edu.ec\/mbrocel\/wp-json\/wp\/v2\/pages\/60\/revisions\/198"}],"wp:attachment":[{"href":"https:\/\/blog.espol.edu.ec\/mbrocel\/wp-json\/wp\/v2\/media?parent=60"}],"curies":[{"name":"wp","href":"https:\/\/api.w.org\/{rel}","templated":true}]}}