{"id":2,"date":"2011-06-08T21:54:10","date_gmt":"2011-06-08T21:54:10","guid":{"rendered":""},"modified":"2011-06-16T23:00:16","modified_gmt":"2011-06-17T04:00:16","slug":"about","status":"publish","type":"page","link":"https:\/\/blog.espol.edu.ec\/mc14\/about\/","title":{"rendered":"YO ;)"},"content":{"rendered":"<p style=\"text-align: center\"><img loading=\"lazy\" decoding=\"async\" class=\"aligncenter\" src=\"http:\/\/a2.sphotos.ak.fbcdn.net\/hphotos-ak-snc3\/26538_1415590273978_1359222392_1159308_900592_n.jpg\" alt=\"\" width=\"194\" height=\"168\" \/><a id=\"myphotolink\" href=\"http:\/\/www.facebook.com\/photo.php?pid=1159287&amp;id=1359222392\"><\/a><\/p>\n<p style=\"text-align: center\"><strong><span style=\"color: #ff00ff\">Hola soy Mishel Valladares soy guayaquile\u00f1a pero amooo playas, viv\u00ed gran parte de mi infancia all\u00e1, me caracterizo\u00a0porque super tranquila, amistosa, y sincera. Estudio en la Espol. <\/span><\/strong><\/p>\n<p style=\"text-align: center\"><strong><span style=\"color: #ff00ff\"><a id=\"myphotolink\" href=\"http:\/\/www.facebook.com\/photo.php?pid=1159287&amp;id=1359222392\"><img loading=\"lazy\" decoding=\"async\" src=\"http:\/\/a2.sphotos.ak.fbcdn.net\/hphotos-ak-ash4\/248219_1415589353955_1359222392_1159286_74403_n.jpg\" alt=\"\" width=\"184\" height=\"300\" \/><\/a><img loading=\"lazy\" decoding=\"async\" src=\"http:\/\/a6.sphotos.ak.fbcdn.net\/hphotos-ak-snc6\/199015_10150134636175345_516620344_6831483_5390247_n.jpg\" alt=\"\" width=\"328\" height=\"290\" \/><img loading=\"lazy\" decoding=\"async\" src=\"http:\/\/a3.sphotos.ak.fbcdn.net\/hphotos-ak-snc6\/33548_1444359949349_1243641697_30984208_3744671_n.jpg\" alt=\"\" width=\"241\" height=\"304\" \/><\/span><\/strong><\/p>\n<p style=\"text-align: center\"><strong><span style=\"color: #ff00ff\">Ella es mi hermana tiene facciones muy similares a las m\u00edas jiji\u00a0la amo mucho!!!<\/span><\/strong><\/p>\n<p style=\"text-align: center\"><strong><span style=\"color: #ff00ff\">\u00a0<\/span><\/strong>\u00a0<\/p>\n<p style=\"text-align: center\"><strong><\/strong><img loading=\"lazy\" decoding=\"async\" src=\"http:\/\/a6.sphotos.ak.fbcdn.net\/hphotos-ak-snc6\/179443_192718484073124_100000049228566_696549_2232526_n.jpg\" alt=\"\" width=\"341\" height=\"405\" \/>\u00a0<img loading=\"lazy\" decoding=\"async\" src=\"http:\/\/a8.sphotos.ak.fbcdn.net\/hphotos-ak-ash1\/164376_192077030803936_100000049228566_692441_4230338_n.jpg\" alt=\"\" width=\"370\" height=\"407\" \/><\/p>\n<p style=\"text-align: center\"><img loading=\"lazy\" decoding=\"async\" src=\"http:\/\/a7.sphotos.ak.fbcdn.net\/hphotos-ak-ash4\/197057_10150134629965345_516620344_6831368_5595728_n.jpg\" alt=\"\" width=\"244\" height=\"166\" \/><\/p>\n<p style=\"text-align: center\"><strong><span style=\"color: #ff00ff\">Me encanta el mar, la arena, todos los mar\u00edscos menos la concha.<\/span><\/strong><\/p>\n<p style=\"text-align: center\"><strong><span style=\"color: #ff00ff\"><img loading=\"lazy\" decoding=\"async\" src=\"http:\/\/a3.sphotos.ak.fbcdn.net\/hphotos-ak-snc4\/63398_1505778408994_1370298176_31188794_4323440_n.jpg\" alt=\"\" width=\"173\" height=\"250\" \/><img loading=\"lazy\" decoding=\"async\" src=\"http:\/\/a1.sphotos.ak.fbcdn.net\/hphotos-ak-ash4\/208615_2013739787342_1359222392_2422117_7476859_n.jpg\" alt=\"\" width=\"222\" height=\"250\" \/><img loading=\"lazy\" decoding=\"async\" src=\"http:\/\/a7.sphotos.ak.fbcdn.net\/hphotos-ak-snc3\/26538_1415588953945_1359222392_1159276_6446095_n.jpg\" alt=\"\" width=\"189\" height=\"250\" \/><\/span><\/strong><\/p>\n<p style=\"text-align: center\"><strong><span style=\"color: #ff00ff\">\u00a0Amo las mascotas, tengo 2 perritos uno llamado buffy y otra llamada morita q es mi adoraci\u00f3n. <\/span><\/strong><\/p>\n<p style=\"text-align: center\"><strong><span style=\"color: #ff00ff\"><img loading=\"lazy\" decoding=\"async\" src=\"http:\/\/www.chefdelujo.com\/wp-content\/uploads\/2010\/10\/heladodecereza.jpg\" alt=\"\" width=\"115\" height=\"114\" \/><img loading=\"lazy\" decoding=\"async\" src=\"http:\/\/t3.gstatic.com\/images?q=tbn:ANd9GcS3P2aJTTat3HpDrT4gBcT93OnnRCXPHvZoPlxu_WSd_wtVbPJYdg\" alt=\"\" width=\"142\" height=\"139\" \/><img loading=\"lazy\" decoding=\"async\" src=\"http:\/\/t1.gstatic.com\/images?q=tbn:ANd9GcTdYL0x2ece8mabCJ0j0yuABxhGBu0TQ2PM5WV2VSsQT4xomW13\" alt=\"\" width=\"181\" height=\"115\" \/><img loading=\"lazy\" decoding=\"async\" src=\"http:\/\/t2.gstatic.com\/images?q=tbn:ANd9GcT6c3NSNFEOEuC_nvwN5O6Z-EgE5GA31lKiB4G9535KBQdXPCcE\" alt=\"\" width=\"125\" height=\"106\" \/><\/span><\/strong><\/p>\n<p style=\"text-align: center\"><strong><span style=\"color: #ff00ff\">Me gusta el color rosa y el morado, con los dulces me matan jaja..me encantan los chocolates con y sin almendas, las tortas, los helados, todo lo que sea dulce, y aunque no me gusten las cerezas me encanta el helado de cereza.<\/span><\/strong><\/p>\n<p style=\"text-align: center\"><strong><span style=\"color: #ff00ff\"><img loading=\"lazy\" decoding=\"async\" src=\"http:\/\/4.bp.blogspot.com\/_9lfhoBCkIuM\/TCvXqZClNSI\/AAAAAAAAADE\/yqv6RzBC_Ro\/s1600\/47street.jpg\" alt=\"\" width=\"176\" height=\"158\" \/><img loading=\"lazy\" decoding=\"async\" src=\"http:\/\/t0.gstatic.com\/images?q=tbn:ANd9GcQgCG6ZJEbYn50JVHQ7mL-Zuvjm_FyahyWR0VEnFm65XdzpdEZygg\" alt=\"\" width=\"278\" height=\"181\" \/><img loading=\"lazy\" decoding=\"async\" src=\"http:\/\/t1.gstatic.com\/images?q=tbn:ANd9GcQ9yIZ2EXRrwXu8YTMAyzn8Um05fARvmsobWzGViurPgsl369efMA\" alt=\"\" width=\"180\" height=\"184\" \/><img loading=\"lazy\" decoding=\"async\" src=\"http:\/\/t0.gstatic.com\/images?q=tbn:ANd9GcTLdme8eDU-V3uetCufeUhSlZHWll72FvP3rU2cvHKifUbv_hQTTZ7dya-lgQ\" alt=\"\" width=\"113\" height=\"118\" \/><\/span><\/strong><\/p>\n<p style=\"text-align: center\"><strong><span style=\"color: #ff00ff\">Mi actriz favorita es luisana lopilato, no solo por como act\u00faa tambien me gusta por la moda que impone \ud83d\ude42\u00a0<\/span><\/strong><\/p>\n<p style=\"text-align: center\"><strong><span style=\"color: #ff00ff\">A dem\u00e1s me llaman mucho la atencion los simbolos de la paz y me\u00a0fascina todo lo\u00a0que es animal print &lt;3<\/span><\/strong><\/p>\n<p style=\"text-align: center\"><strong><span style=\"color: #ff00ff\">Mi musica varia mucho pero la banda que me encanta aunque ya no est\u00e1n juntos es erreway, y su linea de ropa 47 street :). Mi serie preferida es los simpsons.<\/span><\/strong><\/p>\n<p style=\"text-align: center\"><strong><span style=\"color: #ff00ff\"><img loading=\"lazy\" decoding=\"async\" src=\"http:\/\/a5.sphotos.ak.fbcdn.net\/hphotos-ak-snc6\/59633_1562286616097_1203294246_31685353_5016096_n.jpg\" alt=\"\" width=\"201\" height=\"224\" \/><img loading=\"lazy\" decoding=\"async\" src=\"http:\/\/a5.sphotos.ak.fbcdn.net\/hphotos-ak-snc6\/58984_1522217054383_1203294246_31596159_7148461_n.jpg\" alt=\"\" width=\"258\" height=\"228\" \/><img loading=\"lazy\" decoding=\"async\" src=\"http:\/\/a3.sphotos.ak.fbcdn.net\/hphotos-ak-ash1\/31540_1400686256189_1203294246_31251257_196662_n.jpg\" alt=\"\" width=\"255\" height=\"229\" \/><\/span><\/strong><\/p>\n<p style=\"text-align: center\"><strong><span style=\"color: #ff00ff\">Me gusta pasar en familia y con mis amigos \ud83d\ude42 Tengo 2 suuuper amigas que viven en playas he compartido muchas cosas con ellas y lo sigo haciendo las kiero millon \ud83d\ude42 se llaman: Margarita y Gaby por eso es\u00a0MGM<\/span><\/strong><\/p>\n<p style=\"text-align: center\"><strong><\/strong><\/p>\n","protected":false},"excerpt":{"rendered":"<p>Hola soy Mishel Valladares soy guayaquile\u00f1a pero amooo playas, viv\u00ed gran parte de mi infancia all\u00e1, me caracterizo\u00a0porque super tranquila, amistosa, y sincera. Estudio en la Espol. Ella es mi hermana tiene facciones muy similares a las m\u00edas jiji\u00a0la amo mucho!!! \u00a0\u00a0 \u00a0 Me encanta el mar, la arena, todos los mar\u00edscos menos la concha. [&hellip;]<\/p>\n","protected":false},"author":6296,"featured_media":0,"parent":0,"menu_order":0,"comment_status":"open","ping_status":"open","template":"","meta":{"footnotes":""},"class_list":["post-2","page","type-page","status-publish","hentry"],"_links":{"self":[{"href":"https:\/\/blog.espol.edu.ec\/mc14\/wp-json\/wp\/v2\/pages\/2","targetHints":{"allow":["GET"]}}],"collection":[{"href":"https:\/\/blog.espol.edu.ec\/mc14\/wp-json\/wp\/v2\/pages"}],"about":[{"href":"https:\/\/blog.espol.edu.ec\/mc14\/wp-json\/wp\/v2\/types\/page"}],"author":[{"embeddable":true,"href":"https:\/\/blog.espol.edu.ec\/mc14\/wp-json\/wp\/v2\/users\/6296"}],"replies":[{"embeddable":true,"href":"https:\/\/blog.espol.edu.ec\/mc14\/wp-json\/wp\/v2\/comments?post=2"}],"version-history":[{"count":9,"href":"https:\/\/blog.espol.edu.ec\/mc14\/wp-json\/wp\/v2\/pages\/2\/revisions"}],"predecessor-version":[{"id":7,"href":"https:\/\/blog.espol.edu.ec\/mc14\/wp-json\/wp\/v2\/pages\/2\/revisions\/7"}],"wp:attachment":[{"href":"https:\/\/blog.espol.edu.ec\/mc14\/wp-json\/wp\/v2\/media?parent=2"}],"curies":[{"name":"wp","href":"https:\/\/api.w.org\/{rel}","templated":true}]}}