{"id":90,"date":"2013-05-29T15:21:52","date_gmt":"2013-05-29T20:21:52","guid":{"rendered":"http:\/\/blog.espol.edu.ec\/mcaamano\/?page_id=90"},"modified":"2013-05-29T15:21:52","modified_gmt":"2013-05-29T20:21:52","slug":"reciclaje-de-tetrapak","status":"publish","type":"page","link":"https:\/\/blog.espol.edu.ec\/mcaamano\/reciclaje-de-tetrapak\/","title":{"rendered":"Reciclaje de tetrapak"},"content":{"rendered":"<p style=\"text-align: left\">El reciclado de los envases de Tetra Pak consiste en la separaci\u00f3n de las fibras de cart\u00f3n de las capas de polietileno y aluminio. Es un procedimiento sencillo en el que se utiliza un hidropulper (dep\u00f3sito de 20 m\u00b3 con una h\u00e9lice en el centro) donde los envases se mezclan con agua y se agitan. Se realiza a temperatura ambiente y mediante un movimiento rotacional que dura unos 30 minutos.<br \/>\nAl final, mediante filtros, la fibra de papel queda totalmente separada del polietileno y el aluminio.<\/p>\n","protected":false},"excerpt":{"rendered":"<p>El reciclado de los envases de Tetra Pak consiste en la separaci\u00f3n de las fibras de cart\u00f3n de las capas de polietileno y aluminio. Es un procedimiento sencillo en el que se utiliza un hidropulper (dep\u00f3sito de 20 m\u00b3 con una h\u00e9lice en el centro) donde los envases se mezclan con agua y se agitan. [&hellip;]<\/p>\n","protected":false},"author":8455,"featured_media":0,"parent":0,"menu_order":0,"comment_status":"open","ping_status":"open","template":"","meta":{"footnotes":""},"class_list":["post-90","page","type-page","status-publish","hentry"],"_links":{"self":[{"href":"https:\/\/blog.espol.edu.ec\/mcaamano\/wp-json\/wp\/v2\/pages\/90","targetHints":{"allow":["GET"]}}],"collection":[{"href":"https:\/\/blog.espol.edu.ec\/mcaamano\/wp-json\/wp\/v2\/pages"}],"about":[{"href":"https:\/\/blog.espol.edu.ec\/mcaamano\/wp-json\/wp\/v2\/types\/page"}],"author":[{"embeddable":true,"href":"https:\/\/blog.espol.edu.ec\/mcaamano\/wp-json\/wp\/v2\/users\/8455"}],"replies":[{"embeddable":true,"href":"https:\/\/blog.espol.edu.ec\/mcaamano\/wp-json\/wp\/v2\/comments?post=90"}],"version-history":[{"count":1,"href":"https:\/\/blog.espol.edu.ec\/mcaamano\/wp-json\/wp\/v2\/pages\/90\/revisions"}],"predecessor-version":[{"id":91,"href":"https:\/\/blog.espol.edu.ec\/mcaamano\/wp-json\/wp\/v2\/pages\/90\/revisions\/91"}],"wp:attachment":[{"href":"https:\/\/blog.espol.edu.ec\/mcaamano\/wp-json\/wp\/v2\/media?parent=90"}],"curies":[{"name":"wp","href":"https:\/\/api.w.org\/{rel}","templated":true}]}}